{"id":8372,"date":"2025-10-14T15:31:35","date_gmt":"2025-10-14T13:31:35","guid":{"rendered":"https:\/\/fiprocess.pl\/?post_type=product&#038;p=8372"},"modified":"2026-01-22T10:14:23","modified_gmt":"2026-01-22T09:14:23","slug":"nowa-suszarnia-rozpylowa","status":"publish","type":"product","link":"https:\/\/fiprocess.pl\/en\/katalog-maszyn\/new-spray-dryer\/","title":{"rendered":"New spray dryer"},"excerpt":{"rendered":"<p>New spray dryer<\/p>","protected":false},"featured_media":8380,"template":"","meta":[],"product_cat":[515],"product_tag":[],"class_list":{"0":"post-8372","1":"product","2":"type-product","3":"status-publish","4":"has-post-thumbnail","6":"product_cat-nowe-suszarnie-rozpylowe","8":"first","9":"instock","10":"shipping-taxable","11":"product-type-simple"},"acf":[],"yoast_head":"<!-- This site is optimized with the Yoast SEO Premium plugin v26.7 (Yoast SEO v27.3) - https:\/\/yoast.com\/product\/yoast-seo-premium-wordpress\/ -->\n<title>Nowa suszarnia rozpy\u0142owa - Fiprocess<\/title>\n<meta name=\"description\" content=\"Nowa suszarnia rozpy\u0142owa. Skala pilota\u017cowa i przemys\u0142owa. Do bada\u0144 dla dzia\u0142\u00f3w R&amp;D i do cel\u00f3w produkcji na skal\u0119 przemys\u0142ow\u0105.\" \/>\n<meta name=\"robots\" content=\"index, follow, max-snippet:-1, max-image-preview:large, max-video-preview:-1\" \/>\n<link rel=\"canonical\" href=\"https:\/\/fiprocess.pl\/en\/katalog-maszyn\/new-spray-dryer\/\" \/>\n<meta property=\"og:locale\" content=\"en_GB\" \/>\n<meta property=\"og:type\" content=\"article\" \/>\n<meta property=\"og:title\" content=\"Nowa suszarnia rozpy\u0142owa\" \/>\n<meta property=\"og:description\" content=\"Nowa suszarnia rozpy\u0142owa. Skala pilota\u017cowa i przemys\u0142owa. Do bada\u0144 dla dzia\u0142\u00f3w R&amp;D i do cel\u00f3w produkcji na skal\u0119 przemys\u0142ow\u0105.\" \/>\n<meta property=\"og:url\" content=\"https:\/\/fiprocess.pl\/en\/katalog-maszyn\/new-spray-dryer\/\" \/>\n<meta property=\"og:site_name\" content=\"Fiprocess\" \/>\n<meta property=\"article:modified_time\" content=\"2026-01-22T09:14:23+00:00\" \/>\n<meta property=\"og:image\" content=\"https:\/\/fiprocess.pl\/wp-content\/uploads\/2025\/10\/pilotazowa-suszarnia-laboratoryjna.jpg\" \/>\n\t<meta property=\"og:image:width\" content=\"550\" \/>\n\t<meta property=\"og:image:height\" content=\"550\" \/>\n\t<meta property=\"og:image:type\" content=\"image\/jpeg\" \/>\n<meta name=\"twitter:card\" content=\"summary_large_image\" \/>\n<meta name=\"twitter:label1\" content=\"Estimated reading time\" \/>\n\t<meta name=\"twitter:data1\" content=\"1 minute\" \/>\n<script type=\"application\/ld+json\" class=\"yoast-schema-graph\">{\"@context\":\"https:\\\/\\\/schema.org\",\"@graph\":[{\"@type\":\"WebPage\",\"@id\":\"https:\\\/\\\/fiprocess.pl\\\/katalog-maszyn\\\/nowa-suszarnia-rozpylowa\\\/\",\"url\":\"https:\\\/\\\/fiprocess.pl\\\/katalog-maszyn\\\/nowa-suszarnia-rozpylowa\\\/\",\"name\":\"Nowa suszarnia rozpy\u0142owa - Fiprocess\",\"isPartOf\":{\"@id\":\"https:\\\/\\\/fiprocess.pl\\\/#website\"},\"primaryImageOfPage\":{\"@id\":\"https:\\\/\\\/fiprocess.pl\\\/katalog-maszyn\\\/nowa-suszarnia-rozpylowa\\\/#primaryimage\"},\"image\":{\"@id\":\"https:\\\/\\\/fiprocess.pl\\\/katalog-maszyn\\\/nowa-suszarnia-rozpylowa\\\/#primaryimage\"},\"thumbnailUrl\":\"https:\\\/\\\/fiprocess.pl\\\/wp-content\\\/uploads\\\/2025\\\/10\\\/pilotazowa-suszarnia-laboratoryjna.jpg\",\"datePublished\":\"2025-10-14T13:31:35+00:00\",\"dateModified\":\"2026-01-22T09:14:23+00:00\",\"description\":\"Nowa suszarnia rozpy\u0142owa. Skala pilota\u017cowa i przemys\u0142owa. Do bada\u0144 dla dzia\u0142\u00f3w R&D i do cel\u00f3w produkcji na skal\u0119 przemys\u0142ow\u0105.\",\"breadcrumb\":{\"@id\":\"https:\\\/\\\/fiprocess.pl\\\/katalog-maszyn\\\/nowa-suszarnia-rozpylowa\\\/#breadcrumb\"},\"inLanguage\":\"en-GB\",\"potentialAction\":[{\"@type\":\"ReadAction\",\"target\":[\"https:\\\/\\\/fiprocess.pl\\\/katalog-maszyn\\\/nowa-suszarnia-rozpylowa\\\/\"]}]},{\"@type\":\"ImageObject\",\"inLanguage\":\"en-GB\",\"@id\":\"https:\\\/\\\/fiprocess.pl\\\/katalog-maszyn\\\/nowa-suszarnia-rozpylowa\\\/#primaryimage\",\"url\":\"https:\\\/\\\/fiprocess.pl\\\/wp-content\\\/uploads\\\/2025\\\/10\\\/pilotazowa-suszarnia-laboratoryjna.jpg\",\"contentUrl\":\"https:\\\/\\\/fiprocess.pl\\\/wp-content\\\/uploads\\\/2025\\\/10\\\/pilotazowa-suszarnia-laboratoryjna.jpg\",\"width\":550,\"height\":550,\"caption\":\"Suszarnia laboratoryjna pilota\u017cowa i produkcyjna\"},{\"@type\":\"BreadcrumbList\",\"@id\":\"https:\\\/\\\/fiprocess.pl\\\/katalog-maszyn\\\/nowa-suszarnia-rozpylowa\\\/#breadcrumb\",\"itemListElement\":[{\"@type\":\"ListItem\",\"position\":1,\"name\":\"Strona g\u0142\u00f3wna\",\"item\":\"https:\\\/\\\/fiprocess.pl\\\/\"},{\"@type\":\"ListItem\",\"position\":2,\"name\":\"Katalog maszyn\",\"item\":\"https:\\\/\\\/fiprocess.pl\\\/en\\\/katalog-maszyn\\\/\"},{\"@type\":\"ListItem\",\"position\":3,\"name\":\"Suszarnie rozpy\u0142owe i bioreaktory\",\"item\":\"https:\\\/\\\/fiprocess.pl\\\/kategoria-produktu\\\/suszarnie-rozpylowe-i-bioreaktory\\\/\"},{\"@type\":\"ListItem\",\"position\":4,\"name\":\"Nowe suszarnie rozpy\u0142owe\",\"item\":\"https:\\\/\\\/fiprocess.pl\\\/kategoria-produktu\\\/suszarnie-rozpylowe-i-bioreaktory\\\/nowe-suszarnie-rozpylowe\\\/\"},{\"@type\":\"ListItem\",\"position\":5,\"name\":\"Nowa suszarnia rozpy\u0142owa\"}]},{\"@type\":\"WebSite\",\"@id\":\"https:\\\/\\\/fiprocess.pl\\\/#website\",\"url\":\"https:\\\/\\\/fiprocess.pl\\\/\",\"name\":\"Fiprocess\",\"description\":\"mieszalniki wir\u00f3wki m\u0142yny suszarnie\",\"publisher\":{\"@id\":\"https:\\\/\\\/fiprocess.pl\\\/#organization\"},\"potentialAction\":[{\"@type\":\"SearchAction\",\"target\":{\"@type\":\"EntryPoint\",\"urlTemplate\":\"https:\\\/\\\/fiprocess.pl\\\/?s={search_term_string}\"},\"query-input\":{\"@type\":\"PropertyValueSpecification\",\"valueRequired\":true,\"valueName\":\"search_term_string\"}}],\"inLanguage\":\"en-GB\"},{\"@type\":\"Organization\",\"@id\":\"https:\\\/\\\/fiprocess.pl\\\/#organization\",\"name\":\"Fiprocess Sp. z o.o.\",\"url\":\"https:\\\/\\\/fiprocess.pl\\\/\",\"logo\":{\"@type\":\"ImageObject\",\"inLanguage\":\"en-GB\",\"@id\":\"https:\\\/\\\/fiprocess.pl\\\/#\\\/schema\\\/logo\\\/image\\\/\",\"url\":\"https:\\\/\\\/fiprocess.pl\\\/wp-content\\\/uploads\\\/2023\\\/07\\\/logo.png\",\"contentUrl\":\"https:\\\/\\\/fiprocess.pl\\\/wp-content\\\/uploads\\\/2023\\\/07\\\/logo.png\",\"width\":1182,\"height\":260,\"caption\":\"Fiprocess Sp. z o.o.\"},\"image\":{\"@id\":\"https:\\\/\\\/fiprocess.pl\\\/#\\\/schema\\\/logo\\\/image\\\/\"}}]}<\/script>\n<!-- \/ Yoast SEO Premium plugin. -->","yoast_head_json":{"title":"Nowa suszarnia rozpy\u0142owa - Fiprocess","description":"Nowa suszarnia rozpy\u0142owa. Skala pilota\u017cowa i przemys\u0142owa. Do bada\u0144 dla dzia\u0142\u00f3w R&D i do cel\u00f3w produkcji na skal\u0119 przemys\u0142ow\u0105.","robots":{"index":"index","follow":"follow","max-snippet":"max-snippet:-1","max-image-preview":"max-image-preview:large","max-video-preview":"max-video-preview:-1"},"canonical":"https:\/\/fiprocess.pl\/en\/katalog-maszyn\/new-spray-dryer\/","og_locale":"en_GB","og_type":"article","og_title":"Nowa suszarnia rozpy\u0142owa","og_description":"Nowa suszarnia rozpy\u0142owa. Skala pilota\u017cowa i przemys\u0142owa. Do bada\u0144 dla dzia\u0142\u00f3w R&D i do cel\u00f3w produkcji na skal\u0119 przemys\u0142ow\u0105.","og_url":"https:\/\/fiprocess.pl\/en\/katalog-maszyn\/new-spray-dryer\/","og_site_name":"Fiprocess","article_modified_time":"2026-01-22T09:14:23+00:00","og_image":[{"width":550,"height":550,"url":"https:\/\/fiprocess.pl\/wp-content\/uploads\/2025\/10\/pilotazowa-suszarnia-laboratoryjna.jpg","type":"image\/jpeg"}],"twitter_card":"summary_large_image","twitter_misc":{"Estimated reading time":"1 minute"},"schema":{"@context":"https:\/\/schema.org","@graph":[{"@type":"WebPage","@id":"https:\/\/fiprocess.pl\/katalog-maszyn\/nowa-suszarnia-rozpylowa\/","url":"https:\/\/fiprocess.pl\/katalog-maszyn\/nowa-suszarnia-rozpylowa\/","name":"Nowa suszarnia rozpy\u0142owa - Fiprocess","isPartOf":{"@id":"https:\/\/fiprocess.pl\/#website"},"primaryImageOfPage":{"@id":"https:\/\/fiprocess.pl\/katalog-maszyn\/nowa-suszarnia-rozpylowa\/#primaryimage"},"image":{"@id":"https:\/\/fiprocess.pl\/katalog-maszyn\/nowa-suszarnia-rozpylowa\/#primaryimage"},"thumbnailUrl":"https:\/\/fiprocess.pl\/wp-content\/uploads\/2025\/10\/pilotazowa-suszarnia-laboratoryjna.jpg","datePublished":"2025-10-14T13:31:35+00:00","dateModified":"2026-01-22T09:14:23+00:00","description":"Nowa suszarnia rozpy\u0142owa. Skala pilota\u017cowa i przemys\u0142owa. Do bada\u0144 dla dzia\u0142\u00f3w R&D i do cel\u00f3w produkcji na skal\u0119 przemys\u0142ow\u0105.","breadcrumb":{"@id":"https:\/\/fiprocess.pl\/katalog-maszyn\/nowa-suszarnia-rozpylowa\/#breadcrumb"},"inLanguage":"en-GB","potentialAction":[{"@type":"ReadAction","target":["https:\/\/fiprocess.pl\/katalog-maszyn\/nowa-suszarnia-rozpylowa\/"]}]},{"@type":"ImageObject","inLanguage":"en-GB","@id":"https:\/\/fiprocess.pl\/katalog-maszyn\/nowa-suszarnia-rozpylowa\/#primaryimage","url":"https:\/\/fiprocess.pl\/wp-content\/uploads\/2025\/10\/pilotazowa-suszarnia-laboratoryjna.jpg","contentUrl":"https:\/\/fiprocess.pl\/wp-content\/uploads\/2025\/10\/pilotazowa-suszarnia-laboratoryjna.jpg","width":550,"height":550,"caption":"Suszarnia laboratoryjna pilota\u017cowa i produkcyjna"},{"@type":"BreadcrumbList","@id":"https:\/\/fiprocess.pl\/katalog-maszyn\/nowa-suszarnia-rozpylowa\/#breadcrumb","itemListElement":[{"@type":"ListItem","position":1,"name":"Strona g\u0142\u00f3wna","item":"https:\/\/fiprocess.pl\/"},{"@type":"ListItem","position":2,"name":"Katalog maszyn","item":"https:\/\/fiprocess.pl\/en\/katalog-maszyn\/"},{"@type":"ListItem","position":3,"name":"Suszarnie rozpy\u0142owe i bioreaktory","item":"https:\/\/fiprocess.pl\/kategoria-produktu\/suszarnie-rozpylowe-i-bioreaktory\/"},{"@type":"ListItem","position":4,"name":"Nowe suszarnie rozpy\u0142owe","item":"https:\/\/fiprocess.pl\/kategoria-produktu\/suszarnie-rozpylowe-i-bioreaktory\/nowe-suszarnie-rozpylowe\/"},{"@type":"ListItem","position":5,"name":"Nowa suszarnia rozpy\u0142owa"}]},{"@type":"WebSite","@id":"https:\/\/fiprocess.pl\/#website","url":"https:\/\/fiprocess.pl\/","name":"Fiprocess","description":"mieszalniki wir\u00f3wki m\u0142yny suszarnie","publisher":{"@id":"https:\/\/fiprocess.pl\/#organization"},"potentialAction":[{"@type":"SearchAction","target":{"@type":"EntryPoint","urlTemplate":"https:\/\/fiprocess.pl\/?s={search_term_string}"},"query-input":{"@type":"PropertyValueSpecification","valueRequired":true,"valueName":"search_term_string"}}],"inLanguage":"en-GB"},{"@type":"Organization","@id":"https:\/\/fiprocess.pl\/#organization","name":"Fiprocess Sp. z o.o.","url":"https:\/\/fiprocess.pl\/","logo":{"@type":"ImageObject","inLanguage":"en-GB","@id":"https:\/\/fiprocess.pl\/#\/schema\/logo\/image\/","url":"https:\/\/fiprocess.pl\/wp-content\/uploads\/2023\/07\/logo.png","contentUrl":"https:\/\/fiprocess.pl\/wp-content\/uploads\/2023\/07\/logo.png","width":1182,"height":260,"caption":"Fiprocess Sp. z o.o."},"image":{"@id":"https:\/\/fiprocess.pl\/#\/schema\/logo\/image\/"}}]}},"_links":{"self":[{"href":"https:\/\/fiprocess.pl\/en\/wp-json\/wp\/v2\/product\/8372","targetHints":{"allow":["GET"]}}],"collection":[{"href":"https:\/\/fiprocess.pl\/en\/wp-json\/wp\/v2\/product"}],"about":[{"href":"https:\/\/fiprocess.pl\/en\/wp-json\/wp\/v2\/types\/product"}],"wp:featuredmedia":[{"embeddable":true,"href":"https:\/\/fiprocess.pl\/en\/wp-json\/wp\/v2\/media\/8380"}],"wp:attachment":[{"href":"https:\/\/fiprocess.pl\/en\/wp-json\/wp\/v2\/media?parent=8372"}],"wp:term":[{"taxonomy":"product_cat","embeddable":true,"href":"https:\/\/fiprocess.pl\/en\/wp-json\/wp\/v2\/product_cat?post=8372"},{"taxonomy":"product_tag","embeddable":true,"href":"https:\/\/fiprocess.pl\/en\/wp-json\/wp\/v2\/product_tag?post=8372"}],"curies":[{"name":"wp","href":"https:\/\/api.w.org\/{rel}","templated":true}]}}