{"id":8365,"date":"2025-10-14T11:27:34","date_gmt":"2025-10-14T09:27:34","guid":{"rendered":"https:\/\/fiprocess.pl\/?post_type=product&#038;p=8365"},"modified":"2025-10-14T11:27:35","modified_gmt":"2025-10-14T09:27:35","slug":"laboratoryjna-suszarnia-rozpylowa","status":"publish","type":"product","link":"https:\/\/fiprocess.pl\/en\/katalog-maszyn\/laboratory-spray-dryer\/","title":{"rendered":"Laboratory spray dryer"},"excerpt":{"rendered":"<p>Laboratory spray dryer<\/p>","protected":false},"featured_media":8366,"template":"","meta":[],"product_cat":[515],"product_tag":[],"class_list":{"0":"post-8365","1":"product","2":"type-product","3":"status-publish","4":"has-post-thumbnail","6":"product_cat-nowe-suszarnie-rozpylowe","8":"first","9":"instock","10":"shipping-taxable","11":"product-type-simple"},"acf":[],"yoast_head":"<!-- This site is optimized with the Yoast SEO Premium plugin v26.7 (Yoast SEO v27.4) - https:\/\/yoast.com\/product\/yoast-seo-premium-wordpress\/ -->\n<title>Laboratoryjna suszarnia rozpy\u0142owa - Fiprocess<\/title>\n<meta name=\"description\" content=\"Laboratoryjna suszarnia rozpy\u0142owa wykorzystuje technologi\u0119 szybkiego suszenia rozpy\u0142owego, kt\u00f3ra jest szczeg\u00f3lnie wa\u017cna do suszenia materia\u0142\u00f3w wra\u017cliwych na ciep\u0142o.\" \/>\n<meta name=\"robots\" content=\"index, follow, max-snippet:-1, max-image-preview:large, max-video-preview:-1\" \/>\n<link rel=\"canonical\" href=\"https:\/\/fiprocess.pl\/en\/katalog-maszyn\/laboratory-spray-dryer\/\" \/>\n<meta property=\"og:locale\" content=\"en_GB\" \/>\n<meta property=\"og:type\" content=\"article\" \/>\n<meta property=\"og:title\" content=\"Laboratoryjna suszarnia rozpy\u0142owa\" \/>\n<meta property=\"og:description\" content=\"Laboratoryjna suszarnia rozpy\u0142owa wykorzystuje technologi\u0119 szybkiego suszenia rozpy\u0142owego, kt\u00f3ra jest szczeg\u00f3lnie wa\u017cna do suszenia materia\u0142\u00f3w wra\u017cliwych na ciep\u0142o.\" \/>\n<meta property=\"og:url\" content=\"https:\/\/fiprocess.pl\/en\/katalog-maszyn\/laboratory-spray-dryer\/\" \/>\n<meta property=\"og:site_name\" content=\"Fiprocess\" \/>\n<meta property=\"article:modified_time\" content=\"2025-10-14T09:27:35+00:00\" \/>\n<meta property=\"og:image\" content=\"https:\/\/fiprocess.pl\/wp-content\/uploads\/2025\/10\/laboratoryjna-suszarnia-rozpylowa.jpg\" \/>\n\t<meta property=\"og:image:width\" content=\"550\" \/>\n\t<meta property=\"og:image:height\" content=\"550\" \/>\n\t<meta property=\"og:image:type\" content=\"image\/jpeg\" \/>\n<meta name=\"twitter:card\" content=\"summary_large_image\" \/>\n<meta name=\"twitter:label1\" content=\"Estimated reading time\" \/>\n\t<meta name=\"twitter:data1\" content=\"1 minute\" \/>\n<script type=\"application\/ld+json\" class=\"yoast-schema-graph\">{\"@context\":\"https:\\\/\\\/schema.org\",\"@graph\":[{\"@type\":\"WebPage\",\"@id\":\"https:\\\/\\\/fiprocess.pl\\\/katalog-maszyn\\\/laboratoryjna-suszarnia-rozpylowa\\\/\",\"url\":\"https:\\\/\\\/fiprocess.pl\\\/katalog-maszyn\\\/laboratoryjna-suszarnia-rozpylowa\\\/\",\"name\":\"Laboratoryjna suszarnia rozpy\u0142owa - Fiprocess\",\"isPartOf\":{\"@id\":\"https:\\\/\\\/fiprocess.pl\\\/#website\"},\"primaryImageOfPage\":{\"@id\":\"https:\\\/\\\/fiprocess.pl\\\/katalog-maszyn\\\/laboratoryjna-suszarnia-rozpylowa\\\/#primaryimage\"},\"image\":{\"@id\":\"https:\\\/\\\/fiprocess.pl\\\/katalog-maszyn\\\/laboratoryjna-suszarnia-rozpylowa\\\/#primaryimage\"},\"thumbnailUrl\":\"https:\\\/\\\/fiprocess.pl\\\/wp-content\\\/uploads\\\/2025\\\/10\\\/laboratoryjna-suszarnia-rozpylowa.jpg\",\"datePublished\":\"2025-10-14T09:27:34+00:00\",\"dateModified\":\"2025-10-14T09:27:35+00:00\",\"description\":\"Laboratoryjna suszarnia rozpy\u0142owa wykorzystuje technologi\u0119 szybkiego suszenia rozpy\u0142owego, kt\u00f3ra jest szczeg\u00f3lnie wa\u017cna do suszenia materia\u0142\u00f3w wra\u017cliwych na ciep\u0142o.\",\"breadcrumb\":{\"@id\":\"https:\\\/\\\/fiprocess.pl\\\/katalog-maszyn\\\/laboratoryjna-suszarnia-rozpylowa\\\/#breadcrumb\"},\"inLanguage\":\"en-GB\",\"potentialAction\":[{\"@type\":\"ReadAction\",\"target\":[\"https:\\\/\\\/fiprocess.pl\\\/katalog-maszyn\\\/laboratoryjna-suszarnia-rozpylowa\\\/\"]}]},{\"@type\":\"ImageObject\",\"inLanguage\":\"en-GB\",\"@id\":\"https:\\\/\\\/fiprocess.pl\\\/katalog-maszyn\\\/laboratoryjna-suszarnia-rozpylowa\\\/#primaryimage\",\"url\":\"https:\\\/\\\/fiprocess.pl\\\/wp-content\\\/uploads\\\/2025\\\/10\\\/laboratoryjna-suszarnia-rozpylowa.jpg\",\"contentUrl\":\"https:\\\/\\\/fiprocess.pl\\\/wp-content\\\/uploads\\\/2025\\\/10\\\/laboratoryjna-suszarnia-rozpylowa.jpg\",\"width\":550,\"height\":550,\"caption\":\"Laboratoryjna suszarnia rozpy\u0142owa\"},{\"@type\":\"BreadcrumbList\",\"@id\":\"https:\\\/\\\/fiprocess.pl\\\/katalog-maszyn\\\/laboratoryjna-suszarnia-rozpylowa\\\/#breadcrumb\",\"itemListElement\":[{\"@type\":\"ListItem\",\"position\":1,\"name\":\"Strona g\u0142\u00f3wna\",\"item\":\"https:\\\/\\\/fiprocess.pl\\\/\"},{\"@type\":\"ListItem\",\"position\":2,\"name\":\"Katalog maszyn\",\"item\":\"https:\\\/\\\/fiprocess.pl\\\/en\\\/katalog-maszyn\\\/\"},{\"@type\":\"ListItem\",\"position\":3,\"name\":\"Suszarnie rozpy\u0142owe i bioreaktory\",\"item\":\"https:\\\/\\\/fiprocess.pl\\\/kategoria-produktu\\\/suszarnie-rozpylowe-i-bioreaktory\\\/\"},{\"@type\":\"ListItem\",\"position\":4,\"name\":\"Nowe suszarnie rozpy\u0142owe\",\"item\":\"https:\\\/\\\/fiprocess.pl\\\/kategoria-produktu\\\/suszarnie-rozpylowe-i-bioreaktory\\\/nowe-suszarnie-rozpylowe\\\/\"},{\"@type\":\"ListItem\",\"position\":5,\"name\":\"Laboratoryjna suszarnia rozpy\u0142owa\"}]},{\"@type\":\"WebSite\",\"@id\":\"https:\\\/\\\/fiprocess.pl\\\/#website\",\"url\":\"https:\\\/\\\/fiprocess.pl\\\/\",\"name\":\"Fiprocess\",\"description\":\"mieszalniki wir\u00f3wki m\u0142yny suszarnie\",\"publisher\":{\"@id\":\"https:\\\/\\\/fiprocess.pl\\\/#organization\"},\"potentialAction\":[{\"@type\":\"SearchAction\",\"target\":{\"@type\":\"EntryPoint\",\"urlTemplate\":\"https:\\\/\\\/fiprocess.pl\\\/?s={search_term_string}\"},\"query-input\":{\"@type\":\"PropertyValueSpecification\",\"valueRequired\":true,\"valueName\":\"search_term_string\"}}],\"inLanguage\":\"en-GB\"},{\"@type\":\"Organization\",\"@id\":\"https:\\\/\\\/fiprocess.pl\\\/#organization\",\"name\":\"Fiprocess Sp. z o.o.\",\"url\":\"https:\\\/\\\/fiprocess.pl\\\/\",\"logo\":{\"@type\":\"ImageObject\",\"inLanguage\":\"en-GB\",\"@id\":\"https:\\\/\\\/fiprocess.pl\\\/#\\\/schema\\\/logo\\\/image\\\/\",\"url\":\"https:\\\/\\\/fiprocess.pl\\\/wp-content\\\/uploads\\\/2023\\\/07\\\/logo.png\",\"contentUrl\":\"https:\\\/\\\/fiprocess.pl\\\/wp-content\\\/uploads\\\/2023\\\/07\\\/logo.png\",\"width\":1182,\"height\":260,\"caption\":\"Fiprocess Sp. z o.o.\"},\"image\":{\"@id\":\"https:\\\/\\\/fiprocess.pl\\\/#\\\/schema\\\/logo\\\/image\\\/\"}}]}<\/script>\n<!-- \/ Yoast SEO Premium plugin. -->","yoast_head_json":{"title":"Laboratoryjna suszarnia rozpy\u0142owa - Fiprocess","description":"Laboratoryjna suszarnia rozpy\u0142owa wykorzystuje technologi\u0119 szybkiego suszenia rozpy\u0142owego, kt\u00f3ra jest szczeg\u00f3lnie wa\u017cna do suszenia materia\u0142\u00f3w wra\u017cliwych na ciep\u0142o.","robots":{"index":"index","follow":"follow","max-snippet":"max-snippet:-1","max-image-preview":"max-image-preview:large","max-video-preview":"max-video-preview:-1"},"canonical":"https:\/\/fiprocess.pl\/en\/katalog-maszyn\/laboratory-spray-dryer\/","og_locale":"en_GB","og_type":"article","og_title":"Laboratoryjna suszarnia rozpy\u0142owa","og_description":"Laboratoryjna suszarnia rozpy\u0142owa wykorzystuje technologi\u0119 szybkiego suszenia rozpy\u0142owego, kt\u00f3ra jest szczeg\u00f3lnie wa\u017cna do suszenia materia\u0142\u00f3w wra\u017cliwych na ciep\u0142o.","og_url":"https:\/\/fiprocess.pl\/en\/katalog-maszyn\/laboratory-spray-dryer\/","og_site_name":"Fiprocess","article_modified_time":"2025-10-14T09:27:35+00:00","og_image":[{"width":550,"height":550,"url":"https:\/\/fiprocess.pl\/wp-content\/uploads\/2025\/10\/laboratoryjna-suszarnia-rozpylowa.jpg","type":"image\/jpeg"}],"twitter_card":"summary_large_image","twitter_misc":{"Estimated reading time":"1 minute"},"schema":{"@context":"https:\/\/schema.org","@graph":[{"@type":"WebPage","@id":"https:\/\/fiprocess.pl\/katalog-maszyn\/laboratoryjna-suszarnia-rozpylowa\/","url":"https:\/\/fiprocess.pl\/katalog-maszyn\/laboratoryjna-suszarnia-rozpylowa\/","name":"Laboratoryjna suszarnia rozpy\u0142owa - Fiprocess","isPartOf":{"@id":"https:\/\/fiprocess.pl\/#website"},"primaryImageOfPage":{"@id":"https:\/\/fiprocess.pl\/katalog-maszyn\/laboratoryjna-suszarnia-rozpylowa\/#primaryimage"},"image":{"@id":"https:\/\/fiprocess.pl\/katalog-maszyn\/laboratoryjna-suszarnia-rozpylowa\/#primaryimage"},"thumbnailUrl":"https:\/\/fiprocess.pl\/wp-content\/uploads\/2025\/10\/laboratoryjna-suszarnia-rozpylowa.jpg","datePublished":"2025-10-14T09:27:34+00:00","dateModified":"2025-10-14T09:27:35+00:00","description":"Laboratoryjna suszarnia rozpy\u0142owa wykorzystuje technologi\u0119 szybkiego suszenia rozpy\u0142owego, kt\u00f3ra jest szczeg\u00f3lnie wa\u017cna do suszenia materia\u0142\u00f3w wra\u017cliwych na ciep\u0142o.","breadcrumb":{"@id":"https:\/\/fiprocess.pl\/katalog-maszyn\/laboratoryjna-suszarnia-rozpylowa\/#breadcrumb"},"inLanguage":"en-GB","potentialAction":[{"@type":"ReadAction","target":["https:\/\/fiprocess.pl\/katalog-maszyn\/laboratoryjna-suszarnia-rozpylowa\/"]}]},{"@type":"ImageObject","inLanguage":"en-GB","@id":"https:\/\/fiprocess.pl\/katalog-maszyn\/laboratoryjna-suszarnia-rozpylowa\/#primaryimage","url":"https:\/\/fiprocess.pl\/wp-content\/uploads\/2025\/10\/laboratoryjna-suszarnia-rozpylowa.jpg","contentUrl":"https:\/\/fiprocess.pl\/wp-content\/uploads\/2025\/10\/laboratoryjna-suszarnia-rozpylowa.jpg","width":550,"height":550,"caption":"Laboratoryjna suszarnia rozpy\u0142owa"},{"@type":"BreadcrumbList","@id":"https:\/\/fiprocess.pl\/katalog-maszyn\/laboratoryjna-suszarnia-rozpylowa\/#breadcrumb","itemListElement":[{"@type":"ListItem","position":1,"name":"Strona g\u0142\u00f3wna","item":"https:\/\/fiprocess.pl\/"},{"@type":"ListItem","position":2,"name":"Katalog maszyn","item":"https:\/\/fiprocess.pl\/en\/katalog-maszyn\/"},{"@type":"ListItem","position":3,"name":"Suszarnie rozpy\u0142owe i bioreaktory","item":"https:\/\/fiprocess.pl\/kategoria-produktu\/suszarnie-rozpylowe-i-bioreaktory\/"},{"@type":"ListItem","position":4,"name":"Nowe suszarnie rozpy\u0142owe","item":"https:\/\/fiprocess.pl\/kategoria-produktu\/suszarnie-rozpylowe-i-bioreaktory\/nowe-suszarnie-rozpylowe\/"},{"@type":"ListItem","position":5,"name":"Laboratoryjna suszarnia rozpy\u0142owa"}]},{"@type":"WebSite","@id":"https:\/\/fiprocess.pl\/#website","url":"https:\/\/fiprocess.pl\/","name":"Fiprocess","description":"mieszalniki wir\u00f3wki m\u0142yny suszarnie","publisher":{"@id":"https:\/\/fiprocess.pl\/#organization"},"potentialAction":[{"@type":"SearchAction","target":{"@type":"EntryPoint","urlTemplate":"https:\/\/fiprocess.pl\/?s={search_term_string}"},"query-input":{"@type":"PropertyValueSpecification","valueRequired":true,"valueName":"search_term_string"}}],"inLanguage":"en-GB"},{"@type":"Organization","@id":"https:\/\/fiprocess.pl\/#organization","name":"Fiprocess Sp. z o.o.","url":"https:\/\/fiprocess.pl\/","logo":{"@type":"ImageObject","inLanguage":"en-GB","@id":"https:\/\/fiprocess.pl\/#\/schema\/logo\/image\/","url":"https:\/\/fiprocess.pl\/wp-content\/uploads\/2023\/07\/logo.png","contentUrl":"https:\/\/fiprocess.pl\/wp-content\/uploads\/2023\/07\/logo.png","width":1182,"height":260,"caption":"Fiprocess Sp. z o.o."},"image":{"@id":"https:\/\/fiprocess.pl\/#\/schema\/logo\/image\/"}}]}},"_links":{"self":[{"href":"https:\/\/fiprocess.pl\/en\/wp-json\/wp\/v2\/product\/8365","targetHints":{"allow":["GET"]}}],"collection":[{"href":"https:\/\/fiprocess.pl\/en\/wp-json\/wp\/v2\/product"}],"about":[{"href":"https:\/\/fiprocess.pl\/en\/wp-json\/wp\/v2\/types\/product"}],"wp:featuredmedia":[{"embeddable":true,"href":"https:\/\/fiprocess.pl\/en\/wp-json\/wp\/v2\/media\/8366"}],"wp:attachment":[{"href":"https:\/\/fiprocess.pl\/en\/wp-json\/wp\/v2\/media?parent=8365"}],"wp:term":[{"taxonomy":"product_cat","embeddable":true,"href":"https:\/\/fiprocess.pl\/en\/wp-json\/wp\/v2\/product_cat?post=8365"},{"taxonomy":"product_tag","embeddable":true,"href":"https:\/\/fiprocess.pl\/en\/wp-json\/wp\/v2\/product_tag?post=8365"}],"curies":[{"name":"wp","href":"https:\/\/api.w.org\/{rel}","templated":true}]}}