{"id":8059,"date":"2025-02-05T12:42:55","date_gmt":"2025-02-05T11:42:55","guid":{"rendered":"https:\/\/fiprocess.pl\/?post_type=product&#038;p=8059"},"modified":"2025-02-05T12:42:56","modified_gmt":"2025-02-05T11:42:56","slug":"etykieciarka-neri-sl-300","status":"publish","type":"product","link":"https:\/\/fiprocess.pl\/en\/katalog-maszyn\/labeller-neri-sl-300\/","title":{"rendered":"NERI SL 300 labeller"},"excerpt":{"rendered":"","protected":false},"featured_media":8060,"template":"","meta":[],"product_cat":[778],"product_tag":[],"class_list":{"0":"post-8059","1":"product","2":"type-product","3":"status-publish","4":"has-post-thumbnail","6":"product_cat-etykieciarki-samoprzylepne","8":"first","9":"instock","10":"shipping-taxable","11":"product-type-simple"},"acf":[],"yoast_head":"<!-- This site is optimized with the Yoast SEO Premium plugin v26.7 (Yoast SEO v27.3) - https:\/\/yoast.com\/product\/yoast-seo-premium-wordpress\/ -->\n<title>Etykieciarka NERI SL 300 - Fiprocess<\/title>\n<meta name=\"description\" content=\"Etykieciarka NERI SL 300. \u015arednica butelek: 15 - 80 mm Wysoko\u015b\u0107 etykiety: 10-120 mm Szeroko\u015b\u0107 etykiety: 13 - 250 mm. Maksymalna wydajno\u015b\u0107: 300 sztuk\/minut\u0119\" \/>\n<meta name=\"robots\" content=\"index, follow, max-snippet:-1, max-image-preview:large, max-video-preview:-1\" \/>\n<link rel=\"canonical\" href=\"https:\/\/fiprocess.pl\/en\/katalog-maszyn\/labeller-neri-sl-300\/\" \/>\n<meta property=\"og:locale\" content=\"en_GB\" \/>\n<meta property=\"og:type\" content=\"article\" \/>\n<meta property=\"og:title\" content=\"Etykieciarka NERI SL 300\" \/>\n<meta property=\"og:description\" content=\"Etykieciarka NERI SL 300. \u015arednica butelek: 15 - 80 mm Wysoko\u015b\u0107 etykiety: 10-120 mm Szeroko\u015b\u0107 etykiety: 13 - 250 mm. Maksymalna wydajno\u015b\u0107: 300 sztuk\/minut\u0119\" \/>\n<meta property=\"og:url\" content=\"https:\/\/fiprocess.pl\/en\/katalog-maszyn\/labeller-neri-sl-300\/\" \/>\n<meta property=\"og:site_name\" content=\"Fiprocess\" \/>\n<meta property=\"article:modified_time\" content=\"2025-02-05T11:42:56+00:00\" \/>\n<meta property=\"og:image\" content=\"https:\/\/fiprocess.pl\/wp-content\/uploads\/2025\/02\/Etykieciarka-NERI-SL-300.jpg\" \/>\n\t<meta property=\"og:image:width\" content=\"748\" \/>\n\t<meta property=\"og:image:height\" content=\"997\" \/>\n\t<meta property=\"og:image:type\" content=\"image\/jpeg\" \/>\n<meta name=\"twitter:card\" content=\"summary_large_image\" \/>\n<meta name=\"twitter:label1\" content=\"Estimated reading time\" \/>\n\t<meta name=\"twitter:data1\" content=\"1 minute\" \/>\n<script type=\"application\/ld+json\" class=\"yoast-schema-graph\">{\"@context\":\"https:\\\/\\\/schema.org\",\"@graph\":[{\"@type\":\"WebPage\",\"@id\":\"https:\\\/\\\/fiprocess.pl\\\/katalog-maszyn\\\/etykieciarka-neri-sl-300\\\/\",\"url\":\"https:\\\/\\\/fiprocess.pl\\\/katalog-maszyn\\\/etykieciarka-neri-sl-300\\\/\",\"name\":\"Etykieciarka NERI SL 300 - Fiprocess\",\"isPartOf\":{\"@id\":\"https:\\\/\\\/fiprocess.pl\\\/#website\"},\"primaryImageOfPage\":{\"@id\":\"https:\\\/\\\/fiprocess.pl\\\/katalog-maszyn\\\/etykieciarka-neri-sl-300\\\/#primaryimage\"},\"image\":{\"@id\":\"https:\\\/\\\/fiprocess.pl\\\/katalog-maszyn\\\/etykieciarka-neri-sl-300\\\/#primaryimage\"},\"thumbnailUrl\":\"https:\\\/\\\/fiprocess.pl\\\/wp-content\\\/uploads\\\/2025\\\/02\\\/Etykieciarka-NERI-SL-300.jpg\",\"datePublished\":\"2025-02-05T11:42:55+00:00\",\"dateModified\":\"2025-02-05T11:42:56+00:00\",\"description\":\"Etykieciarka NERI SL 300. \u015arednica butelek: 15 - 80 mm Wysoko\u015b\u0107 etykiety: 10-120 mm Szeroko\u015b\u0107 etykiety: 13 - 250 mm. Maksymalna wydajno\u015b\u0107: 300 sztuk\\\/minut\u0119\",\"breadcrumb\":{\"@id\":\"https:\\\/\\\/fiprocess.pl\\\/katalog-maszyn\\\/etykieciarka-neri-sl-300\\\/#breadcrumb\"},\"inLanguage\":\"en-GB\",\"potentialAction\":[{\"@type\":\"ReadAction\",\"target\":[\"https:\\\/\\\/fiprocess.pl\\\/katalog-maszyn\\\/etykieciarka-neri-sl-300\\\/\"]}]},{\"@type\":\"ImageObject\",\"inLanguage\":\"en-GB\",\"@id\":\"https:\\\/\\\/fiprocess.pl\\\/katalog-maszyn\\\/etykieciarka-neri-sl-300\\\/#primaryimage\",\"url\":\"https:\\\/\\\/fiprocess.pl\\\/wp-content\\\/uploads\\\/2025\\\/02\\\/Etykieciarka-NERI-SL-300.jpg\",\"contentUrl\":\"https:\\\/\\\/fiprocess.pl\\\/wp-content\\\/uploads\\\/2025\\\/02\\\/Etykieciarka-NERI-SL-300.jpg\",\"width\":748,\"height\":997,\"caption\":\"etykieciarka NERI SL 300\"},{\"@type\":\"BreadcrumbList\",\"@id\":\"https:\\\/\\\/fiprocess.pl\\\/katalog-maszyn\\\/etykieciarka-neri-sl-300\\\/#breadcrumb\",\"itemListElement\":[{\"@type\":\"ListItem\",\"position\":1,\"name\":\"Strona g\u0142\u00f3wna\",\"item\":\"https:\\\/\\\/fiprocess.pl\\\/\"},{\"@type\":\"ListItem\",\"position\":2,\"name\":\"Katalog maszyn\",\"item\":\"https:\\\/\\\/fiprocess.pl\\\/en\\\/katalog-maszyn\\\/\"},{\"@type\":\"ListItem\",\"position\":3,\"name\":\"Maszyny u\u017cywane\",\"item\":\"https:\\\/\\\/fiprocess.pl\\\/kategoria-produktu\\\/maszyny-uzywane\\\/\"},{\"@type\":\"ListItem\",\"position\":4,\"name\":\"Urz\u0105dzenia Pakuj\u0105ce\",\"item\":\"https:\\\/\\\/fiprocess.pl\\\/kategoria-produktu\\\/maszyny-uzywane\\\/urzadzenia-pakujace\\\/\"},{\"@type\":\"ListItem\",\"position\":5,\"name\":\"Etykieciarki samoprzylepne\",\"item\":\"https:\\\/\\\/fiprocess.pl\\\/kategoria-produktu\\\/maszyny-uzywane\\\/urzadzenia-pakujace\\\/etykieciarki-samoprzylepne\\\/\"},{\"@type\":\"ListItem\",\"position\":6,\"name\":\"Etykieciarka NERI SL 300\"}]},{\"@type\":\"WebSite\",\"@id\":\"https:\\\/\\\/fiprocess.pl\\\/#website\",\"url\":\"https:\\\/\\\/fiprocess.pl\\\/\",\"name\":\"Fiprocess\",\"description\":\"mieszalniki wir\u00f3wki m\u0142yny suszarnie\",\"publisher\":{\"@id\":\"https:\\\/\\\/fiprocess.pl\\\/#organization\"},\"potentialAction\":[{\"@type\":\"SearchAction\",\"target\":{\"@type\":\"EntryPoint\",\"urlTemplate\":\"https:\\\/\\\/fiprocess.pl\\\/?s={search_term_string}\"},\"query-input\":{\"@type\":\"PropertyValueSpecification\",\"valueRequired\":true,\"valueName\":\"search_term_string\"}}],\"inLanguage\":\"en-GB\"},{\"@type\":\"Organization\",\"@id\":\"https:\\\/\\\/fiprocess.pl\\\/#organization\",\"name\":\"Fiprocess Sp. z o.o.\",\"url\":\"https:\\\/\\\/fiprocess.pl\\\/\",\"logo\":{\"@type\":\"ImageObject\",\"inLanguage\":\"en-GB\",\"@id\":\"https:\\\/\\\/fiprocess.pl\\\/#\\\/schema\\\/logo\\\/image\\\/\",\"url\":\"https:\\\/\\\/fiprocess.pl\\\/wp-content\\\/uploads\\\/2023\\\/07\\\/logo.png\",\"contentUrl\":\"https:\\\/\\\/fiprocess.pl\\\/wp-content\\\/uploads\\\/2023\\\/07\\\/logo.png\",\"width\":1182,\"height\":260,\"caption\":\"Fiprocess Sp. z o.o.\"},\"image\":{\"@id\":\"https:\\\/\\\/fiprocess.pl\\\/#\\\/schema\\\/logo\\\/image\\\/\"}}]}<\/script>\n<!-- \/ Yoast SEO Premium plugin. -->","yoast_head_json":{"title":"Etykieciarka NERI SL 300 - Fiprocess","description":"Etykieciarka NERI SL 300. \u015arednica butelek: 15 - 80 mm Wysoko\u015b\u0107 etykiety: 10-120 mm Szeroko\u015b\u0107 etykiety: 13 - 250 mm. Maksymalna wydajno\u015b\u0107: 300 sztuk\/minut\u0119","robots":{"index":"index","follow":"follow","max-snippet":"max-snippet:-1","max-image-preview":"max-image-preview:large","max-video-preview":"max-video-preview:-1"},"canonical":"https:\/\/fiprocess.pl\/en\/katalog-maszyn\/labeller-neri-sl-300\/","og_locale":"en_GB","og_type":"article","og_title":"Etykieciarka NERI SL 300","og_description":"Etykieciarka NERI SL 300. \u015arednica butelek: 15 - 80 mm Wysoko\u015b\u0107 etykiety: 10-120 mm Szeroko\u015b\u0107 etykiety: 13 - 250 mm. Maksymalna wydajno\u015b\u0107: 300 sztuk\/minut\u0119","og_url":"https:\/\/fiprocess.pl\/en\/katalog-maszyn\/labeller-neri-sl-300\/","og_site_name":"Fiprocess","article_modified_time":"2025-02-05T11:42:56+00:00","og_image":[{"width":748,"height":997,"url":"https:\/\/fiprocess.pl\/wp-content\/uploads\/2025\/02\/Etykieciarka-NERI-SL-300.jpg","type":"image\/jpeg"}],"twitter_card":"summary_large_image","twitter_misc":{"Estimated reading time":"1 minute"},"schema":{"@context":"https:\/\/schema.org","@graph":[{"@type":"WebPage","@id":"https:\/\/fiprocess.pl\/katalog-maszyn\/etykieciarka-neri-sl-300\/","url":"https:\/\/fiprocess.pl\/katalog-maszyn\/etykieciarka-neri-sl-300\/","name":"Etykieciarka NERI SL 300 - Fiprocess","isPartOf":{"@id":"https:\/\/fiprocess.pl\/#website"},"primaryImageOfPage":{"@id":"https:\/\/fiprocess.pl\/katalog-maszyn\/etykieciarka-neri-sl-300\/#primaryimage"},"image":{"@id":"https:\/\/fiprocess.pl\/katalog-maszyn\/etykieciarka-neri-sl-300\/#primaryimage"},"thumbnailUrl":"https:\/\/fiprocess.pl\/wp-content\/uploads\/2025\/02\/Etykieciarka-NERI-SL-300.jpg","datePublished":"2025-02-05T11:42:55+00:00","dateModified":"2025-02-05T11:42:56+00:00","description":"Etykieciarka NERI SL 300. \u015arednica butelek: 15 - 80 mm Wysoko\u015b\u0107 etykiety: 10-120 mm Szeroko\u015b\u0107 etykiety: 13 - 250 mm. Maksymalna wydajno\u015b\u0107: 300 sztuk\/minut\u0119","breadcrumb":{"@id":"https:\/\/fiprocess.pl\/katalog-maszyn\/etykieciarka-neri-sl-300\/#breadcrumb"},"inLanguage":"en-GB","potentialAction":[{"@type":"ReadAction","target":["https:\/\/fiprocess.pl\/katalog-maszyn\/etykieciarka-neri-sl-300\/"]}]},{"@type":"ImageObject","inLanguage":"en-GB","@id":"https:\/\/fiprocess.pl\/katalog-maszyn\/etykieciarka-neri-sl-300\/#primaryimage","url":"https:\/\/fiprocess.pl\/wp-content\/uploads\/2025\/02\/Etykieciarka-NERI-SL-300.jpg","contentUrl":"https:\/\/fiprocess.pl\/wp-content\/uploads\/2025\/02\/Etykieciarka-NERI-SL-300.jpg","width":748,"height":997,"caption":"etykieciarka NERI SL 300"},{"@type":"BreadcrumbList","@id":"https:\/\/fiprocess.pl\/katalog-maszyn\/etykieciarka-neri-sl-300\/#breadcrumb","itemListElement":[{"@type":"ListItem","position":1,"name":"Strona g\u0142\u00f3wna","item":"https:\/\/fiprocess.pl\/"},{"@type":"ListItem","position":2,"name":"Katalog maszyn","item":"https:\/\/fiprocess.pl\/en\/katalog-maszyn\/"},{"@type":"ListItem","position":3,"name":"Maszyny u\u017cywane","item":"https:\/\/fiprocess.pl\/kategoria-produktu\/maszyny-uzywane\/"},{"@type":"ListItem","position":4,"name":"Urz\u0105dzenia Pakuj\u0105ce","item":"https:\/\/fiprocess.pl\/kategoria-produktu\/maszyny-uzywane\/urzadzenia-pakujace\/"},{"@type":"ListItem","position":5,"name":"Etykieciarki samoprzylepne","item":"https:\/\/fiprocess.pl\/kategoria-produktu\/maszyny-uzywane\/urzadzenia-pakujace\/etykieciarki-samoprzylepne\/"},{"@type":"ListItem","position":6,"name":"Etykieciarka NERI SL 300"}]},{"@type":"WebSite","@id":"https:\/\/fiprocess.pl\/#website","url":"https:\/\/fiprocess.pl\/","name":"Fiprocess","description":"mieszalniki wir\u00f3wki m\u0142yny suszarnie","publisher":{"@id":"https:\/\/fiprocess.pl\/#organization"},"potentialAction":[{"@type":"SearchAction","target":{"@type":"EntryPoint","urlTemplate":"https:\/\/fiprocess.pl\/?s={search_term_string}"},"query-input":{"@type":"PropertyValueSpecification","valueRequired":true,"valueName":"search_term_string"}}],"inLanguage":"en-GB"},{"@type":"Organization","@id":"https:\/\/fiprocess.pl\/#organization","name":"Fiprocess Sp. z o.o.","url":"https:\/\/fiprocess.pl\/","logo":{"@type":"ImageObject","inLanguage":"en-GB","@id":"https:\/\/fiprocess.pl\/#\/schema\/logo\/image\/","url":"https:\/\/fiprocess.pl\/wp-content\/uploads\/2023\/07\/logo.png","contentUrl":"https:\/\/fiprocess.pl\/wp-content\/uploads\/2023\/07\/logo.png","width":1182,"height":260,"caption":"Fiprocess Sp. z o.o."},"image":{"@id":"https:\/\/fiprocess.pl\/#\/schema\/logo\/image\/"}}]}},"_links":{"self":[{"href":"https:\/\/fiprocess.pl\/en\/wp-json\/wp\/v2\/product\/8059","targetHints":{"allow":["GET"]}}],"collection":[{"href":"https:\/\/fiprocess.pl\/en\/wp-json\/wp\/v2\/product"}],"about":[{"href":"https:\/\/fiprocess.pl\/en\/wp-json\/wp\/v2\/types\/product"}],"wp:featuredmedia":[{"embeddable":true,"href":"https:\/\/fiprocess.pl\/en\/wp-json\/wp\/v2\/media\/8060"}],"wp:attachment":[{"href":"https:\/\/fiprocess.pl\/en\/wp-json\/wp\/v2\/media?parent=8059"}],"wp:term":[{"taxonomy":"product_cat","embeddable":true,"href":"https:\/\/fiprocess.pl\/en\/wp-json\/wp\/v2\/product_cat?post=8059"},{"taxonomy":"product_tag","embeddable":true,"href":"https:\/\/fiprocess.pl\/en\/wp-json\/wp\/v2\/product_tag?post=8059"}],"curies":[{"name":"wp","href":"https:\/\/api.w.org\/{rel}","templated":true}]}}