{"id":8042,"date":"2025-01-29T17:39:47","date_gmt":"2025-01-29T16:39:47","guid":{"rendered":"https:\/\/fiprocess.pl\/?post_type=product&#038;p=8042"},"modified":"2025-01-29T17:39:48","modified_gmt":"2025-01-29T16:39:48","slug":"przesiewacz-allgaier-vrs-1000-2","status":"publish","type":"product","link":"https:\/\/fiprocess.pl\/en\/katalog-maszyn\/allgaier-vrs-1000-2-sifter\/","title":{"rendered":"Allgaier VRS 1000\/2 Screener"},"excerpt":{"rendered":"","protected":false},"featured_media":8043,"template":"","meta":[],"product_cat":[923],"product_tag":[],"class_list":{"0":"post-8042","1":"product","2":"type-product","3":"status-publish","4":"has-post-thumbnail","6":"product_cat-sita-wibracyjne","8":"first","9":"instock","10":"shipping-taxable","11":"product-type-simple"},"acf":[],"yoast_head":"<!-- This site is optimized with the Yoast SEO Premium plugin v26.7 (Yoast SEO v27.3) - https:\/\/yoast.com\/product\/yoast-seo-premium-wordpress\/ -->\n<title>Przesiewacz Allgaier VRS 1000\/2 - Fiprocess<\/title>\n<meta name=\"description\" content=\"Przesiewacz Allgaier VRS 1000\/2. Stan - maszyna u\u017cywana. \u015arednica sita - 1000 mm. Ilo\u015b\u0107 pok\u0142ad\u00f3w - 1. Materia\u0142 wykonania - stal kwasoodporna.\" \/>\n<meta name=\"robots\" content=\"index, follow, max-snippet:-1, max-image-preview:large, max-video-preview:-1\" \/>\n<link rel=\"canonical\" href=\"https:\/\/fiprocess.pl\/en\/katalog-maszyn\/allgaier-vrs-1000-2-sifter\/\" \/>\n<meta property=\"og:locale\" content=\"en_GB\" \/>\n<meta property=\"og:type\" content=\"article\" \/>\n<meta property=\"og:title\" content=\"Przesiewacz Allgaier VRS 1000\/2\" \/>\n<meta property=\"og:description\" content=\"Przesiewacz Allgaier VRS 1000\/2. Stan - maszyna u\u017cywana. \u015arednica sita - 1000 mm. Ilo\u015b\u0107 pok\u0142ad\u00f3w - 1. Materia\u0142 wykonania - stal kwasoodporna.\" \/>\n<meta property=\"og:url\" content=\"https:\/\/fiprocess.pl\/en\/katalog-maszyn\/allgaier-vrs-1000-2-sifter\/\" \/>\n<meta property=\"og:site_name\" content=\"Fiprocess\" \/>\n<meta property=\"article:modified_time\" content=\"2025-01-29T16:39:48+00:00\" \/>\n<meta property=\"og:image\" content=\"https:\/\/fiprocess.pl\/wp-content\/uploads\/2025\/01\/Sito-.jpg\" \/>\n\t<meta property=\"og:image:width\" content=\"894\" \/>\n\t<meta property=\"og:image:height\" content=\"1056\" \/>\n\t<meta property=\"og:image:type\" content=\"image\/jpeg\" \/>\n<meta name=\"twitter:card\" content=\"summary_large_image\" \/>\n<meta name=\"twitter:label1\" content=\"Estimated reading time\" \/>\n\t<meta name=\"twitter:data1\" content=\"1 minute\" \/>\n<script type=\"application\/ld+json\" class=\"yoast-schema-graph\">{\"@context\":\"https:\\\/\\\/schema.org\",\"@graph\":[{\"@type\":\"WebPage\",\"@id\":\"https:\\\/\\\/fiprocess.pl\\\/katalog-maszyn\\\/przesiewacz-allgaier-vrs-1000-2\\\/\",\"url\":\"https:\\\/\\\/fiprocess.pl\\\/katalog-maszyn\\\/przesiewacz-allgaier-vrs-1000-2\\\/\",\"name\":\"Przesiewacz Allgaier VRS 1000\\\/2 - Fiprocess\",\"isPartOf\":{\"@id\":\"https:\\\/\\\/fiprocess.pl\\\/#website\"},\"primaryImageOfPage\":{\"@id\":\"https:\\\/\\\/fiprocess.pl\\\/katalog-maszyn\\\/przesiewacz-allgaier-vrs-1000-2\\\/#primaryimage\"},\"image\":{\"@id\":\"https:\\\/\\\/fiprocess.pl\\\/katalog-maszyn\\\/przesiewacz-allgaier-vrs-1000-2\\\/#primaryimage\"},\"thumbnailUrl\":\"https:\\\/\\\/fiprocess.pl\\\/wp-content\\\/uploads\\\/2025\\\/01\\\/Sito-.jpg\",\"datePublished\":\"2025-01-29T16:39:47+00:00\",\"dateModified\":\"2025-01-29T16:39:48+00:00\",\"description\":\"Przesiewacz Allgaier VRS 1000\\\/2. Stan - maszyna u\u017cywana. \u015arednica sita - 1000 mm. Ilo\u015b\u0107 pok\u0142ad\u00f3w - 1. Materia\u0142 wykonania - stal kwasoodporna.\",\"breadcrumb\":{\"@id\":\"https:\\\/\\\/fiprocess.pl\\\/katalog-maszyn\\\/przesiewacz-allgaier-vrs-1000-2\\\/#breadcrumb\"},\"inLanguage\":\"en-GB\",\"potentialAction\":[{\"@type\":\"ReadAction\",\"target\":[\"https:\\\/\\\/fiprocess.pl\\\/katalog-maszyn\\\/przesiewacz-allgaier-vrs-1000-2\\\/\"]}]},{\"@type\":\"ImageObject\",\"inLanguage\":\"en-GB\",\"@id\":\"https:\\\/\\\/fiprocess.pl\\\/katalog-maszyn\\\/przesiewacz-allgaier-vrs-1000-2\\\/#primaryimage\",\"url\":\"https:\\\/\\\/fiprocess.pl\\\/wp-content\\\/uploads\\\/2025\\\/01\\\/Sito-.jpg\",\"contentUrl\":\"https:\\\/\\\/fiprocess.pl\\\/wp-content\\\/uploads\\\/2025\\\/01\\\/Sito-.jpg\",\"width\":894,\"height\":1056,\"caption\":\"Przesiewacz Allgaier VRS 1000\\\/2\"},{\"@type\":\"BreadcrumbList\",\"@id\":\"https:\\\/\\\/fiprocess.pl\\\/katalog-maszyn\\\/przesiewacz-allgaier-vrs-1000-2\\\/#breadcrumb\",\"itemListElement\":[{\"@type\":\"ListItem\",\"position\":1,\"name\":\"Strona g\u0142\u00f3wna\",\"item\":\"https:\\\/\\\/fiprocess.pl\\\/\"},{\"@type\":\"ListItem\",\"position\":2,\"name\":\"Katalog maszyn\",\"item\":\"https:\\\/\\\/fiprocess.pl\\\/en\\\/katalog-maszyn\\\/\"},{\"@type\":\"ListItem\",\"position\":3,\"name\":\"Maszyny u\u017cywane\",\"item\":\"https:\\\/\\\/fiprocess.pl\\\/kategoria-produktu\\\/maszyny-uzywane\\\/\"},{\"@type\":\"ListItem\",\"position\":4,\"name\":\"Sita-Przesiewacze\",\"item\":\"https:\\\/\\\/fiprocess.pl\\\/kategoria-produktu\\\/maszyny-uzywane\\\/sita-przesiewacze\\\/\"},{\"@type\":\"ListItem\",\"position\":5,\"name\":\"Sita wibracyjne\",\"item\":\"https:\\\/\\\/fiprocess.pl\\\/kategoria-produktu\\\/maszyny-uzywane\\\/sita-przesiewacze\\\/sita-wibracyjne\\\/\"},{\"@type\":\"ListItem\",\"position\":6,\"name\":\"Przesiewacz Allgaier VRS 1000\\\/2\"}]},{\"@type\":\"WebSite\",\"@id\":\"https:\\\/\\\/fiprocess.pl\\\/#website\",\"url\":\"https:\\\/\\\/fiprocess.pl\\\/\",\"name\":\"Fiprocess\",\"description\":\"mieszalniki wir\u00f3wki m\u0142yny suszarnie\",\"publisher\":{\"@id\":\"https:\\\/\\\/fiprocess.pl\\\/#organization\"},\"potentialAction\":[{\"@type\":\"SearchAction\",\"target\":{\"@type\":\"EntryPoint\",\"urlTemplate\":\"https:\\\/\\\/fiprocess.pl\\\/?s={search_term_string}\"},\"query-input\":{\"@type\":\"PropertyValueSpecification\",\"valueRequired\":true,\"valueName\":\"search_term_string\"}}],\"inLanguage\":\"en-GB\"},{\"@type\":\"Organization\",\"@id\":\"https:\\\/\\\/fiprocess.pl\\\/#organization\",\"name\":\"Fiprocess Sp. z o.o.\",\"url\":\"https:\\\/\\\/fiprocess.pl\\\/\",\"logo\":{\"@type\":\"ImageObject\",\"inLanguage\":\"en-GB\",\"@id\":\"https:\\\/\\\/fiprocess.pl\\\/#\\\/schema\\\/logo\\\/image\\\/\",\"url\":\"https:\\\/\\\/fiprocess.pl\\\/wp-content\\\/uploads\\\/2023\\\/07\\\/logo.png\",\"contentUrl\":\"https:\\\/\\\/fiprocess.pl\\\/wp-content\\\/uploads\\\/2023\\\/07\\\/logo.png\",\"width\":1182,\"height\":260,\"caption\":\"Fiprocess Sp. z o.o.\"},\"image\":{\"@id\":\"https:\\\/\\\/fiprocess.pl\\\/#\\\/schema\\\/logo\\\/image\\\/\"}}]}<\/script>\n<!-- \/ Yoast SEO Premium plugin. -->","yoast_head_json":{"title":"Przesiewacz Allgaier VRS 1000\/2 - Fiprocess","description":"Przesiewacz Allgaier VRS 1000\/2. Stan - maszyna u\u017cywana. \u015arednica sita - 1000 mm. Ilo\u015b\u0107 pok\u0142ad\u00f3w - 1. Materia\u0142 wykonania - stal kwasoodporna.","robots":{"index":"index","follow":"follow","max-snippet":"max-snippet:-1","max-image-preview":"max-image-preview:large","max-video-preview":"max-video-preview:-1"},"canonical":"https:\/\/fiprocess.pl\/en\/katalog-maszyn\/allgaier-vrs-1000-2-sifter\/","og_locale":"en_GB","og_type":"article","og_title":"Przesiewacz Allgaier VRS 1000\/2","og_description":"Przesiewacz Allgaier VRS 1000\/2. Stan - maszyna u\u017cywana. \u015arednica sita - 1000 mm. Ilo\u015b\u0107 pok\u0142ad\u00f3w - 1. Materia\u0142 wykonania - stal kwasoodporna.","og_url":"https:\/\/fiprocess.pl\/en\/katalog-maszyn\/allgaier-vrs-1000-2-sifter\/","og_site_name":"Fiprocess","article_modified_time":"2025-01-29T16:39:48+00:00","og_image":[{"width":894,"height":1056,"url":"https:\/\/fiprocess.pl\/wp-content\/uploads\/2025\/01\/Sito-.jpg","type":"image\/jpeg"}],"twitter_card":"summary_large_image","twitter_misc":{"Estimated reading time":"1 minute"},"schema":{"@context":"https:\/\/schema.org","@graph":[{"@type":"WebPage","@id":"https:\/\/fiprocess.pl\/katalog-maszyn\/przesiewacz-allgaier-vrs-1000-2\/","url":"https:\/\/fiprocess.pl\/katalog-maszyn\/przesiewacz-allgaier-vrs-1000-2\/","name":"Przesiewacz Allgaier VRS 1000\/2 - Fiprocess","isPartOf":{"@id":"https:\/\/fiprocess.pl\/#website"},"primaryImageOfPage":{"@id":"https:\/\/fiprocess.pl\/katalog-maszyn\/przesiewacz-allgaier-vrs-1000-2\/#primaryimage"},"image":{"@id":"https:\/\/fiprocess.pl\/katalog-maszyn\/przesiewacz-allgaier-vrs-1000-2\/#primaryimage"},"thumbnailUrl":"https:\/\/fiprocess.pl\/wp-content\/uploads\/2025\/01\/Sito-.jpg","datePublished":"2025-01-29T16:39:47+00:00","dateModified":"2025-01-29T16:39:48+00:00","description":"Przesiewacz Allgaier VRS 1000\/2. Stan - maszyna u\u017cywana. \u015arednica sita - 1000 mm. Ilo\u015b\u0107 pok\u0142ad\u00f3w - 1. Materia\u0142 wykonania - stal kwasoodporna.","breadcrumb":{"@id":"https:\/\/fiprocess.pl\/katalog-maszyn\/przesiewacz-allgaier-vrs-1000-2\/#breadcrumb"},"inLanguage":"en-GB","potentialAction":[{"@type":"ReadAction","target":["https:\/\/fiprocess.pl\/katalog-maszyn\/przesiewacz-allgaier-vrs-1000-2\/"]}]},{"@type":"ImageObject","inLanguage":"en-GB","@id":"https:\/\/fiprocess.pl\/katalog-maszyn\/przesiewacz-allgaier-vrs-1000-2\/#primaryimage","url":"https:\/\/fiprocess.pl\/wp-content\/uploads\/2025\/01\/Sito-.jpg","contentUrl":"https:\/\/fiprocess.pl\/wp-content\/uploads\/2025\/01\/Sito-.jpg","width":894,"height":1056,"caption":"Przesiewacz Allgaier VRS 1000\/2"},{"@type":"BreadcrumbList","@id":"https:\/\/fiprocess.pl\/katalog-maszyn\/przesiewacz-allgaier-vrs-1000-2\/#breadcrumb","itemListElement":[{"@type":"ListItem","position":1,"name":"Strona g\u0142\u00f3wna","item":"https:\/\/fiprocess.pl\/"},{"@type":"ListItem","position":2,"name":"Katalog maszyn","item":"https:\/\/fiprocess.pl\/en\/katalog-maszyn\/"},{"@type":"ListItem","position":3,"name":"Maszyny u\u017cywane","item":"https:\/\/fiprocess.pl\/kategoria-produktu\/maszyny-uzywane\/"},{"@type":"ListItem","position":4,"name":"Sita-Przesiewacze","item":"https:\/\/fiprocess.pl\/kategoria-produktu\/maszyny-uzywane\/sita-przesiewacze\/"},{"@type":"ListItem","position":5,"name":"Sita wibracyjne","item":"https:\/\/fiprocess.pl\/kategoria-produktu\/maszyny-uzywane\/sita-przesiewacze\/sita-wibracyjne\/"},{"@type":"ListItem","position":6,"name":"Przesiewacz Allgaier VRS 1000\/2"}]},{"@type":"WebSite","@id":"https:\/\/fiprocess.pl\/#website","url":"https:\/\/fiprocess.pl\/","name":"Fiprocess","description":"mieszalniki wir\u00f3wki m\u0142yny suszarnie","publisher":{"@id":"https:\/\/fiprocess.pl\/#organization"},"potentialAction":[{"@type":"SearchAction","target":{"@type":"EntryPoint","urlTemplate":"https:\/\/fiprocess.pl\/?s={search_term_string}"},"query-input":{"@type":"PropertyValueSpecification","valueRequired":true,"valueName":"search_term_string"}}],"inLanguage":"en-GB"},{"@type":"Organization","@id":"https:\/\/fiprocess.pl\/#organization","name":"Fiprocess Sp. z o.o.","url":"https:\/\/fiprocess.pl\/","logo":{"@type":"ImageObject","inLanguage":"en-GB","@id":"https:\/\/fiprocess.pl\/#\/schema\/logo\/image\/","url":"https:\/\/fiprocess.pl\/wp-content\/uploads\/2023\/07\/logo.png","contentUrl":"https:\/\/fiprocess.pl\/wp-content\/uploads\/2023\/07\/logo.png","width":1182,"height":260,"caption":"Fiprocess Sp. z o.o."},"image":{"@id":"https:\/\/fiprocess.pl\/#\/schema\/logo\/image\/"}}]}},"_links":{"self":[{"href":"https:\/\/fiprocess.pl\/en\/wp-json\/wp\/v2\/product\/8042","targetHints":{"allow":["GET"]}}],"collection":[{"href":"https:\/\/fiprocess.pl\/en\/wp-json\/wp\/v2\/product"}],"about":[{"href":"https:\/\/fiprocess.pl\/en\/wp-json\/wp\/v2\/types\/product"}],"wp:featuredmedia":[{"embeddable":true,"href":"https:\/\/fiprocess.pl\/en\/wp-json\/wp\/v2\/media\/8043"}],"wp:attachment":[{"href":"https:\/\/fiprocess.pl\/en\/wp-json\/wp\/v2\/media?parent=8042"}],"wp:term":[{"taxonomy":"product_cat","embeddable":true,"href":"https:\/\/fiprocess.pl\/en\/wp-json\/wp\/v2\/product_cat?post=8042"},{"taxonomy":"product_tag","embeddable":true,"href":"https:\/\/fiprocess.pl\/en\/wp-json\/wp\/v2\/product_tag?post=8042"}],"curies":[{"name":"wp","href":"https:\/\/api.w.org\/{rel}","templated":true}]}}