{"id":7984,"date":"2025-01-27T17:28:12","date_gmt":"2025-01-27T16:28:12","guid":{"rendered":"https:\/\/fiprocess.pl\/?post_type=product&#038;p=7984"},"modified":"2025-01-27T17:28:13","modified_gmt":"2025-01-27T16:28:13","slug":"kapsulkarka-ptk-pr2000","status":"publish","type":"product","link":"https:\/\/fiprocess.pl\/en\/katalog-maszyn\/ptk-pr2000-capsule-machine\/","title":{"rendered":"PTK PR2000 Capsule Filler"},"excerpt":{"rendered":"<p>PTK PR2000 Capsule Filler<\/p>","protected":false},"featured_media":7985,"template":"","meta":[],"product_cat":[766],"product_tag":[],"class_list":{"0":"post-7984","1":"product","2":"type-product","3":"status-publish","4":"has-post-thumbnail","6":"product_cat-kapsulkarka","8":"first","9":"instock","10":"shipping-taxable","11":"product-type-simple"},"acf":[],"yoast_head":"<!-- This site is optimized with the Yoast SEO Premium plugin v26.7 (Yoast SEO v27.3) - https:\/\/yoast.com\/product\/yoast-seo-premium-wordpress\/ -->\n<title>Kapsu\u0142karka PTK PR2000 - Fiprocess<\/title>\n<meta name=\"description\" content=\"Kapsu\u0142karka PTK PR2000. 282 000 tabletek na godzin\u0119. Moc kompresji wst\u0119pnej i g\u0142\u00f3wnej 100 kN. Wymiary maszyny (mm) 1190 x 985 x 1860\" \/>\n<meta name=\"robots\" content=\"index, follow, max-snippet:-1, max-image-preview:large, max-video-preview:-1\" \/>\n<link rel=\"canonical\" href=\"https:\/\/fiprocess.pl\/en\/katalog-maszyn\/ptk-pr2000-capsule-machine\/\" \/>\n<meta property=\"og:locale\" content=\"en_GB\" \/>\n<meta property=\"og:type\" content=\"article\" \/>\n<meta property=\"og:title\" content=\"Kapsu\u0142karka PTK PR2000\" \/>\n<meta property=\"og:description\" content=\"Kapsu\u0142karka PTK PR2000. 282 000 tabletek na godzin\u0119. Moc kompresji wst\u0119pnej i g\u0142\u00f3wnej 100 kN. Wymiary maszyny (mm) 1190 x 985 x 1860\" \/>\n<meta property=\"og:url\" content=\"https:\/\/fiprocess.pl\/en\/katalog-maszyn\/ptk-pr2000-capsule-machine\/\" \/>\n<meta property=\"og:site_name\" content=\"Fiprocess\" \/>\n<meta property=\"article:modified_time\" content=\"2025-01-27T16:28:13+00:00\" \/>\n<meta property=\"og:image\" content=\"https:\/\/fiprocess.pl\/wp-content\/uploads\/2025\/01\/20250123_093205_1-scaled.jpg\" \/>\n\t<meta property=\"og:image:width\" content=\"2560\" \/>\n\t<meta property=\"og:image:height\" content=\"2560\" \/>\n\t<meta property=\"og:image:type\" content=\"image\/jpeg\" \/>\n<meta name=\"twitter:card\" content=\"summary_large_image\" \/>\n<meta name=\"twitter:label1\" content=\"Estimated reading time\" \/>\n\t<meta name=\"twitter:data1\" content=\"1 minute\" \/>\n<script type=\"application\/ld+json\" class=\"yoast-schema-graph\">{\"@context\":\"https:\\\/\\\/schema.org\",\"@graph\":[{\"@type\":\"WebPage\",\"@id\":\"https:\\\/\\\/fiprocess.pl\\\/katalog-maszyn\\\/kapsulkarka-ptk-pr2000\\\/\",\"url\":\"https:\\\/\\\/fiprocess.pl\\\/katalog-maszyn\\\/kapsulkarka-ptk-pr2000\\\/\",\"name\":\"Kapsu\u0142karka PTK PR2000 - Fiprocess\",\"isPartOf\":{\"@id\":\"https:\\\/\\\/fiprocess.pl\\\/#website\"},\"primaryImageOfPage\":{\"@id\":\"https:\\\/\\\/fiprocess.pl\\\/katalog-maszyn\\\/kapsulkarka-ptk-pr2000\\\/#primaryimage\"},\"image\":{\"@id\":\"https:\\\/\\\/fiprocess.pl\\\/katalog-maszyn\\\/kapsulkarka-ptk-pr2000\\\/#primaryimage\"},\"thumbnailUrl\":\"https:\\\/\\\/fiprocess.pl\\\/wp-content\\\/uploads\\\/2025\\\/01\\\/20250123_093205_1-scaled.jpg\",\"datePublished\":\"2025-01-27T16:28:12+00:00\",\"dateModified\":\"2025-01-27T16:28:13+00:00\",\"description\":\"Kapsu\u0142karka PTK PR2000. 282 000 tabletek na godzin\u0119. Moc kompresji wst\u0119pnej i g\u0142\u00f3wnej 100 kN. Wymiary maszyny (mm) 1190 x 985 x 1860\",\"breadcrumb\":{\"@id\":\"https:\\\/\\\/fiprocess.pl\\\/katalog-maszyn\\\/kapsulkarka-ptk-pr2000\\\/#breadcrumb\"},\"inLanguage\":\"en-GB\",\"potentialAction\":[{\"@type\":\"ReadAction\",\"target\":[\"https:\\\/\\\/fiprocess.pl\\\/katalog-maszyn\\\/kapsulkarka-ptk-pr2000\\\/\"]}]},{\"@type\":\"ImageObject\",\"inLanguage\":\"en-GB\",\"@id\":\"https:\\\/\\\/fiprocess.pl\\\/katalog-maszyn\\\/kapsulkarka-ptk-pr2000\\\/#primaryimage\",\"url\":\"https:\\\/\\\/fiprocess.pl\\\/wp-content\\\/uploads\\\/2025\\\/01\\\/20250123_093205_1-scaled.jpg\",\"contentUrl\":\"https:\\\/\\\/fiprocess.pl\\\/wp-content\\\/uploads\\\/2025\\\/01\\\/20250123_093205_1-scaled.jpg\",\"width\":2560,\"height\":2560,\"caption\":\"Kapsu\u0142karka PTK PR2000\"},{\"@type\":\"BreadcrumbList\",\"@id\":\"https:\\\/\\\/fiprocess.pl\\\/katalog-maszyn\\\/kapsulkarka-ptk-pr2000\\\/#breadcrumb\",\"itemListElement\":[{\"@type\":\"ListItem\",\"position\":1,\"name\":\"Strona g\u0142\u00f3wna\",\"item\":\"https:\\\/\\\/fiprocess.pl\\\/\"},{\"@type\":\"ListItem\",\"position\":2,\"name\":\"Katalog maszyn\",\"item\":\"https:\\\/\\\/fiprocess.pl\\\/en\\\/katalog-maszyn\\\/\"},{\"@type\":\"ListItem\",\"position\":3,\"name\":\"Maszyny u\u017cywane\",\"item\":\"https:\\\/\\\/fiprocess.pl\\\/kategoria-produktu\\\/maszyny-uzywane\\\/\"},{\"@type\":\"ListItem\",\"position\":4,\"name\":\"Urz\u0105dzenia Pakuj\u0105ce\",\"item\":\"https:\\\/\\\/fiprocess.pl\\\/kategoria-produktu\\\/maszyny-uzywane\\\/urzadzenia-pakujace\\\/\"},{\"@type\":\"ListItem\",\"position\":5,\"name\":\"Kapsu\u0142karka\",\"item\":\"https:\\\/\\\/fiprocess.pl\\\/kategoria-produktu\\\/maszyny-uzywane\\\/urzadzenia-pakujace\\\/kapsulkarka\\\/\"},{\"@type\":\"ListItem\",\"position\":6,\"name\":\"Kapsu\u0142karka PTK PR2000\"}]},{\"@type\":\"WebSite\",\"@id\":\"https:\\\/\\\/fiprocess.pl\\\/#website\",\"url\":\"https:\\\/\\\/fiprocess.pl\\\/\",\"name\":\"Fiprocess\",\"description\":\"mieszalniki wir\u00f3wki m\u0142yny suszarnie\",\"publisher\":{\"@id\":\"https:\\\/\\\/fiprocess.pl\\\/#organization\"},\"potentialAction\":[{\"@type\":\"SearchAction\",\"target\":{\"@type\":\"EntryPoint\",\"urlTemplate\":\"https:\\\/\\\/fiprocess.pl\\\/?s={search_term_string}\"},\"query-input\":{\"@type\":\"PropertyValueSpecification\",\"valueRequired\":true,\"valueName\":\"search_term_string\"}}],\"inLanguage\":\"en-GB\"},{\"@type\":\"Organization\",\"@id\":\"https:\\\/\\\/fiprocess.pl\\\/#organization\",\"name\":\"Fiprocess Sp. z o.o.\",\"url\":\"https:\\\/\\\/fiprocess.pl\\\/\",\"logo\":{\"@type\":\"ImageObject\",\"inLanguage\":\"en-GB\",\"@id\":\"https:\\\/\\\/fiprocess.pl\\\/#\\\/schema\\\/logo\\\/image\\\/\",\"url\":\"https:\\\/\\\/fiprocess.pl\\\/wp-content\\\/uploads\\\/2023\\\/07\\\/logo.png\",\"contentUrl\":\"https:\\\/\\\/fiprocess.pl\\\/wp-content\\\/uploads\\\/2023\\\/07\\\/logo.png\",\"width\":1182,\"height\":260,\"caption\":\"Fiprocess Sp. z o.o.\"},\"image\":{\"@id\":\"https:\\\/\\\/fiprocess.pl\\\/#\\\/schema\\\/logo\\\/image\\\/\"}}]}<\/script>\n<!-- \/ Yoast SEO Premium plugin. -->","yoast_head_json":{"title":"Kapsu\u0142karka PTK PR2000 - Fiprocess","description":"Kapsu\u0142karka PTK PR2000. 282 000 tabletek na godzin\u0119. Moc kompresji wst\u0119pnej i g\u0142\u00f3wnej 100 kN. Wymiary maszyny (mm) 1190 x 985 x 1860","robots":{"index":"index","follow":"follow","max-snippet":"max-snippet:-1","max-image-preview":"max-image-preview:large","max-video-preview":"max-video-preview:-1"},"canonical":"https:\/\/fiprocess.pl\/en\/katalog-maszyn\/ptk-pr2000-capsule-machine\/","og_locale":"en_GB","og_type":"article","og_title":"Kapsu\u0142karka PTK PR2000","og_description":"Kapsu\u0142karka PTK PR2000. 282 000 tabletek na godzin\u0119. Moc kompresji wst\u0119pnej i g\u0142\u00f3wnej 100 kN. Wymiary maszyny (mm) 1190 x 985 x 1860","og_url":"https:\/\/fiprocess.pl\/en\/katalog-maszyn\/ptk-pr2000-capsule-machine\/","og_site_name":"Fiprocess","article_modified_time":"2025-01-27T16:28:13+00:00","og_image":[{"width":2560,"height":2560,"url":"https:\/\/fiprocess.pl\/wp-content\/uploads\/2025\/01\/20250123_093205_1-scaled.jpg","type":"image\/jpeg"}],"twitter_card":"summary_large_image","twitter_misc":{"Estimated reading time":"1 minute"},"schema":{"@context":"https:\/\/schema.org","@graph":[{"@type":"WebPage","@id":"https:\/\/fiprocess.pl\/katalog-maszyn\/kapsulkarka-ptk-pr2000\/","url":"https:\/\/fiprocess.pl\/katalog-maszyn\/kapsulkarka-ptk-pr2000\/","name":"Kapsu\u0142karka PTK PR2000 - Fiprocess","isPartOf":{"@id":"https:\/\/fiprocess.pl\/#website"},"primaryImageOfPage":{"@id":"https:\/\/fiprocess.pl\/katalog-maszyn\/kapsulkarka-ptk-pr2000\/#primaryimage"},"image":{"@id":"https:\/\/fiprocess.pl\/katalog-maszyn\/kapsulkarka-ptk-pr2000\/#primaryimage"},"thumbnailUrl":"https:\/\/fiprocess.pl\/wp-content\/uploads\/2025\/01\/20250123_093205_1-scaled.jpg","datePublished":"2025-01-27T16:28:12+00:00","dateModified":"2025-01-27T16:28:13+00:00","description":"Kapsu\u0142karka PTK PR2000. 282 000 tabletek na godzin\u0119. Moc kompresji wst\u0119pnej i g\u0142\u00f3wnej 100 kN. Wymiary maszyny (mm) 1190 x 985 x 1860","breadcrumb":{"@id":"https:\/\/fiprocess.pl\/katalog-maszyn\/kapsulkarka-ptk-pr2000\/#breadcrumb"},"inLanguage":"en-GB","potentialAction":[{"@type":"ReadAction","target":["https:\/\/fiprocess.pl\/katalog-maszyn\/kapsulkarka-ptk-pr2000\/"]}]},{"@type":"ImageObject","inLanguage":"en-GB","@id":"https:\/\/fiprocess.pl\/katalog-maszyn\/kapsulkarka-ptk-pr2000\/#primaryimage","url":"https:\/\/fiprocess.pl\/wp-content\/uploads\/2025\/01\/20250123_093205_1-scaled.jpg","contentUrl":"https:\/\/fiprocess.pl\/wp-content\/uploads\/2025\/01\/20250123_093205_1-scaled.jpg","width":2560,"height":2560,"caption":"Kapsu\u0142karka PTK PR2000"},{"@type":"BreadcrumbList","@id":"https:\/\/fiprocess.pl\/katalog-maszyn\/kapsulkarka-ptk-pr2000\/#breadcrumb","itemListElement":[{"@type":"ListItem","position":1,"name":"Strona g\u0142\u00f3wna","item":"https:\/\/fiprocess.pl\/"},{"@type":"ListItem","position":2,"name":"Katalog maszyn","item":"https:\/\/fiprocess.pl\/en\/katalog-maszyn\/"},{"@type":"ListItem","position":3,"name":"Maszyny u\u017cywane","item":"https:\/\/fiprocess.pl\/kategoria-produktu\/maszyny-uzywane\/"},{"@type":"ListItem","position":4,"name":"Urz\u0105dzenia Pakuj\u0105ce","item":"https:\/\/fiprocess.pl\/kategoria-produktu\/maszyny-uzywane\/urzadzenia-pakujace\/"},{"@type":"ListItem","position":5,"name":"Kapsu\u0142karka","item":"https:\/\/fiprocess.pl\/kategoria-produktu\/maszyny-uzywane\/urzadzenia-pakujace\/kapsulkarka\/"},{"@type":"ListItem","position":6,"name":"Kapsu\u0142karka PTK PR2000"}]},{"@type":"WebSite","@id":"https:\/\/fiprocess.pl\/#website","url":"https:\/\/fiprocess.pl\/","name":"Fiprocess","description":"mieszalniki wir\u00f3wki m\u0142yny suszarnie","publisher":{"@id":"https:\/\/fiprocess.pl\/#organization"},"potentialAction":[{"@type":"SearchAction","target":{"@type":"EntryPoint","urlTemplate":"https:\/\/fiprocess.pl\/?s={search_term_string}"},"query-input":{"@type":"PropertyValueSpecification","valueRequired":true,"valueName":"search_term_string"}}],"inLanguage":"en-GB"},{"@type":"Organization","@id":"https:\/\/fiprocess.pl\/#organization","name":"Fiprocess Sp. z o.o.","url":"https:\/\/fiprocess.pl\/","logo":{"@type":"ImageObject","inLanguage":"en-GB","@id":"https:\/\/fiprocess.pl\/#\/schema\/logo\/image\/","url":"https:\/\/fiprocess.pl\/wp-content\/uploads\/2023\/07\/logo.png","contentUrl":"https:\/\/fiprocess.pl\/wp-content\/uploads\/2023\/07\/logo.png","width":1182,"height":260,"caption":"Fiprocess Sp. z o.o."},"image":{"@id":"https:\/\/fiprocess.pl\/#\/schema\/logo\/image\/"}}]}},"_links":{"self":[{"href":"https:\/\/fiprocess.pl\/en\/wp-json\/wp\/v2\/product\/7984","targetHints":{"allow":["GET"]}}],"collection":[{"href":"https:\/\/fiprocess.pl\/en\/wp-json\/wp\/v2\/product"}],"about":[{"href":"https:\/\/fiprocess.pl\/en\/wp-json\/wp\/v2\/types\/product"}],"wp:featuredmedia":[{"embeddable":true,"href":"https:\/\/fiprocess.pl\/en\/wp-json\/wp\/v2\/media\/7985"}],"wp:attachment":[{"href":"https:\/\/fiprocess.pl\/en\/wp-json\/wp\/v2\/media?parent=7984"}],"wp:term":[{"taxonomy":"product_cat","embeddable":true,"href":"https:\/\/fiprocess.pl\/en\/wp-json\/wp\/v2\/product_cat?post=7984"},{"taxonomy":"product_tag","embeddable":true,"href":"https:\/\/fiprocess.pl\/en\/wp-json\/wp\/v2\/product_tag?post=7984"}],"curies":[{"name":"wp","href":"https:\/\/api.w.org\/{rel}","templated":true}]}}