{"id":7982,"date":"2025-01-27T17:21:43","date_gmt":"2025-01-27T16:21:43","guid":{"rendered":"https:\/\/fiprocess.pl\/?post_type=product&#038;p=7982"},"modified":"2025-01-27T17:21:44","modified_gmt":"2025-01-27T16:21:44","slug":"polautomatyczna-kapsulkarka-ultra-iii","status":"publish","type":"product","link":"https:\/\/fiprocess.pl\/en\/katalog-maszyn\/semi-automatic-capsule-machine-ultra-iii\/","title":{"rendered":"Semi-automatic capsule machine ULTRA III"},"excerpt":{"rendered":"<p>Semi-automatic capsule machine ULTRA III<\/p>","protected":false},"featured_media":7983,"template":"","meta":[],"product_cat":[766],"product_tag":[],"class_list":{"0":"post-7982","1":"product","2":"type-product","3":"status-publish","4":"has-post-thumbnail","6":"product_cat-kapsulkarka","8":"first","9":"instock","10":"shipping-taxable","11":"product-type-simple"},"acf":[],"yoast_head":"<!-- This site is optimized with the Yoast SEO Premium plugin v26.7 (Yoast SEO v27.3) - https:\/\/yoast.com\/product\/yoast-seo-premium-wordpress\/ -->\n<title>P\u00f3\u0142automatyczna kapsu\u0142karka ULTRA III - Fiprocess<\/title>\n<meta name=\"description\" content=\"P\u00f3\u0142automatyczna kapsu\u0142karka ULTRA III. model CU-4204. Rok budowy 2019. Wymiary: Szeroko\u015b\u0107 1520 mm, g\u0142\u0119boko\u015b\u0107 890 mm, wysoko\u015b\u0107 1910 mm.\" \/>\n<meta name=\"robots\" content=\"index, follow, max-snippet:-1, max-image-preview:large, max-video-preview:-1\" \/>\n<link rel=\"canonical\" href=\"https:\/\/fiprocess.pl\/en\/katalog-maszyn\/polautomatyczna-\u2026lkarka-ultra-iii\/\" \/>\n<meta property=\"og:locale\" content=\"en_GB\" \/>\n<meta property=\"og:type\" content=\"article\" \/>\n<meta property=\"og:title\" content=\"P\u00f3\u0142automatyczna kapsu\u0142karka ULTRA III\" \/>\n<meta property=\"og:description\" content=\"P\u00f3\u0142automatyczna kapsu\u0142karka ULTRA III. model CU-4204. Rok budowy 2019. Wymiary: Szeroko\u015b\u0107 1520 mm, g\u0142\u0119boko\u015b\u0107 890 mm, wysoko\u015b\u0107 1910 mm.\" \/>\n<meta property=\"og:url\" content=\"https:\/\/fiprocess.pl\/en\/katalog-maszyn\/polautomatyczna-\u2026lkarka-ultra-iii\/\" \/>\n<meta property=\"og:site_name\" content=\"Fiprocess\" \/>\n<meta property=\"article:modified_time\" content=\"2025-01-27T16:21:44+00:00\" \/>\n<meta property=\"og:image\" content=\"https:\/\/fiprocess.pl\/wp-content\/uploads\/2025\/01\/20250123_092547_wynik-scaled.jpg\" \/>\n\t<meta property=\"og:image:width\" content=\"1920\" \/>\n\t<meta property=\"og:image:height\" content=\"2560\" \/>\n\t<meta property=\"og:image:type\" content=\"image\/jpeg\" \/>\n<meta name=\"twitter:card\" content=\"summary_large_image\" \/>\n<meta name=\"twitter:label1\" content=\"Estimated reading time\" \/>\n\t<meta name=\"twitter:data1\" content=\"1 minute\" \/>\n<script type=\"application\/ld+json\" class=\"yoast-schema-graph\">{\"@context\":\"https:\\\/\\\/schema.org\",\"@graph\":[{\"@type\":\"WebPage\",\"@id\":\"https:\\\/\\\/fiprocess.pl\\\/katalog-maszyn\\\/polautomatyczna-kapsulkarka-ultra-iii\\\/\",\"url\":\"https:\\\/\\\/fiprocess.pl\\\/katalog-maszyn\\\/polautomatyczna-%e2%80%a6lkarka-ultra-iii\\\/\",\"name\":\"P\u00f3\u0142automatyczna kapsu\u0142karka ULTRA III - Fiprocess\",\"isPartOf\":{\"@id\":\"https:\\\/\\\/fiprocess.pl\\\/#website\"},\"primaryImageOfPage\":{\"@id\":\"https:\\\/\\\/fiprocess.pl\\\/katalog-maszyn\\\/polautomatyczna-%e2%80%a6lkarka-ultra-iii\\\/#primaryimage\"},\"image\":{\"@id\":\"https:\\\/\\\/fiprocess.pl\\\/katalog-maszyn\\\/polautomatyczna-%e2%80%a6lkarka-ultra-iii\\\/#primaryimage\"},\"thumbnailUrl\":\"https:\\\/\\\/fiprocess.pl\\\/wp-content\\\/uploads\\\/2025\\\/01\\\/20250123_092547_wynik-scaled.jpg\",\"datePublished\":\"2025-01-27T16:21:43+00:00\",\"dateModified\":\"2025-01-27T16:21:44+00:00\",\"description\":\"P\u00f3\u0142automatyczna kapsu\u0142karka ULTRA III. model CU-4204. Rok budowy 2019. Wymiary: Szeroko\u015b\u0107 1520 mm, g\u0142\u0119boko\u015b\u0107 890 mm, wysoko\u015b\u0107 1910 mm.\",\"breadcrumb\":{\"@id\":\"https:\\\/\\\/fiprocess.pl\\\/katalog-maszyn\\\/polautomatyczna-%e2%80%a6lkarka-ultra-iii\\\/#breadcrumb\"},\"inLanguage\":\"en-GB\",\"potentialAction\":[{\"@type\":\"ReadAction\",\"target\":[\"https:\\\/\\\/fiprocess.pl\\\/katalog-maszyn\\\/polautomatyczna-%e2%80%a6lkarka-ultra-iii\\\/\"]}]},{\"@type\":\"ImageObject\",\"inLanguage\":\"en-GB\",\"@id\":\"https:\\\/\\\/fiprocess.pl\\\/katalog-maszyn\\\/polautomatyczna-%e2%80%a6lkarka-ultra-iii\\\/#primaryimage\",\"url\":\"https:\\\/\\\/fiprocess.pl\\\/wp-content\\\/uploads\\\/2025\\\/01\\\/20250123_092547_wynik-scaled.jpg\",\"contentUrl\":\"https:\\\/\\\/fiprocess.pl\\\/wp-content\\\/uploads\\\/2025\\\/01\\\/20250123_092547_wynik-scaled.jpg\",\"width\":1920,\"height\":2560,\"caption\":\"P\u00f3\u0142automatyczna kapsu\u0142karka ULTRA III\"},{\"@type\":\"BreadcrumbList\",\"@id\":\"https:\\\/\\\/fiprocess.pl\\\/katalog-maszyn\\\/polautomatyczna-%e2%80%a6lkarka-ultra-iii\\\/#breadcrumb\",\"itemListElement\":[{\"@type\":\"ListItem\",\"position\":1,\"name\":\"Strona g\u0142\u00f3wna\",\"item\":\"https:\\\/\\\/fiprocess.pl\\\/\"},{\"@type\":\"ListItem\",\"position\":2,\"name\":\"Katalog maszyn\",\"item\":\"https:\\\/\\\/fiprocess.pl\\\/en\\\/katalog-maszyn\\\/\"},{\"@type\":\"ListItem\",\"position\":3,\"name\":\"Maszyny u\u017cywane\",\"item\":\"https:\\\/\\\/fiprocess.pl\\\/kategoria-produktu\\\/maszyny-uzywane\\\/\"},{\"@type\":\"ListItem\",\"position\":4,\"name\":\"Urz\u0105dzenia Pakuj\u0105ce\",\"item\":\"https:\\\/\\\/fiprocess.pl\\\/kategoria-produktu\\\/maszyny-uzywane\\\/urzadzenia-pakujace\\\/\"},{\"@type\":\"ListItem\",\"position\":5,\"name\":\"Kapsu\u0142karka\",\"item\":\"https:\\\/\\\/fiprocess.pl\\\/kategoria-produktu\\\/maszyny-uzywane\\\/urzadzenia-pakujace\\\/kapsulkarka\\\/\"},{\"@type\":\"ListItem\",\"position\":6,\"name\":\"P\u00f3\u0142automatyczna kapsu\u0142karka ULTRA III\"}]},{\"@type\":\"WebSite\",\"@id\":\"https:\\\/\\\/fiprocess.pl\\\/#website\",\"url\":\"https:\\\/\\\/fiprocess.pl\\\/\",\"name\":\"Fiprocess\",\"description\":\"mieszalniki wir\u00f3wki m\u0142yny suszarnie\",\"publisher\":{\"@id\":\"https:\\\/\\\/fiprocess.pl\\\/#organization\"},\"potentialAction\":[{\"@type\":\"SearchAction\",\"target\":{\"@type\":\"EntryPoint\",\"urlTemplate\":\"https:\\\/\\\/fiprocess.pl\\\/?s={search_term_string}\"},\"query-input\":{\"@type\":\"PropertyValueSpecification\",\"valueRequired\":true,\"valueName\":\"search_term_string\"}}],\"inLanguage\":\"en-GB\"},{\"@type\":\"Organization\",\"@id\":\"https:\\\/\\\/fiprocess.pl\\\/#organization\",\"name\":\"Fiprocess Sp. z o.o.\",\"url\":\"https:\\\/\\\/fiprocess.pl\\\/\",\"logo\":{\"@type\":\"ImageObject\",\"inLanguage\":\"en-GB\",\"@id\":\"https:\\\/\\\/fiprocess.pl\\\/#\\\/schema\\\/logo\\\/image\\\/\",\"url\":\"https:\\\/\\\/fiprocess.pl\\\/wp-content\\\/uploads\\\/2023\\\/07\\\/logo.png\",\"contentUrl\":\"https:\\\/\\\/fiprocess.pl\\\/wp-content\\\/uploads\\\/2023\\\/07\\\/logo.png\",\"width\":1182,\"height\":260,\"caption\":\"Fiprocess Sp. z o.o.\"},\"image\":{\"@id\":\"https:\\\/\\\/fiprocess.pl\\\/#\\\/schema\\\/logo\\\/image\\\/\"}}]}<\/script>\n<!-- \/ Yoast SEO Premium plugin. -->","yoast_head_json":{"title":"P\u00f3\u0142automatyczna kapsu\u0142karka ULTRA III - Fiprocess","description":"P\u00f3\u0142automatyczna kapsu\u0142karka ULTRA III. model CU-4204. Rok budowy 2019. Wymiary: Szeroko\u015b\u0107 1520 mm, g\u0142\u0119boko\u015b\u0107 890 mm, wysoko\u015b\u0107 1910 mm.","robots":{"index":"index","follow":"follow","max-snippet":"max-snippet:-1","max-image-preview":"max-image-preview:large","max-video-preview":"max-video-preview:-1"},"canonical":"https:\/\/fiprocess.pl\/en\/katalog-maszyn\/polautomatyczna-\u2026lkarka-ultra-iii\/","og_locale":"en_GB","og_type":"article","og_title":"P\u00f3\u0142automatyczna kapsu\u0142karka ULTRA III","og_description":"P\u00f3\u0142automatyczna kapsu\u0142karka ULTRA III. model CU-4204. Rok budowy 2019. Wymiary: Szeroko\u015b\u0107 1520 mm, g\u0142\u0119boko\u015b\u0107 890 mm, wysoko\u015b\u0107 1910 mm.","og_url":"https:\/\/fiprocess.pl\/en\/katalog-maszyn\/polautomatyczna-\u2026lkarka-ultra-iii\/","og_site_name":"Fiprocess","article_modified_time":"2025-01-27T16:21:44+00:00","og_image":[{"width":1920,"height":2560,"url":"https:\/\/fiprocess.pl\/wp-content\/uploads\/2025\/01\/20250123_092547_wynik-scaled.jpg","type":"image\/jpeg"}],"twitter_card":"summary_large_image","twitter_misc":{"Estimated reading time":"1 minute"},"schema":{"@context":"https:\/\/schema.org","@graph":[{"@type":"WebPage","@id":"https:\/\/fiprocess.pl\/katalog-maszyn\/polautomatyczna-kapsulkarka-ultra-iii\/","url":"https:\/\/fiprocess.pl\/katalog-maszyn\/polautomatyczna-%e2%80%a6lkarka-ultra-iii\/","name":"P\u00f3\u0142automatyczna kapsu\u0142karka ULTRA III - Fiprocess","isPartOf":{"@id":"https:\/\/fiprocess.pl\/#website"},"primaryImageOfPage":{"@id":"https:\/\/fiprocess.pl\/katalog-maszyn\/polautomatyczna-%e2%80%a6lkarka-ultra-iii\/#primaryimage"},"image":{"@id":"https:\/\/fiprocess.pl\/katalog-maszyn\/polautomatyczna-%e2%80%a6lkarka-ultra-iii\/#primaryimage"},"thumbnailUrl":"https:\/\/fiprocess.pl\/wp-content\/uploads\/2025\/01\/20250123_092547_wynik-scaled.jpg","datePublished":"2025-01-27T16:21:43+00:00","dateModified":"2025-01-27T16:21:44+00:00","description":"P\u00f3\u0142automatyczna kapsu\u0142karka ULTRA III. model CU-4204. Rok budowy 2019. Wymiary: Szeroko\u015b\u0107 1520 mm, g\u0142\u0119boko\u015b\u0107 890 mm, wysoko\u015b\u0107 1910 mm.","breadcrumb":{"@id":"https:\/\/fiprocess.pl\/katalog-maszyn\/polautomatyczna-%e2%80%a6lkarka-ultra-iii\/#breadcrumb"},"inLanguage":"en-GB","potentialAction":[{"@type":"ReadAction","target":["https:\/\/fiprocess.pl\/katalog-maszyn\/polautomatyczna-%e2%80%a6lkarka-ultra-iii\/"]}]},{"@type":"ImageObject","inLanguage":"en-GB","@id":"https:\/\/fiprocess.pl\/katalog-maszyn\/polautomatyczna-%e2%80%a6lkarka-ultra-iii\/#primaryimage","url":"https:\/\/fiprocess.pl\/wp-content\/uploads\/2025\/01\/20250123_092547_wynik-scaled.jpg","contentUrl":"https:\/\/fiprocess.pl\/wp-content\/uploads\/2025\/01\/20250123_092547_wynik-scaled.jpg","width":1920,"height":2560,"caption":"P\u00f3\u0142automatyczna kapsu\u0142karka ULTRA III"},{"@type":"BreadcrumbList","@id":"https:\/\/fiprocess.pl\/katalog-maszyn\/polautomatyczna-%e2%80%a6lkarka-ultra-iii\/#breadcrumb","itemListElement":[{"@type":"ListItem","position":1,"name":"Strona g\u0142\u00f3wna","item":"https:\/\/fiprocess.pl\/"},{"@type":"ListItem","position":2,"name":"Katalog maszyn","item":"https:\/\/fiprocess.pl\/en\/katalog-maszyn\/"},{"@type":"ListItem","position":3,"name":"Maszyny u\u017cywane","item":"https:\/\/fiprocess.pl\/kategoria-produktu\/maszyny-uzywane\/"},{"@type":"ListItem","position":4,"name":"Urz\u0105dzenia Pakuj\u0105ce","item":"https:\/\/fiprocess.pl\/kategoria-produktu\/maszyny-uzywane\/urzadzenia-pakujace\/"},{"@type":"ListItem","position":5,"name":"Kapsu\u0142karka","item":"https:\/\/fiprocess.pl\/kategoria-produktu\/maszyny-uzywane\/urzadzenia-pakujace\/kapsulkarka\/"},{"@type":"ListItem","position":6,"name":"P\u00f3\u0142automatyczna kapsu\u0142karka ULTRA III"}]},{"@type":"WebSite","@id":"https:\/\/fiprocess.pl\/#website","url":"https:\/\/fiprocess.pl\/","name":"Fiprocess","description":"mieszalniki wir\u00f3wki m\u0142yny suszarnie","publisher":{"@id":"https:\/\/fiprocess.pl\/#organization"},"potentialAction":[{"@type":"SearchAction","target":{"@type":"EntryPoint","urlTemplate":"https:\/\/fiprocess.pl\/?s={search_term_string}"},"query-input":{"@type":"PropertyValueSpecification","valueRequired":true,"valueName":"search_term_string"}}],"inLanguage":"en-GB"},{"@type":"Organization","@id":"https:\/\/fiprocess.pl\/#organization","name":"Fiprocess Sp. z o.o.","url":"https:\/\/fiprocess.pl\/","logo":{"@type":"ImageObject","inLanguage":"en-GB","@id":"https:\/\/fiprocess.pl\/#\/schema\/logo\/image\/","url":"https:\/\/fiprocess.pl\/wp-content\/uploads\/2023\/07\/logo.png","contentUrl":"https:\/\/fiprocess.pl\/wp-content\/uploads\/2023\/07\/logo.png","width":1182,"height":260,"caption":"Fiprocess Sp. z o.o."},"image":{"@id":"https:\/\/fiprocess.pl\/#\/schema\/logo\/image\/"}}]}},"_links":{"self":[{"href":"https:\/\/fiprocess.pl\/en\/wp-json\/wp\/v2\/product\/7982","targetHints":{"allow":["GET"]}}],"collection":[{"href":"https:\/\/fiprocess.pl\/en\/wp-json\/wp\/v2\/product"}],"about":[{"href":"https:\/\/fiprocess.pl\/en\/wp-json\/wp\/v2\/types\/product"}],"wp:featuredmedia":[{"embeddable":true,"href":"https:\/\/fiprocess.pl\/en\/wp-json\/wp\/v2\/media\/7983"}],"wp:attachment":[{"href":"https:\/\/fiprocess.pl\/en\/wp-json\/wp\/v2\/media?parent=7982"}],"wp:term":[{"taxonomy":"product_cat","embeddable":true,"href":"https:\/\/fiprocess.pl\/en\/wp-json\/wp\/v2\/product_cat?post=7982"},{"taxonomy":"product_tag","embeddable":true,"href":"https:\/\/fiprocess.pl\/en\/wp-json\/wp\/v2\/product_tag?post=7982"}],"curies":[{"name":"wp","href":"https:\/\/api.w.org\/{rel}","templated":true}]}}