{"id":7974,"date":"2025-01-27T17:05:28","date_gmt":"2025-01-27T16:05:28","guid":{"rendered":"https:\/\/fiprocess.pl\/?post_type=product&#038;p=7974"},"modified":"2025-01-27T17:05:29","modified_gmt":"2025-01-27T16:05:29","slug":"mieszalnik-intensywny-wysokoobrotowy-pm1100","status":"publish","type":"product","link":"https:\/\/fiprocess.pl\/en\/katalog-maszyn\/high-speed-intensive-mixer-pm1100\/","title":{"rendered":"PM1100 high-speed intensive mixer"},"excerpt":{"rendered":"<p>PM1100 high-speed intensive mixer<\/p>","protected":false},"featured_media":7975,"template":"","meta":[],"product_cat":[737],"product_tag":[],"class_list":{"0":"post-7974","1":"product","2":"type-product","3":"status-publish","4":"has-post-thumbnail","6":"product_cat-intensywne-szybkoobrotowe-z-mieszadlem-od-dolu","8":"first","9":"instock","10":"shipping-taxable","11":"product-type-simple"},"acf":[],"yoast_head":"<!-- This site is optimized with the Yoast SEO Premium plugin v26.7 (Yoast SEO v27.3) - https:\/\/yoast.com\/product\/yoast-seo-premium-wordpress\/ -->\n<title>Mieszalnik intensywny wysokoobrotowy PM1100 - Fiprocess<\/title>\n<meta name=\"description\" content=\"Mieszalnik intensywny wysokoobrotowy PM1100. Pojemno\u015b\u0107 ca\u0142kowita 248 litr\u00f3w. Pojemno\u015b\u0107 robocza 85-135 l. Nap\u0119d mieszad\u0142a g\u0142\u00f3wnego 11kW\" \/>\n<meta name=\"robots\" content=\"index, follow, max-snippet:-1, max-image-preview:large, max-video-preview:-1\" \/>\n<link rel=\"canonical\" href=\"https:\/\/fiprocess.pl\/en\/katalog-maszyn\/mieszalnik-inten\u2026oobrotowy-pm1100\/\" \/>\n<meta property=\"og:locale\" content=\"en_GB\" \/>\n<meta property=\"og:type\" content=\"article\" \/>\n<meta property=\"og:title\" content=\"Mieszalnik intensywny wysokoobrotowy PM1100\" \/>\n<meta property=\"og:description\" content=\"Mieszalnik intensywny wysokoobrotowy PM1100. Pojemno\u015b\u0107 ca\u0142kowita 248 litr\u00f3w. Pojemno\u015b\u0107 robocza 85-135 l. Nap\u0119d mieszad\u0142a g\u0142\u00f3wnego 11kW\" \/>\n<meta property=\"og:url\" content=\"https:\/\/fiprocess.pl\/en\/katalog-maszyn\/mieszalnik-inten\u2026oobrotowy-pm1100\/\" \/>\n<meta property=\"og:site_name\" content=\"Fiprocess\" \/>\n<meta property=\"article:modified_time\" content=\"2025-01-27T16:05:29+00:00\" \/>\n<meta property=\"og:image\" content=\"https:\/\/fiprocess.pl\/wp-content\/uploads\/2025\/01\/20250123_091618_1-scaled.jpg\" \/>\n\t<meta property=\"og:image:width\" content=\"1879\" \/>\n\t<meta property=\"og:image:height\" content=\"2560\" \/>\n\t<meta property=\"og:image:type\" content=\"image\/jpeg\" \/>\n<meta name=\"twitter:card\" content=\"summary_large_image\" \/>\n<meta name=\"twitter:label1\" content=\"Estimated reading time\" \/>\n\t<meta name=\"twitter:data1\" content=\"1 minute\" \/>\n<script type=\"application\/ld+json\" class=\"yoast-schema-graph\">{\"@context\":\"https:\\\/\\\/schema.org\",\"@graph\":[{\"@type\":\"WebPage\",\"@id\":\"https:\\\/\\\/fiprocess.pl\\\/katalog-maszyn\\\/mieszalnik-intensywny-wysokoobrotowy-pm1100\\\/\",\"url\":\"https:\\\/\\\/fiprocess.pl\\\/katalog-maszyn\\\/mieszalnik-inten%e2%80%a6oobrotowy-pm1100\\\/\",\"name\":\"Mieszalnik intensywny wysokoobrotowy PM1100 - Fiprocess\",\"isPartOf\":{\"@id\":\"https:\\\/\\\/fiprocess.pl\\\/#website\"},\"primaryImageOfPage\":{\"@id\":\"https:\\\/\\\/fiprocess.pl\\\/katalog-maszyn\\\/mieszalnik-inten%e2%80%a6oobrotowy-pm1100\\\/#primaryimage\"},\"image\":{\"@id\":\"https:\\\/\\\/fiprocess.pl\\\/katalog-maszyn\\\/mieszalnik-inten%e2%80%a6oobrotowy-pm1100\\\/#primaryimage\"},\"thumbnailUrl\":\"https:\\\/\\\/fiprocess.pl\\\/wp-content\\\/uploads\\\/2025\\\/01\\\/20250123_091618_1-scaled.jpg\",\"datePublished\":\"2025-01-27T16:05:28+00:00\",\"dateModified\":\"2025-01-27T16:05:29+00:00\",\"description\":\"Mieszalnik intensywny wysokoobrotowy PM1100. Pojemno\u015b\u0107 ca\u0142kowita 248 litr\u00f3w. Pojemno\u015b\u0107 robocza 85-135 l. Nap\u0119d mieszad\u0142a g\u0142\u00f3wnego 11kW\",\"breadcrumb\":{\"@id\":\"https:\\\/\\\/fiprocess.pl\\\/katalog-maszyn\\\/mieszalnik-inten%e2%80%a6oobrotowy-pm1100\\\/#breadcrumb\"},\"inLanguage\":\"en-GB\",\"potentialAction\":[{\"@type\":\"ReadAction\",\"target\":[\"https:\\\/\\\/fiprocess.pl\\\/katalog-maszyn\\\/mieszalnik-inten%e2%80%a6oobrotowy-pm1100\\\/\"]}]},{\"@type\":\"ImageObject\",\"inLanguage\":\"en-GB\",\"@id\":\"https:\\\/\\\/fiprocess.pl\\\/katalog-maszyn\\\/mieszalnik-inten%e2%80%a6oobrotowy-pm1100\\\/#primaryimage\",\"url\":\"https:\\\/\\\/fiprocess.pl\\\/wp-content\\\/uploads\\\/2025\\\/01\\\/20250123_091618_1-scaled.jpg\",\"contentUrl\":\"https:\\\/\\\/fiprocess.pl\\\/wp-content\\\/uploads\\\/2025\\\/01\\\/20250123_091618_1-scaled.jpg\",\"width\":1879,\"height\":2560,\"caption\":\"Mieszalnik intensywny szybkoobrotowy\"},{\"@type\":\"BreadcrumbList\",\"@id\":\"https:\\\/\\\/fiprocess.pl\\\/katalog-maszyn\\\/mieszalnik-inten%e2%80%a6oobrotowy-pm1100\\\/#breadcrumb\",\"itemListElement\":[{\"@type\":\"ListItem\",\"position\":1,\"name\":\"Strona g\u0142\u00f3wna\",\"item\":\"https:\\\/\\\/fiprocess.pl\\\/\"},{\"@type\":\"ListItem\",\"position\":2,\"name\":\"Katalog maszyn\",\"item\":\"https:\\\/\\\/fiprocess.pl\\\/en\\\/katalog-maszyn\\\/\"},{\"@type\":\"ListItem\",\"position\":3,\"name\":\"Maszyny u\u017cywane\",\"item\":\"https:\\\/\\\/fiprocess.pl\\\/kategoria-produktu\\\/maszyny-uzywane\\\/\"},{\"@type\":\"ListItem\",\"position\":4,\"name\":\"Mieszalniki\",\"item\":\"https:\\\/\\\/fiprocess.pl\\\/kategoria-produktu\\\/maszyny-uzywane\\\/mieszalniki\\\/\"},{\"@type\":\"ListItem\",\"position\":5,\"name\":\"Intensywne (szybkoobrotowe z mieszad\u0142em od do\u0142u)\",\"item\":\"https:\\\/\\\/fiprocess.pl\\\/kategoria-produktu\\\/maszyny-uzywane\\\/mieszalniki\\\/intensywne-szybkoobrotowe-z-mieszadlem-od-dolu\\\/\"},{\"@type\":\"ListItem\",\"position\":6,\"name\":\"Mieszalnik intensywny wysokoobrotowy PM1100\"}]},{\"@type\":\"WebSite\",\"@id\":\"https:\\\/\\\/fiprocess.pl\\\/#website\",\"url\":\"https:\\\/\\\/fiprocess.pl\\\/\",\"name\":\"Fiprocess\",\"description\":\"mieszalniki wir\u00f3wki m\u0142yny suszarnie\",\"publisher\":{\"@id\":\"https:\\\/\\\/fiprocess.pl\\\/#organization\"},\"potentialAction\":[{\"@type\":\"SearchAction\",\"target\":{\"@type\":\"EntryPoint\",\"urlTemplate\":\"https:\\\/\\\/fiprocess.pl\\\/?s={search_term_string}\"},\"query-input\":{\"@type\":\"PropertyValueSpecification\",\"valueRequired\":true,\"valueName\":\"search_term_string\"}}],\"inLanguage\":\"en-GB\"},{\"@type\":\"Organization\",\"@id\":\"https:\\\/\\\/fiprocess.pl\\\/#organization\",\"name\":\"Fiprocess Sp. z o.o.\",\"url\":\"https:\\\/\\\/fiprocess.pl\\\/\",\"logo\":{\"@type\":\"ImageObject\",\"inLanguage\":\"en-GB\",\"@id\":\"https:\\\/\\\/fiprocess.pl\\\/#\\\/schema\\\/logo\\\/image\\\/\",\"url\":\"https:\\\/\\\/fiprocess.pl\\\/wp-content\\\/uploads\\\/2023\\\/07\\\/logo.png\",\"contentUrl\":\"https:\\\/\\\/fiprocess.pl\\\/wp-content\\\/uploads\\\/2023\\\/07\\\/logo.png\",\"width\":1182,\"height\":260,\"caption\":\"Fiprocess Sp. z o.o.\"},\"image\":{\"@id\":\"https:\\\/\\\/fiprocess.pl\\\/#\\\/schema\\\/logo\\\/image\\\/\"}}]}<\/script>\n<!-- \/ Yoast SEO Premium plugin. -->","yoast_head_json":{"title":"Mieszalnik intensywny wysokoobrotowy PM1100 - Fiprocess","description":"Mieszalnik intensywny wysokoobrotowy PM1100. Pojemno\u015b\u0107 ca\u0142kowita 248 litr\u00f3w. Pojemno\u015b\u0107 robocza 85-135 l. Nap\u0119d mieszad\u0142a g\u0142\u00f3wnego 11kW","robots":{"index":"index","follow":"follow","max-snippet":"max-snippet:-1","max-image-preview":"max-image-preview:large","max-video-preview":"max-video-preview:-1"},"canonical":"https:\/\/fiprocess.pl\/en\/katalog-maszyn\/mieszalnik-inten\u2026oobrotowy-pm1100\/","og_locale":"en_GB","og_type":"article","og_title":"Mieszalnik intensywny wysokoobrotowy PM1100","og_description":"Mieszalnik intensywny wysokoobrotowy PM1100. Pojemno\u015b\u0107 ca\u0142kowita 248 litr\u00f3w. Pojemno\u015b\u0107 robocza 85-135 l. Nap\u0119d mieszad\u0142a g\u0142\u00f3wnego 11kW","og_url":"https:\/\/fiprocess.pl\/en\/katalog-maszyn\/mieszalnik-inten\u2026oobrotowy-pm1100\/","og_site_name":"Fiprocess","article_modified_time":"2025-01-27T16:05:29+00:00","og_image":[{"width":1879,"height":2560,"url":"https:\/\/fiprocess.pl\/wp-content\/uploads\/2025\/01\/20250123_091618_1-scaled.jpg","type":"image\/jpeg"}],"twitter_card":"summary_large_image","twitter_misc":{"Estimated reading time":"1 minute"},"schema":{"@context":"https:\/\/schema.org","@graph":[{"@type":"WebPage","@id":"https:\/\/fiprocess.pl\/katalog-maszyn\/mieszalnik-intensywny-wysokoobrotowy-pm1100\/","url":"https:\/\/fiprocess.pl\/katalog-maszyn\/mieszalnik-inten%e2%80%a6oobrotowy-pm1100\/","name":"Mieszalnik intensywny wysokoobrotowy PM1100 - Fiprocess","isPartOf":{"@id":"https:\/\/fiprocess.pl\/#website"},"primaryImageOfPage":{"@id":"https:\/\/fiprocess.pl\/katalog-maszyn\/mieszalnik-inten%e2%80%a6oobrotowy-pm1100\/#primaryimage"},"image":{"@id":"https:\/\/fiprocess.pl\/katalog-maszyn\/mieszalnik-inten%e2%80%a6oobrotowy-pm1100\/#primaryimage"},"thumbnailUrl":"https:\/\/fiprocess.pl\/wp-content\/uploads\/2025\/01\/20250123_091618_1-scaled.jpg","datePublished":"2025-01-27T16:05:28+00:00","dateModified":"2025-01-27T16:05:29+00:00","description":"Mieszalnik intensywny wysokoobrotowy PM1100. Pojemno\u015b\u0107 ca\u0142kowita 248 litr\u00f3w. Pojemno\u015b\u0107 robocza 85-135 l. Nap\u0119d mieszad\u0142a g\u0142\u00f3wnego 11kW","breadcrumb":{"@id":"https:\/\/fiprocess.pl\/katalog-maszyn\/mieszalnik-inten%e2%80%a6oobrotowy-pm1100\/#breadcrumb"},"inLanguage":"en-GB","potentialAction":[{"@type":"ReadAction","target":["https:\/\/fiprocess.pl\/katalog-maszyn\/mieszalnik-inten%e2%80%a6oobrotowy-pm1100\/"]}]},{"@type":"ImageObject","inLanguage":"en-GB","@id":"https:\/\/fiprocess.pl\/katalog-maszyn\/mieszalnik-inten%e2%80%a6oobrotowy-pm1100\/#primaryimage","url":"https:\/\/fiprocess.pl\/wp-content\/uploads\/2025\/01\/20250123_091618_1-scaled.jpg","contentUrl":"https:\/\/fiprocess.pl\/wp-content\/uploads\/2025\/01\/20250123_091618_1-scaled.jpg","width":1879,"height":2560,"caption":"Mieszalnik intensywny szybkoobrotowy"},{"@type":"BreadcrumbList","@id":"https:\/\/fiprocess.pl\/katalog-maszyn\/mieszalnik-inten%e2%80%a6oobrotowy-pm1100\/#breadcrumb","itemListElement":[{"@type":"ListItem","position":1,"name":"Strona g\u0142\u00f3wna","item":"https:\/\/fiprocess.pl\/"},{"@type":"ListItem","position":2,"name":"Katalog maszyn","item":"https:\/\/fiprocess.pl\/en\/katalog-maszyn\/"},{"@type":"ListItem","position":3,"name":"Maszyny u\u017cywane","item":"https:\/\/fiprocess.pl\/kategoria-produktu\/maszyny-uzywane\/"},{"@type":"ListItem","position":4,"name":"Mieszalniki","item":"https:\/\/fiprocess.pl\/kategoria-produktu\/maszyny-uzywane\/mieszalniki\/"},{"@type":"ListItem","position":5,"name":"Intensywne (szybkoobrotowe z mieszad\u0142em od do\u0142u)","item":"https:\/\/fiprocess.pl\/kategoria-produktu\/maszyny-uzywane\/mieszalniki\/intensywne-szybkoobrotowe-z-mieszadlem-od-dolu\/"},{"@type":"ListItem","position":6,"name":"Mieszalnik intensywny wysokoobrotowy PM1100"}]},{"@type":"WebSite","@id":"https:\/\/fiprocess.pl\/#website","url":"https:\/\/fiprocess.pl\/","name":"Fiprocess","description":"mieszalniki wir\u00f3wki m\u0142yny suszarnie","publisher":{"@id":"https:\/\/fiprocess.pl\/#organization"},"potentialAction":[{"@type":"SearchAction","target":{"@type":"EntryPoint","urlTemplate":"https:\/\/fiprocess.pl\/?s={search_term_string}"},"query-input":{"@type":"PropertyValueSpecification","valueRequired":true,"valueName":"search_term_string"}}],"inLanguage":"en-GB"},{"@type":"Organization","@id":"https:\/\/fiprocess.pl\/#organization","name":"Fiprocess Sp. z o.o.","url":"https:\/\/fiprocess.pl\/","logo":{"@type":"ImageObject","inLanguage":"en-GB","@id":"https:\/\/fiprocess.pl\/#\/schema\/logo\/image\/","url":"https:\/\/fiprocess.pl\/wp-content\/uploads\/2023\/07\/logo.png","contentUrl":"https:\/\/fiprocess.pl\/wp-content\/uploads\/2023\/07\/logo.png","width":1182,"height":260,"caption":"Fiprocess Sp. z o.o."},"image":{"@id":"https:\/\/fiprocess.pl\/#\/schema\/logo\/image\/"}}]}},"_links":{"self":[{"href":"https:\/\/fiprocess.pl\/en\/wp-json\/wp\/v2\/product\/7974","targetHints":{"allow":["GET"]}}],"collection":[{"href":"https:\/\/fiprocess.pl\/en\/wp-json\/wp\/v2\/product"}],"about":[{"href":"https:\/\/fiprocess.pl\/en\/wp-json\/wp\/v2\/types\/product"}],"wp:featuredmedia":[{"embeddable":true,"href":"https:\/\/fiprocess.pl\/en\/wp-json\/wp\/v2\/media\/7975"}],"wp:attachment":[{"href":"https:\/\/fiprocess.pl\/en\/wp-json\/wp\/v2\/media?parent=7974"}],"wp:term":[{"taxonomy":"product_cat","embeddable":true,"href":"https:\/\/fiprocess.pl\/en\/wp-json\/wp\/v2\/product_cat?post=7974"},{"taxonomy":"product_tag","embeddable":true,"href":"https:\/\/fiprocess.pl\/en\/wp-json\/wp\/v2\/product_tag?post=7974"}],"curies":[{"name":"wp","href":"https:\/\/api.w.org\/{rel}","templated":true}]}}