{"id":7969,"date":"2025-01-27T14:14:04","date_gmt":"2025-01-27T13:14:04","guid":{"rendered":"https:\/\/fiprocess.pl\/?post_type=product&#038;p=7969"},"modified":"2025-01-27T14:24:40","modified_gmt":"2025-01-27T13:24:40","slug":"mieszalnik-jednowalowy-lopatkowy-zloze-fluidalne","status":"publish","type":"product","link":"https:\/\/fiprocess.pl\/en\/katalog-maszyn\/mieszalnik-jednowalowy-lopatkowy-zloze-fluidalne-en\/","title":{"rendered":"Single shaft paddle mixer (fluidized bed)"},"excerpt":{"rendered":"<p>Single shaft paddle mixer (fluidized bed)<\/p>\n<p>https:\/\/www.youtube.com\/watch?v=240fPbGNzh0<\/p>","protected":false},"featured_media":7970,"template":"","meta":[],"product_cat":[1226],"product_tag":[],"class_list":{"0":"post-7969","1":"product","2":"type-product","3":"status-publish","4":"has-post-thumbnail","6":"product_cat-mieszalnik-fluidyzacyjny-lopatkowy-jednowalowy-permix-serii-pfbs","8":"first","9":"instock","10":"shipping-taxable","11":"product-type-simple"},"acf":[],"yoast_head":"<!-- This site is optimized with the Yoast SEO Premium plugin v26.7 (Yoast SEO v27.4) - https:\/\/yoast.com\/product\/yoast-seo-premium-wordpress\/ -->\n<title>Mieszalnik jednowa\u0142owy \u0142opatkowy (z\u0142o\u017ce fluidalne) - Fiprocess<\/title>\n<meta name=\"description\" content=\"Mieszalnik jednowa\u0142owy \u0142opatkowy (z\u0142o\u017ce fluidalne) do przygotowania jednorodnej mieszanki, niezale\u017cnie od wielko\u015bci cz\u0105stek, kszta\u0142tu i g\u0119sto\u015bci.\" \/>\n<meta name=\"robots\" content=\"index, follow, max-snippet:-1, max-image-preview:large, max-video-preview:-1\" \/>\n<link rel=\"canonical\" href=\"https:\/\/fiprocess.pl\/en\/katalog-maszyn\/mieszalnik-jedno\u2026-zloze-fluidalne\/\" \/>\n<meta property=\"og:locale\" content=\"en_GB\" \/>\n<meta property=\"og:type\" content=\"article\" \/>\n<meta property=\"og:title\" content=\"Mieszalnik jednowa\u0142owy \u0142opatkowy (z\u0142o\u017ce fluidalne)\" \/>\n<meta property=\"og:description\" content=\"Mieszalnik jednowa\u0142owy \u0142opatkowy (z\u0142o\u017ce fluidalne) do przygotowania jednorodnej mieszanki, niezale\u017cnie od wielko\u015bci cz\u0105stek, kszta\u0142tu i g\u0119sto\u015bci.\" \/>\n<meta property=\"og:url\" content=\"https:\/\/fiprocess.pl\/en\/katalog-maszyn\/mieszalnik-jedno\u2026-zloze-fluidalne\/\" \/>\n<meta property=\"og:site_name\" content=\"Fiprocess\" \/>\n<meta property=\"article:modified_time\" content=\"2025-01-27T13:24:40+00:00\" \/>\n<meta property=\"og:image\" content=\"https:\/\/fiprocess.pl\/wp-content\/uploads\/2025\/01\/1-2.jpg\" \/>\n\t<meta property=\"og:image:width\" content=\"1703\" \/>\n\t<meta property=\"og:image:height\" content=\"840\" \/>\n\t<meta property=\"og:image:type\" content=\"image\/jpeg\" \/>\n<meta name=\"twitter:card\" content=\"summary_large_image\" \/>\n<meta name=\"twitter:label1\" content=\"Estimated reading time\" \/>\n\t<meta name=\"twitter:data1\" content=\"1 minute\" \/>\n<script type=\"application\/ld+json\" class=\"yoast-schema-graph\">{\"@context\":\"https:\\\/\\\/schema.org\",\"@graph\":[{\"@type\":\"WebPage\",\"@id\":\"https:\\\/\\\/fiprocess.pl\\\/katalog-maszyn\\\/mieszalnik-jednowalowy-lopatkowy-zloze-fluidalne\\\/\",\"url\":\"https:\\\/\\\/fiprocess.pl\\\/katalog-maszyn\\\/mieszalnik-jedno%e2%80%a6-zloze-fluidalne\\\/\",\"name\":\"Mieszalnik jednowa\u0142owy \u0142opatkowy (z\u0142o\u017ce fluidalne) - Fiprocess\",\"isPartOf\":{\"@id\":\"https:\\\/\\\/fiprocess.pl\\\/#website\"},\"primaryImageOfPage\":{\"@id\":\"https:\\\/\\\/fiprocess.pl\\\/katalog-maszyn\\\/mieszalnik-jedno%e2%80%a6-zloze-fluidalne\\\/#primaryimage\"},\"image\":{\"@id\":\"https:\\\/\\\/fiprocess.pl\\\/katalog-maszyn\\\/mieszalnik-jedno%e2%80%a6-zloze-fluidalne\\\/#primaryimage\"},\"thumbnailUrl\":\"https:\\\/\\\/fiprocess.pl\\\/wp-content\\\/uploads\\\/2025\\\/01\\\/1-2.jpg\",\"datePublished\":\"2025-01-27T13:14:04+00:00\",\"dateModified\":\"2025-01-27T13:24:40+00:00\",\"description\":\"Mieszalnik jednowa\u0142owy \u0142opatkowy (z\u0142o\u017ce fluidalne) do przygotowania jednorodnej mieszanki, niezale\u017cnie od wielko\u015bci cz\u0105stek, kszta\u0142tu i g\u0119sto\u015bci.\",\"breadcrumb\":{\"@id\":\"https:\\\/\\\/fiprocess.pl\\\/katalog-maszyn\\\/mieszalnik-jedno%e2%80%a6-zloze-fluidalne\\\/#breadcrumb\"},\"inLanguage\":\"en-GB\",\"potentialAction\":[{\"@type\":\"ReadAction\",\"target\":[\"https:\\\/\\\/fiprocess.pl\\\/katalog-maszyn\\\/mieszalnik-jedno%e2%80%a6-zloze-fluidalne\\\/\"]}]},{\"@type\":\"ImageObject\",\"inLanguage\":\"en-GB\",\"@id\":\"https:\\\/\\\/fiprocess.pl\\\/katalog-maszyn\\\/mieszalnik-jedno%e2%80%a6-zloze-fluidalne\\\/#primaryimage\",\"url\":\"https:\\\/\\\/fiprocess.pl\\\/wp-content\\\/uploads\\\/2025\\\/01\\\/1-2.jpg\",\"contentUrl\":\"https:\\\/\\\/fiprocess.pl\\\/wp-content\\\/uploads\\\/2025\\\/01\\\/1-2.jpg\",\"width\":1703,\"height\":840,\"caption\":\"mieszalnik jednowa\u0142owy \u0142opatkowy (z\u0142o\u017ce fluidalne)\"},{\"@type\":\"BreadcrumbList\",\"@id\":\"https:\\\/\\\/fiprocess.pl\\\/katalog-maszyn\\\/mieszalnik-jedno%e2%80%a6-zloze-fluidalne\\\/#breadcrumb\",\"itemListElement\":[{\"@type\":\"ListItem\",\"position\":1,\"name\":\"Strona g\u0142\u00f3wna\",\"item\":\"https:\\\/\\\/fiprocess.pl\\\/\"},{\"@type\":\"ListItem\",\"position\":2,\"name\":\"Katalog maszyn\",\"item\":\"https:\\\/\\\/fiprocess.pl\\\/en\\\/katalog-maszyn\\\/\"},{\"@type\":\"ListItem\",\"position\":3,\"name\":\"Mieszalniki i suszarnie PERMIX\",\"item\":\"https:\\\/\\\/fiprocess.pl\\\/kategoria-produktu\\\/mieszalniki-permix\\\/\"},{\"@type\":\"ListItem\",\"position\":4,\"name\":\"Mieszalniki do proszk\u00f3w\",\"item\":\"https:\\\/\\\/fiprocess.pl\\\/kategoria-produktu\\\/mieszalniki-permix\\\/mieszalniki-do-proszkow\\\/\"},{\"@type\":\"ListItem\",\"position\":5,\"name\":\"Mieszalnik fluidyzacyjny (\u0141opatkowy Jednowa\u0142owy) PerMix serii PFBS\",\"item\":\"https:\\\/\\\/fiprocess.pl\\\/kategoria-produktu\\\/mieszalniki-permix\\\/mieszalniki-do-proszkow\\\/mieszalnik-fluidyzacyjny-lopatkowy-jednowalowy-permix-serii-pfbs\\\/\"},{\"@type\":\"ListItem\",\"position\":6,\"name\":\"Mieszalnik jednowa\u0142owy \u0142opatkowy (z\u0142o\u017ce fluidalne)\"}]},{\"@type\":\"WebSite\",\"@id\":\"https:\\\/\\\/fiprocess.pl\\\/#website\",\"url\":\"https:\\\/\\\/fiprocess.pl\\\/\",\"name\":\"Fiprocess\",\"description\":\"mieszalniki wir\u00f3wki m\u0142yny suszarnie\",\"publisher\":{\"@id\":\"https:\\\/\\\/fiprocess.pl\\\/#organization\"},\"potentialAction\":[{\"@type\":\"SearchAction\",\"target\":{\"@type\":\"EntryPoint\",\"urlTemplate\":\"https:\\\/\\\/fiprocess.pl\\\/?s={search_term_string}\"},\"query-input\":{\"@type\":\"PropertyValueSpecification\",\"valueRequired\":true,\"valueName\":\"search_term_string\"}}],\"inLanguage\":\"en-GB\"},{\"@type\":\"Organization\",\"@id\":\"https:\\\/\\\/fiprocess.pl\\\/#organization\",\"name\":\"Fiprocess Sp. z o.o.\",\"url\":\"https:\\\/\\\/fiprocess.pl\\\/\",\"logo\":{\"@type\":\"ImageObject\",\"inLanguage\":\"en-GB\",\"@id\":\"https:\\\/\\\/fiprocess.pl\\\/#\\\/schema\\\/logo\\\/image\\\/\",\"url\":\"https:\\\/\\\/fiprocess.pl\\\/wp-content\\\/uploads\\\/2023\\\/07\\\/logo.png\",\"contentUrl\":\"https:\\\/\\\/fiprocess.pl\\\/wp-content\\\/uploads\\\/2023\\\/07\\\/logo.png\",\"width\":1182,\"height\":260,\"caption\":\"Fiprocess Sp. z o.o.\"},\"image\":{\"@id\":\"https:\\\/\\\/fiprocess.pl\\\/#\\\/schema\\\/logo\\\/image\\\/\"}}]}<\/script>\n<!-- \/ Yoast SEO Premium plugin. -->","yoast_head_json":{"title":"Mieszalnik jednowa\u0142owy \u0142opatkowy (z\u0142o\u017ce fluidalne) - Fiprocess","description":"Mieszalnik jednowa\u0142owy \u0142opatkowy (z\u0142o\u017ce fluidalne) do przygotowania jednorodnej mieszanki, niezale\u017cnie od wielko\u015bci cz\u0105stek, kszta\u0142tu i g\u0119sto\u015bci.","robots":{"index":"index","follow":"follow","max-snippet":"max-snippet:-1","max-image-preview":"max-image-preview:large","max-video-preview":"max-video-preview:-1"},"canonical":"https:\/\/fiprocess.pl\/en\/katalog-maszyn\/mieszalnik-jedno\u2026-zloze-fluidalne\/","og_locale":"en_GB","og_type":"article","og_title":"Mieszalnik jednowa\u0142owy \u0142opatkowy (z\u0142o\u017ce fluidalne)","og_description":"Mieszalnik jednowa\u0142owy \u0142opatkowy (z\u0142o\u017ce fluidalne) do przygotowania jednorodnej mieszanki, niezale\u017cnie od wielko\u015bci cz\u0105stek, kszta\u0142tu i g\u0119sto\u015bci.","og_url":"https:\/\/fiprocess.pl\/en\/katalog-maszyn\/mieszalnik-jedno\u2026-zloze-fluidalne\/","og_site_name":"Fiprocess","article_modified_time":"2025-01-27T13:24:40+00:00","og_image":[{"width":1703,"height":840,"url":"https:\/\/fiprocess.pl\/wp-content\/uploads\/2025\/01\/1-2.jpg","type":"image\/jpeg"}],"twitter_card":"summary_large_image","twitter_misc":{"Estimated reading time":"1 minute"},"schema":{"@context":"https:\/\/schema.org","@graph":[{"@type":"WebPage","@id":"https:\/\/fiprocess.pl\/katalog-maszyn\/mieszalnik-jednowalowy-lopatkowy-zloze-fluidalne\/","url":"https:\/\/fiprocess.pl\/katalog-maszyn\/mieszalnik-jedno%e2%80%a6-zloze-fluidalne\/","name":"Mieszalnik jednowa\u0142owy \u0142opatkowy (z\u0142o\u017ce fluidalne) - Fiprocess","isPartOf":{"@id":"https:\/\/fiprocess.pl\/#website"},"primaryImageOfPage":{"@id":"https:\/\/fiprocess.pl\/katalog-maszyn\/mieszalnik-jedno%e2%80%a6-zloze-fluidalne\/#primaryimage"},"image":{"@id":"https:\/\/fiprocess.pl\/katalog-maszyn\/mieszalnik-jedno%e2%80%a6-zloze-fluidalne\/#primaryimage"},"thumbnailUrl":"https:\/\/fiprocess.pl\/wp-content\/uploads\/2025\/01\/1-2.jpg","datePublished":"2025-01-27T13:14:04+00:00","dateModified":"2025-01-27T13:24:40+00:00","description":"Mieszalnik jednowa\u0142owy \u0142opatkowy (z\u0142o\u017ce fluidalne) do przygotowania jednorodnej mieszanki, niezale\u017cnie od wielko\u015bci cz\u0105stek, kszta\u0142tu i g\u0119sto\u015bci.","breadcrumb":{"@id":"https:\/\/fiprocess.pl\/katalog-maszyn\/mieszalnik-jedno%e2%80%a6-zloze-fluidalne\/#breadcrumb"},"inLanguage":"en-GB","potentialAction":[{"@type":"ReadAction","target":["https:\/\/fiprocess.pl\/katalog-maszyn\/mieszalnik-jedno%e2%80%a6-zloze-fluidalne\/"]}]},{"@type":"ImageObject","inLanguage":"en-GB","@id":"https:\/\/fiprocess.pl\/katalog-maszyn\/mieszalnik-jedno%e2%80%a6-zloze-fluidalne\/#primaryimage","url":"https:\/\/fiprocess.pl\/wp-content\/uploads\/2025\/01\/1-2.jpg","contentUrl":"https:\/\/fiprocess.pl\/wp-content\/uploads\/2025\/01\/1-2.jpg","width":1703,"height":840,"caption":"mieszalnik jednowa\u0142owy \u0142opatkowy (z\u0142o\u017ce fluidalne)"},{"@type":"BreadcrumbList","@id":"https:\/\/fiprocess.pl\/katalog-maszyn\/mieszalnik-jedno%e2%80%a6-zloze-fluidalne\/#breadcrumb","itemListElement":[{"@type":"ListItem","position":1,"name":"Strona g\u0142\u00f3wna","item":"https:\/\/fiprocess.pl\/"},{"@type":"ListItem","position":2,"name":"Katalog maszyn","item":"https:\/\/fiprocess.pl\/en\/katalog-maszyn\/"},{"@type":"ListItem","position":3,"name":"Mieszalniki i suszarnie PERMIX","item":"https:\/\/fiprocess.pl\/kategoria-produktu\/mieszalniki-permix\/"},{"@type":"ListItem","position":4,"name":"Mieszalniki do proszk\u00f3w","item":"https:\/\/fiprocess.pl\/kategoria-produktu\/mieszalniki-permix\/mieszalniki-do-proszkow\/"},{"@type":"ListItem","position":5,"name":"Mieszalnik fluidyzacyjny (\u0141opatkowy Jednowa\u0142owy) PerMix serii PFBS","item":"https:\/\/fiprocess.pl\/kategoria-produktu\/mieszalniki-permix\/mieszalniki-do-proszkow\/mieszalnik-fluidyzacyjny-lopatkowy-jednowalowy-permix-serii-pfbs\/"},{"@type":"ListItem","position":6,"name":"Mieszalnik jednowa\u0142owy \u0142opatkowy (z\u0142o\u017ce fluidalne)"}]},{"@type":"WebSite","@id":"https:\/\/fiprocess.pl\/#website","url":"https:\/\/fiprocess.pl\/","name":"Fiprocess","description":"mieszalniki wir\u00f3wki m\u0142yny suszarnie","publisher":{"@id":"https:\/\/fiprocess.pl\/#organization"},"potentialAction":[{"@type":"SearchAction","target":{"@type":"EntryPoint","urlTemplate":"https:\/\/fiprocess.pl\/?s={search_term_string}"},"query-input":{"@type":"PropertyValueSpecification","valueRequired":true,"valueName":"search_term_string"}}],"inLanguage":"en-GB"},{"@type":"Organization","@id":"https:\/\/fiprocess.pl\/#organization","name":"Fiprocess Sp. z o.o.","url":"https:\/\/fiprocess.pl\/","logo":{"@type":"ImageObject","inLanguage":"en-GB","@id":"https:\/\/fiprocess.pl\/#\/schema\/logo\/image\/","url":"https:\/\/fiprocess.pl\/wp-content\/uploads\/2023\/07\/logo.png","contentUrl":"https:\/\/fiprocess.pl\/wp-content\/uploads\/2023\/07\/logo.png","width":1182,"height":260,"caption":"Fiprocess Sp. z o.o."},"image":{"@id":"https:\/\/fiprocess.pl\/#\/schema\/logo\/image\/"}}]}},"_links":{"self":[{"href":"https:\/\/fiprocess.pl\/en\/wp-json\/wp\/v2\/product\/7969","targetHints":{"allow":["GET"]}}],"collection":[{"href":"https:\/\/fiprocess.pl\/en\/wp-json\/wp\/v2\/product"}],"about":[{"href":"https:\/\/fiprocess.pl\/en\/wp-json\/wp\/v2\/types\/product"}],"wp:featuredmedia":[{"embeddable":true,"href":"https:\/\/fiprocess.pl\/en\/wp-json\/wp\/v2\/media\/7970"}],"wp:attachment":[{"href":"https:\/\/fiprocess.pl\/en\/wp-json\/wp\/v2\/media?parent=7969"}],"wp:term":[{"taxonomy":"product_cat","embeddable":true,"href":"https:\/\/fiprocess.pl\/en\/wp-json\/wp\/v2\/product_cat?post=7969"},{"taxonomy":"product_tag","embeddable":true,"href":"https:\/\/fiprocess.pl\/en\/wp-json\/wp\/v2\/product_tag?post=7969"}],"curies":[{"name":"wp","href":"https:\/\/api.w.org\/{rel}","templated":true}]}}