{"id":7858,"date":"2024-11-07T12:01:02","date_gmt":"2024-11-07T11:01:02","guid":{"rendered":"https:\/\/fiprocess.pl\/?post_type=product&#038;p=7858"},"modified":"2024-11-07T12:01:56","modified_gmt":"2024-11-07T11:01:56","slug":"suszarnia-stozkowa-ika-cd3500","status":"publish","type":"product","link":"https:\/\/fiprocess.pl\/en\/katalog-maszyn\/ika-cd3500-conical-dryer\/","title":{"rendered":"IKA CD3500 conical dryer"},"excerpt":{"rendered":"<p>IKA CD3500 conical dryer. Year of manufacture 2021.<\/p>","protected":false},"featured_media":7859,"template":"","meta":[],"product_cat":[738,727],"product_tag":[],"class_list":{"0":"post-7858","1":"product","2":"type-product","3":"status-publish","4":"has-post-thumbnail","6":"product_cat-mieszalniki-spiralne-np-do-ciasta","7":"product_cat-mieszalniki-wstegowe","9":"first","10":"instock","11":"shipping-taxable","12":"product-type-simple"},"acf":[],"yoast_head":"<!-- This site is optimized with the Yoast SEO Premium plugin v26.7 (Yoast SEO v27.3) - https:\/\/yoast.com\/product\/yoast-seo-premium-wordpress\/ -->\n<title>Suszarnia sto\u017ckowa IKA CD3500 - Fiprocess<\/title>\n<meta name=\"description\" content=\"Suszarnia sto\u017ckowa IKA CD3500. P\u0142aszcz grzewczy. Pojemno\u015b\u0107 6263 ltr. Ci\u015bnienie w zbiorniku -1\/3,5 bar. Temperatura min\/max wewn\u0105trz zbiornika -10\/200 C.\" \/>\n<meta name=\"robots\" content=\"index, follow, max-snippet:-1, max-image-preview:large, max-video-preview:-1\" \/>\n<link rel=\"canonical\" href=\"https:\/\/fiprocess.pl\/en\/produkt\/suszarnia-stozkowa-ika-cd3500\/\" \/>\n<meta property=\"og:locale\" content=\"en_GB\" \/>\n<meta property=\"og:type\" content=\"article\" \/>\n<meta property=\"og:title\" content=\"Suszarnia sto\u017ckowa IKA CD3500\" \/>\n<meta property=\"og:description\" content=\"Suszarnia sto\u017ckowa IKA CD3500. P\u0142aszcz grzewczy. Pojemno\u015b\u0107 6263 ltr. Ci\u015bnienie w zbiorniku -1\/3,5 bar. Temperatura min\/max wewn\u0105trz zbiornika -10\/200 C.\" \/>\n<meta property=\"og:url\" content=\"https:\/\/fiprocess.pl\/en\/produkt\/suszarnia-stozkowa-ika-cd3500\/\" \/>\n<meta property=\"og:site_name\" content=\"Fiprocess\" \/>\n<meta property=\"article:modified_time\" content=\"2024-11-07T11:01:56+00:00\" \/>\n<meta property=\"og:image\" content=\"https:\/\/fiprocess.pl\/wp-content\/uploads\/2024\/11\/IMG-20240820-WA0116.jpg\" \/>\n\t<meta property=\"og:image:width\" content=\"1536\" \/>\n\t<meta property=\"og:image:height\" content=\"2048\" \/>\n\t<meta property=\"og:image:type\" content=\"image\/jpeg\" \/>\n<meta name=\"twitter:card\" content=\"summary_large_image\" \/>\n<meta name=\"twitter:label1\" content=\"Estimated reading time\" \/>\n\t<meta name=\"twitter:data1\" content=\"1 minute\" \/>\n<script type=\"application\/ld+json\" class=\"yoast-schema-graph\">{\"@context\":\"https:\\\/\\\/schema.org\",\"@graph\":[{\"@type\":\"WebPage\",\"@id\":\"http:\\\/\\\/fiprocess.pl\\\/it\\\/katalog-maszyn\\\/suszarnia-stozkowa-ika-cd3500\\\/\",\"url\":\"https:\\\/\\\/fiprocess.pl\\\/produkt\\\/suszarnia-stozkowa-ika-cd3500\\\/\",\"name\":\"Suszarnia sto\u017ckowa IKA CD3500 - Fiprocess\",\"isPartOf\":{\"@id\":\"https:\\\/\\\/fiprocess.pl\\\/#website\"},\"primaryImageOfPage\":{\"@id\":\"https:\\\/\\\/fiprocess.pl\\\/produkt\\\/suszarnia-stozkowa-ika-cd3500\\\/#primaryimage\"},\"image\":{\"@id\":\"https:\\\/\\\/fiprocess.pl\\\/produkt\\\/suszarnia-stozkowa-ika-cd3500\\\/#primaryimage\"},\"thumbnailUrl\":\"https:\\\/\\\/fiprocess.pl\\\/wp-content\\\/uploads\\\/2024\\\/11\\\/IMG-20240820-WA0116.jpg\",\"datePublished\":\"2024-11-07T11:01:02+00:00\",\"dateModified\":\"2024-11-07T11:01:56+00:00\",\"description\":\"Suszarnia sto\u017ckowa IKA CD3500. P\u0142aszcz grzewczy. Pojemno\u015b\u0107 6263 ltr. Ci\u015bnienie w zbiorniku -1\\\/3,5 bar. Temperatura min\\\/max wewn\u0105trz zbiornika -10\\\/200 C.\",\"breadcrumb\":{\"@id\":\"https:\\\/\\\/fiprocess.pl\\\/produkt\\\/suszarnia-stozkowa-ika-cd3500\\\/#breadcrumb\"},\"inLanguage\":\"en-GB\",\"potentialAction\":[{\"@type\":\"ReadAction\",\"target\":[\"https:\\\/\\\/fiprocess.pl\\\/produkt\\\/suszarnia-stozkowa-ika-cd3500\\\/\"]}]},{\"@type\":\"ImageObject\",\"inLanguage\":\"en-GB\",\"@id\":\"https:\\\/\\\/fiprocess.pl\\\/produkt\\\/suszarnia-stozkowa-ika-cd3500\\\/#primaryimage\",\"url\":\"https:\\\/\\\/fiprocess.pl\\\/wp-content\\\/uploads\\\/2024\\\/11\\\/IMG-20240820-WA0116.jpg\",\"contentUrl\":\"https:\\\/\\\/fiprocess.pl\\\/wp-content\\\/uploads\\\/2024\\\/11\\\/IMG-20240820-WA0116.jpg\",\"width\":1536,\"height\":2048,\"caption\":\"suszarnia sto\u017ckowa IKA\"},{\"@type\":\"BreadcrumbList\",\"@id\":\"https:\\\/\\\/fiprocess.pl\\\/produkt\\\/suszarnia-stozkowa-ika-cd3500\\\/#breadcrumb\",\"itemListElement\":[{\"@type\":\"ListItem\",\"position\":1,\"name\":\"Strona g\u0142\u00f3wna\",\"item\":\"https:\\\/\\\/fiprocess.pl\\\/\"},{\"@type\":\"ListItem\",\"position\":2,\"name\":\"Katalog maszyn\",\"item\":\"https:\\\/\\\/fiprocess.pl\\\/en\\\/katalog-maszyn\\\/\"},{\"@type\":\"ListItem\",\"position\":3,\"name\":\"Maszyny u\u017cywane\",\"item\":\"https:\\\/\\\/fiprocess.pl\\\/kategoria-produktu\\\/maszyny-uzywane\\\/\"},{\"@type\":\"ListItem\",\"position\":4,\"name\":\"Mieszalniki\",\"item\":\"https:\\\/\\\/fiprocess.pl\\\/kategoria-produktu\\\/maszyny-uzywane\\\/mieszalniki\\\/\"},{\"@type\":\"ListItem\",\"position\":5,\"name\":\"Mieszalniki spiralne np. do ciasta\",\"item\":\"https:\\\/\\\/fiprocess.pl\\\/kategoria-produktu\\\/maszyny-uzywane\\\/mieszalniki\\\/mieszalniki-spiralne-np-do-ciasta\\\/\"},{\"@type\":\"ListItem\",\"position\":6,\"name\":\"Suszarnia sto\u017ckowa IKA CD3500\"}]},{\"@type\":\"WebSite\",\"@id\":\"https:\\\/\\\/fiprocess.pl\\\/#website\",\"url\":\"https:\\\/\\\/fiprocess.pl\\\/\",\"name\":\"Fiprocess\",\"description\":\"mieszalniki wir\u00f3wki m\u0142yny suszarnie\",\"publisher\":{\"@id\":\"https:\\\/\\\/fiprocess.pl\\\/#organization\"},\"potentialAction\":[{\"@type\":\"SearchAction\",\"target\":{\"@type\":\"EntryPoint\",\"urlTemplate\":\"https:\\\/\\\/fiprocess.pl\\\/?s={search_term_string}\"},\"query-input\":{\"@type\":\"PropertyValueSpecification\",\"valueRequired\":true,\"valueName\":\"search_term_string\"}}],\"inLanguage\":\"en-GB\"},{\"@type\":\"Organization\",\"@id\":\"https:\\\/\\\/fiprocess.pl\\\/#organization\",\"name\":\"Fiprocess Sp. z o.o.\",\"url\":\"https:\\\/\\\/fiprocess.pl\\\/\",\"logo\":{\"@type\":\"ImageObject\",\"inLanguage\":\"en-GB\",\"@id\":\"https:\\\/\\\/fiprocess.pl\\\/#\\\/schema\\\/logo\\\/image\\\/\",\"url\":\"https:\\\/\\\/fiprocess.pl\\\/wp-content\\\/uploads\\\/2023\\\/07\\\/logo.png\",\"contentUrl\":\"https:\\\/\\\/fiprocess.pl\\\/wp-content\\\/uploads\\\/2023\\\/07\\\/logo.png\",\"width\":1182,\"height\":260,\"caption\":\"Fiprocess Sp. z o.o.\"},\"image\":{\"@id\":\"https:\\\/\\\/fiprocess.pl\\\/#\\\/schema\\\/logo\\\/image\\\/\"}}]}<\/script>\n<!-- \/ Yoast SEO Premium plugin. -->","yoast_head_json":{"title":"Suszarnia sto\u017ckowa IKA CD3500 - Fiprocess","description":"Suszarnia sto\u017ckowa IKA CD3500. P\u0142aszcz grzewczy. Pojemno\u015b\u0107 6263 ltr. Ci\u015bnienie w zbiorniku -1\/3,5 bar. Temperatura min\/max wewn\u0105trz zbiornika -10\/200 C.","robots":{"index":"index","follow":"follow","max-snippet":"max-snippet:-1","max-image-preview":"max-image-preview:large","max-video-preview":"max-video-preview:-1"},"canonical":"https:\/\/fiprocess.pl\/en\/produkt\/suszarnia-stozkowa-ika-cd3500\/","og_locale":"en_GB","og_type":"article","og_title":"Suszarnia sto\u017ckowa IKA CD3500","og_description":"Suszarnia sto\u017ckowa IKA CD3500. P\u0142aszcz grzewczy. Pojemno\u015b\u0107 6263 ltr. Ci\u015bnienie w zbiorniku -1\/3,5 bar. Temperatura min\/max wewn\u0105trz zbiornika -10\/200 C.","og_url":"https:\/\/fiprocess.pl\/en\/produkt\/suszarnia-stozkowa-ika-cd3500\/","og_site_name":"Fiprocess","article_modified_time":"2024-11-07T11:01:56+00:00","og_image":[{"width":1536,"height":2048,"url":"https:\/\/fiprocess.pl\/wp-content\/uploads\/2024\/11\/IMG-20240820-WA0116.jpg","type":"image\/jpeg"}],"twitter_card":"summary_large_image","twitter_misc":{"Estimated reading time":"1 minute"},"schema":{"@context":"https:\/\/schema.org","@graph":[{"@type":"WebPage","@id":"http:\/\/fiprocess.pl\/it\/katalog-maszyn\/suszarnia-stozkowa-ika-cd3500\/","url":"https:\/\/fiprocess.pl\/produkt\/suszarnia-stozkowa-ika-cd3500\/","name":"Suszarnia sto\u017ckowa IKA CD3500 - Fiprocess","isPartOf":{"@id":"https:\/\/fiprocess.pl\/#website"},"primaryImageOfPage":{"@id":"https:\/\/fiprocess.pl\/produkt\/suszarnia-stozkowa-ika-cd3500\/#primaryimage"},"image":{"@id":"https:\/\/fiprocess.pl\/produkt\/suszarnia-stozkowa-ika-cd3500\/#primaryimage"},"thumbnailUrl":"https:\/\/fiprocess.pl\/wp-content\/uploads\/2024\/11\/IMG-20240820-WA0116.jpg","datePublished":"2024-11-07T11:01:02+00:00","dateModified":"2024-11-07T11:01:56+00:00","description":"Suszarnia sto\u017ckowa IKA CD3500. P\u0142aszcz grzewczy. Pojemno\u015b\u0107 6263 ltr. Ci\u015bnienie w zbiorniku -1\/3,5 bar. Temperatura min\/max wewn\u0105trz zbiornika -10\/200 C.","breadcrumb":{"@id":"https:\/\/fiprocess.pl\/produkt\/suszarnia-stozkowa-ika-cd3500\/#breadcrumb"},"inLanguage":"en-GB","potentialAction":[{"@type":"ReadAction","target":["https:\/\/fiprocess.pl\/produkt\/suszarnia-stozkowa-ika-cd3500\/"]}]},{"@type":"ImageObject","inLanguage":"en-GB","@id":"https:\/\/fiprocess.pl\/produkt\/suszarnia-stozkowa-ika-cd3500\/#primaryimage","url":"https:\/\/fiprocess.pl\/wp-content\/uploads\/2024\/11\/IMG-20240820-WA0116.jpg","contentUrl":"https:\/\/fiprocess.pl\/wp-content\/uploads\/2024\/11\/IMG-20240820-WA0116.jpg","width":1536,"height":2048,"caption":"suszarnia sto\u017ckowa IKA"},{"@type":"BreadcrumbList","@id":"https:\/\/fiprocess.pl\/produkt\/suszarnia-stozkowa-ika-cd3500\/#breadcrumb","itemListElement":[{"@type":"ListItem","position":1,"name":"Strona g\u0142\u00f3wna","item":"https:\/\/fiprocess.pl\/"},{"@type":"ListItem","position":2,"name":"Katalog maszyn","item":"https:\/\/fiprocess.pl\/en\/katalog-maszyn\/"},{"@type":"ListItem","position":3,"name":"Maszyny u\u017cywane","item":"https:\/\/fiprocess.pl\/kategoria-produktu\/maszyny-uzywane\/"},{"@type":"ListItem","position":4,"name":"Mieszalniki","item":"https:\/\/fiprocess.pl\/kategoria-produktu\/maszyny-uzywane\/mieszalniki\/"},{"@type":"ListItem","position":5,"name":"Mieszalniki spiralne np. do ciasta","item":"https:\/\/fiprocess.pl\/kategoria-produktu\/maszyny-uzywane\/mieszalniki\/mieszalniki-spiralne-np-do-ciasta\/"},{"@type":"ListItem","position":6,"name":"Suszarnia sto\u017ckowa IKA CD3500"}]},{"@type":"WebSite","@id":"https:\/\/fiprocess.pl\/#website","url":"https:\/\/fiprocess.pl\/","name":"Fiprocess","description":"mieszalniki wir\u00f3wki m\u0142yny suszarnie","publisher":{"@id":"https:\/\/fiprocess.pl\/#organization"},"potentialAction":[{"@type":"SearchAction","target":{"@type":"EntryPoint","urlTemplate":"https:\/\/fiprocess.pl\/?s={search_term_string}"},"query-input":{"@type":"PropertyValueSpecification","valueRequired":true,"valueName":"search_term_string"}}],"inLanguage":"en-GB"},{"@type":"Organization","@id":"https:\/\/fiprocess.pl\/#organization","name":"Fiprocess Sp. z o.o.","url":"https:\/\/fiprocess.pl\/","logo":{"@type":"ImageObject","inLanguage":"en-GB","@id":"https:\/\/fiprocess.pl\/#\/schema\/logo\/image\/","url":"https:\/\/fiprocess.pl\/wp-content\/uploads\/2023\/07\/logo.png","contentUrl":"https:\/\/fiprocess.pl\/wp-content\/uploads\/2023\/07\/logo.png","width":1182,"height":260,"caption":"Fiprocess Sp. z o.o."},"image":{"@id":"https:\/\/fiprocess.pl\/#\/schema\/logo\/image\/"}}]}},"_links":{"self":[{"href":"https:\/\/fiprocess.pl\/en\/wp-json\/wp\/v2\/product\/7858","targetHints":{"allow":["GET"]}}],"collection":[{"href":"https:\/\/fiprocess.pl\/en\/wp-json\/wp\/v2\/product"}],"about":[{"href":"https:\/\/fiprocess.pl\/en\/wp-json\/wp\/v2\/types\/product"}],"wp:featuredmedia":[{"embeddable":true,"href":"https:\/\/fiprocess.pl\/en\/wp-json\/wp\/v2\/media\/7859"}],"wp:attachment":[{"href":"https:\/\/fiprocess.pl\/en\/wp-json\/wp\/v2\/media?parent=7858"}],"wp:term":[{"taxonomy":"product_cat","embeddable":true,"href":"https:\/\/fiprocess.pl\/en\/wp-json\/wp\/v2\/product_cat?post=7858"},{"taxonomy":"product_tag","embeddable":true,"href":"https:\/\/fiprocess.pl\/en\/wp-json\/wp\/v2\/product_tag?post=7858"}],"curies":[{"name":"wp","href":"https:\/\/api.w.org\/{rel}","templated":true}]}}