{"id":7649,"date":"2024-06-10T15:51:05","date_gmt":"2024-06-10T13:51:05","guid":{"rendered":"https:\/\/fiprocess.pl\/?post_type=product&#038;p=7649"},"modified":"2024-06-10T15:51:06","modified_gmt":"2024-06-10T13:51:06","slug":"kartoniarka-packservice-model-ps300","status":"publish","type":"product","link":"https:\/\/fiprocess.pl\/en\/katalog-maszyn\/packservice-cartoner-model-ps300\/","title":{"rendered":"PackService cartoner model PS300"},"excerpt":{"rendered":"<p><strong>Used semi-automatic cartoner PackService model PS300<\/strong><\/p>","protected":false},"featured_media":7650,"template":"","meta":[],"product_cat":[761],"product_tag":[1176],"class_list":{"0":"post-7649","1":"product","2":"type-product","3":"status-publish","4":"has-post-thumbnail","6":"product_cat-pakowaczki-w-kartony","7":"product_tag-kartoniarka","9":"first","10":"instock","11":"shipping-taxable","12":"product-type-simple"},"acf":[],"yoast_head":"<!-- This site is optimized with the Yoast SEO Premium plugin v26.7 (Yoast SEO v27.3) - https:\/\/yoast.com\/product\/yoast-seo-premium-wordpress\/ -->\n<title>Kartoniarka PackService model PS300 - Fiprocess<\/title>\n<meta name=\"description\" content=\"U\u017cywana p\u00f3\u0142automatyczna kartoniarka produkcji PackService. Model PS300. Rok budowy 2006. Pr\u0119dko\u015b\u0107 mechaniczna 200 karton\u00f3w\/1\u2019 max\" \/>\n<meta name=\"robots\" content=\"index, follow, max-snippet:-1, max-image-preview:large, max-video-preview:-1\" \/>\n<link rel=\"canonical\" href=\"https:\/\/fiprocess.pl\/en\/produkt\/kartoniarka-pack\u2026vice-model-ps300\/\" \/>\n<meta property=\"og:locale\" content=\"en_GB\" \/>\n<meta property=\"og:type\" content=\"article\" \/>\n<meta property=\"og:title\" content=\"Kartoniarka PackService model PS300\" \/>\n<meta property=\"og:description\" content=\"U\u017cywana p\u00f3\u0142automatyczna kartoniarka produkcji PackService. Model PS300. Rok budowy 2006. Pr\u0119dko\u015b\u0107 mechaniczna 200 karton\u00f3w\/1\u2019 max\" \/>\n<meta property=\"og:url\" content=\"https:\/\/fiprocess.pl\/en\/produkt\/kartoniarka-pack\u2026vice-model-ps300\/\" \/>\n<meta property=\"og:site_name\" content=\"Fiprocess\" \/>\n<meta property=\"article:modified_time\" content=\"2024-06-10T13:51:06+00:00\" \/>\n<meta property=\"og:image\" content=\"https:\/\/fiprocess.pl\/wp-content\/uploads\/2024\/06\/20240517_140432_wynik-scaled.jpg\" \/>\n\t<meta property=\"og:image:width\" content=\"2560\" \/>\n\t<meta property=\"og:image:height\" content=\"2560\" \/>\n\t<meta property=\"og:image:type\" content=\"image\/jpeg\" \/>\n<meta name=\"twitter:card\" content=\"summary_large_image\" \/>\n<meta name=\"twitter:label1\" content=\"Estimated reading time\" \/>\n\t<meta name=\"twitter:data1\" content=\"1 minute\" \/>\n<script type=\"application\/ld+json\" class=\"yoast-schema-graph\">{\"@context\":\"https:\\\/\\\/schema.org\",\"@graph\":[{\"@type\":\"WebPage\",\"@id\":\"https:\\\/\\\/fiprocess.pl\\\/it\\\/katalog-maszyn\\\/kartoniarka-packservice-model-ps300\\\/\",\"url\":\"https:\\\/\\\/fiprocess.pl\\\/produkt\\\/kartoniarka-pack%e2%80%a6vice-model-ps300\\\/\",\"name\":\"Kartoniarka PackService model PS300 - Fiprocess\",\"isPartOf\":{\"@id\":\"https:\\\/\\\/fiprocess.pl\\\/#website\"},\"primaryImageOfPage\":{\"@id\":\"https:\\\/\\\/fiprocess.pl\\\/produkt\\\/kartoniarka-pack%e2%80%a6vice-model-ps300\\\/#primaryimage\"},\"image\":{\"@id\":\"https:\\\/\\\/fiprocess.pl\\\/produkt\\\/kartoniarka-pack%e2%80%a6vice-model-ps300\\\/#primaryimage\"},\"thumbnailUrl\":\"https:\\\/\\\/fiprocess.pl\\\/wp-content\\\/uploads\\\/2024\\\/06\\\/20240517_140432_wynik-scaled.jpg\",\"datePublished\":\"2024-06-10T13:51:05+00:00\",\"dateModified\":\"2024-06-10T13:51:06+00:00\",\"description\":\"U\u017cywana p\u00f3\u0142automatyczna kartoniarka produkcji PackService. Model PS300. Rok budowy 2006. Pr\u0119dko\u015b\u0107 mechaniczna 200 karton\u00f3w\\\/1\u2019 max\",\"breadcrumb\":{\"@id\":\"https:\\\/\\\/fiprocess.pl\\\/produkt\\\/kartoniarka-pack%e2%80%a6vice-model-ps300\\\/#breadcrumb\"},\"inLanguage\":\"en-GB\",\"potentialAction\":[{\"@type\":\"ReadAction\",\"target\":[\"https:\\\/\\\/fiprocess.pl\\\/produkt\\\/kartoniarka-pack%e2%80%a6vice-model-ps300\\\/\"]}]},{\"@type\":\"ImageObject\",\"inLanguage\":\"en-GB\",\"@id\":\"https:\\\/\\\/fiprocess.pl\\\/produkt\\\/kartoniarka-pack%e2%80%a6vice-model-ps300\\\/#primaryimage\",\"url\":\"https:\\\/\\\/fiprocess.pl\\\/wp-content\\\/uploads\\\/2024\\\/06\\\/20240517_140432_wynik-scaled.jpg\",\"contentUrl\":\"https:\\\/\\\/fiprocess.pl\\\/wp-content\\\/uploads\\\/2024\\\/06\\\/20240517_140432_wynik-scaled.jpg\",\"width\":2560,\"height\":2560,\"caption\":\"Kartoniarka ServicePack PS300\"},{\"@type\":\"BreadcrumbList\",\"@id\":\"https:\\\/\\\/fiprocess.pl\\\/produkt\\\/kartoniarka-pack%e2%80%a6vice-model-ps300\\\/#breadcrumb\",\"itemListElement\":[{\"@type\":\"ListItem\",\"position\":1,\"name\":\"Strona g\u0142\u00f3wna\",\"item\":\"https:\\\/\\\/fiprocess.pl\\\/\"},{\"@type\":\"ListItem\",\"position\":2,\"name\":\"Katalog maszyn\",\"item\":\"https:\\\/\\\/fiprocess.pl\\\/en\\\/katalog-maszyn\\\/\"},{\"@type\":\"ListItem\",\"position\":3,\"name\":\"Maszyny u\u017cywane\",\"item\":\"https:\\\/\\\/fiprocess.pl\\\/kategoria-produktu\\\/maszyny-uzywane\\\/\"},{\"@type\":\"ListItem\",\"position\":4,\"name\":\"Urz\u0105dzenia Pakuj\u0105ce\",\"item\":\"https:\\\/\\\/fiprocess.pl\\\/kategoria-produktu\\\/maszyny-uzywane\\\/urzadzenia-pakujace\\\/\"},{\"@type\":\"ListItem\",\"position\":5,\"name\":\"Pakowaczki w kartony\",\"item\":\"https:\\\/\\\/fiprocess.pl\\\/kategoria-produktu\\\/maszyny-uzywane\\\/urzadzenia-pakujace\\\/pakowaczki-w-kartony\\\/\"},{\"@type\":\"ListItem\",\"position\":6,\"name\":\"Kartoniarka PackService model PS300\"}]},{\"@type\":\"WebSite\",\"@id\":\"https:\\\/\\\/fiprocess.pl\\\/#website\",\"url\":\"https:\\\/\\\/fiprocess.pl\\\/\",\"name\":\"Fiprocess\",\"description\":\"mieszalniki wir\u00f3wki m\u0142yny suszarnie\",\"publisher\":{\"@id\":\"https:\\\/\\\/fiprocess.pl\\\/#organization\"},\"potentialAction\":[{\"@type\":\"SearchAction\",\"target\":{\"@type\":\"EntryPoint\",\"urlTemplate\":\"https:\\\/\\\/fiprocess.pl\\\/?s={search_term_string}\"},\"query-input\":{\"@type\":\"PropertyValueSpecification\",\"valueRequired\":true,\"valueName\":\"search_term_string\"}}],\"inLanguage\":\"en-GB\"},{\"@type\":\"Organization\",\"@id\":\"https:\\\/\\\/fiprocess.pl\\\/#organization\",\"name\":\"Fiprocess Sp. z o.o.\",\"url\":\"https:\\\/\\\/fiprocess.pl\\\/\",\"logo\":{\"@type\":\"ImageObject\",\"inLanguage\":\"en-GB\",\"@id\":\"https:\\\/\\\/fiprocess.pl\\\/#\\\/schema\\\/logo\\\/image\\\/\",\"url\":\"https:\\\/\\\/fiprocess.pl\\\/wp-content\\\/uploads\\\/2023\\\/07\\\/logo.png\",\"contentUrl\":\"https:\\\/\\\/fiprocess.pl\\\/wp-content\\\/uploads\\\/2023\\\/07\\\/logo.png\",\"width\":1182,\"height\":260,\"caption\":\"Fiprocess Sp. z o.o.\"},\"image\":{\"@id\":\"https:\\\/\\\/fiprocess.pl\\\/#\\\/schema\\\/logo\\\/image\\\/\"}}]}<\/script>\n<!-- \/ Yoast SEO Premium plugin. -->","yoast_head_json":{"title":"Kartoniarka PackService model PS300 - Fiprocess","description":"U\u017cywana p\u00f3\u0142automatyczna kartoniarka produkcji PackService. Model PS300. Rok budowy 2006. Pr\u0119dko\u015b\u0107 mechaniczna 200 karton\u00f3w\/1\u2019 max","robots":{"index":"index","follow":"follow","max-snippet":"max-snippet:-1","max-image-preview":"max-image-preview:large","max-video-preview":"max-video-preview:-1"},"canonical":"https:\/\/fiprocess.pl\/en\/produkt\/kartoniarka-pack\u2026vice-model-ps300\/","og_locale":"en_GB","og_type":"article","og_title":"Kartoniarka PackService model PS300","og_description":"U\u017cywana p\u00f3\u0142automatyczna kartoniarka produkcji PackService. Model PS300. Rok budowy 2006. Pr\u0119dko\u015b\u0107 mechaniczna 200 karton\u00f3w\/1\u2019 max","og_url":"https:\/\/fiprocess.pl\/en\/produkt\/kartoniarka-pack\u2026vice-model-ps300\/","og_site_name":"Fiprocess","article_modified_time":"2024-06-10T13:51:06+00:00","og_image":[{"width":2560,"height":2560,"url":"https:\/\/fiprocess.pl\/wp-content\/uploads\/2024\/06\/20240517_140432_wynik-scaled.jpg","type":"image\/jpeg"}],"twitter_card":"summary_large_image","twitter_misc":{"Estimated reading time":"1 minute"},"schema":{"@context":"https:\/\/schema.org","@graph":[{"@type":"WebPage","@id":"https:\/\/fiprocess.pl\/it\/katalog-maszyn\/kartoniarka-packservice-model-ps300\/","url":"https:\/\/fiprocess.pl\/produkt\/kartoniarka-pack%e2%80%a6vice-model-ps300\/","name":"Kartoniarka PackService model PS300 - Fiprocess","isPartOf":{"@id":"https:\/\/fiprocess.pl\/#website"},"primaryImageOfPage":{"@id":"https:\/\/fiprocess.pl\/produkt\/kartoniarka-pack%e2%80%a6vice-model-ps300\/#primaryimage"},"image":{"@id":"https:\/\/fiprocess.pl\/produkt\/kartoniarka-pack%e2%80%a6vice-model-ps300\/#primaryimage"},"thumbnailUrl":"https:\/\/fiprocess.pl\/wp-content\/uploads\/2024\/06\/20240517_140432_wynik-scaled.jpg","datePublished":"2024-06-10T13:51:05+00:00","dateModified":"2024-06-10T13:51:06+00:00","description":"U\u017cywana p\u00f3\u0142automatyczna kartoniarka produkcji PackService. Model PS300. Rok budowy 2006. Pr\u0119dko\u015b\u0107 mechaniczna 200 karton\u00f3w\/1\u2019 max","breadcrumb":{"@id":"https:\/\/fiprocess.pl\/produkt\/kartoniarka-pack%e2%80%a6vice-model-ps300\/#breadcrumb"},"inLanguage":"en-GB","potentialAction":[{"@type":"ReadAction","target":["https:\/\/fiprocess.pl\/produkt\/kartoniarka-pack%e2%80%a6vice-model-ps300\/"]}]},{"@type":"ImageObject","inLanguage":"en-GB","@id":"https:\/\/fiprocess.pl\/produkt\/kartoniarka-pack%e2%80%a6vice-model-ps300\/#primaryimage","url":"https:\/\/fiprocess.pl\/wp-content\/uploads\/2024\/06\/20240517_140432_wynik-scaled.jpg","contentUrl":"https:\/\/fiprocess.pl\/wp-content\/uploads\/2024\/06\/20240517_140432_wynik-scaled.jpg","width":2560,"height":2560,"caption":"Kartoniarka ServicePack PS300"},{"@type":"BreadcrumbList","@id":"https:\/\/fiprocess.pl\/produkt\/kartoniarka-pack%e2%80%a6vice-model-ps300\/#breadcrumb","itemListElement":[{"@type":"ListItem","position":1,"name":"Strona g\u0142\u00f3wna","item":"https:\/\/fiprocess.pl\/"},{"@type":"ListItem","position":2,"name":"Katalog maszyn","item":"https:\/\/fiprocess.pl\/en\/katalog-maszyn\/"},{"@type":"ListItem","position":3,"name":"Maszyny u\u017cywane","item":"https:\/\/fiprocess.pl\/kategoria-produktu\/maszyny-uzywane\/"},{"@type":"ListItem","position":4,"name":"Urz\u0105dzenia Pakuj\u0105ce","item":"https:\/\/fiprocess.pl\/kategoria-produktu\/maszyny-uzywane\/urzadzenia-pakujace\/"},{"@type":"ListItem","position":5,"name":"Pakowaczki w kartony","item":"https:\/\/fiprocess.pl\/kategoria-produktu\/maszyny-uzywane\/urzadzenia-pakujace\/pakowaczki-w-kartony\/"},{"@type":"ListItem","position":6,"name":"Kartoniarka PackService model PS300"}]},{"@type":"WebSite","@id":"https:\/\/fiprocess.pl\/#website","url":"https:\/\/fiprocess.pl\/","name":"Fiprocess","description":"mieszalniki wir\u00f3wki m\u0142yny suszarnie","publisher":{"@id":"https:\/\/fiprocess.pl\/#organization"},"potentialAction":[{"@type":"SearchAction","target":{"@type":"EntryPoint","urlTemplate":"https:\/\/fiprocess.pl\/?s={search_term_string}"},"query-input":{"@type":"PropertyValueSpecification","valueRequired":true,"valueName":"search_term_string"}}],"inLanguage":"en-GB"},{"@type":"Organization","@id":"https:\/\/fiprocess.pl\/#organization","name":"Fiprocess Sp. z o.o.","url":"https:\/\/fiprocess.pl\/","logo":{"@type":"ImageObject","inLanguage":"en-GB","@id":"https:\/\/fiprocess.pl\/#\/schema\/logo\/image\/","url":"https:\/\/fiprocess.pl\/wp-content\/uploads\/2023\/07\/logo.png","contentUrl":"https:\/\/fiprocess.pl\/wp-content\/uploads\/2023\/07\/logo.png","width":1182,"height":260,"caption":"Fiprocess Sp. z o.o."},"image":{"@id":"https:\/\/fiprocess.pl\/#\/schema\/logo\/image\/"}}]}},"_links":{"self":[{"href":"https:\/\/fiprocess.pl\/en\/wp-json\/wp\/v2\/product\/7649","targetHints":{"allow":["GET"]}}],"collection":[{"href":"https:\/\/fiprocess.pl\/en\/wp-json\/wp\/v2\/product"}],"about":[{"href":"https:\/\/fiprocess.pl\/en\/wp-json\/wp\/v2\/types\/product"}],"wp:featuredmedia":[{"embeddable":true,"href":"https:\/\/fiprocess.pl\/en\/wp-json\/wp\/v2\/media\/7650"}],"wp:attachment":[{"href":"https:\/\/fiprocess.pl\/en\/wp-json\/wp\/v2\/media?parent=7649"}],"wp:term":[{"taxonomy":"product_cat","embeddable":true,"href":"https:\/\/fiprocess.pl\/en\/wp-json\/wp\/v2\/product_cat?post=7649"},{"taxonomy":"product_tag","embeddable":true,"href":"https:\/\/fiprocess.pl\/en\/wp-json\/wp\/v2\/product_tag?post=7649"}],"curies":[{"name":"wp","href":"https:\/\/api.w.org\/{rel}","templated":true}]}}