{"id":7639,"date":"2024-06-06T14:51:10","date_gmt":"2024-06-06T12:51:10","guid":{"rendered":"https:\/\/fiprocess.pl\/?post_type=product&#038;p=7639"},"modified":"2024-06-06T14:51:11","modified_gmt":"2024-06-06T12:51:11","slug":"wirowka-westfalia-sa35","status":"publish","type":"product","link":"https:\/\/fiprocess.pl\/en\/katalog-maszyn\/westfalia-sa35-centrifuge\/","title":{"rendered":"Westfalia SA35 centrifuge"},"excerpt":{"rendered":"<p>Westfalia SA35 centrifuge<\/p>","protected":false},"featured_media":7640,"template":"","meta":[],"product_cat":[442],"product_tag":[],"class_list":{"0":"post-7639","1":"product","2":"type-product","3":"status-publish","4":"has-post-thumbnail","6":"product_cat-talerzowe-samoczyszczace-wirowki","8":"first","9":"instock","10":"shipping-taxable","11":"product-type-simple"},"acf":[],"yoast_head":"<!-- This site is optimized with the Yoast SEO Premium plugin v26.7 (Yoast SEO v27.3) - https:\/\/yoast.com\/product\/yoast-seo-premium-wordpress\/ -->\n<title>Wir\u00f3wka Westfalia SA35 - Fiprocess<\/title>\n<meta name=\"description\" content=\"Wir\u00f3wka Westfalia SA35. Rok budowy 1980. Dopuszczalna g\u0119sto\u015b\u0107: Ci\u0119\u017cka ciecz: 1,0 kg\/dm3 Cia\u0142a sta\u0142e: 1,4 kg\/dm3. Wymiary: 1500mmx1400mmx1450 mm.\" \/>\n<meta name=\"robots\" content=\"index, follow, max-snippet:-1, max-image-preview:large, max-video-preview:-1\" \/>\n<link rel=\"canonical\" href=\"https:\/\/fiprocess.pl\/en\/produkt\/wirowka-westfalia-sa35\/\" \/>\n<meta property=\"og:locale\" content=\"en_GB\" \/>\n<meta property=\"og:type\" content=\"article\" \/>\n<meta property=\"og:title\" content=\"Wir\u00f3wka Westfalia SA35\" \/>\n<meta property=\"og:description\" content=\"Wir\u00f3wka Westfalia SA35. Rok budowy 1980. Dopuszczalna g\u0119sto\u015b\u0107: Ci\u0119\u017cka ciecz: 1,0 kg\/dm3 Cia\u0142a sta\u0142e: 1,4 kg\/dm3. Wymiary: 1500mmx1400mmx1450 mm.\" \/>\n<meta property=\"og:url\" content=\"https:\/\/fiprocess.pl\/en\/produkt\/wirowka-westfalia-sa35\/\" \/>\n<meta property=\"og:site_name\" content=\"Fiprocess\" \/>\n<meta property=\"article:modified_time\" content=\"2024-06-06T12:51:11+00:00\" \/>\n<meta property=\"og:image\" content=\"https:\/\/fiprocess.pl\/wp-content\/uploads\/2024\/06\/436088120_815095866758922_2049094232482642032_n.jpg\" \/>\n\t<meta property=\"og:image:width\" content=\"900\" \/>\n\t<meta property=\"og:image:height\" content=\"1600\" \/>\n\t<meta property=\"og:image:type\" content=\"image\/jpeg\" \/>\n<meta name=\"twitter:card\" content=\"summary_large_image\" \/>\n<meta name=\"twitter:label1\" content=\"Estimated reading time\" \/>\n\t<meta name=\"twitter:data1\" content=\"1 minute\" \/>\n<script type=\"application\/ld+json\" class=\"yoast-schema-graph\">{\"@context\":\"https:\\\/\\\/schema.org\",\"@graph\":[{\"@type\":\"WebPage\",\"@id\":\"https:\\\/\\\/fiprocess.pl\\\/katalog-maszyn\\\/wirowka-westfalia-sa35\\\/\",\"url\":\"https:\\\/\\\/fiprocess.pl\\\/produkt\\\/wirowka-westfalia-sa35\\\/\",\"name\":\"Wir\u00f3wka Westfalia SA35 - Fiprocess\",\"isPartOf\":{\"@id\":\"https:\\\/\\\/fiprocess.pl\\\/#website\"},\"primaryImageOfPage\":{\"@id\":\"https:\\\/\\\/fiprocess.pl\\\/produkt\\\/wirowka-westfalia-sa35\\\/#primaryimage\"},\"image\":{\"@id\":\"https:\\\/\\\/fiprocess.pl\\\/produkt\\\/wirowka-westfalia-sa35\\\/#primaryimage\"},\"thumbnailUrl\":\"https:\\\/\\\/fiprocess.pl\\\/wp-content\\\/uploads\\\/2024\\\/06\\\/436088120_815095866758922_2049094232482642032_n.jpg\",\"datePublished\":\"2024-06-06T12:51:10+00:00\",\"dateModified\":\"2024-06-06T12:51:11+00:00\",\"description\":\"Wir\u00f3wka Westfalia SA35. Rok budowy 1980. Dopuszczalna g\u0119sto\u015b\u0107: Ci\u0119\u017cka ciecz: 1,0 kg\\\/dm3 Cia\u0142a sta\u0142e: 1,4 kg\\\/dm3. Wymiary: 1500mmx1400mmx1450 mm.\",\"breadcrumb\":{\"@id\":\"https:\\\/\\\/fiprocess.pl\\\/produkt\\\/wirowka-westfalia-sa35\\\/#breadcrumb\"},\"inLanguage\":\"en-GB\",\"potentialAction\":[{\"@type\":\"ReadAction\",\"target\":[\"https:\\\/\\\/fiprocess.pl\\\/produkt\\\/wirowka-westfalia-sa35\\\/\"]}]},{\"@type\":\"ImageObject\",\"inLanguage\":\"en-GB\",\"@id\":\"https:\\\/\\\/fiprocess.pl\\\/produkt\\\/wirowka-westfalia-sa35\\\/#primaryimage\",\"url\":\"https:\\\/\\\/fiprocess.pl\\\/wp-content\\\/uploads\\\/2024\\\/06\\\/436088120_815095866758922_2049094232482642032_n.jpg\",\"contentUrl\":\"https:\\\/\\\/fiprocess.pl\\\/wp-content\\\/uploads\\\/2024\\\/06\\\/436088120_815095866758922_2049094232482642032_n.jpg\",\"width\":900,\"height\":1600,\"caption\":\"Wir\u00f3wka Westfalia SA35\"},{\"@type\":\"BreadcrumbList\",\"@id\":\"https:\\\/\\\/fiprocess.pl\\\/produkt\\\/wirowka-westfalia-sa35\\\/#breadcrumb\",\"itemListElement\":[{\"@type\":\"ListItem\",\"position\":1,\"name\":\"Strona g\u0142\u00f3wna\",\"item\":\"https:\\\/\\\/fiprocess.pl\\\/\"},{\"@type\":\"ListItem\",\"position\":2,\"name\":\"Katalog maszyn\",\"item\":\"https:\\\/\\\/fiprocess.pl\\\/en\\\/katalog-maszyn\\\/\"},{\"@type\":\"ListItem\",\"position\":3,\"name\":\"Maszyny u\u017cywane\",\"item\":\"https:\\\/\\\/fiprocess.pl\\\/kategoria-produktu\\\/maszyny-uzywane\\\/\"},{\"@type\":\"ListItem\",\"position\":4,\"name\":\"Wir\u00f3wki\",\"item\":\"https:\\\/\\\/fiprocess.pl\\\/kategoria-produktu\\\/maszyny-uzywane\\\/wirowki\\\/\"},{\"@type\":\"ListItem\",\"position\":5,\"name\":\"Talerzowe samoczyszcz\u0105ce\",\"item\":\"https:\\\/\\\/fiprocess.pl\\\/kategoria-produktu\\\/maszyny-uzywane\\\/wirowki\\\/talerzowe-samoczyszczace-wirowki\\\/\"},{\"@type\":\"ListItem\",\"position\":6,\"name\":\"Wir\u00f3wka Westfalia SA35\"}]},{\"@type\":\"WebSite\",\"@id\":\"https:\\\/\\\/fiprocess.pl\\\/#website\",\"url\":\"https:\\\/\\\/fiprocess.pl\\\/\",\"name\":\"Fiprocess\",\"description\":\"mieszalniki wir\u00f3wki m\u0142yny suszarnie\",\"publisher\":{\"@id\":\"https:\\\/\\\/fiprocess.pl\\\/#organization\"},\"potentialAction\":[{\"@type\":\"SearchAction\",\"target\":{\"@type\":\"EntryPoint\",\"urlTemplate\":\"https:\\\/\\\/fiprocess.pl\\\/?s={search_term_string}\"},\"query-input\":{\"@type\":\"PropertyValueSpecification\",\"valueRequired\":true,\"valueName\":\"search_term_string\"}}],\"inLanguage\":\"en-GB\"},{\"@type\":\"Organization\",\"@id\":\"https:\\\/\\\/fiprocess.pl\\\/#organization\",\"name\":\"Fiprocess Sp. z o.o.\",\"url\":\"https:\\\/\\\/fiprocess.pl\\\/\",\"logo\":{\"@type\":\"ImageObject\",\"inLanguage\":\"en-GB\",\"@id\":\"https:\\\/\\\/fiprocess.pl\\\/#\\\/schema\\\/logo\\\/image\\\/\",\"url\":\"https:\\\/\\\/fiprocess.pl\\\/wp-content\\\/uploads\\\/2023\\\/07\\\/logo.png\",\"contentUrl\":\"https:\\\/\\\/fiprocess.pl\\\/wp-content\\\/uploads\\\/2023\\\/07\\\/logo.png\",\"width\":1182,\"height\":260,\"caption\":\"Fiprocess Sp. z o.o.\"},\"image\":{\"@id\":\"https:\\\/\\\/fiprocess.pl\\\/#\\\/schema\\\/logo\\\/image\\\/\"}}]}<\/script>\n<!-- \/ Yoast SEO Premium plugin. -->","yoast_head_json":{"title":"Wir\u00f3wka Westfalia SA35 - Fiprocess","description":"Wir\u00f3wka Westfalia SA35. Rok budowy 1980. Dopuszczalna g\u0119sto\u015b\u0107: Ci\u0119\u017cka ciecz: 1,0 kg\/dm3 Cia\u0142a sta\u0142e: 1,4 kg\/dm3. Wymiary: 1500mmx1400mmx1450 mm.","robots":{"index":"index","follow":"follow","max-snippet":"max-snippet:-1","max-image-preview":"max-image-preview:large","max-video-preview":"max-video-preview:-1"},"canonical":"https:\/\/fiprocess.pl\/en\/produkt\/wirowka-westfalia-sa35\/","og_locale":"en_GB","og_type":"article","og_title":"Wir\u00f3wka Westfalia SA35","og_description":"Wir\u00f3wka Westfalia SA35. Rok budowy 1980. Dopuszczalna g\u0119sto\u015b\u0107: Ci\u0119\u017cka ciecz: 1,0 kg\/dm3 Cia\u0142a sta\u0142e: 1,4 kg\/dm3. Wymiary: 1500mmx1400mmx1450 mm.","og_url":"https:\/\/fiprocess.pl\/en\/produkt\/wirowka-westfalia-sa35\/","og_site_name":"Fiprocess","article_modified_time":"2024-06-06T12:51:11+00:00","og_image":[{"width":900,"height":1600,"url":"https:\/\/fiprocess.pl\/wp-content\/uploads\/2024\/06\/436088120_815095866758922_2049094232482642032_n.jpg","type":"image\/jpeg"}],"twitter_card":"summary_large_image","twitter_misc":{"Estimated reading time":"1 minute"},"schema":{"@context":"https:\/\/schema.org","@graph":[{"@type":"WebPage","@id":"https:\/\/fiprocess.pl\/katalog-maszyn\/wirowka-westfalia-sa35\/","url":"https:\/\/fiprocess.pl\/produkt\/wirowka-westfalia-sa35\/","name":"Wir\u00f3wka Westfalia SA35 - Fiprocess","isPartOf":{"@id":"https:\/\/fiprocess.pl\/#website"},"primaryImageOfPage":{"@id":"https:\/\/fiprocess.pl\/produkt\/wirowka-westfalia-sa35\/#primaryimage"},"image":{"@id":"https:\/\/fiprocess.pl\/produkt\/wirowka-westfalia-sa35\/#primaryimage"},"thumbnailUrl":"https:\/\/fiprocess.pl\/wp-content\/uploads\/2024\/06\/436088120_815095866758922_2049094232482642032_n.jpg","datePublished":"2024-06-06T12:51:10+00:00","dateModified":"2024-06-06T12:51:11+00:00","description":"Wir\u00f3wka Westfalia SA35. Rok budowy 1980. Dopuszczalna g\u0119sto\u015b\u0107: Ci\u0119\u017cka ciecz: 1,0 kg\/dm3 Cia\u0142a sta\u0142e: 1,4 kg\/dm3. Wymiary: 1500mmx1400mmx1450 mm.","breadcrumb":{"@id":"https:\/\/fiprocess.pl\/produkt\/wirowka-westfalia-sa35\/#breadcrumb"},"inLanguage":"en-GB","potentialAction":[{"@type":"ReadAction","target":["https:\/\/fiprocess.pl\/produkt\/wirowka-westfalia-sa35\/"]}]},{"@type":"ImageObject","inLanguage":"en-GB","@id":"https:\/\/fiprocess.pl\/produkt\/wirowka-westfalia-sa35\/#primaryimage","url":"https:\/\/fiprocess.pl\/wp-content\/uploads\/2024\/06\/436088120_815095866758922_2049094232482642032_n.jpg","contentUrl":"https:\/\/fiprocess.pl\/wp-content\/uploads\/2024\/06\/436088120_815095866758922_2049094232482642032_n.jpg","width":900,"height":1600,"caption":"Wir\u00f3wka Westfalia SA35"},{"@type":"BreadcrumbList","@id":"https:\/\/fiprocess.pl\/produkt\/wirowka-westfalia-sa35\/#breadcrumb","itemListElement":[{"@type":"ListItem","position":1,"name":"Strona g\u0142\u00f3wna","item":"https:\/\/fiprocess.pl\/"},{"@type":"ListItem","position":2,"name":"Katalog maszyn","item":"https:\/\/fiprocess.pl\/en\/katalog-maszyn\/"},{"@type":"ListItem","position":3,"name":"Maszyny u\u017cywane","item":"https:\/\/fiprocess.pl\/kategoria-produktu\/maszyny-uzywane\/"},{"@type":"ListItem","position":4,"name":"Wir\u00f3wki","item":"https:\/\/fiprocess.pl\/kategoria-produktu\/maszyny-uzywane\/wirowki\/"},{"@type":"ListItem","position":5,"name":"Talerzowe samoczyszcz\u0105ce","item":"https:\/\/fiprocess.pl\/kategoria-produktu\/maszyny-uzywane\/wirowki\/talerzowe-samoczyszczace-wirowki\/"},{"@type":"ListItem","position":6,"name":"Wir\u00f3wka Westfalia SA35"}]},{"@type":"WebSite","@id":"https:\/\/fiprocess.pl\/#website","url":"https:\/\/fiprocess.pl\/","name":"Fiprocess","description":"mieszalniki wir\u00f3wki m\u0142yny suszarnie","publisher":{"@id":"https:\/\/fiprocess.pl\/#organization"},"potentialAction":[{"@type":"SearchAction","target":{"@type":"EntryPoint","urlTemplate":"https:\/\/fiprocess.pl\/?s={search_term_string}"},"query-input":{"@type":"PropertyValueSpecification","valueRequired":true,"valueName":"search_term_string"}}],"inLanguage":"en-GB"},{"@type":"Organization","@id":"https:\/\/fiprocess.pl\/#organization","name":"Fiprocess Sp. z o.o.","url":"https:\/\/fiprocess.pl\/","logo":{"@type":"ImageObject","inLanguage":"en-GB","@id":"https:\/\/fiprocess.pl\/#\/schema\/logo\/image\/","url":"https:\/\/fiprocess.pl\/wp-content\/uploads\/2023\/07\/logo.png","contentUrl":"https:\/\/fiprocess.pl\/wp-content\/uploads\/2023\/07\/logo.png","width":1182,"height":260,"caption":"Fiprocess Sp. z o.o."},"image":{"@id":"https:\/\/fiprocess.pl\/#\/schema\/logo\/image\/"}}]}},"_links":{"self":[{"href":"https:\/\/fiprocess.pl\/en\/wp-json\/wp\/v2\/product\/7639","targetHints":{"allow":["GET"]}}],"collection":[{"href":"https:\/\/fiprocess.pl\/en\/wp-json\/wp\/v2\/product"}],"about":[{"href":"https:\/\/fiprocess.pl\/en\/wp-json\/wp\/v2\/types\/product"}],"wp:featuredmedia":[{"embeddable":true,"href":"https:\/\/fiprocess.pl\/en\/wp-json\/wp\/v2\/media\/7640"}],"wp:attachment":[{"href":"https:\/\/fiprocess.pl\/en\/wp-json\/wp\/v2\/media?parent=7639"}],"wp:term":[{"taxonomy":"product_cat","embeddable":true,"href":"https:\/\/fiprocess.pl\/en\/wp-json\/wp\/v2\/product_cat?post=7639"},{"taxonomy":"product_tag","embeddable":true,"href":"https:\/\/fiprocess.pl\/en\/wp-json\/wp\/v2\/product_tag?post=7639"}],"curies":[{"name":"wp","href":"https:\/\/api.w.org\/{rel}","templated":true}]}}