{"id":7537,"date":"2024-05-10T08:58:38","date_gmt":"2024-05-10T06:58:38","guid":{"rendered":"https:\/\/fiprocess.pl\/?post_type=product&#038;p=7537"},"modified":"2024-05-23T12:00:13","modified_gmt":"2024-05-23T10:00:13","slug":"linia-do-rozladunku-big-bag-mieszania-przesiewania-i-pakowania-proszkow-w-workillilinia-do-rozladunku-big-bag-mieszania-przesiewania-i-pakowania-proszkow-w-worki","status":"publish","type":"product","link":"https:\/\/fiprocess.pl\/en\/katalog-maszyn\/line-for-unloading-big-bags-mixing-sieving-and-packing-powders-in-bagsline-for-unloading-big-bags-mixing-sieving-and-packing-powders-in-bags\/","title":{"rendered":"Line for unloading big-bags, mixing, sifting and packing powders into bags"},"excerpt":{"rendered":"<p><strong>Used line for big-bag unloading, mixing, screening and packing powders into bags<\/strong><\/p>\n<p>&nbsp;<\/p>\n<p>The line includes:<\/p>\n<ol>\n<li>Station for emptying large-capacity bags<\/li>\n<li>Mixer<\/li>\n<li>Conveyor system<\/li>\n<li>Screen<\/li>\n<li><span>TPL 50 strain gauge bagging line for filling open bags<\/span><\/li>\n<\/ol>","protected":false},"featured_media":7540,"template":"","meta":[],"product_cat":[831],"product_tag":[],"class_list":{"0":"post-7537","1":"product","2":"type-product","3":"status-publish","4":"has-post-thumbnail","6":"product_cat-linie-spozywcze-pakujace","8":"first","9":"instock","10":"shipping-taxable","11":"product-type-simple"},"acf":[],"yoast_head":"<!-- This site is optimized with the Yoast SEO Premium plugin v26.7 (Yoast SEO v27.4) - https:\/\/yoast.com\/product\/yoast-seo-premium-wordpress\/ -->\n<title>Linia do big-bag - Fiprocess<\/title>\n<meta name=\"description\" content=\"Linia do roz\u0142adunku big-bag, mieszania, przesiewania i pakowania proszk\u00f3w w worki\" \/>\n<meta name=\"robots\" content=\"index, follow, max-snippet:-1, max-image-preview:large, max-video-preview:-1\" \/>\n<link rel=\"canonical\" href=\"https:\/\/fiprocess.pl\/en\/produkt\/linia-do-rozladunku-big-bag-mieszania-przesiewania-i-pakowania-proszkow-w-workillilinia-do-rozladunku-big-bag-mieszania-przesiewania-i-pakowania-proszkow-w-worki\/\" \/>\n<meta property=\"og:locale\" content=\"en_GB\" \/>\n<meta property=\"og:type\" content=\"article\" \/>\n<meta property=\"og:title\" content=\"Linia do roz\u0142adunku big-bag, mieszania, przesiewania i pakowania proszk\u00f3w w worki\" \/>\n<meta property=\"og:description\" content=\"Linia do roz\u0142adunku big-bag, mieszania, przesiewania i pakowania proszk\u00f3w w worki\" \/>\n<meta property=\"og:url\" content=\"https:\/\/fiprocess.pl\/en\/produkt\/linia-do-rozladunku-big-bag-mieszania-przesiewania-i-pakowania-proszkow-w-workillilinia-do-rozladunku-big-bag-mieszania-przesiewania-i-pakowania-proszkow-w-worki\/\" \/>\n<meta property=\"og:site_name\" content=\"Fiprocess\" \/>\n<meta property=\"article:modified_time\" content=\"2024-05-23T10:00:13+00:00\" \/>\n<meta property=\"og:image\" content=\"https:\/\/fiprocess.pl\/wp-content\/uploads\/2024\/05\/20240215_124554-scaled.jpg\" \/>\n\t<meta property=\"og:image:width\" content=\"2560\" \/>\n\t<meta property=\"og:image:height\" content=\"2560\" \/>\n\t<meta property=\"og:image:type\" content=\"image\/jpeg\" \/>\n<meta name=\"twitter:card\" content=\"summary_large_image\" \/>\n<meta name=\"twitter:label1\" content=\"Estimated reading time\" \/>\n\t<meta name=\"twitter:data1\" content=\"1 minute\" \/>\n<script type=\"application\/ld+json\" class=\"yoast-schema-graph\">{\"@context\":\"https:\\\/\\\/schema.org\",\"@graph\":[{\"@type\":\"WebPage\",\"@id\":\"https:\\\/\\\/fiprocess.pl\\\/katalog-maszyn\\\/linia-do-rozladunku-big-bag-mieszania-przesiewania-i-pakowania-proszkow-w-workillilinia-do-rozladunku-big-bag-mieszania-przesiewania-i-pakowania-proszkow-w-worki\\\/\",\"url\":\"https:\\\/\\\/fiprocess.pl\\\/produkt\\\/linia-do-rozladunku-big-bag-mieszania-przesiewania-i-pakowania-proszkow-w-workillilinia-do-rozladunku-big-bag-mieszania-przesiewania-i-pakowania-proszkow-w-worki\\\/\",\"name\":\"Linia do big-bag - Fiprocess\",\"isPartOf\":{\"@id\":\"https:\\\/\\\/fiprocess.pl\\\/#website\"},\"primaryImageOfPage\":{\"@id\":\"https:\\\/\\\/fiprocess.pl\\\/produkt\\\/linia-do-rozladunku-big-bag-mieszania-przesiewania-i-pakowania-proszkow-w-workillilinia-do-rozladunku-big-bag-mieszania-przesiewania-i-pakowania-proszkow-w-worki\\\/#primaryimage\"},\"image\":{\"@id\":\"https:\\\/\\\/fiprocess.pl\\\/produkt\\\/linia-do-rozladunku-big-bag-mieszania-przesiewania-i-pakowania-proszkow-w-workillilinia-do-rozladunku-big-bag-mieszania-przesiewania-i-pakowania-proszkow-w-worki\\\/#primaryimage\"},\"thumbnailUrl\":\"https:\\\/\\\/fiprocess.pl\\\/wp-content\\\/uploads\\\/2024\\\/05\\\/20240215_124554-scaled.jpg\",\"datePublished\":\"2024-05-10T06:58:38+00:00\",\"dateModified\":\"2024-05-23T10:00:13+00:00\",\"description\":\"Linia do roz\u0142adunku big-bag, mieszania, przesiewania i pakowania proszk\u00f3w w worki\",\"breadcrumb\":{\"@id\":\"https:\\\/\\\/fiprocess.pl\\\/produkt\\\/linia-do-rozladunku-big-bag-mieszania-przesiewania-i-pakowania-proszkow-w-workillilinia-do-rozladunku-big-bag-mieszania-przesiewania-i-pakowania-proszkow-w-worki\\\/#breadcrumb\"},\"inLanguage\":\"en-GB\",\"potentialAction\":[{\"@type\":\"ReadAction\",\"target\":[\"https:\\\/\\\/fiprocess.pl\\\/produkt\\\/linia-do-rozladunku-big-bag-mieszania-przesiewania-i-pakowania-proszkow-w-workillilinia-do-rozladunku-big-bag-mieszania-przesiewania-i-pakowania-proszkow-w-worki\\\/\"]}]},{\"@type\":\"ImageObject\",\"inLanguage\":\"en-GB\",\"@id\":\"https:\\\/\\\/fiprocess.pl\\\/produkt\\\/linia-do-rozladunku-big-bag-mieszania-przesiewania-i-pakowania-proszkow-w-workillilinia-do-rozladunku-big-bag-mieszania-przesiewania-i-pakowania-proszkow-w-worki\\\/#primaryimage\",\"url\":\"https:\\\/\\\/fiprocess.pl\\\/wp-content\\\/uploads\\\/2024\\\/05\\\/20240215_124554-scaled.jpg\",\"contentUrl\":\"https:\\\/\\\/fiprocess.pl\\\/wp-content\\\/uploads\\\/2024\\\/05\\\/20240215_124554-scaled.jpg\",\"width\":2560,\"height\":2560,\"caption\":\"Linia do big-bag\u00f3w\"},{\"@type\":\"BreadcrumbList\",\"@id\":\"https:\\\/\\\/fiprocess.pl\\\/produkt\\\/linia-do-rozladunku-big-bag-mieszania-przesiewania-i-pakowania-proszkow-w-workillilinia-do-rozladunku-big-bag-mieszania-przesiewania-i-pakowania-proszkow-w-worki\\\/#breadcrumb\",\"itemListElement\":[{\"@type\":\"ListItem\",\"position\":1,\"name\":\"Strona g\u0142\u00f3wna\",\"item\":\"https:\\\/\\\/fiprocess.pl\\\/\"},{\"@type\":\"ListItem\",\"position\":2,\"name\":\"Katalog maszyn\",\"item\":\"https:\\\/\\\/fiprocess.pl\\\/en\\\/katalog-maszyn\\\/\"},{\"@type\":\"ListItem\",\"position\":3,\"name\":\"Maszyny u\u017cywane\",\"item\":\"https:\\\/\\\/fiprocess.pl\\\/kategoria-produktu\\\/maszyny-uzywane\\\/\"},{\"@type\":\"ListItem\",\"position\":4,\"name\":\"Zak\u0142ady i Linie Produkcyjne\",\"item\":\"https:\\\/\\\/fiprocess.pl\\\/kategoria-produktu\\\/maszyny-uzywane\\\/zaklady-i-linie-produkcyjne\\\/\"},{\"@type\":\"ListItem\",\"position\":5,\"name\":\"Linie spo\u017cywcze pakuj\u0105ce\",\"item\":\"https:\\\/\\\/fiprocess.pl\\\/kategoria-produktu\\\/maszyny-uzywane\\\/zaklady-i-linie-produkcyjne\\\/linie-spozywcze-pakujace\\\/\"},{\"@type\":\"ListItem\",\"position\":6,\"name\":\"Linia do roz\u0142adunku big-bag, mieszania, przesiewania i pakowania proszk\u00f3w w worki\"}]},{\"@type\":\"WebSite\",\"@id\":\"https:\\\/\\\/fiprocess.pl\\\/#website\",\"url\":\"https:\\\/\\\/fiprocess.pl\\\/\",\"name\":\"Fiprocess\",\"description\":\"mieszalniki wir\u00f3wki m\u0142yny suszarnie\",\"publisher\":{\"@id\":\"https:\\\/\\\/fiprocess.pl\\\/#organization\"},\"potentialAction\":[{\"@type\":\"SearchAction\",\"target\":{\"@type\":\"EntryPoint\",\"urlTemplate\":\"https:\\\/\\\/fiprocess.pl\\\/?s={search_term_string}\"},\"query-input\":{\"@type\":\"PropertyValueSpecification\",\"valueRequired\":true,\"valueName\":\"search_term_string\"}}],\"inLanguage\":\"en-GB\"},{\"@type\":\"Organization\",\"@id\":\"https:\\\/\\\/fiprocess.pl\\\/#organization\",\"name\":\"Fiprocess Sp. z o.o.\",\"url\":\"https:\\\/\\\/fiprocess.pl\\\/\",\"logo\":{\"@type\":\"ImageObject\",\"inLanguage\":\"en-GB\",\"@id\":\"https:\\\/\\\/fiprocess.pl\\\/#\\\/schema\\\/logo\\\/image\\\/\",\"url\":\"https:\\\/\\\/fiprocess.pl\\\/wp-content\\\/uploads\\\/2023\\\/07\\\/logo.png\",\"contentUrl\":\"https:\\\/\\\/fiprocess.pl\\\/wp-content\\\/uploads\\\/2023\\\/07\\\/logo.png\",\"width\":1182,\"height\":260,\"caption\":\"Fiprocess Sp. z o.o.\"},\"image\":{\"@id\":\"https:\\\/\\\/fiprocess.pl\\\/#\\\/schema\\\/logo\\\/image\\\/\"}}]}<\/script>\n<!-- \/ Yoast SEO Premium plugin. -->","yoast_head_json":{"title":"Linia do big-bag - Fiprocess","description":"Linia do roz\u0142adunku big-bag, mieszania, przesiewania i pakowania proszk\u00f3w w worki","robots":{"index":"index","follow":"follow","max-snippet":"max-snippet:-1","max-image-preview":"max-image-preview:large","max-video-preview":"max-video-preview:-1"},"canonical":"https:\/\/fiprocess.pl\/en\/produkt\/linia-do-rozladunku-big-bag-mieszania-przesiewania-i-pakowania-proszkow-w-workillilinia-do-rozladunku-big-bag-mieszania-przesiewania-i-pakowania-proszkow-w-worki\/","og_locale":"en_GB","og_type":"article","og_title":"Linia do roz\u0142adunku big-bag, mieszania, przesiewania i pakowania proszk\u00f3w w worki","og_description":"Linia do roz\u0142adunku big-bag, mieszania, przesiewania i pakowania proszk\u00f3w w worki","og_url":"https:\/\/fiprocess.pl\/en\/produkt\/linia-do-rozladunku-big-bag-mieszania-przesiewania-i-pakowania-proszkow-w-workillilinia-do-rozladunku-big-bag-mieszania-przesiewania-i-pakowania-proszkow-w-worki\/","og_site_name":"Fiprocess","article_modified_time":"2024-05-23T10:00:13+00:00","og_image":[{"width":2560,"height":2560,"url":"https:\/\/fiprocess.pl\/wp-content\/uploads\/2024\/05\/20240215_124554-scaled.jpg","type":"image\/jpeg"}],"twitter_card":"summary_large_image","twitter_misc":{"Estimated reading time":"1 minute"},"schema":{"@context":"https:\/\/schema.org","@graph":[{"@type":"WebPage","@id":"https:\/\/fiprocess.pl\/katalog-maszyn\/linia-do-rozladunku-big-bag-mieszania-przesiewania-i-pakowania-proszkow-w-workillilinia-do-rozladunku-big-bag-mieszania-przesiewania-i-pakowania-proszkow-w-worki\/","url":"https:\/\/fiprocess.pl\/produkt\/linia-do-rozladunku-big-bag-mieszania-przesiewania-i-pakowania-proszkow-w-workillilinia-do-rozladunku-big-bag-mieszania-przesiewania-i-pakowania-proszkow-w-worki\/","name":"Linia do big-bag - Fiprocess","isPartOf":{"@id":"https:\/\/fiprocess.pl\/#website"},"primaryImageOfPage":{"@id":"https:\/\/fiprocess.pl\/produkt\/linia-do-rozladunku-big-bag-mieszania-przesiewania-i-pakowania-proszkow-w-workillilinia-do-rozladunku-big-bag-mieszania-przesiewania-i-pakowania-proszkow-w-worki\/#primaryimage"},"image":{"@id":"https:\/\/fiprocess.pl\/produkt\/linia-do-rozladunku-big-bag-mieszania-przesiewania-i-pakowania-proszkow-w-workillilinia-do-rozladunku-big-bag-mieszania-przesiewania-i-pakowania-proszkow-w-worki\/#primaryimage"},"thumbnailUrl":"https:\/\/fiprocess.pl\/wp-content\/uploads\/2024\/05\/20240215_124554-scaled.jpg","datePublished":"2024-05-10T06:58:38+00:00","dateModified":"2024-05-23T10:00:13+00:00","description":"Linia do roz\u0142adunku big-bag, mieszania, przesiewania i pakowania proszk\u00f3w w worki","breadcrumb":{"@id":"https:\/\/fiprocess.pl\/produkt\/linia-do-rozladunku-big-bag-mieszania-przesiewania-i-pakowania-proszkow-w-workillilinia-do-rozladunku-big-bag-mieszania-przesiewania-i-pakowania-proszkow-w-worki\/#breadcrumb"},"inLanguage":"en-GB","potentialAction":[{"@type":"ReadAction","target":["https:\/\/fiprocess.pl\/produkt\/linia-do-rozladunku-big-bag-mieszania-przesiewania-i-pakowania-proszkow-w-workillilinia-do-rozladunku-big-bag-mieszania-przesiewania-i-pakowania-proszkow-w-worki\/"]}]},{"@type":"ImageObject","inLanguage":"en-GB","@id":"https:\/\/fiprocess.pl\/produkt\/linia-do-rozladunku-big-bag-mieszania-przesiewania-i-pakowania-proszkow-w-workillilinia-do-rozladunku-big-bag-mieszania-przesiewania-i-pakowania-proszkow-w-worki\/#primaryimage","url":"https:\/\/fiprocess.pl\/wp-content\/uploads\/2024\/05\/20240215_124554-scaled.jpg","contentUrl":"https:\/\/fiprocess.pl\/wp-content\/uploads\/2024\/05\/20240215_124554-scaled.jpg","width":2560,"height":2560,"caption":"Linia do big-bag\u00f3w"},{"@type":"BreadcrumbList","@id":"https:\/\/fiprocess.pl\/produkt\/linia-do-rozladunku-big-bag-mieszania-przesiewania-i-pakowania-proszkow-w-workillilinia-do-rozladunku-big-bag-mieszania-przesiewania-i-pakowania-proszkow-w-worki\/#breadcrumb","itemListElement":[{"@type":"ListItem","position":1,"name":"Strona g\u0142\u00f3wna","item":"https:\/\/fiprocess.pl\/"},{"@type":"ListItem","position":2,"name":"Katalog maszyn","item":"https:\/\/fiprocess.pl\/en\/katalog-maszyn\/"},{"@type":"ListItem","position":3,"name":"Maszyny u\u017cywane","item":"https:\/\/fiprocess.pl\/kategoria-produktu\/maszyny-uzywane\/"},{"@type":"ListItem","position":4,"name":"Zak\u0142ady i Linie Produkcyjne","item":"https:\/\/fiprocess.pl\/kategoria-produktu\/maszyny-uzywane\/zaklady-i-linie-produkcyjne\/"},{"@type":"ListItem","position":5,"name":"Linie spo\u017cywcze pakuj\u0105ce","item":"https:\/\/fiprocess.pl\/kategoria-produktu\/maszyny-uzywane\/zaklady-i-linie-produkcyjne\/linie-spozywcze-pakujace\/"},{"@type":"ListItem","position":6,"name":"Linia do roz\u0142adunku big-bag, mieszania, przesiewania i pakowania proszk\u00f3w w worki"}]},{"@type":"WebSite","@id":"https:\/\/fiprocess.pl\/#website","url":"https:\/\/fiprocess.pl\/","name":"Fiprocess","description":"mieszalniki wir\u00f3wki m\u0142yny suszarnie","publisher":{"@id":"https:\/\/fiprocess.pl\/#organization"},"potentialAction":[{"@type":"SearchAction","target":{"@type":"EntryPoint","urlTemplate":"https:\/\/fiprocess.pl\/?s={search_term_string}"},"query-input":{"@type":"PropertyValueSpecification","valueRequired":true,"valueName":"search_term_string"}}],"inLanguage":"en-GB"},{"@type":"Organization","@id":"https:\/\/fiprocess.pl\/#organization","name":"Fiprocess Sp. z o.o.","url":"https:\/\/fiprocess.pl\/","logo":{"@type":"ImageObject","inLanguage":"en-GB","@id":"https:\/\/fiprocess.pl\/#\/schema\/logo\/image\/","url":"https:\/\/fiprocess.pl\/wp-content\/uploads\/2023\/07\/logo.png","contentUrl":"https:\/\/fiprocess.pl\/wp-content\/uploads\/2023\/07\/logo.png","width":1182,"height":260,"caption":"Fiprocess Sp. z o.o."},"image":{"@id":"https:\/\/fiprocess.pl\/#\/schema\/logo\/image\/"}}]}},"_links":{"self":[{"href":"https:\/\/fiprocess.pl\/en\/wp-json\/wp\/v2\/product\/7537","targetHints":{"allow":["GET"]}}],"collection":[{"href":"https:\/\/fiprocess.pl\/en\/wp-json\/wp\/v2\/product"}],"about":[{"href":"https:\/\/fiprocess.pl\/en\/wp-json\/wp\/v2\/types\/product"}],"wp:featuredmedia":[{"embeddable":true,"href":"https:\/\/fiprocess.pl\/en\/wp-json\/wp\/v2\/media\/7540"}],"wp:attachment":[{"href":"https:\/\/fiprocess.pl\/en\/wp-json\/wp\/v2\/media?parent=7537"}],"wp:term":[{"taxonomy":"product_cat","embeddable":true,"href":"https:\/\/fiprocess.pl\/en\/wp-json\/wp\/v2\/product_cat?post=7537"},{"taxonomy":"product_tag","embeddable":true,"href":"https:\/\/fiprocess.pl\/en\/wp-json\/wp\/v2\/product_tag?post=7537"}],"curies":[{"name":"wp","href":"https:\/\/api.w.org\/{rel}","templated":true}]}}