{"id":7519,"date":"2024-02-26T13:34:07","date_gmt":"2024-02-26T12:34:07","guid":{"rendered":"https:\/\/fiprocess.pl\/?post_type=product&#038;p=7519"},"modified":"2024-05-23T12:00:48","modified_gmt":"2024-05-23T10:00:48","slug":"linia-do-konfekcjonowania-produktow-sypkich-do-saszetek-typu-stick","status":"publish","type":"product","link":"https:\/\/fiprocess.pl\/en\/katalog-maszyn\/a-line-for-packaging-loose-products-into-stick-sachets\/","title":{"rendered":"Line for packaging loose products into stick sachets"},"excerpt":{"rendered":"<p><strong>Line for packaging loose products into stick sachets with a feeder, conveyor and vertical bulk packing machine. Year of construction 2005.<\/strong><\/p>\n<p>Condition \u2013 used.<\/p>","protected":false},"featured_media":7520,"template":"","meta":[],"product_cat":[769,763,749],"product_tag":[],"class_list":{"0":"post-7519","1":"product","2":"type-product","3":"status-publish","4":"has-post-thumbnail","6":"product_cat-formowanie-zgrzewanie-napelniane-do-proszkow","7":"product_cat-linie-pakujace","8":"product_cat-urzadzenia-pakujace","10":"first","11":"instock","12":"shipping-taxable","13":"product-type-simple"},"acf":[],"yoast_head":"<!-- This site is optimized with the Yoast SEO Premium plugin v26.7 (Yoast SEO v27.3) - https:\/\/yoast.com\/product\/yoast-seo-premium-wordpress\/ -->\n<title>Linia do konfekcjonowania produkt\u00f3w sypkich do saszetek typu stick - Fiprocess<\/title>\n<meta name=\"description\" content=\"Linia do konfekcjonowania produkt\u00f3w sypkich do saszetek typu stick z podajnikiem, przeno\u015bnikiem i pionow\u0105 pakowaczk\u0105 zbiorcz\u0105. Rok budowy 2005.\" \/>\n<meta name=\"robots\" content=\"index, follow, max-snippet:-1, max-image-preview:large, max-video-preview:-1\" \/>\n<link rel=\"canonical\" href=\"https:\/\/fiprocess.pl\/en\/produkt\/linia-do-konfekcjonowania-produktow-sypkich-do-saszetek-typu-stick\/\" \/>\n<meta property=\"og:locale\" content=\"en_GB\" \/>\n<meta property=\"og:type\" content=\"article\" \/>\n<meta property=\"og:title\" content=\"Linia do konfekcjonowania produkt\u00f3w sypkich do saszetek typu stick\" \/>\n<meta property=\"og:description\" content=\"Linia do konfekcjonowania produkt\u00f3w sypkich do saszetek typu stick z podajnikiem, przeno\u015bnikiem i pionow\u0105 pakowaczk\u0105 zbiorcz\u0105. Rok budowy 2005.\" \/>\n<meta property=\"og:url\" content=\"https:\/\/fiprocess.pl\/en\/produkt\/linia-do-konfekcjonowania-produktow-sypkich-do-saszetek-typu-stick\/\" \/>\n<meta property=\"og:site_name\" content=\"Fiprocess\" \/>\n<meta property=\"article:modified_time\" content=\"2024-05-23T10:00:48+00:00\" \/>\n<meta property=\"og:image\" content=\"https:\/\/fiprocess.pl\/wp-content\/uploads\/2024\/02\/Linia-do-konfekcjonowania-produktow-sypkich-do-saszetek-typu-stick-6-scaled.jpg\" \/>\n\t<meta property=\"og:image:width\" content=\"2560\" \/>\n\t<meta property=\"og:image:height\" content=\"1920\" \/>\n\t<meta property=\"og:image:type\" content=\"image\/jpeg\" \/>\n<meta name=\"twitter:card\" content=\"summary_large_image\" \/>\n<meta name=\"twitter:label1\" content=\"Estimated reading time\" \/>\n\t<meta name=\"twitter:data1\" content=\"1 minute\" \/>\n<script type=\"application\/ld+json\" class=\"yoast-schema-graph\">{\"@context\":\"https:\\\/\\\/schema.org\",\"@graph\":[{\"@type\":\"WebPage\",\"@id\":\"https:\\\/\\\/fiprocess.pl\\\/it\\\/katalog-maszyn\\\/linia-do-konfekcjonowania-produktow-sypkich-do-saszetek-typu-stick\\\/\",\"url\":\"https:\\\/\\\/fiprocess.pl\\\/produkt\\\/linia-do-konfekcjonowania-produktow-sypkich-do-saszetek-typu-stick\\\/\",\"name\":\"Linia do konfekcjonowania produkt\u00f3w sypkich do saszetek typu stick - Fiprocess\",\"isPartOf\":{\"@id\":\"https:\\\/\\\/fiprocess.pl\\\/#website\"},\"primaryImageOfPage\":{\"@id\":\"https:\\\/\\\/fiprocess.pl\\\/produkt\\\/linia-do-konfekcjonowania-produktow-sypkich-do-saszetek-typu-stick\\\/#primaryimage\"},\"image\":{\"@id\":\"https:\\\/\\\/fiprocess.pl\\\/produkt\\\/linia-do-konfekcjonowania-produktow-sypkich-do-saszetek-typu-stick\\\/#primaryimage\"},\"thumbnailUrl\":\"https:\\\/\\\/fiprocess.pl\\\/wp-content\\\/uploads\\\/2024\\\/02\\\/Linia-do-konfekcjonowania-produktow-sypkich-do-saszetek-typu-stick-6-scaled.jpg\",\"datePublished\":\"2024-02-26T12:34:07+00:00\",\"dateModified\":\"2024-05-23T10:00:48+00:00\",\"description\":\"Linia do konfekcjonowania produkt\u00f3w sypkich do saszetek typu stick z podajnikiem, przeno\u015bnikiem i pionow\u0105 pakowaczk\u0105 zbiorcz\u0105. Rok budowy 2005.\",\"breadcrumb\":{\"@id\":\"https:\\\/\\\/fiprocess.pl\\\/produkt\\\/linia-do-konfekcjonowania-produktow-sypkich-do-saszetek-typu-stick\\\/#breadcrumb\"},\"inLanguage\":\"en-GB\",\"potentialAction\":[{\"@type\":\"ReadAction\",\"target\":[\"https:\\\/\\\/fiprocess.pl\\\/produkt\\\/linia-do-konfekcjonowania-produktow-sypkich-do-saszetek-typu-stick\\\/\"]}]},{\"@type\":\"ImageObject\",\"inLanguage\":\"en-GB\",\"@id\":\"https:\\\/\\\/fiprocess.pl\\\/produkt\\\/linia-do-konfekcjonowania-produktow-sypkich-do-saszetek-typu-stick\\\/#primaryimage\",\"url\":\"https:\\\/\\\/fiprocess.pl\\\/wp-content\\\/uploads\\\/2024\\\/02\\\/Linia-do-konfekcjonowania-produktow-sypkich-do-saszetek-typu-stick-6-scaled.jpg\",\"contentUrl\":\"https:\\\/\\\/fiprocess.pl\\\/wp-content\\\/uploads\\\/2024\\\/02\\\/Linia-do-konfekcjonowania-produktow-sypkich-do-saszetek-typu-stick-6-scaled.jpg\",\"width\":2560,\"height\":1920,\"caption\":\"Linia do konfekcjonowania produkt\u00f3w sypkich do saszetek typu stick\"},{\"@type\":\"BreadcrumbList\",\"@id\":\"https:\\\/\\\/fiprocess.pl\\\/produkt\\\/linia-do-konfekcjonowania-produktow-sypkich-do-saszetek-typu-stick\\\/#breadcrumb\",\"itemListElement\":[{\"@type\":\"ListItem\",\"position\":1,\"name\":\"Strona g\u0142\u00f3wna\",\"item\":\"https:\\\/\\\/fiprocess.pl\\\/\"},{\"@type\":\"ListItem\",\"position\":2,\"name\":\"Katalog maszyn\",\"item\":\"https:\\\/\\\/fiprocess.pl\\\/en\\\/katalog-maszyn\\\/\"},{\"@type\":\"ListItem\",\"position\":3,\"name\":\"Maszyny u\u017cywane\",\"item\":\"https:\\\/\\\/fiprocess.pl\\\/kategoria-produktu\\\/maszyny-uzywane\\\/\"},{\"@type\":\"ListItem\",\"position\":4,\"name\":\"Urz\u0105dzenia Pakuj\u0105ce\",\"item\":\"https:\\\/\\\/fiprocess.pl\\\/kategoria-produktu\\\/maszyny-uzywane\\\/urzadzenia-pakujace\\\/\"},{\"@type\":\"ListItem\",\"position\":5,\"name\":\"Linie pakuj\u0105ce\",\"item\":\"https:\\\/\\\/fiprocess.pl\\\/kategoria-produktu\\\/maszyny-uzywane\\\/urzadzenia-pakujace\\\/linie-pakujace\\\/\"},{\"@type\":\"ListItem\",\"position\":6,\"name\":\"Linia do konfekcjonowania produkt\u00f3w sypkich do saszetek typu stick\"}]},{\"@type\":\"WebSite\",\"@id\":\"https:\\\/\\\/fiprocess.pl\\\/#website\",\"url\":\"https:\\\/\\\/fiprocess.pl\\\/\",\"name\":\"Fiprocess\",\"description\":\"mieszalniki wir\u00f3wki m\u0142yny suszarnie\",\"publisher\":{\"@id\":\"https:\\\/\\\/fiprocess.pl\\\/#organization\"},\"potentialAction\":[{\"@type\":\"SearchAction\",\"target\":{\"@type\":\"EntryPoint\",\"urlTemplate\":\"https:\\\/\\\/fiprocess.pl\\\/?s={search_term_string}\"},\"query-input\":{\"@type\":\"PropertyValueSpecification\",\"valueRequired\":true,\"valueName\":\"search_term_string\"}}],\"inLanguage\":\"en-GB\"},{\"@type\":\"Organization\",\"@id\":\"https:\\\/\\\/fiprocess.pl\\\/#organization\",\"name\":\"Fiprocess Sp. z o.o.\",\"url\":\"https:\\\/\\\/fiprocess.pl\\\/\",\"logo\":{\"@type\":\"ImageObject\",\"inLanguage\":\"en-GB\",\"@id\":\"https:\\\/\\\/fiprocess.pl\\\/#\\\/schema\\\/logo\\\/image\\\/\",\"url\":\"https:\\\/\\\/fiprocess.pl\\\/wp-content\\\/uploads\\\/2023\\\/07\\\/logo.png\",\"contentUrl\":\"https:\\\/\\\/fiprocess.pl\\\/wp-content\\\/uploads\\\/2023\\\/07\\\/logo.png\",\"width\":1182,\"height\":260,\"caption\":\"Fiprocess Sp. z o.o.\"},\"image\":{\"@id\":\"https:\\\/\\\/fiprocess.pl\\\/#\\\/schema\\\/logo\\\/image\\\/\"}}]}<\/script>\n<!-- \/ Yoast SEO Premium plugin. -->","yoast_head_json":{"title":"Linia do konfekcjonowania produkt\u00f3w sypkich do saszetek typu stick - Fiprocess","description":"Linia do konfekcjonowania produkt\u00f3w sypkich do saszetek typu stick z podajnikiem, przeno\u015bnikiem i pionow\u0105 pakowaczk\u0105 zbiorcz\u0105. Rok budowy 2005.","robots":{"index":"index","follow":"follow","max-snippet":"max-snippet:-1","max-image-preview":"max-image-preview:large","max-video-preview":"max-video-preview:-1"},"canonical":"https:\/\/fiprocess.pl\/en\/produkt\/linia-do-konfekcjonowania-produktow-sypkich-do-saszetek-typu-stick\/","og_locale":"en_GB","og_type":"article","og_title":"Linia do konfekcjonowania produkt\u00f3w sypkich do saszetek typu stick","og_description":"Linia do konfekcjonowania produkt\u00f3w sypkich do saszetek typu stick z podajnikiem, przeno\u015bnikiem i pionow\u0105 pakowaczk\u0105 zbiorcz\u0105. Rok budowy 2005.","og_url":"https:\/\/fiprocess.pl\/en\/produkt\/linia-do-konfekcjonowania-produktow-sypkich-do-saszetek-typu-stick\/","og_site_name":"Fiprocess","article_modified_time":"2024-05-23T10:00:48+00:00","og_image":[{"width":2560,"height":1920,"url":"https:\/\/fiprocess.pl\/wp-content\/uploads\/2024\/02\/Linia-do-konfekcjonowania-produktow-sypkich-do-saszetek-typu-stick-6-scaled.jpg","type":"image\/jpeg"}],"twitter_card":"summary_large_image","twitter_misc":{"Estimated reading time":"1 minute"},"schema":{"@context":"https:\/\/schema.org","@graph":[{"@type":"WebPage","@id":"https:\/\/fiprocess.pl\/it\/katalog-maszyn\/linia-do-konfekcjonowania-produktow-sypkich-do-saszetek-typu-stick\/","url":"https:\/\/fiprocess.pl\/produkt\/linia-do-konfekcjonowania-produktow-sypkich-do-saszetek-typu-stick\/","name":"Linia do konfekcjonowania produkt\u00f3w sypkich do saszetek typu stick - Fiprocess","isPartOf":{"@id":"https:\/\/fiprocess.pl\/#website"},"primaryImageOfPage":{"@id":"https:\/\/fiprocess.pl\/produkt\/linia-do-konfekcjonowania-produktow-sypkich-do-saszetek-typu-stick\/#primaryimage"},"image":{"@id":"https:\/\/fiprocess.pl\/produkt\/linia-do-konfekcjonowania-produktow-sypkich-do-saszetek-typu-stick\/#primaryimage"},"thumbnailUrl":"https:\/\/fiprocess.pl\/wp-content\/uploads\/2024\/02\/Linia-do-konfekcjonowania-produktow-sypkich-do-saszetek-typu-stick-6-scaled.jpg","datePublished":"2024-02-26T12:34:07+00:00","dateModified":"2024-05-23T10:00:48+00:00","description":"Linia do konfekcjonowania produkt\u00f3w sypkich do saszetek typu stick z podajnikiem, przeno\u015bnikiem i pionow\u0105 pakowaczk\u0105 zbiorcz\u0105. Rok budowy 2005.","breadcrumb":{"@id":"https:\/\/fiprocess.pl\/produkt\/linia-do-konfekcjonowania-produktow-sypkich-do-saszetek-typu-stick\/#breadcrumb"},"inLanguage":"en-GB","potentialAction":[{"@type":"ReadAction","target":["https:\/\/fiprocess.pl\/produkt\/linia-do-konfekcjonowania-produktow-sypkich-do-saszetek-typu-stick\/"]}]},{"@type":"ImageObject","inLanguage":"en-GB","@id":"https:\/\/fiprocess.pl\/produkt\/linia-do-konfekcjonowania-produktow-sypkich-do-saszetek-typu-stick\/#primaryimage","url":"https:\/\/fiprocess.pl\/wp-content\/uploads\/2024\/02\/Linia-do-konfekcjonowania-produktow-sypkich-do-saszetek-typu-stick-6-scaled.jpg","contentUrl":"https:\/\/fiprocess.pl\/wp-content\/uploads\/2024\/02\/Linia-do-konfekcjonowania-produktow-sypkich-do-saszetek-typu-stick-6-scaled.jpg","width":2560,"height":1920,"caption":"Linia do konfekcjonowania produkt\u00f3w sypkich do saszetek typu stick"},{"@type":"BreadcrumbList","@id":"https:\/\/fiprocess.pl\/produkt\/linia-do-konfekcjonowania-produktow-sypkich-do-saszetek-typu-stick\/#breadcrumb","itemListElement":[{"@type":"ListItem","position":1,"name":"Strona g\u0142\u00f3wna","item":"https:\/\/fiprocess.pl\/"},{"@type":"ListItem","position":2,"name":"Katalog maszyn","item":"https:\/\/fiprocess.pl\/en\/katalog-maszyn\/"},{"@type":"ListItem","position":3,"name":"Maszyny u\u017cywane","item":"https:\/\/fiprocess.pl\/kategoria-produktu\/maszyny-uzywane\/"},{"@type":"ListItem","position":4,"name":"Urz\u0105dzenia Pakuj\u0105ce","item":"https:\/\/fiprocess.pl\/kategoria-produktu\/maszyny-uzywane\/urzadzenia-pakujace\/"},{"@type":"ListItem","position":5,"name":"Linie pakuj\u0105ce","item":"https:\/\/fiprocess.pl\/kategoria-produktu\/maszyny-uzywane\/urzadzenia-pakujace\/linie-pakujace\/"},{"@type":"ListItem","position":6,"name":"Linia do konfekcjonowania produkt\u00f3w sypkich do saszetek typu stick"}]},{"@type":"WebSite","@id":"https:\/\/fiprocess.pl\/#website","url":"https:\/\/fiprocess.pl\/","name":"Fiprocess","description":"mieszalniki wir\u00f3wki m\u0142yny suszarnie","publisher":{"@id":"https:\/\/fiprocess.pl\/#organization"},"potentialAction":[{"@type":"SearchAction","target":{"@type":"EntryPoint","urlTemplate":"https:\/\/fiprocess.pl\/?s={search_term_string}"},"query-input":{"@type":"PropertyValueSpecification","valueRequired":true,"valueName":"search_term_string"}}],"inLanguage":"en-GB"},{"@type":"Organization","@id":"https:\/\/fiprocess.pl\/#organization","name":"Fiprocess Sp. z o.o.","url":"https:\/\/fiprocess.pl\/","logo":{"@type":"ImageObject","inLanguage":"en-GB","@id":"https:\/\/fiprocess.pl\/#\/schema\/logo\/image\/","url":"https:\/\/fiprocess.pl\/wp-content\/uploads\/2023\/07\/logo.png","contentUrl":"https:\/\/fiprocess.pl\/wp-content\/uploads\/2023\/07\/logo.png","width":1182,"height":260,"caption":"Fiprocess Sp. z o.o."},"image":{"@id":"https:\/\/fiprocess.pl\/#\/schema\/logo\/image\/"}}]}},"_links":{"self":[{"href":"https:\/\/fiprocess.pl\/en\/wp-json\/wp\/v2\/product\/7519","targetHints":{"allow":["GET"]}}],"collection":[{"href":"https:\/\/fiprocess.pl\/en\/wp-json\/wp\/v2\/product"}],"about":[{"href":"https:\/\/fiprocess.pl\/en\/wp-json\/wp\/v2\/types\/product"}],"wp:featuredmedia":[{"embeddable":true,"href":"https:\/\/fiprocess.pl\/en\/wp-json\/wp\/v2\/media\/7520"}],"wp:attachment":[{"href":"https:\/\/fiprocess.pl\/en\/wp-json\/wp\/v2\/media?parent=7519"}],"wp:term":[{"taxonomy":"product_cat","embeddable":true,"href":"https:\/\/fiprocess.pl\/en\/wp-json\/wp\/v2\/product_cat?post=7519"},{"taxonomy":"product_tag","embeddable":true,"href":"https:\/\/fiprocess.pl\/en\/wp-json\/wp\/v2\/product_tag?post=7519"}],"curies":[{"name":"wp","href":"https:\/\/api.w.org\/{rel}","templated":true}]}}