{"id":7493,"date":"2024-02-21T10:29:36","date_gmt":"2024-02-21T09:29:36","guid":{"rendered":"https:\/\/fiprocess.pl\/?post_type=product&#038;p=7493"},"modified":"2024-05-23T12:00:57","modified_gmt":"2024-05-23T10:00:57","slug":"komponenty-do-paletyzacji","status":"publish","type":"product","link":"https:\/\/fiprocess.pl\/en\/katalog-maszyn\/components-for-palletizing\/","title":{"rendered":"Palletizing components"},"excerpt":{"rendered":"<p><span style=\"font-size: 12pt;\">The ICM Palletizing department specializes in designing complete robotic solutions for palletizing applications, as well as individual pallet handling components.<\/span><\/p>\n<p><span style=\"font-size: 12pt;\">ICM designs, manufactures and integrates the following palletizing components:<\/span><\/p>\n<p><span style=\"font-size: 12pt;\">\u2013 Roller conveyors for pallets<\/span><\/p>\n<p><span style=\"font-size: 12pt;\">\u2013 Double roller conveyors for pallets<\/span><\/p>\n<p><span style=\"font-size: 12pt;\">\u2013 Lifting pallet conveyors<\/span><\/p>\n<p><span style=\"font-size: 12pt;\">\u2013 Chain conveyors for pallets<\/span><\/p>\n<p><span style=\"font-size: 12pt;\">-Pallet handling units<\/span><\/p>\n<p><span style=\"font-size: 12pt;\">-Pallet turning units<\/span><\/p>\n<p><span style=\"font-size: 12pt;\">\u2013 Pallet lifts<\/span><\/p>\n<p><span style=\"font-size: 12pt;\">\u2013 Pallet warehouses<\/span><\/p>\n<p><span style=\"font-size: 12pt;\">- Accessories<\/span><\/p>\n<p><span style=\"font-size: 12pt;\">- Grippers<\/span><\/p>\n<p><span style=\"font-size: 12pt;\">- Control system<\/span><\/p>\n<p><span style=\"font-size: 12pt;\">\u00a0<\/span><\/p>\n<p><span style=\"font-size: 12pt;\">\u00a0<\/span><\/p>\n<p><span style=\"font-size: 12pt;\">All our components are supplied by global suppliers such as Lenze motor gear. Interro rollers. Festo pneumatics. Fanuca robots. Siemens PLC controllers. etc. Parts for our system are available anywhere in the world.<\/span><\/p>\n<p><span style=\"font-size: 12pt;\">With almost 20 years of experience. ICM has completed over 200 projects and has experience in palletization in the food, construction, chemical, furniture, etc. industries.<\/span><\/p>","protected":false},"featured_media":7494,"template":"","meta":[],"product_cat":[1139],"product_tag":[],"class_list":{"0":"post-7493","1":"product","2":"type-product","3":"status-publish","4":"has-post-thumbnail","6":"product_cat-roboty-icm","8":"first","9":"instock","10":"shipping-taxable","11":"product-type-simple"},"acf":[],"yoast_head":"<!-- This site is optimized with the Yoast SEO Premium plugin v26.7 (Yoast SEO v27.3) - https:\/\/yoast.com\/product\/yoast-seo-premium-wordpress\/ -->\n<title>Komponenty do paletyzacji - Fiprocess<\/title>\n<meta name=\"description\" content=\"Komponenty do paletyzacji. Projektowanie kompletnych rozwi\u0105za\u0144 zrobotyzowanych do zastosowa\u0144 zwi\u0105zanych z paletyzacj\u0105.\" \/>\n<meta name=\"robots\" content=\"index, follow, max-snippet:-1, max-image-preview:large, max-video-preview:-1\" \/>\n<link rel=\"canonical\" href=\"https:\/\/fiprocess.pl\/en\/produkt\/komponenty-do-paletyzacji\/\" \/>\n<meta property=\"og:locale\" content=\"en_GB\" \/>\n<meta property=\"og:type\" content=\"article\" \/>\n<meta property=\"og:title\" content=\"Komponenty do paletyzacji\" \/>\n<meta property=\"og:description\" content=\"Komponenty do paletyzacji. Projektowanie kompletnych rozwi\u0105za\u0144 zrobotyzowanych do zastosowa\u0144 zwi\u0105zanych z paletyzacj\u0105.\" \/>\n<meta property=\"og:url\" content=\"https:\/\/fiprocess.pl\/en\/produkt\/komponenty-do-paletyzacji\/\" \/>\n<meta property=\"og:site_name\" content=\"Fiprocess\" \/>\n<meta property=\"article:modified_time\" content=\"2024-05-23T10:00:57+00:00\" \/>\n<meta property=\"og:image\" content=\"https:\/\/fiprocess.pl\/wp-content\/uploads\/2024\/02\/Komponenty-do-paletyzacji-Paletyzacja.jpg\" \/>\n\t<meta property=\"og:image:width\" content=\"600\" \/>\n\t<meta property=\"og:image:height\" content=\"449\" \/>\n\t<meta property=\"og:image:type\" content=\"image\/jpeg\" \/>\n<meta name=\"twitter:card\" content=\"summary_large_image\" \/>\n<meta name=\"twitter:label1\" content=\"Estimated reading time\" \/>\n\t<meta name=\"twitter:data1\" content=\"1 minute\" \/>\n<script type=\"application\/ld+json\" class=\"yoast-schema-graph\">{\"@context\":\"https:\\\/\\\/schema.org\",\"@graph\":[{\"@type\":\"WebPage\",\"@id\":\"https:\\\/\\\/fiprocess.pl\\\/katalog-maszyn\\\/komponenty-do-paletyzacji\\\/\",\"url\":\"https:\\\/\\\/fiprocess.pl\\\/produkt\\\/komponenty-do-paletyzacji\\\/\",\"name\":\"Komponenty do paletyzacji - Fiprocess\",\"isPartOf\":{\"@id\":\"https:\\\/\\\/fiprocess.pl\\\/#website\"},\"primaryImageOfPage\":{\"@id\":\"https:\\\/\\\/fiprocess.pl\\\/produkt\\\/komponenty-do-paletyzacji\\\/#primaryimage\"},\"image\":{\"@id\":\"https:\\\/\\\/fiprocess.pl\\\/produkt\\\/komponenty-do-paletyzacji\\\/#primaryimage\"},\"thumbnailUrl\":\"https:\\\/\\\/fiprocess.pl\\\/wp-content\\\/uploads\\\/2024\\\/02\\\/Komponenty-do-paletyzacji-Paletyzacja.jpg\",\"datePublished\":\"2024-02-21T09:29:36+00:00\",\"dateModified\":\"2024-05-23T10:00:57+00:00\",\"description\":\"Komponenty do paletyzacji. Projektowanie kompletnych rozwi\u0105za\u0144 zrobotyzowanych do zastosowa\u0144 zwi\u0105zanych z paletyzacj\u0105.\",\"breadcrumb\":{\"@id\":\"https:\\\/\\\/fiprocess.pl\\\/produkt\\\/komponenty-do-paletyzacji\\\/#breadcrumb\"},\"inLanguage\":\"en-GB\",\"potentialAction\":[{\"@type\":\"ReadAction\",\"target\":[\"https:\\\/\\\/fiprocess.pl\\\/produkt\\\/komponenty-do-paletyzacji\\\/\"]}]},{\"@type\":\"ImageObject\",\"inLanguage\":\"en-GB\",\"@id\":\"https:\\\/\\\/fiprocess.pl\\\/produkt\\\/komponenty-do-paletyzacji\\\/#primaryimage\",\"url\":\"https:\\\/\\\/fiprocess.pl\\\/wp-content\\\/uploads\\\/2024\\\/02\\\/Komponenty-do-paletyzacji-Paletyzacja.jpg\",\"contentUrl\":\"https:\\\/\\\/fiprocess.pl\\\/wp-content\\\/uploads\\\/2024\\\/02\\\/Komponenty-do-paletyzacji-Paletyzacja.jpg\",\"width\":600,\"height\":449,\"caption\":\"Komponenty do paletyzacji-Paletyzacja\"},{\"@type\":\"BreadcrumbList\",\"@id\":\"https:\\\/\\\/fiprocess.pl\\\/produkt\\\/komponenty-do-paletyzacji\\\/#breadcrumb\",\"itemListElement\":[{\"@type\":\"ListItem\",\"position\":1,\"name\":\"Strona g\u0142\u00f3wna\",\"item\":\"https:\\\/\\\/fiprocess.pl\\\/\"},{\"@type\":\"ListItem\",\"position\":2,\"name\":\"Katalog maszyn\",\"item\":\"https:\\\/\\\/fiprocess.pl\\\/en\\\/katalog-maszyn\\\/\"},{\"@type\":\"ListItem\",\"position\":3,\"name\":\"Roboty ICM\",\"item\":\"https:\\\/\\\/fiprocess.pl\\\/kategoria-produktu\\\/roboty-icm\\\/\"},{\"@type\":\"ListItem\",\"position\":4,\"name\":\"Komponenty do paletyzacji\"}]},{\"@type\":\"WebSite\",\"@id\":\"https:\\\/\\\/fiprocess.pl\\\/#website\",\"url\":\"https:\\\/\\\/fiprocess.pl\\\/\",\"name\":\"Fiprocess\",\"description\":\"mieszalniki wir\u00f3wki m\u0142yny suszarnie\",\"publisher\":{\"@id\":\"https:\\\/\\\/fiprocess.pl\\\/#organization\"},\"potentialAction\":[{\"@type\":\"SearchAction\",\"target\":{\"@type\":\"EntryPoint\",\"urlTemplate\":\"https:\\\/\\\/fiprocess.pl\\\/?s={search_term_string}\"},\"query-input\":{\"@type\":\"PropertyValueSpecification\",\"valueRequired\":true,\"valueName\":\"search_term_string\"}}],\"inLanguage\":\"en-GB\"},{\"@type\":\"Organization\",\"@id\":\"https:\\\/\\\/fiprocess.pl\\\/#organization\",\"name\":\"Fiprocess Sp. z o.o.\",\"url\":\"https:\\\/\\\/fiprocess.pl\\\/\",\"logo\":{\"@type\":\"ImageObject\",\"inLanguage\":\"en-GB\",\"@id\":\"https:\\\/\\\/fiprocess.pl\\\/#\\\/schema\\\/logo\\\/image\\\/\",\"url\":\"https:\\\/\\\/fiprocess.pl\\\/wp-content\\\/uploads\\\/2023\\\/07\\\/logo.png\",\"contentUrl\":\"https:\\\/\\\/fiprocess.pl\\\/wp-content\\\/uploads\\\/2023\\\/07\\\/logo.png\",\"width\":1182,\"height\":260,\"caption\":\"Fiprocess Sp. z o.o.\"},\"image\":{\"@id\":\"https:\\\/\\\/fiprocess.pl\\\/#\\\/schema\\\/logo\\\/image\\\/\"}}]}<\/script>\n<!-- \/ Yoast SEO Premium plugin. -->","yoast_head_json":{"title":"Komponenty do paletyzacji - Fiprocess","description":"Komponenty do paletyzacji. Projektowanie kompletnych rozwi\u0105za\u0144 zrobotyzowanych do zastosowa\u0144 zwi\u0105zanych z paletyzacj\u0105.","robots":{"index":"index","follow":"follow","max-snippet":"max-snippet:-1","max-image-preview":"max-image-preview:large","max-video-preview":"max-video-preview:-1"},"canonical":"https:\/\/fiprocess.pl\/en\/produkt\/komponenty-do-paletyzacji\/","og_locale":"en_GB","og_type":"article","og_title":"Komponenty do paletyzacji","og_description":"Komponenty do paletyzacji. Projektowanie kompletnych rozwi\u0105za\u0144 zrobotyzowanych do zastosowa\u0144 zwi\u0105zanych z paletyzacj\u0105.","og_url":"https:\/\/fiprocess.pl\/en\/produkt\/komponenty-do-paletyzacji\/","og_site_name":"Fiprocess","article_modified_time":"2024-05-23T10:00:57+00:00","og_image":[{"width":600,"height":449,"url":"https:\/\/fiprocess.pl\/wp-content\/uploads\/2024\/02\/Komponenty-do-paletyzacji-Paletyzacja.jpg","type":"image\/jpeg"}],"twitter_card":"summary_large_image","twitter_misc":{"Estimated reading time":"1 minute"},"schema":{"@context":"https:\/\/schema.org","@graph":[{"@type":"WebPage","@id":"https:\/\/fiprocess.pl\/katalog-maszyn\/komponenty-do-paletyzacji\/","url":"https:\/\/fiprocess.pl\/produkt\/komponenty-do-paletyzacji\/","name":"Komponenty do paletyzacji - Fiprocess","isPartOf":{"@id":"https:\/\/fiprocess.pl\/#website"},"primaryImageOfPage":{"@id":"https:\/\/fiprocess.pl\/produkt\/komponenty-do-paletyzacji\/#primaryimage"},"image":{"@id":"https:\/\/fiprocess.pl\/produkt\/komponenty-do-paletyzacji\/#primaryimage"},"thumbnailUrl":"https:\/\/fiprocess.pl\/wp-content\/uploads\/2024\/02\/Komponenty-do-paletyzacji-Paletyzacja.jpg","datePublished":"2024-02-21T09:29:36+00:00","dateModified":"2024-05-23T10:00:57+00:00","description":"Komponenty do paletyzacji. Projektowanie kompletnych rozwi\u0105za\u0144 zrobotyzowanych do zastosowa\u0144 zwi\u0105zanych z paletyzacj\u0105.","breadcrumb":{"@id":"https:\/\/fiprocess.pl\/produkt\/komponenty-do-paletyzacji\/#breadcrumb"},"inLanguage":"en-GB","potentialAction":[{"@type":"ReadAction","target":["https:\/\/fiprocess.pl\/produkt\/komponenty-do-paletyzacji\/"]}]},{"@type":"ImageObject","inLanguage":"en-GB","@id":"https:\/\/fiprocess.pl\/produkt\/komponenty-do-paletyzacji\/#primaryimage","url":"https:\/\/fiprocess.pl\/wp-content\/uploads\/2024\/02\/Komponenty-do-paletyzacji-Paletyzacja.jpg","contentUrl":"https:\/\/fiprocess.pl\/wp-content\/uploads\/2024\/02\/Komponenty-do-paletyzacji-Paletyzacja.jpg","width":600,"height":449,"caption":"Komponenty do paletyzacji-Paletyzacja"},{"@type":"BreadcrumbList","@id":"https:\/\/fiprocess.pl\/produkt\/komponenty-do-paletyzacji\/#breadcrumb","itemListElement":[{"@type":"ListItem","position":1,"name":"Strona g\u0142\u00f3wna","item":"https:\/\/fiprocess.pl\/"},{"@type":"ListItem","position":2,"name":"Katalog maszyn","item":"https:\/\/fiprocess.pl\/en\/katalog-maszyn\/"},{"@type":"ListItem","position":3,"name":"Roboty ICM","item":"https:\/\/fiprocess.pl\/kategoria-produktu\/roboty-icm\/"},{"@type":"ListItem","position":4,"name":"Komponenty do paletyzacji"}]},{"@type":"WebSite","@id":"https:\/\/fiprocess.pl\/#website","url":"https:\/\/fiprocess.pl\/","name":"Fiprocess","description":"mieszalniki wir\u00f3wki m\u0142yny suszarnie","publisher":{"@id":"https:\/\/fiprocess.pl\/#organization"},"potentialAction":[{"@type":"SearchAction","target":{"@type":"EntryPoint","urlTemplate":"https:\/\/fiprocess.pl\/?s={search_term_string}"},"query-input":{"@type":"PropertyValueSpecification","valueRequired":true,"valueName":"search_term_string"}}],"inLanguage":"en-GB"},{"@type":"Organization","@id":"https:\/\/fiprocess.pl\/#organization","name":"Fiprocess Sp. z o.o.","url":"https:\/\/fiprocess.pl\/","logo":{"@type":"ImageObject","inLanguage":"en-GB","@id":"https:\/\/fiprocess.pl\/#\/schema\/logo\/image\/","url":"https:\/\/fiprocess.pl\/wp-content\/uploads\/2023\/07\/logo.png","contentUrl":"https:\/\/fiprocess.pl\/wp-content\/uploads\/2023\/07\/logo.png","width":1182,"height":260,"caption":"Fiprocess Sp. z o.o."},"image":{"@id":"https:\/\/fiprocess.pl\/#\/schema\/logo\/image\/"}}]}},"_links":{"self":[{"href":"https:\/\/fiprocess.pl\/en\/wp-json\/wp\/v2\/product\/7493","targetHints":{"allow":["GET"]}}],"collection":[{"href":"https:\/\/fiprocess.pl\/en\/wp-json\/wp\/v2\/product"}],"about":[{"href":"https:\/\/fiprocess.pl\/en\/wp-json\/wp\/v2\/types\/product"}],"wp:featuredmedia":[{"embeddable":true,"href":"https:\/\/fiprocess.pl\/en\/wp-json\/wp\/v2\/media\/7494"}],"wp:attachment":[{"href":"https:\/\/fiprocess.pl\/en\/wp-json\/wp\/v2\/media?parent=7493"}],"wp:term":[{"taxonomy":"product_cat","embeddable":true,"href":"https:\/\/fiprocess.pl\/en\/wp-json\/wp\/v2\/product_cat?post=7493"},{"taxonomy":"product_tag","embeddable":true,"href":"https:\/\/fiprocess.pl\/en\/wp-json\/wp\/v2\/product_tag?post=7493"}],"curies":[{"name":"wp","href":"https:\/\/api.w.org\/{rel}","templated":true}]}}