{"id":7387,"date":"2024-01-18T15:01:54","date_gmt":"2024-01-18T14:01:54","guid":{"rendered":"https:\/\/fiprocess.pl\/?post_type=product&#038;p=7387"},"modified":"2024-09-30T11:43:45","modified_gmt":"2024-09-30T09:43:45","slug":"wirowki-do-powlekania-model-imp","status":"publish","type":"product","link":"https:\/\/fiprocess.pl\/en\/katalog-maszyn\/coating-centrifuges-model-imp\/","title":{"rendered":"CENTRIFUGUS COATING MODEL IMP"},"excerpt":{"rendered":"<h2 class=\"titre\"><span style=\"font-size: 12pt; color: #0000ff;\">CENTRIFUGES FOR STATIC, DYNAMIC OR VACUUM COATING FOR VARIOUS SUBSTANCES OR PARTS MODEL IMP<\/span><\/h2>\n<p>&nbsp;<\/p>\n<p>https:\/\/www.youtube.com\/watch?v=XUwNLn3N274<\/p>\n<p>&nbsp;<\/p>\n<p>&nbsp;<\/p>","protected":false},"featured_media":7388,"template":"","meta":[],"product_cat":[1196,1214,1215,1206,1207,1198],"product_tag":[],"class_list":{"0":"post-7387","1":"product","2":"type-product","3":"status-publish","4":"has-post-thumbnail","6":"product_cat-branza-tekstylna","7":"product_cat-przemysl-metalowy-i-tworzyw","8":"product_cat-przemysl-tekstylny","9":"product_cat-sektor-metalowy-i-tworzyw","10":"product_cat-sektor-tekstylny","11":"product_cat-wirowka-z-recznym-rozladunkiem","13":"first","14":"instock","15":"shipping-taxable","16":"product-type-simple"},"acf":[],"yoast_head":"<!-- This site is optimized with the Yoast SEO Premium plugin v26.7 (Yoast SEO v27.3) - https:\/\/yoast.com\/product\/yoast-seo-premium-wordpress\/ -->\n<title>Wir\u00f3wki do powlekania statycznego, dynamicznego i pr\u00f3\u017cniowego - Fiprocess<\/title>\n<meta name=\"description\" content=\"Wir\u00f3wki Rousselet Robatel do powlekania statycznego, dynamicznego lub pr\u00f3\u017cniowego dla r\u00f3\u017cnych substancji lub cz\u0119\u015bci. Model IMP.\" \/>\n<meta name=\"robots\" content=\"index, follow, max-snippet:-1, max-image-preview:large, max-video-preview:-1\" \/>\n<link rel=\"canonical\" href=\"https:\/\/fiprocess.pl\/en\/produkt\/wirowki-do-powlekania-model-imp\/\" \/>\n<meta property=\"og:locale\" content=\"en_GB\" \/>\n<meta property=\"og:type\" content=\"article\" \/>\n<meta property=\"og:title\" content=\"WIR\u00d3WKI DO POWLEKANIA MODEL IMP\" \/>\n<meta property=\"og:description\" content=\"Wir\u00f3wki Rousselet Robatel do powlekania statycznego, dynamicznego lub pr\u00f3\u017cniowego dla r\u00f3\u017cnych substancji lub cz\u0119\u015bci. Model IMP.\" \/>\n<meta property=\"og:url\" content=\"https:\/\/fiprocess.pl\/en\/produkt\/wirowki-do-powlekania-model-imp\/\" \/>\n<meta property=\"og:site_name\" content=\"Fiprocess\" \/>\n<meta property=\"article:modified_time\" content=\"2024-09-30T09:43:45+00:00\" \/>\n<meta property=\"og:image\" content=\"https:\/\/fiprocess.pl\/wp-content\/uploads\/2024\/01\/sc-70-vx-kc-imp-71344-couverture-rognee.jpg\" \/>\n\t<meta property=\"og:image:width\" content=\"1276\" \/>\n\t<meta property=\"og:image:height\" content=\"849\" \/>\n\t<meta property=\"og:image:type\" content=\"image\/jpeg\" \/>\n<meta name=\"twitter:card\" content=\"summary_large_image\" \/>\n<meta name=\"twitter:label1\" content=\"Estimated reading time\" \/>\n\t<meta name=\"twitter:data1\" content=\"1 minute\" \/>\n<script type=\"application\/ld+json\" class=\"yoast-schema-graph\">{\"@context\":\"https:\\\/\\\/schema.org\",\"@graph\":[{\"@type\":\"WebPage\",\"@id\":\"https:\\\/\\\/fiprocess.pl\\\/it\\\/katalog-maszyn\\\/spalmatrici-centrifughe-modello-imp\\\/\",\"url\":\"https:\\\/\\\/fiprocess.pl\\\/produkt\\\/wirowki-do-powlekania-model-imp\\\/\",\"name\":\"Wir\u00f3wki do powlekania statycznego, dynamicznego i pr\u00f3\u017cniowego - Fiprocess\",\"isPartOf\":{\"@id\":\"https:\\\/\\\/fiprocess.pl\\\/#website\"},\"primaryImageOfPage\":{\"@id\":\"https:\\\/\\\/fiprocess.pl\\\/produkt\\\/wirowki-do-powlekania-model-imp\\\/#primaryimage\"},\"image\":{\"@id\":\"https:\\\/\\\/fiprocess.pl\\\/produkt\\\/wirowki-do-powlekania-model-imp\\\/#primaryimage\"},\"thumbnailUrl\":\"https:\\\/\\\/fiprocess.pl\\\/wp-content\\\/uploads\\\/2024\\\/01\\\/sc-70-vx-kc-imp-71344-couverture-rognee.jpg\",\"datePublished\":\"2024-01-18T14:01:54+00:00\",\"dateModified\":\"2024-09-30T09:43:45+00:00\",\"description\":\"Wir\u00f3wki Rousselet Robatel do powlekania statycznego, dynamicznego lub pr\u00f3\u017cniowego dla r\u00f3\u017cnych substancji lub cz\u0119\u015bci. Model IMP.\",\"breadcrumb\":{\"@id\":\"https:\\\/\\\/fiprocess.pl\\\/produkt\\\/wirowki-do-powlekania-model-imp\\\/#breadcrumb\"},\"inLanguage\":\"en-GB\",\"potentialAction\":[{\"@type\":\"ReadAction\",\"target\":[\"https:\\\/\\\/fiprocess.pl\\\/produkt\\\/wirowki-do-powlekania-model-imp\\\/\"]}]},{\"@type\":\"ImageObject\",\"inLanguage\":\"en-GB\",\"@id\":\"https:\\\/\\\/fiprocess.pl\\\/produkt\\\/wirowki-do-powlekania-model-imp\\\/#primaryimage\",\"url\":\"https:\\\/\\\/fiprocess.pl\\\/wp-content\\\/uploads\\\/2024\\\/01\\\/sc-70-vx-kc-imp-71344-couverture-rognee.jpg\",\"contentUrl\":\"https:\\\/\\\/fiprocess.pl\\\/wp-content\\\/uploads\\\/2024\\\/01\\\/sc-70-vx-kc-imp-71344-couverture-rognee.jpg\",\"width\":1276,\"height\":849,\"caption\":\"WIR\u00d3WKI DO POWLEKANIA STATYCZNEGO, DYNAMICZNEGO LUB PR\u00d3\u017bNIOWEGO WYROBU DLA R\u00d3\u017bNYCH SUBSTANCJI LUB CZ\u0118\u015aCI, TYPU IMP\"},{\"@type\":\"BreadcrumbList\",\"@id\":\"https:\\\/\\\/fiprocess.pl\\\/produkt\\\/wirowki-do-powlekania-model-imp\\\/#breadcrumb\",\"itemListElement\":[{\"@type\":\"ListItem\",\"position\":1,\"name\":\"Strona g\u0142\u00f3wna\",\"item\":\"https:\\\/\\\/fiprocess.pl\\\/\"},{\"@type\":\"ListItem\",\"position\":2,\"name\":\"Katalog maszyn\",\"item\":\"https:\\\/\\\/fiprocess.pl\\\/en\\\/katalog-maszyn\\\/\"},{\"@type\":\"ListItem\",\"position\":3,\"name\":\"Wir\u00f3wki koszowe i ekstraktory Rousselet Robatel\",\"item\":\"https:\\\/\\\/fiprocess.pl\\\/kategoria-produktu\\\/wirowki-koszowe-i-ekstraktory-rousselet-robatel\\\/\"},{\"@type\":\"ListItem\",\"position\":4,\"name\":\"Separacja Cia\u0142o Sta\u0142e\\\/Ciecz\",\"item\":\"https:\\\/\\\/fiprocess.pl\\\/kategoria-produktu\\\/wirowki-koszowe-i-ekstraktory-rousselet-robatel\\\/separacja-cialo-stale-ciecz\\\/\"},{\"@type\":\"ListItem\",\"position\":5,\"name\":\"Przemys\u0142 metalowy i tworzyw\",\"item\":\"https:\\\/\\\/fiprocess.pl\\\/kategoria-produktu\\\/wirowki-koszowe-i-ekstraktory-rousselet-robatel\\\/separacja-cialo-stale-ciecz\\\/przemysl-metalowy-i-tworzyw\\\/\"},{\"@type\":\"ListItem\",\"position\":6,\"name\":\"WIR\u00d3WKI DO POWLEKANIA MODEL IMP\"}]},{\"@type\":\"WebSite\",\"@id\":\"https:\\\/\\\/fiprocess.pl\\\/#website\",\"url\":\"https:\\\/\\\/fiprocess.pl\\\/\",\"name\":\"Fiprocess\",\"description\":\"mieszalniki wir\u00f3wki m\u0142yny suszarnie\",\"publisher\":{\"@id\":\"https:\\\/\\\/fiprocess.pl\\\/#organization\"},\"potentialAction\":[{\"@type\":\"SearchAction\",\"target\":{\"@type\":\"EntryPoint\",\"urlTemplate\":\"https:\\\/\\\/fiprocess.pl\\\/?s={search_term_string}\"},\"query-input\":{\"@type\":\"PropertyValueSpecification\",\"valueRequired\":true,\"valueName\":\"search_term_string\"}}],\"inLanguage\":\"en-GB\"},{\"@type\":\"Organization\",\"@id\":\"https:\\\/\\\/fiprocess.pl\\\/#organization\",\"name\":\"Fiprocess Sp. z o.o.\",\"url\":\"https:\\\/\\\/fiprocess.pl\\\/\",\"logo\":{\"@type\":\"ImageObject\",\"inLanguage\":\"en-GB\",\"@id\":\"https:\\\/\\\/fiprocess.pl\\\/#\\\/schema\\\/logo\\\/image\\\/\",\"url\":\"https:\\\/\\\/fiprocess.pl\\\/wp-content\\\/uploads\\\/2023\\\/07\\\/logo.png\",\"contentUrl\":\"https:\\\/\\\/fiprocess.pl\\\/wp-content\\\/uploads\\\/2023\\\/07\\\/logo.png\",\"width\":1182,\"height\":260,\"caption\":\"Fiprocess Sp. z o.o.\"},\"image\":{\"@id\":\"https:\\\/\\\/fiprocess.pl\\\/#\\\/schema\\\/logo\\\/image\\\/\"}}]}<\/script>\n<!-- \/ Yoast SEO Premium plugin. -->","yoast_head_json":{"title":"Wir\u00f3wki do powlekania statycznego, dynamicznego i pr\u00f3\u017cniowego - Fiprocess","description":"Wir\u00f3wki Rousselet Robatel do powlekania statycznego, dynamicznego lub pr\u00f3\u017cniowego dla r\u00f3\u017cnych substancji lub cz\u0119\u015bci. Model IMP.","robots":{"index":"index","follow":"follow","max-snippet":"max-snippet:-1","max-image-preview":"max-image-preview:large","max-video-preview":"max-video-preview:-1"},"canonical":"https:\/\/fiprocess.pl\/en\/produkt\/wirowki-do-powlekania-model-imp\/","og_locale":"en_GB","og_type":"article","og_title":"WIR\u00d3WKI DO POWLEKANIA MODEL IMP","og_description":"Wir\u00f3wki Rousselet Robatel do powlekania statycznego, dynamicznego lub pr\u00f3\u017cniowego dla r\u00f3\u017cnych substancji lub cz\u0119\u015bci. Model IMP.","og_url":"https:\/\/fiprocess.pl\/en\/produkt\/wirowki-do-powlekania-model-imp\/","og_site_name":"Fiprocess","article_modified_time":"2024-09-30T09:43:45+00:00","og_image":[{"width":1276,"height":849,"url":"https:\/\/fiprocess.pl\/wp-content\/uploads\/2024\/01\/sc-70-vx-kc-imp-71344-couverture-rognee.jpg","type":"image\/jpeg"}],"twitter_card":"summary_large_image","twitter_misc":{"Estimated reading time":"1 minute"},"schema":{"@context":"https:\/\/schema.org","@graph":[{"@type":"WebPage","@id":"https:\/\/fiprocess.pl\/it\/katalog-maszyn\/spalmatrici-centrifughe-modello-imp\/","url":"https:\/\/fiprocess.pl\/produkt\/wirowki-do-powlekania-model-imp\/","name":"Wir\u00f3wki do powlekania statycznego, dynamicznego i pr\u00f3\u017cniowego - Fiprocess","isPartOf":{"@id":"https:\/\/fiprocess.pl\/#website"},"primaryImageOfPage":{"@id":"https:\/\/fiprocess.pl\/produkt\/wirowki-do-powlekania-model-imp\/#primaryimage"},"image":{"@id":"https:\/\/fiprocess.pl\/produkt\/wirowki-do-powlekania-model-imp\/#primaryimage"},"thumbnailUrl":"https:\/\/fiprocess.pl\/wp-content\/uploads\/2024\/01\/sc-70-vx-kc-imp-71344-couverture-rognee.jpg","datePublished":"2024-01-18T14:01:54+00:00","dateModified":"2024-09-30T09:43:45+00:00","description":"Wir\u00f3wki Rousselet Robatel do powlekania statycznego, dynamicznego lub pr\u00f3\u017cniowego dla r\u00f3\u017cnych substancji lub cz\u0119\u015bci. Model IMP.","breadcrumb":{"@id":"https:\/\/fiprocess.pl\/produkt\/wirowki-do-powlekania-model-imp\/#breadcrumb"},"inLanguage":"en-GB","potentialAction":[{"@type":"ReadAction","target":["https:\/\/fiprocess.pl\/produkt\/wirowki-do-powlekania-model-imp\/"]}]},{"@type":"ImageObject","inLanguage":"en-GB","@id":"https:\/\/fiprocess.pl\/produkt\/wirowki-do-powlekania-model-imp\/#primaryimage","url":"https:\/\/fiprocess.pl\/wp-content\/uploads\/2024\/01\/sc-70-vx-kc-imp-71344-couverture-rognee.jpg","contentUrl":"https:\/\/fiprocess.pl\/wp-content\/uploads\/2024\/01\/sc-70-vx-kc-imp-71344-couverture-rognee.jpg","width":1276,"height":849,"caption":"WIR\u00d3WKI DO POWLEKANIA STATYCZNEGO, DYNAMICZNEGO LUB PR\u00d3\u017bNIOWEGO WYROBU DLA R\u00d3\u017bNYCH SUBSTANCJI LUB CZ\u0118\u015aCI, TYPU IMP"},{"@type":"BreadcrumbList","@id":"https:\/\/fiprocess.pl\/produkt\/wirowki-do-powlekania-model-imp\/#breadcrumb","itemListElement":[{"@type":"ListItem","position":1,"name":"Strona g\u0142\u00f3wna","item":"https:\/\/fiprocess.pl\/"},{"@type":"ListItem","position":2,"name":"Katalog maszyn","item":"https:\/\/fiprocess.pl\/en\/katalog-maszyn\/"},{"@type":"ListItem","position":3,"name":"Wir\u00f3wki koszowe i ekstraktory Rousselet Robatel","item":"https:\/\/fiprocess.pl\/kategoria-produktu\/wirowki-koszowe-i-ekstraktory-rousselet-robatel\/"},{"@type":"ListItem","position":4,"name":"Separacja Cia\u0142o Sta\u0142e\/Ciecz","item":"https:\/\/fiprocess.pl\/kategoria-produktu\/wirowki-koszowe-i-ekstraktory-rousselet-robatel\/separacja-cialo-stale-ciecz\/"},{"@type":"ListItem","position":5,"name":"Przemys\u0142 metalowy i tworzyw","item":"https:\/\/fiprocess.pl\/kategoria-produktu\/wirowki-koszowe-i-ekstraktory-rousselet-robatel\/separacja-cialo-stale-ciecz\/przemysl-metalowy-i-tworzyw\/"},{"@type":"ListItem","position":6,"name":"WIR\u00d3WKI DO POWLEKANIA MODEL IMP"}]},{"@type":"WebSite","@id":"https:\/\/fiprocess.pl\/#website","url":"https:\/\/fiprocess.pl\/","name":"Fiprocess","description":"mieszalniki wir\u00f3wki m\u0142yny suszarnie","publisher":{"@id":"https:\/\/fiprocess.pl\/#organization"},"potentialAction":[{"@type":"SearchAction","target":{"@type":"EntryPoint","urlTemplate":"https:\/\/fiprocess.pl\/?s={search_term_string}"},"query-input":{"@type":"PropertyValueSpecification","valueRequired":true,"valueName":"search_term_string"}}],"inLanguage":"en-GB"},{"@type":"Organization","@id":"https:\/\/fiprocess.pl\/#organization","name":"Fiprocess Sp. z o.o.","url":"https:\/\/fiprocess.pl\/","logo":{"@type":"ImageObject","inLanguage":"en-GB","@id":"https:\/\/fiprocess.pl\/#\/schema\/logo\/image\/","url":"https:\/\/fiprocess.pl\/wp-content\/uploads\/2023\/07\/logo.png","contentUrl":"https:\/\/fiprocess.pl\/wp-content\/uploads\/2023\/07\/logo.png","width":1182,"height":260,"caption":"Fiprocess Sp. z o.o."},"image":{"@id":"https:\/\/fiprocess.pl\/#\/schema\/logo\/image\/"}}]}},"_links":{"self":[{"href":"https:\/\/fiprocess.pl\/en\/wp-json\/wp\/v2\/product\/7387","targetHints":{"allow":["GET"]}}],"collection":[{"href":"https:\/\/fiprocess.pl\/en\/wp-json\/wp\/v2\/product"}],"about":[{"href":"https:\/\/fiprocess.pl\/en\/wp-json\/wp\/v2\/types\/product"}],"wp:featuredmedia":[{"embeddable":true,"href":"https:\/\/fiprocess.pl\/en\/wp-json\/wp\/v2\/media\/7388"}],"wp:attachment":[{"href":"https:\/\/fiprocess.pl\/en\/wp-json\/wp\/v2\/media?parent=7387"}],"wp:term":[{"taxonomy":"product_cat","embeddable":true,"href":"https:\/\/fiprocess.pl\/en\/wp-json\/wp\/v2\/product_cat?post=7387"},{"taxonomy":"product_tag","embeddable":true,"href":"https:\/\/fiprocess.pl\/en\/wp-json\/wp\/v2\/product_tag?post=7387"}],"curies":[{"name":"wp","href":"https:\/\/api.w.org\/{rel}","templated":true}]}}