{"id":7382,"date":"2024-01-18T12:37:53","date_gmt":"2024-01-18T11:37:53","guid":{"rendered":"https:\/\/fiprocess.pl\/?post_type=product&#038;p=7382"},"modified":"2024-09-30T09:14:25","modified_gmt":"2024-09-30T07:14:25","slug":"wirowki-do-czesci-po-galwanizacji-model-rc-kg","status":"publish","type":"product","link":"https:\/\/fiprocess.pl\/en\/katalog-maszyn\/centrifuges-for-galvanized-parts-model-rc-kg\/","title":{"rendered":"Centrifuges for galvanized parts (RC-KG model)"},"excerpt":{"rendered":"<p><span style=\"color: #0000ff;\"><strong>Centrifuges for galvanized parts (RC-KG model)\u00a0<\/strong><\/span><\/p>\n<p>&nbsp;<\/p>\n<p>ROUSSELET ROBATEL offers a range of centrifuges specifically designed for the processing of parts after galvanizing (electroplating).<\/p>\n<p>These centrifuges are manufactured according to standard industrial design and the expertise of ROUSSELET ROBATEL. They are very easy to use and enable optimized recovery of hot liquid metal thanks to high startup acceleration, which is automatically activated when the centrifuge lid is closed<\/p>","protected":false},"featured_media":7383,"template":"","meta":[],"product_cat":[1195,1214,1206,1198],"product_tag":[],"class_list":{"0":"post-7382","1":"product","2":"type-product","3":"status-publish","4":"has-post-thumbnail","6":"product_cat-branza-metalowa-i-tworzyw","7":"product_cat-przemysl-metalowy-i-tworzyw","8":"product_cat-sektor-metalowy-i-tworzyw","9":"product_cat-wirowka-z-recznym-rozladunkiem","11":"first","12":"instock","13":"shipping-taxable","14":"product-type-simple"},"acf":[],"yoast_head":"<!-- This site is optimized with the Yoast SEO Premium plugin v26.7 (Yoast SEO v27.3) - https:\/\/yoast.com\/product\/yoast-seo-premium-wordpress\/ -->\n<title>Wir\u00f3wki do cz\u0119\u015bci po galwanizacji (model RC-KG) - Fiprocess<\/title>\n<meta name=\"description\" content=\"Wir\u00f3wki do cz\u0119\u015bci po galwanizacji.\u00a0ROUSSELET ROBATEL oferuje gam\u0119 wir\u00f3wek zaprojektowanych specjalnie do obr\u00f3bki cz\u0119\u015bci po galwanizacji.\" \/>\n<meta name=\"robots\" content=\"index, follow, max-snippet:-1, max-image-preview:large, max-video-preview:-1\" \/>\n<link rel=\"canonical\" href=\"https:\/\/fiprocess.pl\/en\/produkt\/wirowki-do-czesci-po-galwanizacji-model-rc-kg\/\" \/>\n<meta property=\"og:locale\" content=\"en_GB\" \/>\n<meta property=\"og:type\" content=\"article\" \/>\n<meta property=\"og:title\" content=\"Wir\u00f3wki do cz\u0119\u015bci po galwanizacji (model RC-KG)\" \/>\n<meta property=\"og:description\" content=\"Wir\u00f3wki do cz\u0119\u015bci po galwanizacji.\u00a0ROUSSELET ROBATEL oferuje gam\u0119 wir\u00f3wek zaprojektowanych specjalnie do obr\u00f3bki cz\u0119\u015bci po galwanizacji.\" \/>\n<meta property=\"og:url\" content=\"https:\/\/fiprocess.pl\/en\/produkt\/wirowki-do-czesci-po-galwanizacji-model-rc-kg\/\" \/>\n<meta property=\"og:site_name\" content=\"Fiprocess\" \/>\n<meta property=\"article:modified_time\" content=\"2024-09-30T07:14:25+00:00\" \/>\n<meta property=\"og:image\" content=\"https:\/\/fiprocess.pl\/wp-content\/uploads\/2024\/01\/rc_70_vx_kc_n__75012_-_photo_1b_-_ste_huck_france_-_95_us-removebg-preview.jpg\" \/>\n\t<meta property=\"og:image:width\" content=\"317\" \/>\n\t<meta property=\"og:image:height\" content=\"450\" \/>\n\t<meta property=\"og:image:type\" content=\"image\/jpeg\" \/>\n<meta name=\"twitter:card\" content=\"summary_large_image\" \/>\n<meta name=\"twitter:label1\" content=\"Estimated reading time\" \/>\n\t<meta name=\"twitter:data1\" content=\"1 minute\" \/>\n<script type=\"application\/ld+json\" class=\"yoast-schema-graph\">{\"@context\":\"https:\\\/\\\/schema.org\",\"@graph\":[{\"@type\":\"WebPage\",\"@id\":\"https:\\\/\\\/fiprocess.pl\\\/katalog-maszyn\\\/wirowki-do-czesci-po-galwanizacji-model-rc-kg\\\/\",\"url\":\"https:\\\/\\\/fiprocess.pl\\\/produkt\\\/wirowki-do-czesci-po-galwanizacji-model-rc-kg\\\/\",\"name\":\"Wir\u00f3wki do cz\u0119\u015bci po galwanizacji (model RC-KG) - Fiprocess\",\"isPartOf\":{\"@id\":\"https:\\\/\\\/fiprocess.pl\\\/#website\"},\"primaryImageOfPage\":{\"@id\":\"https:\\\/\\\/fiprocess.pl\\\/produkt\\\/wirowki-do-czesci-po-galwanizacji-model-rc-kg\\\/#primaryimage\"},\"image\":{\"@id\":\"https:\\\/\\\/fiprocess.pl\\\/produkt\\\/wirowki-do-czesci-po-galwanizacji-model-rc-kg\\\/#primaryimage\"},\"thumbnailUrl\":\"https:\\\/\\\/fiprocess.pl\\\/wp-content\\\/uploads\\\/2024\\\/01\\\/rc_70_vx_kc_n__75012_-_photo_1b_-_ste_huck_france_-_95_us-removebg-preview.jpg\",\"datePublished\":\"2024-01-18T11:37:53+00:00\",\"dateModified\":\"2024-09-30T07:14:25+00:00\",\"description\":\"Wir\u00f3wki do cz\u0119\u015bci po galwanizacji.\u00a0ROUSSELET ROBATEL oferuje gam\u0119 wir\u00f3wek zaprojektowanych specjalnie do obr\u00f3bki cz\u0119\u015bci po galwanizacji.\",\"breadcrumb\":{\"@id\":\"https:\\\/\\\/fiprocess.pl\\\/produkt\\\/wirowki-do-czesci-po-galwanizacji-model-rc-kg\\\/#breadcrumb\"},\"inLanguage\":\"en-GB\",\"potentialAction\":[{\"@type\":\"ReadAction\",\"target\":[\"https:\\\/\\\/fiprocess.pl\\\/produkt\\\/wirowki-do-czesci-po-galwanizacji-model-rc-kg\\\/\"]}]},{\"@type\":\"ImageObject\",\"inLanguage\":\"en-GB\",\"@id\":\"https:\\\/\\\/fiprocess.pl\\\/produkt\\\/wirowki-do-czesci-po-galwanizacji-model-rc-kg\\\/#primaryimage\",\"url\":\"https:\\\/\\\/fiprocess.pl\\\/wp-content\\\/uploads\\\/2024\\\/01\\\/rc_70_vx_kc_n__75012_-_photo_1b_-_ste_huck_france_-_95_us-removebg-preview.jpg\",\"contentUrl\":\"https:\\\/\\\/fiprocess.pl\\\/wp-content\\\/uploads\\\/2024\\\/01\\\/rc_70_vx_kc_n__75012_-_photo_1b_-_ste_huck_france_-_95_us-removebg-preview.jpg\",\"width\":317,\"height\":450,\"caption\":\"Wir\u00f3wki do cz\u0119\u015bci po galwanizacji\"},{\"@type\":\"BreadcrumbList\",\"@id\":\"https:\\\/\\\/fiprocess.pl\\\/produkt\\\/wirowki-do-czesci-po-galwanizacji-model-rc-kg\\\/#breadcrumb\",\"itemListElement\":[{\"@type\":\"ListItem\",\"position\":1,\"name\":\"Strona g\u0142\u00f3wna\",\"item\":\"https:\\\/\\\/fiprocess.pl\\\/\"},{\"@type\":\"ListItem\",\"position\":2,\"name\":\"Katalog maszyn\",\"item\":\"https:\\\/\\\/fiprocess.pl\\\/en\\\/katalog-maszyn\\\/\"},{\"@type\":\"ListItem\",\"position\":3,\"name\":\"Wir\u00f3wki koszowe i ekstraktory Rousselet Robatel\",\"item\":\"https:\\\/\\\/fiprocess.pl\\\/kategoria-produktu\\\/wirowki-koszowe-i-ekstraktory-rousselet-robatel\\\/\"},{\"@type\":\"ListItem\",\"position\":4,\"name\":\"Wir\u00f3wki koszowe pilota\u017cowe\",\"item\":\"https:\\\/\\\/fiprocess.pl\\\/kategoria-produktu\\\/wirowki-koszowe-i-ekstraktory-rousselet-robatel\\\/wirowki-koszowe-pilotazowe\\\/\"},{\"@type\":\"ListItem\",\"position\":5,\"name\":\"Bran\u017ca metalowa i tworzyw\",\"item\":\"https:\\\/\\\/fiprocess.pl\\\/kategoria-produktu\\\/wirowki-koszowe-i-ekstraktory-rousselet-robatel\\\/wirowki-koszowe-pilotazowe\\\/branza-metalowa-i-tworzyw\\\/\"},{\"@type\":\"ListItem\",\"position\":6,\"name\":\"Wir\u00f3wki do cz\u0119\u015bci po galwanizacji (model RC-KG)\"}]},{\"@type\":\"WebSite\",\"@id\":\"https:\\\/\\\/fiprocess.pl\\\/#website\",\"url\":\"https:\\\/\\\/fiprocess.pl\\\/\",\"name\":\"Fiprocess\",\"description\":\"mieszalniki wir\u00f3wki m\u0142yny suszarnie\",\"publisher\":{\"@id\":\"https:\\\/\\\/fiprocess.pl\\\/#organization\"},\"potentialAction\":[{\"@type\":\"SearchAction\",\"target\":{\"@type\":\"EntryPoint\",\"urlTemplate\":\"https:\\\/\\\/fiprocess.pl\\\/?s={search_term_string}\"},\"query-input\":{\"@type\":\"PropertyValueSpecification\",\"valueRequired\":true,\"valueName\":\"search_term_string\"}}],\"inLanguage\":\"en-GB\"},{\"@type\":\"Organization\",\"@id\":\"https:\\\/\\\/fiprocess.pl\\\/#organization\",\"name\":\"Fiprocess Sp. z o.o.\",\"url\":\"https:\\\/\\\/fiprocess.pl\\\/\",\"logo\":{\"@type\":\"ImageObject\",\"inLanguage\":\"en-GB\",\"@id\":\"https:\\\/\\\/fiprocess.pl\\\/#\\\/schema\\\/logo\\\/image\\\/\",\"url\":\"https:\\\/\\\/fiprocess.pl\\\/wp-content\\\/uploads\\\/2023\\\/07\\\/logo.png\",\"contentUrl\":\"https:\\\/\\\/fiprocess.pl\\\/wp-content\\\/uploads\\\/2023\\\/07\\\/logo.png\",\"width\":1182,\"height\":260,\"caption\":\"Fiprocess Sp. z o.o.\"},\"image\":{\"@id\":\"https:\\\/\\\/fiprocess.pl\\\/#\\\/schema\\\/logo\\\/image\\\/\"}}]}<\/script>\n<!-- \/ Yoast SEO Premium plugin. -->","yoast_head_json":{"title":"Wir\u00f3wki do cz\u0119\u015bci po galwanizacji (model RC-KG) - Fiprocess","description":"Wir\u00f3wki do cz\u0119\u015bci po galwanizacji.\u00a0ROUSSELET ROBATEL oferuje gam\u0119 wir\u00f3wek zaprojektowanych specjalnie do obr\u00f3bki cz\u0119\u015bci po galwanizacji.","robots":{"index":"index","follow":"follow","max-snippet":"max-snippet:-1","max-image-preview":"max-image-preview:large","max-video-preview":"max-video-preview:-1"},"canonical":"https:\/\/fiprocess.pl\/en\/produkt\/wirowki-do-czesci-po-galwanizacji-model-rc-kg\/","og_locale":"en_GB","og_type":"article","og_title":"Wir\u00f3wki do cz\u0119\u015bci po galwanizacji (model RC-KG)","og_description":"Wir\u00f3wki do cz\u0119\u015bci po galwanizacji.\u00a0ROUSSELET ROBATEL oferuje gam\u0119 wir\u00f3wek zaprojektowanych specjalnie do obr\u00f3bki cz\u0119\u015bci po galwanizacji.","og_url":"https:\/\/fiprocess.pl\/en\/produkt\/wirowki-do-czesci-po-galwanizacji-model-rc-kg\/","og_site_name":"Fiprocess","article_modified_time":"2024-09-30T07:14:25+00:00","og_image":[{"width":317,"height":450,"url":"https:\/\/fiprocess.pl\/wp-content\/uploads\/2024\/01\/rc_70_vx_kc_n__75012_-_photo_1b_-_ste_huck_france_-_95_us-removebg-preview.jpg","type":"image\/jpeg"}],"twitter_card":"summary_large_image","twitter_misc":{"Estimated reading time":"1 minute"},"schema":{"@context":"https:\/\/schema.org","@graph":[{"@type":"WebPage","@id":"https:\/\/fiprocess.pl\/katalog-maszyn\/wirowki-do-czesci-po-galwanizacji-model-rc-kg\/","url":"https:\/\/fiprocess.pl\/produkt\/wirowki-do-czesci-po-galwanizacji-model-rc-kg\/","name":"Wir\u00f3wki do cz\u0119\u015bci po galwanizacji (model RC-KG) - Fiprocess","isPartOf":{"@id":"https:\/\/fiprocess.pl\/#website"},"primaryImageOfPage":{"@id":"https:\/\/fiprocess.pl\/produkt\/wirowki-do-czesci-po-galwanizacji-model-rc-kg\/#primaryimage"},"image":{"@id":"https:\/\/fiprocess.pl\/produkt\/wirowki-do-czesci-po-galwanizacji-model-rc-kg\/#primaryimage"},"thumbnailUrl":"https:\/\/fiprocess.pl\/wp-content\/uploads\/2024\/01\/rc_70_vx_kc_n__75012_-_photo_1b_-_ste_huck_france_-_95_us-removebg-preview.jpg","datePublished":"2024-01-18T11:37:53+00:00","dateModified":"2024-09-30T07:14:25+00:00","description":"Wir\u00f3wki do cz\u0119\u015bci po galwanizacji.\u00a0ROUSSELET ROBATEL oferuje gam\u0119 wir\u00f3wek zaprojektowanych specjalnie do obr\u00f3bki cz\u0119\u015bci po galwanizacji.","breadcrumb":{"@id":"https:\/\/fiprocess.pl\/produkt\/wirowki-do-czesci-po-galwanizacji-model-rc-kg\/#breadcrumb"},"inLanguage":"en-GB","potentialAction":[{"@type":"ReadAction","target":["https:\/\/fiprocess.pl\/produkt\/wirowki-do-czesci-po-galwanizacji-model-rc-kg\/"]}]},{"@type":"ImageObject","inLanguage":"en-GB","@id":"https:\/\/fiprocess.pl\/produkt\/wirowki-do-czesci-po-galwanizacji-model-rc-kg\/#primaryimage","url":"https:\/\/fiprocess.pl\/wp-content\/uploads\/2024\/01\/rc_70_vx_kc_n__75012_-_photo_1b_-_ste_huck_france_-_95_us-removebg-preview.jpg","contentUrl":"https:\/\/fiprocess.pl\/wp-content\/uploads\/2024\/01\/rc_70_vx_kc_n__75012_-_photo_1b_-_ste_huck_france_-_95_us-removebg-preview.jpg","width":317,"height":450,"caption":"Wir\u00f3wki do cz\u0119\u015bci po galwanizacji"},{"@type":"BreadcrumbList","@id":"https:\/\/fiprocess.pl\/produkt\/wirowki-do-czesci-po-galwanizacji-model-rc-kg\/#breadcrumb","itemListElement":[{"@type":"ListItem","position":1,"name":"Strona g\u0142\u00f3wna","item":"https:\/\/fiprocess.pl\/"},{"@type":"ListItem","position":2,"name":"Katalog maszyn","item":"https:\/\/fiprocess.pl\/en\/katalog-maszyn\/"},{"@type":"ListItem","position":3,"name":"Wir\u00f3wki koszowe i ekstraktory Rousselet Robatel","item":"https:\/\/fiprocess.pl\/kategoria-produktu\/wirowki-koszowe-i-ekstraktory-rousselet-robatel\/"},{"@type":"ListItem","position":4,"name":"Wir\u00f3wki koszowe pilota\u017cowe","item":"https:\/\/fiprocess.pl\/kategoria-produktu\/wirowki-koszowe-i-ekstraktory-rousselet-robatel\/wirowki-koszowe-pilotazowe\/"},{"@type":"ListItem","position":5,"name":"Bran\u017ca metalowa i tworzyw","item":"https:\/\/fiprocess.pl\/kategoria-produktu\/wirowki-koszowe-i-ekstraktory-rousselet-robatel\/wirowki-koszowe-pilotazowe\/branza-metalowa-i-tworzyw\/"},{"@type":"ListItem","position":6,"name":"Wir\u00f3wki do cz\u0119\u015bci po galwanizacji (model RC-KG)"}]},{"@type":"WebSite","@id":"https:\/\/fiprocess.pl\/#website","url":"https:\/\/fiprocess.pl\/","name":"Fiprocess","description":"mieszalniki wir\u00f3wki m\u0142yny suszarnie","publisher":{"@id":"https:\/\/fiprocess.pl\/#organization"},"potentialAction":[{"@type":"SearchAction","target":{"@type":"EntryPoint","urlTemplate":"https:\/\/fiprocess.pl\/?s={search_term_string}"},"query-input":{"@type":"PropertyValueSpecification","valueRequired":true,"valueName":"search_term_string"}}],"inLanguage":"en-GB"},{"@type":"Organization","@id":"https:\/\/fiprocess.pl\/#organization","name":"Fiprocess Sp. z o.o.","url":"https:\/\/fiprocess.pl\/","logo":{"@type":"ImageObject","inLanguage":"en-GB","@id":"https:\/\/fiprocess.pl\/#\/schema\/logo\/image\/","url":"https:\/\/fiprocess.pl\/wp-content\/uploads\/2023\/07\/logo.png","contentUrl":"https:\/\/fiprocess.pl\/wp-content\/uploads\/2023\/07\/logo.png","width":1182,"height":260,"caption":"Fiprocess Sp. z o.o."},"image":{"@id":"https:\/\/fiprocess.pl\/#\/schema\/logo\/image\/"}}]}},"_links":{"self":[{"href":"https:\/\/fiprocess.pl\/en\/wp-json\/wp\/v2\/product\/7382","targetHints":{"allow":["GET"]}}],"collection":[{"href":"https:\/\/fiprocess.pl\/en\/wp-json\/wp\/v2\/product"}],"about":[{"href":"https:\/\/fiprocess.pl\/en\/wp-json\/wp\/v2\/types\/product"}],"wp:featuredmedia":[{"embeddable":true,"href":"https:\/\/fiprocess.pl\/en\/wp-json\/wp\/v2\/media\/7383"}],"wp:attachment":[{"href":"https:\/\/fiprocess.pl\/en\/wp-json\/wp\/v2\/media?parent=7382"}],"wp:term":[{"taxonomy":"product_cat","embeddable":true,"href":"https:\/\/fiprocess.pl\/en\/wp-json\/wp\/v2\/product_cat?post=7382"},{"taxonomy":"product_tag","embeddable":true,"href":"https:\/\/fiprocess.pl\/en\/wp-json\/wp\/v2\/product_tag?post=7382"}],"curies":[{"name":"wp","href":"https:\/\/api.w.org\/{rel}","templated":true}]}}