{"id":7377,"date":"2024-01-18T11:51:13","date_gmt":"2024-01-18T10:51:13","guid":{"rendered":"https:\/\/fiprocess.pl\/?post_type=product&#038;p=7377"},"modified":"2024-09-30T11:57:56","modified_gmt":"2024-09-30T09:57:56","slug":"suszarki-odsrodkowe-z-wyjmowanym-koszem-model-ta-kc","status":"publish","type":"product","link":"https:\/\/fiprocess.pl\/en\/katalog-maszyn\/centrifugal-dryers-with-removable-basket-model-ta-kc\/","title":{"rendered":"CENTRIFUGAL DRYERS WITH REMOVABLE BASKET (CENTRIFUGES) MODEL TA-KC"},"excerpt":{"rendered":"<h2 class=\"titre\"><span style=\"font-size: 12pt; color: #0000ff;\">CENTRIFUGAL DRYERS WITH REMOVABLE BASKET WITH AXIAL MOTOR AND CENTRAL SUSPENSION (CENTRIFUGES) MODEL TA-KC<\/span><\/h2>\n<p>&nbsp;<\/p>\n<ul>\n<li style=\"list-style-type: none;\">\n<ul>\n<li>for parts and\/or chips<\/li>\n<li>for deoiling, washing, spinning, drying<\/li>\n<\/ul>\n<\/li>\n<\/ul>","protected":false},"featured_media":7378,"template":"","meta":[],"product_cat":[1195,1194,1214,1213,1206,1205,1207,1210,1190,1198],"product_tag":[],"class_list":{"0":"post-7377","1":"product","2":"type-product","3":"status-publish","4":"has-post-thumbnail","6":"product_cat-branza-metalowa-i-tworzyw","7":"product_cat-branza-spozywcza","8":"product_cat-przemysl-metalowy-i-tworzyw","9":"product_cat-przemysl-spozywczy","10":"product_cat-sektor-metalowy-i-tworzyw","11":"product_cat-sektor-spozywczy","12":"product_cat-sektor-tekstylny","13":"product_cat-wirowka-pilotaz-mala-produkcja","14":"product_cat-wirowka-wsadowa-reczna","15":"product_cat-wirowka-z-recznym-rozladunkiem","17":"first","18":"instock","19":"shipping-taxable","20":"product-type-simple"},"acf":[],"yoast_head":"<!-- This site is optimized with the Yoast SEO Premium plugin v26.7 (Yoast SEO v27.3) - https:\/\/yoast.com\/product\/yoast-seo-premium-wordpress\/ -->\n<title>SUSZARKI OD\u015aRODKOWE Z WYJMOWANYM KOSZEM - Fiprocess<\/title>\n<meta name=\"description\" content=\"SUSZARKI OD\u015aRODKOWE Z WYJMOWANYM KOSZEM MODEL TA-KC. Do cz\u0119\u015bci i\u200a\/\u200alub wi\u00f3r\u00f3w, do odolejania, prania, wirowania, suszenia.\" \/>\n<meta name=\"robots\" content=\"index, follow, max-snippet:-1, max-image-preview:large, max-video-preview:-1\" \/>\n<link rel=\"canonical\" href=\"https:\/\/fiprocess.pl\/en\/produkt\/suszarki-odsrodkowe-z-wyjmowanym-koszem-model-ta-kc\/\" \/>\n<meta property=\"og:locale\" content=\"en_GB\" \/>\n<meta property=\"og:type\" content=\"article\" \/>\n<meta property=\"og:title\" content=\"SUSZARKI OD\u015aRODKOWE Z WYJMOWANYM KOSZEM (WIR\u00d3WKI) MODEL TA-KC\" \/>\n<meta property=\"og:description\" content=\"SUSZARKI OD\u015aRODKOWE Z WYJMOWANYM KOSZEM MODEL TA-KC. Do cz\u0119\u015bci i\u200a\/\u200alub wi\u00f3r\u00f3w, do odolejania, prania, wirowania, suszenia.\" \/>\n<meta property=\"og:url\" content=\"https:\/\/fiprocess.pl\/en\/produkt\/suszarki-odsrodkowe-z-wyjmowanym-koszem-model-ta-kc\/\" \/>\n<meta property=\"og:site_name\" content=\"Fiprocess\" \/>\n<meta property=\"article:modified_time\" content=\"2024-09-30T09:57:56+00:00\" \/>\n<meta property=\"og:image\" content=\"https:\/\/fiprocess.pl\/wp-content\/uploads\/2024\/01\/ta-60-vx-kc-600492.jpg\" \/>\n\t<meta property=\"og:image:width\" content=\"750\" \/>\n\t<meta property=\"og:image:height\" content=\"1000\" \/>\n\t<meta property=\"og:image:type\" content=\"image\/jpeg\" \/>\n<meta name=\"twitter:card\" content=\"summary_large_image\" \/>\n<meta name=\"twitter:label1\" content=\"Estimated reading time\" \/>\n\t<meta name=\"twitter:data1\" content=\"1 minute\" \/>\n<script type=\"application\/ld+json\" class=\"yoast-schema-graph\">{\"@context\":\"https:\\\/\\\/schema.org\",\"@graph\":[{\"@type\":\"WebPage\",\"@id\":\"http:\\\/\\\/fiprocess.pl\\\/it\\\/katalog-maszyn\\\/essiccatori-centrifughi-a-cestello-estraibile-modello-ta-kc\\\/\",\"url\":\"https:\\\/\\\/fiprocess.pl\\\/produkt\\\/suszarki-odsrodkowe-z-wyjmowanym-koszem-model-ta-kc\\\/\",\"name\":\"SUSZARKI OD\u015aRODKOWE Z WYJMOWANYM KOSZEM - Fiprocess\",\"isPartOf\":{\"@id\":\"https:\\\/\\\/fiprocess.pl\\\/#website\"},\"primaryImageOfPage\":{\"@id\":\"https:\\\/\\\/fiprocess.pl\\\/produkt\\\/suszarki-odsrodkowe-z-wyjmowanym-koszem-model-ta-kc\\\/#primaryimage\"},\"image\":{\"@id\":\"https:\\\/\\\/fiprocess.pl\\\/produkt\\\/suszarki-odsrodkowe-z-wyjmowanym-koszem-model-ta-kc\\\/#primaryimage\"},\"thumbnailUrl\":\"https:\\\/\\\/fiprocess.pl\\\/wp-content\\\/uploads\\\/2024\\\/01\\\/ta-60-vx-kc-600492.jpg\",\"datePublished\":\"2024-01-18T10:51:13+00:00\",\"dateModified\":\"2024-09-30T09:57:56+00:00\",\"description\":\"SUSZARKI OD\u015aRODKOWE Z WYJMOWANYM KOSZEM MODEL TA-KC. Do cz\u0119\u015bci i\u200a\\\/\u200alub wi\u00f3r\u00f3w, do odolejania, prania, wirowania, suszenia.\",\"breadcrumb\":{\"@id\":\"https:\\\/\\\/fiprocess.pl\\\/produkt\\\/suszarki-odsrodkowe-z-wyjmowanym-koszem-model-ta-kc\\\/#breadcrumb\"},\"inLanguage\":\"en-GB\",\"potentialAction\":[{\"@type\":\"ReadAction\",\"target\":[\"https:\\\/\\\/fiprocess.pl\\\/produkt\\\/suszarki-odsrodkowe-z-wyjmowanym-koszem-model-ta-kc\\\/\"]}]},{\"@type\":\"ImageObject\",\"inLanguage\":\"en-GB\",\"@id\":\"https:\\\/\\\/fiprocess.pl\\\/produkt\\\/suszarki-odsrodkowe-z-wyjmowanym-koszem-model-ta-kc\\\/#primaryimage\",\"url\":\"https:\\\/\\\/fiprocess.pl\\\/wp-content\\\/uploads\\\/2024\\\/01\\\/ta-60-vx-kc-600492.jpg\",\"contentUrl\":\"https:\\\/\\\/fiprocess.pl\\\/wp-content\\\/uploads\\\/2024\\\/01\\\/ta-60-vx-kc-600492.jpg\",\"width\":750,\"height\":1000,\"caption\":\"SUSZARKI OD\u015aRODKOWE Z WYJMOWANYM KOSZEM MODEL TA-KC\"},{\"@type\":\"BreadcrumbList\",\"@id\":\"https:\\\/\\\/fiprocess.pl\\\/produkt\\\/suszarki-odsrodkowe-z-wyjmowanym-koszem-model-ta-kc\\\/#breadcrumb\",\"itemListElement\":[{\"@type\":\"ListItem\",\"position\":1,\"name\":\"Strona g\u0142\u00f3wna\",\"item\":\"https:\\\/\\\/fiprocess.pl\\\/\"},{\"@type\":\"ListItem\",\"position\":2,\"name\":\"Katalog maszyn\",\"item\":\"https:\\\/\\\/fiprocess.pl\\\/en\\\/katalog-maszyn\\\/\"},{\"@type\":\"ListItem\",\"position\":3,\"name\":\"Wir\u00f3wki koszowe i ekstraktory Rousselet Robatel\",\"item\":\"https:\\\/\\\/fiprocess.pl\\\/kategoria-produktu\\\/wirowki-koszowe-i-ekstraktory-rousselet-robatel\\\/\"},{\"@type\":\"ListItem\",\"position\":4,\"name\":\"Separacja Cia\u0142o Sta\u0142e\\\/Ciecz\",\"item\":\"https:\\\/\\\/fiprocess.pl\\\/kategoria-produktu\\\/wirowki-koszowe-i-ekstraktory-rousselet-robatel\\\/separacja-cialo-stale-ciecz\\\/\"},{\"@type\":\"ListItem\",\"position\":5,\"name\":\"Przemys\u0142 metalowy i tworzyw\",\"item\":\"https:\\\/\\\/fiprocess.pl\\\/kategoria-produktu\\\/wirowki-koszowe-i-ekstraktory-rousselet-robatel\\\/separacja-cialo-stale-ciecz\\\/przemysl-metalowy-i-tworzyw\\\/\"},{\"@type\":\"ListItem\",\"position\":6,\"name\":\"SUSZARKI OD\u015aRODKOWE Z WYJMOWANYM KOSZEM (WIR\u00d3WKI) MODEL TA-KC\"}]},{\"@type\":\"WebSite\",\"@id\":\"https:\\\/\\\/fiprocess.pl\\\/#website\",\"url\":\"https:\\\/\\\/fiprocess.pl\\\/\",\"name\":\"Fiprocess\",\"description\":\"mieszalniki wir\u00f3wki m\u0142yny suszarnie\",\"publisher\":{\"@id\":\"https:\\\/\\\/fiprocess.pl\\\/#organization\"},\"potentialAction\":[{\"@type\":\"SearchAction\",\"target\":{\"@type\":\"EntryPoint\",\"urlTemplate\":\"https:\\\/\\\/fiprocess.pl\\\/?s={search_term_string}\"},\"query-input\":{\"@type\":\"PropertyValueSpecification\",\"valueRequired\":true,\"valueName\":\"search_term_string\"}}],\"inLanguage\":\"en-GB\"},{\"@type\":\"Organization\",\"@id\":\"https:\\\/\\\/fiprocess.pl\\\/#organization\",\"name\":\"Fiprocess Sp. z o.o.\",\"url\":\"https:\\\/\\\/fiprocess.pl\\\/\",\"logo\":{\"@type\":\"ImageObject\",\"inLanguage\":\"en-GB\",\"@id\":\"https:\\\/\\\/fiprocess.pl\\\/#\\\/schema\\\/logo\\\/image\\\/\",\"url\":\"https:\\\/\\\/fiprocess.pl\\\/wp-content\\\/uploads\\\/2023\\\/07\\\/logo.png\",\"contentUrl\":\"https:\\\/\\\/fiprocess.pl\\\/wp-content\\\/uploads\\\/2023\\\/07\\\/logo.png\",\"width\":1182,\"height\":260,\"caption\":\"Fiprocess Sp. z o.o.\"},\"image\":{\"@id\":\"https:\\\/\\\/fiprocess.pl\\\/#\\\/schema\\\/logo\\\/image\\\/\"}}]}<\/script>\n<!-- \/ Yoast SEO Premium plugin. -->","yoast_head_json":{"title":"SUSZARKI OD\u015aRODKOWE Z WYJMOWANYM KOSZEM - Fiprocess","description":"SUSZARKI OD\u015aRODKOWE Z WYJMOWANYM KOSZEM MODEL TA-KC. Do cz\u0119\u015bci i\u200a\/\u200alub wi\u00f3r\u00f3w, do odolejania, prania, wirowania, suszenia.","robots":{"index":"index","follow":"follow","max-snippet":"max-snippet:-1","max-image-preview":"max-image-preview:large","max-video-preview":"max-video-preview:-1"},"canonical":"https:\/\/fiprocess.pl\/en\/produkt\/suszarki-odsrodkowe-z-wyjmowanym-koszem-model-ta-kc\/","og_locale":"en_GB","og_type":"article","og_title":"SUSZARKI OD\u015aRODKOWE Z WYJMOWANYM KOSZEM (WIR\u00d3WKI) MODEL TA-KC","og_description":"SUSZARKI OD\u015aRODKOWE Z WYJMOWANYM KOSZEM MODEL TA-KC. Do cz\u0119\u015bci i\u200a\/\u200alub wi\u00f3r\u00f3w, do odolejania, prania, wirowania, suszenia.","og_url":"https:\/\/fiprocess.pl\/en\/produkt\/suszarki-odsrodkowe-z-wyjmowanym-koszem-model-ta-kc\/","og_site_name":"Fiprocess","article_modified_time":"2024-09-30T09:57:56+00:00","og_image":[{"width":750,"height":1000,"url":"https:\/\/fiprocess.pl\/wp-content\/uploads\/2024\/01\/ta-60-vx-kc-600492.jpg","type":"image\/jpeg"}],"twitter_card":"summary_large_image","twitter_misc":{"Estimated reading time":"1 minute"},"schema":{"@context":"https:\/\/schema.org","@graph":[{"@type":"WebPage","@id":"http:\/\/fiprocess.pl\/it\/katalog-maszyn\/essiccatori-centrifughi-a-cestello-estraibile-modello-ta-kc\/","url":"https:\/\/fiprocess.pl\/produkt\/suszarki-odsrodkowe-z-wyjmowanym-koszem-model-ta-kc\/","name":"SUSZARKI OD\u015aRODKOWE Z WYJMOWANYM KOSZEM - Fiprocess","isPartOf":{"@id":"https:\/\/fiprocess.pl\/#website"},"primaryImageOfPage":{"@id":"https:\/\/fiprocess.pl\/produkt\/suszarki-odsrodkowe-z-wyjmowanym-koszem-model-ta-kc\/#primaryimage"},"image":{"@id":"https:\/\/fiprocess.pl\/produkt\/suszarki-odsrodkowe-z-wyjmowanym-koszem-model-ta-kc\/#primaryimage"},"thumbnailUrl":"https:\/\/fiprocess.pl\/wp-content\/uploads\/2024\/01\/ta-60-vx-kc-600492.jpg","datePublished":"2024-01-18T10:51:13+00:00","dateModified":"2024-09-30T09:57:56+00:00","description":"SUSZARKI OD\u015aRODKOWE Z WYJMOWANYM KOSZEM MODEL TA-KC. Do cz\u0119\u015bci i\u200a\/\u200alub wi\u00f3r\u00f3w, do odolejania, prania, wirowania, suszenia.","breadcrumb":{"@id":"https:\/\/fiprocess.pl\/produkt\/suszarki-odsrodkowe-z-wyjmowanym-koszem-model-ta-kc\/#breadcrumb"},"inLanguage":"en-GB","potentialAction":[{"@type":"ReadAction","target":["https:\/\/fiprocess.pl\/produkt\/suszarki-odsrodkowe-z-wyjmowanym-koszem-model-ta-kc\/"]}]},{"@type":"ImageObject","inLanguage":"en-GB","@id":"https:\/\/fiprocess.pl\/produkt\/suszarki-odsrodkowe-z-wyjmowanym-koszem-model-ta-kc\/#primaryimage","url":"https:\/\/fiprocess.pl\/wp-content\/uploads\/2024\/01\/ta-60-vx-kc-600492.jpg","contentUrl":"https:\/\/fiprocess.pl\/wp-content\/uploads\/2024\/01\/ta-60-vx-kc-600492.jpg","width":750,"height":1000,"caption":"SUSZARKI OD\u015aRODKOWE Z WYJMOWANYM KOSZEM MODEL TA-KC"},{"@type":"BreadcrumbList","@id":"https:\/\/fiprocess.pl\/produkt\/suszarki-odsrodkowe-z-wyjmowanym-koszem-model-ta-kc\/#breadcrumb","itemListElement":[{"@type":"ListItem","position":1,"name":"Strona g\u0142\u00f3wna","item":"https:\/\/fiprocess.pl\/"},{"@type":"ListItem","position":2,"name":"Katalog maszyn","item":"https:\/\/fiprocess.pl\/en\/katalog-maszyn\/"},{"@type":"ListItem","position":3,"name":"Wir\u00f3wki koszowe i ekstraktory Rousselet Robatel","item":"https:\/\/fiprocess.pl\/kategoria-produktu\/wirowki-koszowe-i-ekstraktory-rousselet-robatel\/"},{"@type":"ListItem","position":4,"name":"Separacja Cia\u0142o Sta\u0142e\/Ciecz","item":"https:\/\/fiprocess.pl\/kategoria-produktu\/wirowki-koszowe-i-ekstraktory-rousselet-robatel\/separacja-cialo-stale-ciecz\/"},{"@type":"ListItem","position":5,"name":"Przemys\u0142 metalowy i tworzyw","item":"https:\/\/fiprocess.pl\/kategoria-produktu\/wirowki-koszowe-i-ekstraktory-rousselet-robatel\/separacja-cialo-stale-ciecz\/przemysl-metalowy-i-tworzyw\/"},{"@type":"ListItem","position":6,"name":"SUSZARKI OD\u015aRODKOWE Z WYJMOWANYM KOSZEM (WIR\u00d3WKI) MODEL TA-KC"}]},{"@type":"WebSite","@id":"https:\/\/fiprocess.pl\/#website","url":"https:\/\/fiprocess.pl\/","name":"Fiprocess","description":"mieszalniki wir\u00f3wki m\u0142yny suszarnie","publisher":{"@id":"https:\/\/fiprocess.pl\/#organization"},"potentialAction":[{"@type":"SearchAction","target":{"@type":"EntryPoint","urlTemplate":"https:\/\/fiprocess.pl\/?s={search_term_string}"},"query-input":{"@type":"PropertyValueSpecification","valueRequired":true,"valueName":"search_term_string"}}],"inLanguage":"en-GB"},{"@type":"Organization","@id":"https:\/\/fiprocess.pl\/#organization","name":"Fiprocess Sp. z o.o.","url":"https:\/\/fiprocess.pl\/","logo":{"@type":"ImageObject","inLanguage":"en-GB","@id":"https:\/\/fiprocess.pl\/#\/schema\/logo\/image\/","url":"https:\/\/fiprocess.pl\/wp-content\/uploads\/2023\/07\/logo.png","contentUrl":"https:\/\/fiprocess.pl\/wp-content\/uploads\/2023\/07\/logo.png","width":1182,"height":260,"caption":"Fiprocess Sp. z o.o."},"image":{"@id":"https:\/\/fiprocess.pl\/#\/schema\/logo\/image\/"}}]}},"_links":{"self":[{"href":"https:\/\/fiprocess.pl\/en\/wp-json\/wp\/v2\/product\/7377","targetHints":{"allow":["GET"]}}],"collection":[{"href":"https:\/\/fiprocess.pl\/en\/wp-json\/wp\/v2\/product"}],"about":[{"href":"https:\/\/fiprocess.pl\/en\/wp-json\/wp\/v2\/types\/product"}],"wp:featuredmedia":[{"embeddable":true,"href":"https:\/\/fiprocess.pl\/en\/wp-json\/wp\/v2\/media\/7378"}],"wp:attachment":[{"href":"https:\/\/fiprocess.pl\/en\/wp-json\/wp\/v2\/media?parent=7377"}],"wp:term":[{"taxonomy":"product_cat","embeddable":true,"href":"https:\/\/fiprocess.pl\/en\/wp-json\/wp\/v2\/product_cat?post=7377"},{"taxonomy":"product_tag","embeddable":true,"href":"https:\/\/fiprocess.pl\/en\/wp-json\/wp\/v2\/product_tag?post=7377"}],"curies":[{"name":"wp","href":"https:\/\/api.w.org\/{rel}","templated":true}]}}