{"id":7368,"date":"2024-01-18T10:50:02","date_gmt":"2024-01-18T09:50:02","guid":{"rendered":"https:\/\/fiprocess.pl\/?post_type=product&#038;p=7368"},"modified":"2024-09-30T12:03:38","modified_gmt":"2024-09-30T10:03:38","slug":"wirowki-wsadowe-automatyczne-model-typ-rc-vo","status":"publish","type":"product","link":"https:\/\/fiprocess.pl\/en\/katalog-maszyn\/automatic-batch-centrifuges-model-type-rc-vo\/","title":{"rendered":"Automatic batch centrifuges, model TYPE RC-VO"},"excerpt":{"rendered":"<p><span style=\"color: #0000ff;\"><strong>Automatic batch centrifuges model <\/strong><strong>TYPE RC-VO<\/strong><\/span><\/p>\n<p>&nbsp;<\/p>\n<ul>\n<li>Deoiling of short or crushed chips \/ filings (steel, acid-resistant steel, brass, bronze, copper, plastic\u2026)<\/li>\n<\/ul>","protected":false},"featured_media":7369,"template":"","meta":[],"product_cat":[1206],"product_tag":[],"class_list":{"0":"post-7368","1":"product","2":"type-product","3":"status-publish","4":"has-post-thumbnail","6":"product_cat-sektor-metalowy-i-tworzyw","8":"first","9":"instock","10":"shipping-taxable","11":"product-type-simple"},"acf":[],"yoast_head":"<!-- This site is optimized with the Yoast SEO Premium plugin v26.7 (Yoast SEO v27.3) - https:\/\/yoast.com\/product\/yoast-seo-premium-wordpress\/ -->\n<title>Wir\u00f3wki wsadowe automatyczne model TYP RC-VO - Fiprocess<\/title>\n<meta name=\"description\" content=\"Wir\u00f3wki wsadowe automatyczne model TYP RC-VO. Odolejanie wi\u00f3r\u00f3w \/ opi\u0142k\u00f3w (stal, stal kwasoodporna, mosi\u0105dz, br\u0105z, mied\u017a, plastik\u2026)\" \/>\n<meta name=\"robots\" content=\"index, follow, max-snippet:-1, max-image-preview:large, max-video-preview:-1\" \/>\n<link rel=\"canonical\" href=\"https:\/\/fiprocess.pl\/en\/produkt\/wirowki-wsadowe-automatyczne-model-typ-rc-vo\/\" \/>\n<meta property=\"og:locale\" content=\"en_GB\" \/>\n<meta property=\"og:type\" content=\"article\" \/>\n<meta property=\"og:title\" content=\"Wir\u00f3wki wsadowe automatyczne model TYP RC-VO\" \/>\n<meta property=\"og:description\" content=\"Wir\u00f3wki wsadowe automatyczne model TYP RC-VO. Odolejanie wi\u00f3r\u00f3w \/ opi\u0142k\u00f3w (stal, stal kwasoodporna, mosi\u0105dz, br\u0105z, mied\u017a, plastik\u2026)\" \/>\n<meta property=\"og:url\" content=\"https:\/\/fiprocess.pl\/en\/produkt\/wirowki-wsadowe-automatyczne-model-typ-rc-vo\/\" \/>\n<meta property=\"og:site_name\" content=\"Fiprocess\" \/>\n<meta property=\"article:modified_time\" content=\"2024-09-30T10:03:38+00:00\" \/>\n<meta property=\"og:image\" content=\"https:\/\/fiprocess.pl\/wp-content\/uploads\/2024\/01\/id-45236-rc45vxvoc2-09hd-5cfa39c4.jpg\" \/>\n\t<meta property=\"og:image:width\" content=\"1171\" \/>\n\t<meta property=\"og:image:height\" content=\"907\" \/>\n\t<meta property=\"og:image:type\" content=\"image\/jpeg\" \/>\n<meta name=\"twitter:card\" content=\"summary_large_image\" \/>\n<meta name=\"twitter:label1\" content=\"Estimated reading time\" \/>\n\t<meta name=\"twitter:data1\" content=\"1 minute\" \/>\n<script type=\"application\/ld+json\" class=\"yoast-schema-graph\">{\"@context\":\"https:\\\/\\\/schema.org\",\"@graph\":[{\"@type\":\"WebPage\",\"@id\":\"https:\\\/\\\/fiprocess.pl\\\/katalog-maszyn\\\/wirowki-wsadowe-automatyczne-model-typ-rc-vo\\\/\",\"url\":\"https:\\\/\\\/fiprocess.pl\\\/produkt\\\/wirowki-wsadowe-automatyczne-model-typ-rc-vo\\\/\",\"name\":\"Wir\u00f3wki wsadowe automatyczne model TYP RC-VO - Fiprocess\",\"isPartOf\":{\"@id\":\"https:\\\/\\\/fiprocess.pl\\\/#website\"},\"primaryImageOfPage\":{\"@id\":\"https:\\\/\\\/fiprocess.pl\\\/produkt\\\/wirowki-wsadowe-automatyczne-model-typ-rc-vo\\\/#primaryimage\"},\"image\":{\"@id\":\"https:\\\/\\\/fiprocess.pl\\\/produkt\\\/wirowki-wsadowe-automatyczne-model-typ-rc-vo\\\/#primaryimage\"},\"thumbnailUrl\":\"https:\\\/\\\/fiprocess.pl\\\/wp-content\\\/uploads\\\/2024\\\/01\\\/id-45236-rc45vxvoc2-09hd-5cfa39c4.jpg\",\"datePublished\":\"2024-01-18T09:50:02+00:00\",\"dateModified\":\"2024-09-30T10:03:38+00:00\",\"description\":\"Wir\u00f3wki wsadowe automatyczne model TYP RC-VO. Odolejanie wi\u00f3r\u00f3w \\\/ opi\u0142k\u00f3w (stal, stal kwasoodporna, mosi\u0105dz, br\u0105z, mied\u017a, plastik\u2026)\",\"breadcrumb\":{\"@id\":\"https:\\\/\\\/fiprocess.pl\\\/produkt\\\/wirowki-wsadowe-automatyczne-model-typ-rc-vo\\\/#breadcrumb\"},\"inLanguage\":\"en-GB\",\"potentialAction\":[{\"@type\":\"ReadAction\",\"target\":[\"https:\\\/\\\/fiprocess.pl\\\/produkt\\\/wirowki-wsadowe-automatyczne-model-typ-rc-vo\\\/\"]}]},{\"@type\":\"ImageObject\",\"inLanguage\":\"en-GB\",\"@id\":\"https:\\\/\\\/fiprocess.pl\\\/produkt\\\/wirowki-wsadowe-automatyczne-model-typ-rc-vo\\\/#primaryimage\",\"url\":\"https:\\\/\\\/fiprocess.pl\\\/wp-content\\\/uploads\\\/2024\\\/01\\\/id-45236-rc45vxvoc2-09hd-5cfa39c4.jpg\",\"contentUrl\":\"https:\\\/\\\/fiprocess.pl\\\/wp-content\\\/uploads\\\/2024\\\/01\\\/id-45236-rc45vxvoc2-09hd-5cfa39c4.jpg\",\"width\":1171,\"height\":907,\"caption\":\"Wir\u00f3wki wsadowe automatyczne model TYP RC-VO\"},{\"@type\":\"BreadcrumbList\",\"@id\":\"https:\\\/\\\/fiprocess.pl\\\/produkt\\\/wirowki-wsadowe-automatyczne-model-typ-rc-vo\\\/#breadcrumb\",\"itemListElement\":[{\"@type\":\"ListItem\",\"position\":1,\"name\":\"Strona g\u0142\u00f3wna\",\"item\":\"https:\\\/\\\/fiprocess.pl\\\/\"},{\"@type\":\"ListItem\",\"position\":2,\"name\":\"Katalog maszyn\",\"item\":\"https:\\\/\\\/fiprocess.pl\\\/en\\\/katalog-maszyn\\\/\"},{\"@type\":\"ListItem\",\"position\":3,\"name\":\"Wir\u00f3wki koszowe i ekstraktory Rousselet Robatel\",\"item\":\"https:\\\/\\\/fiprocess.pl\\\/kategoria-produktu\\\/wirowki-koszowe-i-ekstraktory-rousselet-robatel\\\/\"},{\"@type\":\"ListItem\",\"position\":4,\"name\":\"Wir\u00f3wki koszowe produkcyjne\",\"item\":\"https:\\\/\\\/fiprocess.pl\\\/kategoria-produktu\\\/wirowki-koszowe-i-ekstraktory-rousselet-robatel\\\/wirowki-koszowe-produkcyjne\\\/\"},{\"@type\":\"ListItem\",\"position\":5,\"name\":\"Sektor metalowy i tworzyw\",\"item\":\"https:\\\/\\\/fiprocess.pl\\\/kategoria-produktu\\\/wirowki-koszowe-i-ekstraktory-rousselet-robatel\\\/wirowki-koszowe-produkcyjne\\\/sektor-metalowy-i-tworzyw\\\/\"},{\"@type\":\"ListItem\",\"position\":6,\"name\":\"Wir\u00f3wki wsadowe automatyczne model TYP RC-VO\"}]},{\"@type\":\"WebSite\",\"@id\":\"https:\\\/\\\/fiprocess.pl\\\/#website\",\"url\":\"https:\\\/\\\/fiprocess.pl\\\/\",\"name\":\"Fiprocess\",\"description\":\"mieszalniki wir\u00f3wki m\u0142yny suszarnie\",\"publisher\":{\"@id\":\"https:\\\/\\\/fiprocess.pl\\\/#organization\"},\"potentialAction\":[{\"@type\":\"SearchAction\",\"target\":{\"@type\":\"EntryPoint\",\"urlTemplate\":\"https:\\\/\\\/fiprocess.pl\\\/?s={search_term_string}\"},\"query-input\":{\"@type\":\"PropertyValueSpecification\",\"valueRequired\":true,\"valueName\":\"search_term_string\"}}],\"inLanguage\":\"en-GB\"},{\"@type\":\"Organization\",\"@id\":\"https:\\\/\\\/fiprocess.pl\\\/#organization\",\"name\":\"Fiprocess Sp. z o.o.\",\"url\":\"https:\\\/\\\/fiprocess.pl\\\/\",\"logo\":{\"@type\":\"ImageObject\",\"inLanguage\":\"en-GB\",\"@id\":\"https:\\\/\\\/fiprocess.pl\\\/#\\\/schema\\\/logo\\\/image\\\/\",\"url\":\"https:\\\/\\\/fiprocess.pl\\\/wp-content\\\/uploads\\\/2023\\\/07\\\/logo.png\",\"contentUrl\":\"https:\\\/\\\/fiprocess.pl\\\/wp-content\\\/uploads\\\/2023\\\/07\\\/logo.png\",\"width\":1182,\"height\":260,\"caption\":\"Fiprocess Sp. z o.o.\"},\"image\":{\"@id\":\"https:\\\/\\\/fiprocess.pl\\\/#\\\/schema\\\/logo\\\/image\\\/\"}}]}<\/script>\n<!-- \/ Yoast SEO Premium plugin. -->","yoast_head_json":{"title":"Wir\u00f3wki wsadowe automatyczne model TYP RC-VO - Fiprocess","description":"Wir\u00f3wki wsadowe automatyczne model TYP RC-VO. Odolejanie wi\u00f3r\u00f3w \/ opi\u0142k\u00f3w (stal, stal kwasoodporna, mosi\u0105dz, br\u0105z, mied\u017a, plastik\u2026)","robots":{"index":"index","follow":"follow","max-snippet":"max-snippet:-1","max-image-preview":"max-image-preview:large","max-video-preview":"max-video-preview:-1"},"canonical":"https:\/\/fiprocess.pl\/en\/produkt\/wirowki-wsadowe-automatyczne-model-typ-rc-vo\/","og_locale":"en_GB","og_type":"article","og_title":"Wir\u00f3wki wsadowe automatyczne model TYP RC-VO","og_description":"Wir\u00f3wki wsadowe automatyczne model TYP RC-VO. Odolejanie wi\u00f3r\u00f3w \/ opi\u0142k\u00f3w (stal, stal kwasoodporna, mosi\u0105dz, br\u0105z, mied\u017a, plastik\u2026)","og_url":"https:\/\/fiprocess.pl\/en\/produkt\/wirowki-wsadowe-automatyczne-model-typ-rc-vo\/","og_site_name":"Fiprocess","article_modified_time":"2024-09-30T10:03:38+00:00","og_image":[{"width":1171,"height":907,"url":"https:\/\/fiprocess.pl\/wp-content\/uploads\/2024\/01\/id-45236-rc45vxvoc2-09hd-5cfa39c4.jpg","type":"image\/jpeg"}],"twitter_card":"summary_large_image","twitter_misc":{"Estimated reading time":"1 minute"},"schema":{"@context":"https:\/\/schema.org","@graph":[{"@type":"WebPage","@id":"https:\/\/fiprocess.pl\/katalog-maszyn\/wirowki-wsadowe-automatyczne-model-typ-rc-vo\/","url":"https:\/\/fiprocess.pl\/produkt\/wirowki-wsadowe-automatyczne-model-typ-rc-vo\/","name":"Wir\u00f3wki wsadowe automatyczne model TYP RC-VO - Fiprocess","isPartOf":{"@id":"https:\/\/fiprocess.pl\/#website"},"primaryImageOfPage":{"@id":"https:\/\/fiprocess.pl\/produkt\/wirowki-wsadowe-automatyczne-model-typ-rc-vo\/#primaryimage"},"image":{"@id":"https:\/\/fiprocess.pl\/produkt\/wirowki-wsadowe-automatyczne-model-typ-rc-vo\/#primaryimage"},"thumbnailUrl":"https:\/\/fiprocess.pl\/wp-content\/uploads\/2024\/01\/id-45236-rc45vxvoc2-09hd-5cfa39c4.jpg","datePublished":"2024-01-18T09:50:02+00:00","dateModified":"2024-09-30T10:03:38+00:00","description":"Wir\u00f3wki wsadowe automatyczne model TYP RC-VO. Odolejanie wi\u00f3r\u00f3w \/ opi\u0142k\u00f3w (stal, stal kwasoodporna, mosi\u0105dz, br\u0105z, mied\u017a, plastik\u2026)","breadcrumb":{"@id":"https:\/\/fiprocess.pl\/produkt\/wirowki-wsadowe-automatyczne-model-typ-rc-vo\/#breadcrumb"},"inLanguage":"en-GB","potentialAction":[{"@type":"ReadAction","target":["https:\/\/fiprocess.pl\/produkt\/wirowki-wsadowe-automatyczne-model-typ-rc-vo\/"]}]},{"@type":"ImageObject","inLanguage":"en-GB","@id":"https:\/\/fiprocess.pl\/produkt\/wirowki-wsadowe-automatyczne-model-typ-rc-vo\/#primaryimage","url":"https:\/\/fiprocess.pl\/wp-content\/uploads\/2024\/01\/id-45236-rc45vxvoc2-09hd-5cfa39c4.jpg","contentUrl":"https:\/\/fiprocess.pl\/wp-content\/uploads\/2024\/01\/id-45236-rc45vxvoc2-09hd-5cfa39c4.jpg","width":1171,"height":907,"caption":"Wir\u00f3wki wsadowe automatyczne model TYP RC-VO"},{"@type":"BreadcrumbList","@id":"https:\/\/fiprocess.pl\/produkt\/wirowki-wsadowe-automatyczne-model-typ-rc-vo\/#breadcrumb","itemListElement":[{"@type":"ListItem","position":1,"name":"Strona g\u0142\u00f3wna","item":"https:\/\/fiprocess.pl\/"},{"@type":"ListItem","position":2,"name":"Katalog maszyn","item":"https:\/\/fiprocess.pl\/en\/katalog-maszyn\/"},{"@type":"ListItem","position":3,"name":"Wir\u00f3wki koszowe i ekstraktory Rousselet Robatel","item":"https:\/\/fiprocess.pl\/kategoria-produktu\/wirowki-koszowe-i-ekstraktory-rousselet-robatel\/"},{"@type":"ListItem","position":4,"name":"Wir\u00f3wki koszowe produkcyjne","item":"https:\/\/fiprocess.pl\/kategoria-produktu\/wirowki-koszowe-i-ekstraktory-rousselet-robatel\/wirowki-koszowe-produkcyjne\/"},{"@type":"ListItem","position":5,"name":"Sektor metalowy i tworzyw","item":"https:\/\/fiprocess.pl\/kategoria-produktu\/wirowki-koszowe-i-ekstraktory-rousselet-robatel\/wirowki-koszowe-produkcyjne\/sektor-metalowy-i-tworzyw\/"},{"@type":"ListItem","position":6,"name":"Wir\u00f3wki wsadowe automatyczne model TYP RC-VO"}]},{"@type":"WebSite","@id":"https:\/\/fiprocess.pl\/#website","url":"https:\/\/fiprocess.pl\/","name":"Fiprocess","description":"mieszalniki wir\u00f3wki m\u0142yny suszarnie","publisher":{"@id":"https:\/\/fiprocess.pl\/#organization"},"potentialAction":[{"@type":"SearchAction","target":{"@type":"EntryPoint","urlTemplate":"https:\/\/fiprocess.pl\/?s={search_term_string}"},"query-input":{"@type":"PropertyValueSpecification","valueRequired":true,"valueName":"search_term_string"}}],"inLanguage":"en-GB"},{"@type":"Organization","@id":"https:\/\/fiprocess.pl\/#organization","name":"Fiprocess Sp. z o.o.","url":"https:\/\/fiprocess.pl\/","logo":{"@type":"ImageObject","inLanguage":"en-GB","@id":"https:\/\/fiprocess.pl\/#\/schema\/logo\/image\/","url":"https:\/\/fiprocess.pl\/wp-content\/uploads\/2023\/07\/logo.png","contentUrl":"https:\/\/fiprocess.pl\/wp-content\/uploads\/2023\/07\/logo.png","width":1182,"height":260,"caption":"Fiprocess Sp. z o.o."},"image":{"@id":"https:\/\/fiprocess.pl\/#\/schema\/logo\/image\/"}}]}},"_links":{"self":[{"href":"https:\/\/fiprocess.pl\/en\/wp-json\/wp\/v2\/product\/7368","targetHints":{"allow":["GET"]}}],"collection":[{"href":"https:\/\/fiprocess.pl\/en\/wp-json\/wp\/v2\/product"}],"about":[{"href":"https:\/\/fiprocess.pl\/en\/wp-json\/wp\/v2\/types\/product"}],"wp:featuredmedia":[{"embeddable":true,"href":"https:\/\/fiprocess.pl\/en\/wp-json\/wp\/v2\/media\/7369"}],"wp:attachment":[{"href":"https:\/\/fiprocess.pl\/en\/wp-json\/wp\/v2\/media?parent=7368"}],"wp:term":[{"taxonomy":"product_cat","embeddable":true,"href":"https:\/\/fiprocess.pl\/en\/wp-json\/wp\/v2\/product_cat?post=7368"},{"taxonomy":"product_tag","embeddable":true,"href":"https:\/\/fiprocess.pl\/en\/wp-json\/wp\/v2\/product_tag?post=7368"}],"curies":[{"name":"wp","href":"https:\/\/api.w.org\/{rel}","templated":true}]}}