{"id":7351,"date":"2024-01-17T17:45:12","date_gmt":"2024-01-17T16:45:12","guid":{"rendered":"https:\/\/fiprocess.pl\/?post_type=product&#038;p=7351"},"modified":"2025-01-27T19:18:32","modified_gmt":"2025-01-27T18:18:32","slug":"wirowki-odsrodkowe-o-dzialaniu-ciaglym-do-luznych-wlokien-tekstylnych-typ-scpc-te","status":"publish","type":"product","link":"https:\/\/fiprocess.pl\/en\/katalog-maszyn\/continuous-centrifugal-separators-for-loose-textile-fibres-type-scpc-te\/","title":{"rendered":"Continuous centrifugal centrifuges for loose textile fibers, type SCPC-TE"},"excerpt":{"rendered":"<p><span style=\"color: #0000ff;\"><strong>Continuous centrifugal centrifuges for the textile industry, model SCPC-TE<\/strong><\/span><\/p>\n<p>&nbsp;<\/p>\n<p>https:\/\/www.youtube.com\/watch?v=XTaEFhSmK3s<\/p>\n<p>&nbsp;<\/p>\n<p>&nbsp;<\/p>\n<p>&nbsp;<\/p>","protected":false},"featured_media":7353,"template":"","meta":[],"product_cat":[1207],"product_tag":[],"class_list":{"0":"post-7351","1":"product","2":"type-product","3":"status-publish","4":"has-post-thumbnail","6":"product_cat-sektor-tekstylny","8":"first","9":"instock","10":"shipping-taxable","11":"product-type-simple"},"acf":[],"yoast_head":"<!-- This site is optimized with the Yoast SEO Premium plugin v26.7 (Yoast SEO v27.3) - https:\/\/yoast.com\/product\/yoast-seo-premium-wordpress\/ -->\n<title>Wir\u00f3wki od\u015brodkowe o dzia\u0142aniu ci\u0105g\u0142ym do przemys\u0142u tekstylnego - Fiprocess<\/title>\n<meta name=\"description\" content=\"Wir\u00f3wki od\u015brodkowe o dzia\u0142aniu ci\u0105g\u0142ym do przemys\u0142u tekstylnego - ci\u0105g\u0142a ekstrakcja poprzez prac\u0119 na cienkiej warstwie w\u0142\u00f3kien\" \/>\n<meta name=\"robots\" content=\"index, follow, max-snippet:-1, max-image-preview:large, max-video-preview:-1\" \/>\n<link rel=\"canonical\" href=\"https:\/\/fiprocess.pl\/en\/produkt\/wirowki-odsrodkowe-o-dzialaniu-ciaglym-do-luznych-wlokien-tekstylnych-typ-scpc-te\/\" \/>\n<meta property=\"og:locale\" content=\"en_GB\" \/>\n<meta property=\"og:type\" content=\"article\" \/>\n<meta property=\"og:title\" content=\"Wir\u00f3wki od\u015brodkowe o dzia\u0142aniu ci\u0105g\u0142ym do lu\u017anych w\u0142\u00f3kien tekstylnych typ SCPC-TE\" \/>\n<meta property=\"og:description\" content=\"Wir\u00f3wki od\u015brodkowe o dzia\u0142aniu ci\u0105g\u0142ym do przemys\u0142u tekstylnego - ci\u0105g\u0142a ekstrakcja poprzez prac\u0119 na cienkiej warstwie w\u0142\u00f3kien\" \/>\n<meta property=\"og:url\" content=\"https:\/\/fiprocess.pl\/en\/produkt\/wirowki-odsrodkowe-o-dzialaniu-ciaglym-do-luznych-wlokien-tekstylnych-typ-scpc-te\/\" \/>\n<meta property=\"og:site_name\" content=\"Fiprocess\" \/>\n<meta property=\"article:modified_time\" content=\"2025-01-27T18:18:32+00:00\" \/>\n<meta property=\"og:image\" content=\"https:\/\/fiprocess.pl\/wp-content\/uploads\/2024\/01\/scpc-te-3.jpg\" \/>\n\t<meta property=\"og:image:width\" content=\"1500\" \/>\n\t<meta property=\"og:image:height\" content=\"1464\" \/>\n\t<meta property=\"og:image:type\" content=\"image\/jpeg\" \/>\n<meta name=\"twitter:card\" content=\"summary_large_image\" \/>\n<meta name=\"twitter:label1\" content=\"Estimated reading time\" \/>\n\t<meta name=\"twitter:data1\" content=\"1 minute\" \/>\n<script type=\"application\/ld+json\" class=\"yoast-schema-graph\">{\"@context\":\"https:\\\/\\\/schema.org\",\"@graph\":[{\"@type\":\"WebPage\",\"@id\":\"https:\\\/\\\/fiprocess.pl\\\/katalog-maszyn\\\/wirowki-odsrodkowe-o-dzialaniu-ciaglym-do-luznych-wlokien-tekstylnych-typ-scpc-te\\\/\",\"url\":\"https:\\\/\\\/fiprocess.pl\\\/produkt\\\/wirowki-odsrodkowe-o-dzialaniu-ciaglym-do-luznych-wlokien-tekstylnych-typ-scpc-te\\\/\",\"name\":\"Wir\u00f3wki od\u015brodkowe o dzia\u0142aniu ci\u0105g\u0142ym do przemys\u0142u tekstylnego - Fiprocess\",\"isPartOf\":{\"@id\":\"https:\\\/\\\/fiprocess.pl\\\/#website\"},\"primaryImageOfPage\":{\"@id\":\"https:\\\/\\\/fiprocess.pl\\\/produkt\\\/wirowki-odsrodkowe-o-dzialaniu-ciaglym-do-luznych-wlokien-tekstylnych-typ-scpc-te\\\/#primaryimage\"},\"image\":{\"@id\":\"https:\\\/\\\/fiprocess.pl\\\/produkt\\\/wirowki-odsrodkowe-o-dzialaniu-ciaglym-do-luznych-wlokien-tekstylnych-typ-scpc-te\\\/#primaryimage\"},\"thumbnailUrl\":\"https:\\\/\\\/fiprocess.pl\\\/wp-content\\\/uploads\\\/2024\\\/01\\\/scpc-te-3.jpg\",\"datePublished\":\"2024-01-17T16:45:12+00:00\",\"dateModified\":\"2025-01-27T18:18:32+00:00\",\"description\":\"Wir\u00f3wki od\u015brodkowe o dzia\u0142aniu ci\u0105g\u0142ym do przemys\u0142u tekstylnego - ci\u0105g\u0142a ekstrakcja poprzez prac\u0119 na cienkiej warstwie w\u0142\u00f3kien\",\"breadcrumb\":{\"@id\":\"https:\\\/\\\/fiprocess.pl\\\/produkt\\\/wirowki-odsrodkowe-o-dzialaniu-ciaglym-do-luznych-wlokien-tekstylnych-typ-scpc-te\\\/#breadcrumb\"},\"inLanguage\":\"en-GB\",\"potentialAction\":[{\"@type\":\"ReadAction\",\"target\":[\"https:\\\/\\\/fiprocess.pl\\\/produkt\\\/wirowki-odsrodkowe-o-dzialaniu-ciaglym-do-luznych-wlokien-tekstylnych-typ-scpc-te\\\/\"]}]},{\"@type\":\"ImageObject\",\"inLanguage\":\"en-GB\",\"@id\":\"https:\\\/\\\/fiprocess.pl\\\/produkt\\\/wirowki-odsrodkowe-o-dzialaniu-ciaglym-do-luznych-wlokien-tekstylnych-typ-scpc-te\\\/#primaryimage\",\"url\":\"https:\\\/\\\/fiprocess.pl\\\/wp-content\\\/uploads\\\/2024\\\/01\\\/scpc-te-3.jpg\",\"contentUrl\":\"https:\\\/\\\/fiprocess.pl\\\/wp-content\\\/uploads\\\/2024\\\/01\\\/scpc-te-3.jpg\",\"width\":1500,\"height\":1464,\"caption\":\"SCPCE TE\"},{\"@type\":\"BreadcrumbList\",\"@id\":\"https:\\\/\\\/fiprocess.pl\\\/produkt\\\/wirowki-odsrodkowe-o-dzialaniu-ciaglym-do-luznych-wlokien-tekstylnych-typ-scpc-te\\\/#breadcrumb\",\"itemListElement\":[{\"@type\":\"ListItem\",\"position\":1,\"name\":\"Strona g\u0142\u00f3wna\",\"item\":\"https:\\\/\\\/fiprocess.pl\\\/\"},{\"@type\":\"ListItem\",\"position\":2,\"name\":\"Katalog maszyn\",\"item\":\"https:\\\/\\\/fiprocess.pl\\\/en\\\/katalog-maszyn\\\/\"},{\"@type\":\"ListItem\",\"position\":3,\"name\":\"Wir\u00f3wki koszowe i ekstraktory Rousselet Robatel\",\"item\":\"https:\\\/\\\/fiprocess.pl\\\/kategoria-produktu\\\/wirowki-koszowe-i-ekstraktory-rousselet-robatel\\\/\"},{\"@type\":\"ListItem\",\"position\":4,\"name\":\"Wir\u00f3wki koszowe produkcyjne\",\"item\":\"https:\\\/\\\/fiprocess.pl\\\/kategoria-produktu\\\/wirowki-koszowe-i-ekstraktory-rousselet-robatel\\\/wirowki-koszowe-produkcyjne\\\/\"},{\"@type\":\"ListItem\",\"position\":5,\"name\":\"Sektor tekstylny\",\"item\":\"https:\\\/\\\/fiprocess.pl\\\/kategoria-produktu\\\/wirowki-koszowe-i-ekstraktory-rousselet-robatel\\\/wirowki-koszowe-produkcyjne\\\/sektor-tekstylny\\\/\"},{\"@type\":\"ListItem\",\"position\":6,\"name\":\"Wir\u00f3wki od\u015brodkowe o dzia\u0142aniu ci\u0105g\u0142ym do lu\u017anych w\u0142\u00f3kien tekstylnych typ SCPC-TE\"}]},{\"@type\":\"WebSite\",\"@id\":\"https:\\\/\\\/fiprocess.pl\\\/#website\",\"url\":\"https:\\\/\\\/fiprocess.pl\\\/\",\"name\":\"Fiprocess\",\"description\":\"mieszalniki wir\u00f3wki m\u0142yny suszarnie\",\"publisher\":{\"@id\":\"https:\\\/\\\/fiprocess.pl\\\/#organization\"},\"potentialAction\":[{\"@type\":\"SearchAction\",\"target\":{\"@type\":\"EntryPoint\",\"urlTemplate\":\"https:\\\/\\\/fiprocess.pl\\\/?s={search_term_string}\"},\"query-input\":{\"@type\":\"PropertyValueSpecification\",\"valueRequired\":true,\"valueName\":\"search_term_string\"}}],\"inLanguage\":\"en-GB\"},{\"@type\":\"Organization\",\"@id\":\"https:\\\/\\\/fiprocess.pl\\\/#organization\",\"name\":\"Fiprocess Sp. z o.o.\",\"url\":\"https:\\\/\\\/fiprocess.pl\\\/\",\"logo\":{\"@type\":\"ImageObject\",\"inLanguage\":\"en-GB\",\"@id\":\"https:\\\/\\\/fiprocess.pl\\\/#\\\/schema\\\/logo\\\/image\\\/\",\"url\":\"https:\\\/\\\/fiprocess.pl\\\/wp-content\\\/uploads\\\/2023\\\/07\\\/logo.png\",\"contentUrl\":\"https:\\\/\\\/fiprocess.pl\\\/wp-content\\\/uploads\\\/2023\\\/07\\\/logo.png\",\"width\":1182,\"height\":260,\"caption\":\"Fiprocess Sp. z o.o.\"},\"image\":{\"@id\":\"https:\\\/\\\/fiprocess.pl\\\/#\\\/schema\\\/logo\\\/image\\\/\"}}]}<\/script>\n<!-- \/ Yoast SEO Premium plugin. -->","yoast_head_json":{"title":"Wir\u00f3wki od\u015brodkowe o dzia\u0142aniu ci\u0105g\u0142ym do przemys\u0142u tekstylnego - Fiprocess","description":"Wir\u00f3wki od\u015brodkowe o dzia\u0142aniu ci\u0105g\u0142ym do przemys\u0142u tekstylnego - ci\u0105g\u0142a ekstrakcja poprzez prac\u0119 na cienkiej warstwie w\u0142\u00f3kien","robots":{"index":"index","follow":"follow","max-snippet":"max-snippet:-1","max-image-preview":"max-image-preview:large","max-video-preview":"max-video-preview:-1"},"canonical":"https:\/\/fiprocess.pl\/en\/produkt\/wirowki-odsrodkowe-o-dzialaniu-ciaglym-do-luznych-wlokien-tekstylnych-typ-scpc-te\/","og_locale":"en_GB","og_type":"article","og_title":"Wir\u00f3wki od\u015brodkowe o dzia\u0142aniu ci\u0105g\u0142ym do lu\u017anych w\u0142\u00f3kien tekstylnych typ SCPC-TE","og_description":"Wir\u00f3wki od\u015brodkowe o dzia\u0142aniu ci\u0105g\u0142ym do przemys\u0142u tekstylnego - ci\u0105g\u0142a ekstrakcja poprzez prac\u0119 na cienkiej warstwie w\u0142\u00f3kien","og_url":"https:\/\/fiprocess.pl\/en\/produkt\/wirowki-odsrodkowe-o-dzialaniu-ciaglym-do-luznych-wlokien-tekstylnych-typ-scpc-te\/","og_site_name":"Fiprocess","article_modified_time":"2025-01-27T18:18:32+00:00","og_image":[{"width":1500,"height":1464,"url":"https:\/\/fiprocess.pl\/wp-content\/uploads\/2024\/01\/scpc-te-3.jpg","type":"image\/jpeg"}],"twitter_card":"summary_large_image","twitter_misc":{"Estimated reading time":"1 minute"},"schema":{"@context":"https:\/\/schema.org","@graph":[{"@type":"WebPage","@id":"https:\/\/fiprocess.pl\/katalog-maszyn\/wirowki-odsrodkowe-o-dzialaniu-ciaglym-do-luznych-wlokien-tekstylnych-typ-scpc-te\/","url":"https:\/\/fiprocess.pl\/produkt\/wirowki-odsrodkowe-o-dzialaniu-ciaglym-do-luznych-wlokien-tekstylnych-typ-scpc-te\/","name":"Wir\u00f3wki od\u015brodkowe o dzia\u0142aniu ci\u0105g\u0142ym do przemys\u0142u tekstylnego - Fiprocess","isPartOf":{"@id":"https:\/\/fiprocess.pl\/#website"},"primaryImageOfPage":{"@id":"https:\/\/fiprocess.pl\/produkt\/wirowki-odsrodkowe-o-dzialaniu-ciaglym-do-luznych-wlokien-tekstylnych-typ-scpc-te\/#primaryimage"},"image":{"@id":"https:\/\/fiprocess.pl\/produkt\/wirowki-odsrodkowe-o-dzialaniu-ciaglym-do-luznych-wlokien-tekstylnych-typ-scpc-te\/#primaryimage"},"thumbnailUrl":"https:\/\/fiprocess.pl\/wp-content\/uploads\/2024\/01\/scpc-te-3.jpg","datePublished":"2024-01-17T16:45:12+00:00","dateModified":"2025-01-27T18:18:32+00:00","description":"Wir\u00f3wki od\u015brodkowe o dzia\u0142aniu ci\u0105g\u0142ym do przemys\u0142u tekstylnego - ci\u0105g\u0142a ekstrakcja poprzez prac\u0119 na cienkiej warstwie w\u0142\u00f3kien","breadcrumb":{"@id":"https:\/\/fiprocess.pl\/produkt\/wirowki-odsrodkowe-o-dzialaniu-ciaglym-do-luznych-wlokien-tekstylnych-typ-scpc-te\/#breadcrumb"},"inLanguage":"en-GB","potentialAction":[{"@type":"ReadAction","target":["https:\/\/fiprocess.pl\/produkt\/wirowki-odsrodkowe-o-dzialaniu-ciaglym-do-luznych-wlokien-tekstylnych-typ-scpc-te\/"]}]},{"@type":"ImageObject","inLanguage":"en-GB","@id":"https:\/\/fiprocess.pl\/produkt\/wirowki-odsrodkowe-o-dzialaniu-ciaglym-do-luznych-wlokien-tekstylnych-typ-scpc-te\/#primaryimage","url":"https:\/\/fiprocess.pl\/wp-content\/uploads\/2024\/01\/scpc-te-3.jpg","contentUrl":"https:\/\/fiprocess.pl\/wp-content\/uploads\/2024\/01\/scpc-te-3.jpg","width":1500,"height":1464,"caption":"SCPCE TE"},{"@type":"BreadcrumbList","@id":"https:\/\/fiprocess.pl\/produkt\/wirowki-odsrodkowe-o-dzialaniu-ciaglym-do-luznych-wlokien-tekstylnych-typ-scpc-te\/#breadcrumb","itemListElement":[{"@type":"ListItem","position":1,"name":"Strona g\u0142\u00f3wna","item":"https:\/\/fiprocess.pl\/"},{"@type":"ListItem","position":2,"name":"Katalog maszyn","item":"https:\/\/fiprocess.pl\/en\/katalog-maszyn\/"},{"@type":"ListItem","position":3,"name":"Wir\u00f3wki koszowe i ekstraktory Rousselet Robatel","item":"https:\/\/fiprocess.pl\/kategoria-produktu\/wirowki-koszowe-i-ekstraktory-rousselet-robatel\/"},{"@type":"ListItem","position":4,"name":"Wir\u00f3wki koszowe produkcyjne","item":"https:\/\/fiprocess.pl\/kategoria-produktu\/wirowki-koszowe-i-ekstraktory-rousselet-robatel\/wirowki-koszowe-produkcyjne\/"},{"@type":"ListItem","position":5,"name":"Sektor tekstylny","item":"https:\/\/fiprocess.pl\/kategoria-produktu\/wirowki-koszowe-i-ekstraktory-rousselet-robatel\/wirowki-koszowe-produkcyjne\/sektor-tekstylny\/"},{"@type":"ListItem","position":6,"name":"Wir\u00f3wki od\u015brodkowe o dzia\u0142aniu ci\u0105g\u0142ym do lu\u017anych w\u0142\u00f3kien tekstylnych typ SCPC-TE"}]},{"@type":"WebSite","@id":"https:\/\/fiprocess.pl\/#website","url":"https:\/\/fiprocess.pl\/","name":"Fiprocess","description":"mieszalniki wir\u00f3wki m\u0142yny suszarnie","publisher":{"@id":"https:\/\/fiprocess.pl\/#organization"},"potentialAction":[{"@type":"SearchAction","target":{"@type":"EntryPoint","urlTemplate":"https:\/\/fiprocess.pl\/?s={search_term_string}"},"query-input":{"@type":"PropertyValueSpecification","valueRequired":true,"valueName":"search_term_string"}}],"inLanguage":"en-GB"},{"@type":"Organization","@id":"https:\/\/fiprocess.pl\/#organization","name":"Fiprocess Sp. z o.o.","url":"https:\/\/fiprocess.pl\/","logo":{"@type":"ImageObject","inLanguage":"en-GB","@id":"https:\/\/fiprocess.pl\/#\/schema\/logo\/image\/","url":"https:\/\/fiprocess.pl\/wp-content\/uploads\/2023\/07\/logo.png","contentUrl":"https:\/\/fiprocess.pl\/wp-content\/uploads\/2023\/07\/logo.png","width":1182,"height":260,"caption":"Fiprocess Sp. z o.o."},"image":{"@id":"https:\/\/fiprocess.pl\/#\/schema\/logo\/image\/"}}]}},"_links":{"self":[{"href":"https:\/\/fiprocess.pl\/en\/wp-json\/wp\/v2\/product\/7351","targetHints":{"allow":["GET"]}}],"collection":[{"href":"https:\/\/fiprocess.pl\/en\/wp-json\/wp\/v2\/product"}],"about":[{"href":"https:\/\/fiprocess.pl\/en\/wp-json\/wp\/v2\/types\/product"}],"wp:featuredmedia":[{"embeddable":true,"href":"https:\/\/fiprocess.pl\/en\/wp-json\/wp\/v2\/media\/7353"}],"wp:attachment":[{"href":"https:\/\/fiprocess.pl\/en\/wp-json\/wp\/v2\/media?parent=7351"}],"wp:term":[{"taxonomy":"product_cat","embeddable":true,"href":"https:\/\/fiprocess.pl\/en\/wp-json\/wp\/v2\/product_cat?post=7351"},{"taxonomy":"product_tag","embeddable":true,"href":"https:\/\/fiprocess.pl\/en\/wp-json\/wp\/v2\/product_tag?post=7351"}],"curies":[{"name":"wp","href":"https:\/\/api.w.org\/{rel}","templated":true}]}}