{"id":7309,"date":"2024-01-16T10:51:14","date_gmt":"2024-01-16T09:51:14","guid":{"rendered":"https:\/\/fiprocess.pl\/?post_type=product&#038;p=7309"},"modified":"2025-02-04T10:10:02","modified_gmt":"2025-02-04T09:10:02","slug":"dekantery-odsrodkowe-rousselet-robatel","status":"publish","type":"product","link":"https:\/\/fiprocess.pl\/en\/katalog-maszyn\/centrifugal-decanters-rousselet-robatel\/","title":{"rendered":"ROUSSELET ROBATEL CENTRIFUGAL DECANTERS"},"excerpt":{"rendered":"<p><span style=\"color: #0000ff;\"><strong>CENTRIFUGAL DECANTERS<\/strong><\/span><\/p>\n<p>ROUSSELET ROBATEL offers a wide range of semi-continuous decanter centrifuges used to separate liquid and solid phases from suspensions containing more or less fine solid particles. Depending on the given industry sector and application, the characteristics of the fed suspension and its phases to be separated, also in accordance with the identified need of the end user, ROUSSELET ROBATEL will adapt the centrifuge in terms of technical parameters and performance, availability, cleaning possibilities, finishing and level of automation.<\/p>\n<p>RR can adapt the centrifuge to the customer&#039;s technical and performance parameters.<\/p>","protected":false},"featured_media":7316,"template":"","meta":[],"product_cat":[1222,1212,1206,1220,1191,1202,1211,1210,1198,1219],"product_tag":[],"class_list":{"0":"post-7309","1":"product","2":"type-product","3":"status-publish","4":"has-post-thumbnail","6":"product_cat-dekantery","7":"product_cat-dla-chemii-farmacji-biotechnologii","8":"product_cat-sektor-metalowy-i-tworzyw","9":"product_cat-separacja-ciecz-ciecz-ciala-stale","10":"product_cat-wirowka-dekantacyjna","11":"product_cat-wirowka-dekantacyjna-produkcyjna","12":"product_cat-wirowka-koszowa-produkcyjna","13":"product_cat-wirowka-pilotaz-mala-produkcja","14":"product_cat-wirowka-z-recznym-rozladunkiem","15":"product_cat-wirowki-dekantacyjne","17":"first","18":"instock","19":"featured","20":"shipping-taxable","21":"product-type-simple"},"acf":[],"yoast_head":"<!-- This site is optimized with the Yoast SEO Premium plugin v26.7 (Yoast SEO v27.3) - https:\/\/yoast.com\/product\/yoast-seo-premium-wordpress\/ -->\n<title>DEKANTERY OD\u015aRODKOWE ROUSSELET ROBATEL - Fiprocess<\/title>\n<meta name=\"description\" content=\"Dekantery od\u015brodkowe. Gama wir\u00f3wek dekantuj\u0105cych o ruchu p\u00f3\u0142ci\u0105g\u0142ym do oddzielania fazy ciek\u0142ej i sta\u0142ej od zawiesiny zawieraj\u0105cej drobne cz\u0105stki sta\u0142e.\" \/>\n<meta name=\"robots\" content=\"index, follow, max-snippet:-1, max-image-preview:large, max-video-preview:-1\" \/>\n<link rel=\"canonical\" href=\"https:\/\/fiprocess.pl\/en\/produkt\/dekantery-odsrodkowe-rousselet-robatel\/\" \/>\n<meta property=\"og:locale\" content=\"en_GB\" \/>\n<meta property=\"og:type\" content=\"article\" \/>\n<meta property=\"og:title\" content=\"DEKANTERY OD\u015aRODKOWE ROUSSELET ROBATEL\" \/>\n<meta property=\"og:description\" content=\"Dekantery od\u015brodkowe. Gama wir\u00f3wek dekantuj\u0105cych o ruchu p\u00f3\u0142ci\u0105g\u0142ym do oddzielania fazy ciek\u0142ej i sta\u0142ej od zawiesiny zawieraj\u0105cej drobne cz\u0105stki sta\u0142e.\" \/>\n<meta property=\"og:url\" content=\"https:\/\/fiprocess.pl\/en\/produkt\/dekantery-odsrodkowe-rousselet-robatel\/\" \/>\n<meta property=\"og:site_name\" content=\"Fiprocess\" \/>\n<meta property=\"article:modified_time\" content=\"2025-02-04T09:10:02+00:00\" \/>\n<meta property=\"og:image\" content=\"https:\/\/fiprocess.pl\/wp-content\/uploads\/2024\/01\/drc70.jpg\" \/>\n\t<meta property=\"og:image:width\" content=\"800\" \/>\n\t<meta property=\"og:image:height\" content=\"756\" \/>\n\t<meta property=\"og:image:type\" content=\"image\/jpeg\" \/>\n<meta name=\"twitter:card\" content=\"summary_large_image\" \/>\n<meta name=\"twitter:label1\" content=\"Estimated reading time\" \/>\n\t<meta name=\"twitter:data1\" content=\"1 minute\" \/>\n<script type=\"application\/ld+json\" class=\"yoast-schema-graph\">{\"@context\":\"https:\\\/\\\/schema.org\",\"@graph\":[{\"@type\":\"WebPage\",\"@id\":\"https:\\\/\\\/fiprocess.pl\\\/katalog-maszyn\\\/dekantery-odsrodkowe-rousselet-robatel\\\/\",\"url\":\"https:\\\/\\\/fiprocess.pl\\\/produkt\\\/dekantery-odsrodkowe-rousselet-robatel\\\/\",\"name\":\"DEKANTERY OD\u015aRODKOWE ROUSSELET ROBATEL - Fiprocess\",\"isPartOf\":{\"@id\":\"https:\\\/\\\/fiprocess.pl\\\/#website\"},\"primaryImageOfPage\":{\"@id\":\"https:\\\/\\\/fiprocess.pl\\\/produkt\\\/dekantery-odsrodkowe-rousselet-robatel\\\/#primaryimage\"},\"image\":{\"@id\":\"https:\\\/\\\/fiprocess.pl\\\/produkt\\\/dekantery-odsrodkowe-rousselet-robatel\\\/#primaryimage\"},\"thumbnailUrl\":\"https:\\\/\\\/fiprocess.pl\\\/wp-content\\\/uploads\\\/2024\\\/01\\\/drc70.jpg\",\"datePublished\":\"2024-01-16T09:51:14+00:00\",\"dateModified\":\"2025-02-04T09:10:02+00:00\",\"description\":\"Dekantery od\u015brodkowe. Gama wir\u00f3wek dekantuj\u0105cych o ruchu p\u00f3\u0142ci\u0105g\u0142ym do oddzielania fazy ciek\u0142ej i sta\u0142ej od zawiesiny zawieraj\u0105cej drobne cz\u0105stki sta\u0142e.\",\"breadcrumb\":{\"@id\":\"https:\\\/\\\/fiprocess.pl\\\/produkt\\\/dekantery-odsrodkowe-rousselet-robatel\\\/#breadcrumb\"},\"inLanguage\":\"en-GB\",\"potentialAction\":[{\"@type\":\"ReadAction\",\"target\":[\"https:\\\/\\\/fiprocess.pl\\\/produkt\\\/dekantery-odsrodkowe-rousselet-robatel\\\/\"]}]},{\"@type\":\"ImageObject\",\"inLanguage\":\"en-GB\",\"@id\":\"https:\\\/\\\/fiprocess.pl\\\/produkt\\\/dekantery-odsrodkowe-rousselet-robatel\\\/#primaryimage\",\"url\":\"https:\\\/\\\/fiprocess.pl\\\/wp-content\\\/uploads\\\/2024\\\/01\\\/drc70.jpg\",\"contentUrl\":\"https:\\\/\\\/fiprocess.pl\\\/wp-content\\\/uploads\\\/2024\\\/01\\\/drc70.jpg\",\"width\":800,\"height\":756,\"caption\":\"Wir\u00f3wka DRC 70 Vx 1S do aplikacji kosmetycznych\"},{\"@type\":\"BreadcrumbList\",\"@id\":\"https:\\\/\\\/fiprocess.pl\\\/produkt\\\/dekantery-odsrodkowe-rousselet-robatel\\\/#breadcrumb\",\"itemListElement\":[{\"@type\":\"ListItem\",\"position\":1,\"name\":\"Strona g\u0142\u00f3wna\",\"item\":\"https:\\\/\\\/fiprocess.pl\\\/\"},{\"@type\":\"ListItem\",\"position\":2,\"name\":\"Katalog maszyn\",\"item\":\"https:\\\/\\\/fiprocess.pl\\\/en\\\/katalog-maszyn\\\/\"},{\"@type\":\"ListItem\",\"position\":3,\"name\":\"Wir\u00f3wki koszowe i ekstraktory Rousselet Robatel\",\"item\":\"https:\\\/\\\/fiprocess.pl\\\/kategoria-produktu\\\/wirowki-koszowe-i-ekstraktory-rousselet-robatel\\\/\"},{\"@type\":\"ListItem\",\"position\":4,\"name\":\"Ochrona \u015arodowiska\",\"item\":\"https:\\\/\\\/fiprocess.pl\\\/kategoria-produktu\\\/wirowki-koszowe-i-ekstraktory-rousselet-robatel\\\/ochrona-srodowiska\\\/\"},{\"@type\":\"ListItem\",\"position\":5,\"name\":\"Dekantery\",\"item\":\"https:\\\/\\\/fiprocess.pl\\\/kategoria-produktu\\\/wirowki-koszowe-i-ekstraktory-rousselet-robatel\\\/ochrona-srodowiska\\\/dekantery\\\/\"},{\"@type\":\"ListItem\",\"position\":6,\"name\":\"DEKANTERY OD\u015aRODKOWE ROUSSELET ROBATEL\"}]},{\"@type\":\"WebSite\",\"@id\":\"https:\\\/\\\/fiprocess.pl\\\/#website\",\"url\":\"https:\\\/\\\/fiprocess.pl\\\/\",\"name\":\"Fiprocess\",\"description\":\"mieszalniki wir\u00f3wki m\u0142yny suszarnie\",\"publisher\":{\"@id\":\"https:\\\/\\\/fiprocess.pl\\\/#organization\"},\"potentialAction\":[{\"@type\":\"SearchAction\",\"target\":{\"@type\":\"EntryPoint\",\"urlTemplate\":\"https:\\\/\\\/fiprocess.pl\\\/?s={search_term_string}\"},\"query-input\":{\"@type\":\"PropertyValueSpecification\",\"valueRequired\":true,\"valueName\":\"search_term_string\"}}],\"inLanguage\":\"en-GB\"},{\"@type\":\"Organization\",\"@id\":\"https:\\\/\\\/fiprocess.pl\\\/#organization\",\"name\":\"Fiprocess Sp. z o.o.\",\"url\":\"https:\\\/\\\/fiprocess.pl\\\/\",\"logo\":{\"@type\":\"ImageObject\",\"inLanguage\":\"en-GB\",\"@id\":\"https:\\\/\\\/fiprocess.pl\\\/#\\\/schema\\\/logo\\\/image\\\/\",\"url\":\"https:\\\/\\\/fiprocess.pl\\\/wp-content\\\/uploads\\\/2023\\\/07\\\/logo.png\",\"contentUrl\":\"https:\\\/\\\/fiprocess.pl\\\/wp-content\\\/uploads\\\/2023\\\/07\\\/logo.png\",\"width\":1182,\"height\":260,\"caption\":\"Fiprocess Sp. z o.o.\"},\"image\":{\"@id\":\"https:\\\/\\\/fiprocess.pl\\\/#\\\/schema\\\/logo\\\/image\\\/\"}}]}<\/script>\n<!-- \/ Yoast SEO Premium plugin. -->","yoast_head_json":{"title":"DEKANTERY OD\u015aRODKOWE ROUSSELET ROBATEL - Fiprocess","description":"Dekantery od\u015brodkowe. Gama wir\u00f3wek dekantuj\u0105cych o ruchu p\u00f3\u0142ci\u0105g\u0142ym do oddzielania fazy ciek\u0142ej i sta\u0142ej od zawiesiny zawieraj\u0105cej drobne cz\u0105stki sta\u0142e.","robots":{"index":"index","follow":"follow","max-snippet":"max-snippet:-1","max-image-preview":"max-image-preview:large","max-video-preview":"max-video-preview:-1"},"canonical":"https:\/\/fiprocess.pl\/en\/produkt\/dekantery-odsrodkowe-rousselet-robatel\/","og_locale":"en_GB","og_type":"article","og_title":"DEKANTERY OD\u015aRODKOWE ROUSSELET ROBATEL","og_description":"Dekantery od\u015brodkowe. Gama wir\u00f3wek dekantuj\u0105cych o ruchu p\u00f3\u0142ci\u0105g\u0142ym do oddzielania fazy ciek\u0142ej i sta\u0142ej od zawiesiny zawieraj\u0105cej drobne cz\u0105stki sta\u0142e.","og_url":"https:\/\/fiprocess.pl\/en\/produkt\/dekantery-odsrodkowe-rousselet-robatel\/","og_site_name":"Fiprocess","article_modified_time":"2025-02-04T09:10:02+00:00","og_image":[{"width":800,"height":756,"url":"https:\/\/fiprocess.pl\/wp-content\/uploads\/2024\/01\/drc70.jpg","type":"image\/jpeg"}],"twitter_card":"summary_large_image","twitter_misc":{"Estimated reading time":"1 minute"},"schema":{"@context":"https:\/\/schema.org","@graph":[{"@type":"WebPage","@id":"https:\/\/fiprocess.pl\/katalog-maszyn\/dekantery-odsrodkowe-rousselet-robatel\/","url":"https:\/\/fiprocess.pl\/produkt\/dekantery-odsrodkowe-rousselet-robatel\/","name":"DEKANTERY OD\u015aRODKOWE ROUSSELET ROBATEL - Fiprocess","isPartOf":{"@id":"https:\/\/fiprocess.pl\/#website"},"primaryImageOfPage":{"@id":"https:\/\/fiprocess.pl\/produkt\/dekantery-odsrodkowe-rousselet-robatel\/#primaryimage"},"image":{"@id":"https:\/\/fiprocess.pl\/produkt\/dekantery-odsrodkowe-rousselet-robatel\/#primaryimage"},"thumbnailUrl":"https:\/\/fiprocess.pl\/wp-content\/uploads\/2024\/01\/drc70.jpg","datePublished":"2024-01-16T09:51:14+00:00","dateModified":"2025-02-04T09:10:02+00:00","description":"Dekantery od\u015brodkowe. Gama wir\u00f3wek dekantuj\u0105cych o ruchu p\u00f3\u0142ci\u0105g\u0142ym do oddzielania fazy ciek\u0142ej i sta\u0142ej od zawiesiny zawieraj\u0105cej drobne cz\u0105stki sta\u0142e.","breadcrumb":{"@id":"https:\/\/fiprocess.pl\/produkt\/dekantery-odsrodkowe-rousselet-robatel\/#breadcrumb"},"inLanguage":"en-GB","potentialAction":[{"@type":"ReadAction","target":["https:\/\/fiprocess.pl\/produkt\/dekantery-odsrodkowe-rousselet-robatel\/"]}]},{"@type":"ImageObject","inLanguage":"en-GB","@id":"https:\/\/fiprocess.pl\/produkt\/dekantery-odsrodkowe-rousselet-robatel\/#primaryimage","url":"https:\/\/fiprocess.pl\/wp-content\/uploads\/2024\/01\/drc70.jpg","contentUrl":"https:\/\/fiprocess.pl\/wp-content\/uploads\/2024\/01\/drc70.jpg","width":800,"height":756,"caption":"Wir\u00f3wka DRC 70 Vx 1S do aplikacji kosmetycznych"},{"@type":"BreadcrumbList","@id":"https:\/\/fiprocess.pl\/produkt\/dekantery-odsrodkowe-rousselet-robatel\/#breadcrumb","itemListElement":[{"@type":"ListItem","position":1,"name":"Strona g\u0142\u00f3wna","item":"https:\/\/fiprocess.pl\/"},{"@type":"ListItem","position":2,"name":"Katalog maszyn","item":"https:\/\/fiprocess.pl\/en\/katalog-maszyn\/"},{"@type":"ListItem","position":3,"name":"Wir\u00f3wki koszowe i ekstraktory Rousselet Robatel","item":"https:\/\/fiprocess.pl\/kategoria-produktu\/wirowki-koszowe-i-ekstraktory-rousselet-robatel\/"},{"@type":"ListItem","position":4,"name":"Ochrona \u015arodowiska","item":"https:\/\/fiprocess.pl\/kategoria-produktu\/wirowki-koszowe-i-ekstraktory-rousselet-robatel\/ochrona-srodowiska\/"},{"@type":"ListItem","position":5,"name":"Dekantery","item":"https:\/\/fiprocess.pl\/kategoria-produktu\/wirowki-koszowe-i-ekstraktory-rousselet-robatel\/ochrona-srodowiska\/dekantery\/"},{"@type":"ListItem","position":6,"name":"DEKANTERY OD\u015aRODKOWE ROUSSELET ROBATEL"}]},{"@type":"WebSite","@id":"https:\/\/fiprocess.pl\/#website","url":"https:\/\/fiprocess.pl\/","name":"Fiprocess","description":"mieszalniki wir\u00f3wki m\u0142yny suszarnie","publisher":{"@id":"https:\/\/fiprocess.pl\/#organization"},"potentialAction":[{"@type":"SearchAction","target":{"@type":"EntryPoint","urlTemplate":"https:\/\/fiprocess.pl\/?s={search_term_string}"},"query-input":{"@type":"PropertyValueSpecification","valueRequired":true,"valueName":"search_term_string"}}],"inLanguage":"en-GB"},{"@type":"Organization","@id":"https:\/\/fiprocess.pl\/#organization","name":"Fiprocess Sp. z o.o.","url":"https:\/\/fiprocess.pl\/","logo":{"@type":"ImageObject","inLanguage":"en-GB","@id":"https:\/\/fiprocess.pl\/#\/schema\/logo\/image\/","url":"https:\/\/fiprocess.pl\/wp-content\/uploads\/2023\/07\/logo.png","contentUrl":"https:\/\/fiprocess.pl\/wp-content\/uploads\/2023\/07\/logo.png","width":1182,"height":260,"caption":"Fiprocess Sp. z o.o."},"image":{"@id":"https:\/\/fiprocess.pl\/#\/schema\/logo\/image\/"}}]}},"_links":{"self":[{"href":"https:\/\/fiprocess.pl\/en\/wp-json\/wp\/v2\/product\/7309","targetHints":{"allow":["GET"]}}],"collection":[{"href":"https:\/\/fiprocess.pl\/en\/wp-json\/wp\/v2\/product"}],"about":[{"href":"https:\/\/fiprocess.pl\/en\/wp-json\/wp\/v2\/types\/product"}],"wp:featuredmedia":[{"embeddable":true,"href":"https:\/\/fiprocess.pl\/en\/wp-json\/wp\/v2\/media\/7316"}],"wp:attachment":[{"href":"https:\/\/fiprocess.pl\/en\/wp-json\/wp\/v2\/media?parent=7309"}],"wp:term":[{"taxonomy":"product_cat","embeddable":true,"href":"https:\/\/fiprocess.pl\/en\/wp-json\/wp\/v2\/product_cat?post=7309"},{"taxonomy":"product_tag","embeddable":true,"href":"https:\/\/fiprocess.pl\/en\/wp-json\/wp\/v2\/product_tag?post=7309"}],"curies":[{"name":"wp","href":"https:\/\/api.w.org\/{rel}","templated":true}]}}