{"id":7296,"date":"2024-01-15T16:33:32","date_gmt":"2024-01-15T15:33:32","guid":{"rendered":"https:\/\/fiprocess.pl\/?post_type=product&#038;p=7296"},"modified":"2024-05-23T12:03:57","modified_gmt":"2024-05-23T10:03:57","slug":"szybkie-chromatografy-wirowe","status":"publish","type":"product","link":"https:\/\/fiprocess.pl\/en\/katalog-maszyn\/fast-spin-chromatographs\/","title":{"rendered":"FAST CENTRIFUGAL CHROMATOGRAPHS"},"excerpt":{"rendered":"<h1 class=\"titre-page\"><span style=\"font-size: 14pt;\">ROUSSELET ROBATEL HIGH-SPEED CENTRAL CHROMATOGRAPHS<\/span><\/h1>\n<p>What is FCPC?<br \/>\nFast centrifugal partition chromatography (FCPC\u2122) is a liquid\/liquid purification technology to obtain high value-added compounds and molecules.<br \/>\nIt is a preparative chromatography technique based on the principle that both the mobile and stationary phases are liquid. It uses a two-phase solvent system and the stationary phase is held in the column by centrifugal force while the mobile phase permeates through it, which has several advantages over conventional chromatography techniques:<br \/>\n\u2022 No solid packaging materials to throw away.<br \/>\n\u2022 High ratio of stationary phases in the column.<br \/>\n\u2022 No sample loss due to irreversible adsorption.<br \/>\n\u2022 No denaturation of sensitive compounds.<br \/>\n\u2022 High throughput.<br \/>\n\u2022 Moderate solvent consumption.<br \/>\n\u2022 Wide range of possible applications in terms of polarization.<br \/>\n\u2022 Easy and predictable scaling.<br \/>\n\u2022 Versatile operation (elution\/extrusion, normal\/reverse phase, pH zone refining, ion exchange, dual mode, gradient elution, etc.).<\/p>\n<p><span style=\"color: #0000ff;\"><a href=\"https:\/\/www.rousselet-robatel.com\/pl\/rodzaje-maszyn\/szybkie-chromatografy-wirowe.html\" style=\"color: #0000ff;\">https:\/\/www.rousselet-robatel.com\/pl\/rodzaje-maszyn\/szybkie-chromatografy-wirowe.html<\/a><\/span><\/p>","protected":false},"featured_media":7301,"template":"","meta":[],"product_cat":[1022],"product_tag":[],"class_list":{"0":"post-7296","1":"product","2":"type-product","3":"status-publish","4":"has-post-thumbnail","6":"product_cat-szybkie-chromatografy-wirowe","8":"first","9":"instock","10":"shipping-taxable","11":"product-type-simple"},"acf":[],"yoast_head":"<!-- This site is optimized with the Yoast SEO Premium plugin v26.7 (Yoast SEO v27.3) - https:\/\/yoast.com\/product\/yoast-seo-premium-wordpress\/ -->\n<title>SZYBKIE CHROMATOGRAFY WIROWE - Fiprocess<\/title>\n<meta name=\"description\" content=\"Szybkie chromatografy wirowe (FCPC\u2122) - technologia oczyszczania ciecz\/ciecz w celu uzyskania zwi\u0105zk\u00f3w i cz\u0105steczek o wysokiej warto\u015bci dodanej.\" \/>\n<meta name=\"robots\" content=\"index, follow, max-snippet:-1, max-image-preview:large, max-video-preview:-1\" \/>\n<link rel=\"canonical\" href=\"https:\/\/fiprocess.pl\/en\/produkt\/szybkie-chromatografy-wirowe\/\" \/>\n<meta property=\"og:locale\" content=\"en_GB\" \/>\n<meta property=\"og:type\" content=\"article\" \/>\n<meta property=\"og:title\" content=\"SZYBKIE CHROMATOGRAFY WIROWE\" \/>\n<meta property=\"og:description\" content=\"Szybkie chromatografy wirowe (FCPC\u2122) - technologia oczyszczania ciecz\/ciecz w celu uzyskania zwi\u0105zk\u00f3w i cz\u0105steczek o wysokiej warto\u015bci dodanej.\" \/>\n<meta property=\"og:url\" content=\"https:\/\/fiprocess.pl\/en\/produkt\/szybkie-chromatografy-wirowe\/\" \/>\n<meta property=\"og:site_name\" content=\"Fiprocess\" \/>\n<meta property=\"article:modified_time\" content=\"2024-05-23T10:03:57+00:00\" \/>\n<meta property=\"og:image\" content=\"https:\/\/fiprocess.pl\/wp-content\/uploads\/2024\/01\/sans-titre-e759958a.jpg\" \/>\n\t<meta property=\"og:image:width\" content=\"892\" \/>\n\t<meta property=\"og:image:height\" content=\"489\" \/>\n\t<meta property=\"og:image:type\" content=\"image\/jpeg\" \/>\n<meta name=\"twitter:card\" content=\"summary_large_image\" \/>\n<meta name=\"twitter:label1\" content=\"Estimated reading time\" \/>\n\t<meta name=\"twitter:data1\" content=\"1 minute\" \/>\n<script type=\"application\/ld+json\" class=\"yoast-schema-graph\">{\"@context\":\"https:\\\/\\\/schema.org\",\"@graph\":[{\"@type\":\"WebPage\",\"@id\":\"https:\\\/\\\/fiprocess.pl\\\/katalog-maszyn\\\/szybkie-chromatografy-wirowe\\\/\",\"url\":\"https:\\\/\\\/fiprocess.pl\\\/produkt\\\/szybkie-chromatografy-wirowe\\\/\",\"name\":\"SZYBKIE CHROMATOGRAFY WIROWE - Fiprocess\",\"isPartOf\":{\"@id\":\"https:\\\/\\\/fiprocess.pl\\\/#website\"},\"primaryImageOfPage\":{\"@id\":\"https:\\\/\\\/fiprocess.pl\\\/produkt\\\/szybkie-chromatografy-wirowe\\\/#primaryimage\"},\"image\":{\"@id\":\"https:\\\/\\\/fiprocess.pl\\\/produkt\\\/szybkie-chromatografy-wirowe\\\/#primaryimage\"},\"thumbnailUrl\":\"https:\\\/\\\/fiprocess.pl\\\/wp-content\\\/uploads\\\/2024\\\/01\\\/sans-titre-e759958a.jpg\",\"datePublished\":\"2024-01-15T15:33:32+00:00\",\"dateModified\":\"2024-05-23T10:03:57+00:00\",\"description\":\"Szybkie chromatografy wirowe (FCPC\u2122) - technologia oczyszczania ciecz\\\/ciecz w celu uzyskania zwi\u0105zk\u00f3w i cz\u0105steczek o wysokiej warto\u015bci dodanej.\",\"breadcrumb\":{\"@id\":\"https:\\\/\\\/fiprocess.pl\\\/produkt\\\/szybkie-chromatografy-wirowe\\\/#breadcrumb\"},\"inLanguage\":\"en-GB\",\"potentialAction\":[{\"@type\":\"ReadAction\",\"target\":[\"https:\\\/\\\/fiprocess.pl\\\/produkt\\\/szybkie-chromatografy-wirowe\\\/\"]}]},{\"@type\":\"ImageObject\",\"inLanguage\":\"en-GB\",\"@id\":\"https:\\\/\\\/fiprocess.pl\\\/produkt\\\/szybkie-chromatografy-wirowe\\\/#primaryimage\",\"url\":\"https:\\\/\\\/fiprocess.pl\\\/wp-content\\\/uploads\\\/2024\\\/01\\\/sans-titre-e759958a.jpg\",\"contentUrl\":\"https:\\\/\\\/fiprocess.pl\\\/wp-content\\\/uploads\\\/2024\\\/01\\\/sans-titre-e759958a.jpg\",\"width\":892,\"height\":489,\"caption\":\"Szybkie chromatografy wirowe FCPC\"},{\"@type\":\"BreadcrumbList\",\"@id\":\"https:\\\/\\\/fiprocess.pl\\\/produkt\\\/szybkie-chromatografy-wirowe\\\/#breadcrumb\",\"itemListElement\":[{\"@type\":\"ListItem\",\"position\":1,\"name\":\"Strona g\u0142\u00f3wna\",\"item\":\"https:\\\/\\\/fiprocess.pl\\\/\"},{\"@type\":\"ListItem\",\"position\":2,\"name\":\"Katalog maszyn\",\"item\":\"https:\\\/\\\/fiprocess.pl\\\/en\\\/katalog-maszyn\\\/\"},{\"@type\":\"ListItem\",\"position\":3,\"name\":\"Wir\u00f3wki koszowe i ekstraktory Rousselet Robatel\",\"item\":\"https:\\\/\\\/fiprocess.pl\\\/kategoria-produktu\\\/wirowki-koszowe-i-ekstraktory-rousselet-robatel\\\/\"},{\"@type\":\"ListItem\",\"position\":4,\"name\":\"Szybkie chromatografy wirowe\",\"item\":\"https:\\\/\\\/fiprocess.pl\\\/kategoria-produktu\\\/wirowki-koszowe-i-ekstraktory-rousselet-robatel\\\/szybkie-chromatografy-wirowe\\\/\"},{\"@type\":\"ListItem\",\"position\":5,\"name\":\"SZYBKIE CHROMATOGRAFY WIROWE\"}]},{\"@type\":\"WebSite\",\"@id\":\"https:\\\/\\\/fiprocess.pl\\\/#website\",\"url\":\"https:\\\/\\\/fiprocess.pl\\\/\",\"name\":\"Fiprocess\",\"description\":\"mieszalniki wir\u00f3wki m\u0142yny suszarnie\",\"publisher\":{\"@id\":\"https:\\\/\\\/fiprocess.pl\\\/#organization\"},\"potentialAction\":[{\"@type\":\"SearchAction\",\"target\":{\"@type\":\"EntryPoint\",\"urlTemplate\":\"https:\\\/\\\/fiprocess.pl\\\/?s={search_term_string}\"},\"query-input\":{\"@type\":\"PropertyValueSpecification\",\"valueRequired\":true,\"valueName\":\"search_term_string\"}}],\"inLanguage\":\"en-GB\"},{\"@type\":\"Organization\",\"@id\":\"https:\\\/\\\/fiprocess.pl\\\/#organization\",\"name\":\"Fiprocess Sp. z o.o.\",\"url\":\"https:\\\/\\\/fiprocess.pl\\\/\",\"logo\":{\"@type\":\"ImageObject\",\"inLanguage\":\"en-GB\",\"@id\":\"https:\\\/\\\/fiprocess.pl\\\/#\\\/schema\\\/logo\\\/image\\\/\",\"url\":\"https:\\\/\\\/fiprocess.pl\\\/wp-content\\\/uploads\\\/2023\\\/07\\\/logo.png\",\"contentUrl\":\"https:\\\/\\\/fiprocess.pl\\\/wp-content\\\/uploads\\\/2023\\\/07\\\/logo.png\",\"width\":1182,\"height\":260,\"caption\":\"Fiprocess Sp. z o.o.\"},\"image\":{\"@id\":\"https:\\\/\\\/fiprocess.pl\\\/#\\\/schema\\\/logo\\\/image\\\/\"}}]}<\/script>\n<!-- \/ Yoast SEO Premium plugin. -->","yoast_head_json":{"title":"SZYBKIE CHROMATOGRAFY WIROWE - Fiprocess","description":"Szybkie chromatografy wirowe (FCPC\u2122) - technologia oczyszczania ciecz\/ciecz w celu uzyskania zwi\u0105zk\u00f3w i cz\u0105steczek o wysokiej warto\u015bci dodanej.","robots":{"index":"index","follow":"follow","max-snippet":"max-snippet:-1","max-image-preview":"max-image-preview:large","max-video-preview":"max-video-preview:-1"},"canonical":"https:\/\/fiprocess.pl\/en\/produkt\/szybkie-chromatografy-wirowe\/","og_locale":"en_GB","og_type":"article","og_title":"SZYBKIE CHROMATOGRAFY WIROWE","og_description":"Szybkie chromatografy wirowe (FCPC\u2122) - technologia oczyszczania ciecz\/ciecz w celu uzyskania zwi\u0105zk\u00f3w i cz\u0105steczek o wysokiej warto\u015bci dodanej.","og_url":"https:\/\/fiprocess.pl\/en\/produkt\/szybkie-chromatografy-wirowe\/","og_site_name":"Fiprocess","article_modified_time":"2024-05-23T10:03:57+00:00","og_image":[{"width":892,"height":489,"url":"https:\/\/fiprocess.pl\/wp-content\/uploads\/2024\/01\/sans-titre-e759958a.jpg","type":"image\/jpeg"}],"twitter_card":"summary_large_image","twitter_misc":{"Estimated reading time":"1 minute"},"schema":{"@context":"https:\/\/schema.org","@graph":[{"@type":"WebPage","@id":"https:\/\/fiprocess.pl\/katalog-maszyn\/szybkie-chromatografy-wirowe\/","url":"https:\/\/fiprocess.pl\/produkt\/szybkie-chromatografy-wirowe\/","name":"SZYBKIE CHROMATOGRAFY WIROWE - Fiprocess","isPartOf":{"@id":"https:\/\/fiprocess.pl\/#website"},"primaryImageOfPage":{"@id":"https:\/\/fiprocess.pl\/produkt\/szybkie-chromatografy-wirowe\/#primaryimage"},"image":{"@id":"https:\/\/fiprocess.pl\/produkt\/szybkie-chromatografy-wirowe\/#primaryimage"},"thumbnailUrl":"https:\/\/fiprocess.pl\/wp-content\/uploads\/2024\/01\/sans-titre-e759958a.jpg","datePublished":"2024-01-15T15:33:32+00:00","dateModified":"2024-05-23T10:03:57+00:00","description":"Szybkie chromatografy wirowe (FCPC\u2122) - technologia oczyszczania ciecz\/ciecz w celu uzyskania zwi\u0105zk\u00f3w i cz\u0105steczek o wysokiej warto\u015bci dodanej.","breadcrumb":{"@id":"https:\/\/fiprocess.pl\/produkt\/szybkie-chromatografy-wirowe\/#breadcrumb"},"inLanguage":"en-GB","potentialAction":[{"@type":"ReadAction","target":["https:\/\/fiprocess.pl\/produkt\/szybkie-chromatografy-wirowe\/"]}]},{"@type":"ImageObject","inLanguage":"en-GB","@id":"https:\/\/fiprocess.pl\/produkt\/szybkie-chromatografy-wirowe\/#primaryimage","url":"https:\/\/fiprocess.pl\/wp-content\/uploads\/2024\/01\/sans-titre-e759958a.jpg","contentUrl":"https:\/\/fiprocess.pl\/wp-content\/uploads\/2024\/01\/sans-titre-e759958a.jpg","width":892,"height":489,"caption":"Szybkie chromatografy wirowe FCPC"},{"@type":"BreadcrumbList","@id":"https:\/\/fiprocess.pl\/produkt\/szybkie-chromatografy-wirowe\/#breadcrumb","itemListElement":[{"@type":"ListItem","position":1,"name":"Strona g\u0142\u00f3wna","item":"https:\/\/fiprocess.pl\/"},{"@type":"ListItem","position":2,"name":"Katalog maszyn","item":"https:\/\/fiprocess.pl\/en\/katalog-maszyn\/"},{"@type":"ListItem","position":3,"name":"Wir\u00f3wki koszowe i ekstraktory Rousselet Robatel","item":"https:\/\/fiprocess.pl\/kategoria-produktu\/wirowki-koszowe-i-ekstraktory-rousselet-robatel\/"},{"@type":"ListItem","position":4,"name":"Szybkie chromatografy wirowe","item":"https:\/\/fiprocess.pl\/kategoria-produktu\/wirowki-koszowe-i-ekstraktory-rousselet-robatel\/szybkie-chromatografy-wirowe\/"},{"@type":"ListItem","position":5,"name":"SZYBKIE CHROMATOGRAFY WIROWE"}]},{"@type":"WebSite","@id":"https:\/\/fiprocess.pl\/#website","url":"https:\/\/fiprocess.pl\/","name":"Fiprocess","description":"mieszalniki wir\u00f3wki m\u0142yny suszarnie","publisher":{"@id":"https:\/\/fiprocess.pl\/#organization"},"potentialAction":[{"@type":"SearchAction","target":{"@type":"EntryPoint","urlTemplate":"https:\/\/fiprocess.pl\/?s={search_term_string}"},"query-input":{"@type":"PropertyValueSpecification","valueRequired":true,"valueName":"search_term_string"}}],"inLanguage":"en-GB"},{"@type":"Organization","@id":"https:\/\/fiprocess.pl\/#organization","name":"Fiprocess Sp. z o.o.","url":"https:\/\/fiprocess.pl\/","logo":{"@type":"ImageObject","inLanguage":"en-GB","@id":"https:\/\/fiprocess.pl\/#\/schema\/logo\/image\/","url":"https:\/\/fiprocess.pl\/wp-content\/uploads\/2023\/07\/logo.png","contentUrl":"https:\/\/fiprocess.pl\/wp-content\/uploads\/2023\/07\/logo.png","width":1182,"height":260,"caption":"Fiprocess Sp. z o.o."},"image":{"@id":"https:\/\/fiprocess.pl\/#\/schema\/logo\/image\/"}}]}},"_links":{"self":[{"href":"https:\/\/fiprocess.pl\/en\/wp-json\/wp\/v2\/product\/7296","targetHints":{"allow":["GET"]}}],"collection":[{"href":"https:\/\/fiprocess.pl\/en\/wp-json\/wp\/v2\/product"}],"about":[{"href":"https:\/\/fiprocess.pl\/en\/wp-json\/wp\/v2\/types\/product"}],"wp:featuredmedia":[{"embeddable":true,"href":"https:\/\/fiprocess.pl\/en\/wp-json\/wp\/v2\/media\/7301"}],"wp:attachment":[{"href":"https:\/\/fiprocess.pl\/en\/wp-json\/wp\/v2\/media?parent=7296"}],"wp:term":[{"taxonomy":"product_cat","embeddable":true,"href":"https:\/\/fiprocess.pl\/en\/wp-json\/wp\/v2\/product_cat?post=7296"},{"taxonomy":"product_tag","embeddable":true,"href":"https:\/\/fiprocess.pl\/en\/wp-json\/wp\/v2\/product_tag?post=7296"}],"curies":[{"name":"wp","href":"https:\/\/api.w.org\/{rel}","templated":true}]}}