{"id":7169,"date":"2023-12-19T16:15:44","date_gmt":"2023-12-19T15:15:44","guid":{"rendered":"https:\/\/fiprocess.pl\/?post_type=product&#038;p=7169"},"modified":"2024-05-23T12:06:28","modified_gmt":"2024-05-23T10:06:28","slug":"homogenizator-o-wysokiej-sile-scierania","status":"publish","type":"product","link":"https:\/\/fiprocess.pl\/en\/katalog-maszyn\/homogenizer-with-high-abrasive-force\/","title":{"rendered":"PS series high shear force homogenizer \u2013 \u201cHigh Shear Mixer\u201d"},"excerpt":{"rendered":"<h1><span lang=\"EN-US\" style=\"color: blue; font-size: 14pt;\">PS series high shear force homogenizer \u2013 \u201cHigh Shear Mixer\u201d<\/span><\/h1>\n<p>When you want to produce stable emulsions and creams, moisten and dissolve the viscous powder (gums, thickeners, stabilizers), deagglomerate and disperse the microphase solid ingredient (silicon dioxide, bentonite, titanium dioxide) into the liquid without the so-called fish-eyes or other similar difficult tasks, a traditional mixer usually cannot meet expectations. However, a high shear mixer is what you should choose to get the job done.<\/p>\n<p>The PerMix PS series high-speed mixers provide a solution for dispersing one or more solid liquid phases into another continuous liquid phase in a quick and efficient manner, where these phases are normally immiscible.<\/p>\n<p>Unlike conventional mixing, the PS mixer is equipped with an innovative stator\/rotor system. This special design means that the PS mixer not only simply mixes, but also disperses, suspends, emulsifies, homogenizes and disintegrates liquids and solids. PerMix PS mixers are used to handle a wide range of products in the food, cosmetics, pharmaceutical and chemical industries.<\/p>\n<p>&nbsp;<\/p>\n<p>&nbsp;<\/p>","protected":false},"featured_media":7180,"template":"","meta":[],"product_cat":[1051,1049,1029],"product_tag":[],"class_list":{"0":"post-7169","1":"product","2":"type-product","3":"status-publish","4":"has-post-thumbnail","6":"product_cat-homogenizatory-permix-serii-psx","7":"product_cat-mieszalniki-do-cieczy","8":"product_cat-mieszalniki-permix","10":"first","11":"instock","12":"shipping-taxable","13":"product-type-simple"},"acf":[],"yoast_head":"<!-- This site is optimized with the Yoast SEO Premium plugin v26.7 (Yoast SEO v27.4) - https:\/\/yoast.com\/product\/yoast-seo-premium-wordpress\/ -->\n<title>Homogenizator o wysokiej sile \u015bcierania - Fiprocess<\/title>\n<meta name=\"description\" content=\"Homogenizator o wysokiej sile \u015bcierania. Mleko w proszku, Sos sa\u0142atkowy, Majonez, Lody, Ser, Jogurt, Synteza lek\u00f3w, Kosmetyki, \u017bel do cia\u0142a, Szampon, Krem.\" \/>\n<meta name=\"robots\" content=\"index, follow, max-snippet:-1, max-image-preview:large, max-video-preview:-1\" \/>\n<link rel=\"canonical\" href=\"https:\/\/fiprocess.pl\/en\/produkt\/homogenizator-o-wysokiej-sile-scierania\/\" \/>\n<meta property=\"og:locale\" content=\"en_GB\" \/>\n<meta property=\"og:type\" content=\"article\" \/>\n<meta property=\"og:title\" content=\"Homogenizator o wysokiej sile \u015bcierania serii PS \u2013 \u201cHigh Shear Mixer\u201d\" \/>\n<meta property=\"og:description\" content=\"Homogenizator o wysokiej sile \u015bcierania. Mleko w proszku, Sos sa\u0142atkowy, Majonez, Lody, Ser, Jogurt, Synteza lek\u00f3w, Kosmetyki, \u017bel do cia\u0142a, Szampon, Krem.\" \/>\n<meta property=\"og:url\" content=\"https:\/\/fiprocess.pl\/en\/produkt\/homogenizator-o-wysokiej-sile-scierania\/\" \/>\n<meta property=\"og:site_name\" content=\"Fiprocess\" \/>\n<meta property=\"article:modified_time\" content=\"2024-05-23T10:06:28+00:00\" \/>\n<meta property=\"og:image\" content=\"https:\/\/fiprocess.pl\/wp-content\/uploads\/2023\/12\/PerMix-Homogenizers-1.jpeg\" \/>\n\t<meta property=\"og:image:width\" content=\"500\" \/>\n\t<meta property=\"og:image:height\" content=\"333\" \/>\n\t<meta property=\"og:image:type\" content=\"image\/jpeg\" \/>\n<meta name=\"twitter:card\" content=\"summary_large_image\" \/>\n<meta name=\"twitter:label1\" content=\"Estimated reading time\" \/>\n\t<meta name=\"twitter:data1\" content=\"1 minute\" \/>\n<script type=\"application\/ld+json\" class=\"yoast-schema-graph\">{\"@context\":\"https:\\\/\\\/schema.org\",\"@graph\":[{\"@type\":\"WebPage\",\"@id\":\"https:\\\/\\\/fiprocess.pl\\\/en\\\/katalog-maszyn\\\/homogenizer-with-high-abrasive-force\\\/\",\"url\":\"https:\\\/\\\/fiprocess.pl\\\/produkt\\\/homogenizator-o-wysokiej-sile-scierania\\\/\",\"name\":\"Homogenizator o wysokiej sile \u015bcierania - Fiprocess\",\"isPartOf\":{\"@id\":\"https:\\\/\\\/fiprocess.pl\\\/#website\"},\"primaryImageOfPage\":{\"@id\":\"https:\\\/\\\/fiprocess.pl\\\/produkt\\\/homogenizator-o-wysokiej-sile-scierania\\\/#primaryimage\"},\"image\":{\"@id\":\"https:\\\/\\\/fiprocess.pl\\\/produkt\\\/homogenizator-o-wysokiej-sile-scierania\\\/#primaryimage\"},\"thumbnailUrl\":\"https:\\\/\\\/fiprocess.pl\\\/wp-content\\\/uploads\\\/2023\\\/12\\\/PerMix-Homogenizers-1.jpeg\",\"datePublished\":\"2023-12-19T15:15:44+00:00\",\"dateModified\":\"2024-05-23T10:06:28+00:00\",\"description\":\"Homogenizator o wysokiej sile \u015bcierania. Mleko w proszku, Sos sa\u0142atkowy, Majonez, Lody, Ser, Jogurt, Synteza lek\u00f3w, Kosmetyki, \u017bel do cia\u0142a, Szampon, Krem.\",\"breadcrumb\":{\"@id\":\"https:\\\/\\\/fiprocess.pl\\\/produkt\\\/homogenizator-o-wysokiej-sile-scierania\\\/#breadcrumb\"},\"inLanguage\":\"en-GB\",\"potentialAction\":[{\"@type\":\"ReadAction\",\"target\":[\"https:\\\/\\\/fiprocess.pl\\\/produkt\\\/homogenizator-o-wysokiej-sile-scierania\\\/\"]}]},{\"@type\":\"ImageObject\",\"inLanguage\":\"en-GB\",\"@id\":\"https:\\\/\\\/fiprocess.pl\\\/produkt\\\/homogenizator-o-wysokiej-sile-scierania\\\/#primaryimage\",\"url\":\"https:\\\/\\\/fiprocess.pl\\\/wp-content\\\/uploads\\\/2023\\\/12\\\/PerMix-Homogenizers-1.jpeg\",\"contentUrl\":\"https:\\\/\\\/fiprocess.pl\\\/wp-content\\\/uploads\\\/2023\\\/12\\\/PerMix-Homogenizers-1.jpeg\",\"width\":500,\"height\":333,\"caption\":\"Homogenizator o wysokiej sile \u015bcierania\"},{\"@type\":\"BreadcrumbList\",\"@id\":\"https:\\\/\\\/fiprocess.pl\\\/produkt\\\/homogenizator-o-wysokiej-sile-scierania\\\/#breadcrumb\",\"itemListElement\":[{\"@type\":\"ListItem\",\"position\":1,\"name\":\"Strona g\u0142\u00f3wna\",\"item\":\"https:\\\/\\\/fiprocess.pl\\\/\"},{\"@type\":\"ListItem\",\"position\":2,\"name\":\"Katalog maszyn\",\"item\":\"https:\\\/\\\/fiprocess.pl\\\/en\\\/katalog-maszyn\\\/\"},{\"@type\":\"ListItem\",\"position\":3,\"name\":\"Mieszalniki i suszarnie PERMIX\",\"item\":\"https:\\\/\\\/fiprocess.pl\\\/kategoria-produktu\\\/mieszalniki-permix\\\/\"},{\"@type\":\"ListItem\",\"position\":4,\"name\":\"Homogenizator o wysokiej sile \u015bcierania serii PS \u2013 \u201cHigh Shear Mixer\u201d\"}]},{\"@type\":\"WebSite\",\"@id\":\"https:\\\/\\\/fiprocess.pl\\\/#website\",\"url\":\"https:\\\/\\\/fiprocess.pl\\\/\",\"name\":\"Fiprocess\",\"description\":\"mieszalniki wir\u00f3wki m\u0142yny suszarnie\",\"publisher\":{\"@id\":\"https:\\\/\\\/fiprocess.pl\\\/#organization\"},\"potentialAction\":[{\"@type\":\"SearchAction\",\"target\":{\"@type\":\"EntryPoint\",\"urlTemplate\":\"https:\\\/\\\/fiprocess.pl\\\/?s={search_term_string}\"},\"query-input\":{\"@type\":\"PropertyValueSpecification\",\"valueRequired\":true,\"valueName\":\"search_term_string\"}}],\"inLanguage\":\"en-GB\"},{\"@type\":\"Organization\",\"@id\":\"https:\\\/\\\/fiprocess.pl\\\/#organization\",\"name\":\"Fiprocess Sp. z o.o.\",\"url\":\"https:\\\/\\\/fiprocess.pl\\\/\",\"logo\":{\"@type\":\"ImageObject\",\"inLanguage\":\"en-GB\",\"@id\":\"https:\\\/\\\/fiprocess.pl\\\/#\\\/schema\\\/logo\\\/image\\\/\",\"url\":\"https:\\\/\\\/fiprocess.pl\\\/wp-content\\\/uploads\\\/2023\\\/07\\\/logo.png\",\"contentUrl\":\"https:\\\/\\\/fiprocess.pl\\\/wp-content\\\/uploads\\\/2023\\\/07\\\/logo.png\",\"width\":1182,\"height\":260,\"caption\":\"Fiprocess Sp. z o.o.\"},\"image\":{\"@id\":\"https:\\\/\\\/fiprocess.pl\\\/#\\\/schema\\\/logo\\\/image\\\/\"}}]}<\/script>\n<!-- \/ Yoast SEO Premium plugin. -->","yoast_head_json":{"title":"Homogenizator o wysokiej sile \u015bcierania - Fiprocess","description":"Homogenizator o wysokiej sile \u015bcierania. Mleko w proszku, Sos sa\u0142atkowy, Majonez, Lody, Ser, Jogurt, Synteza lek\u00f3w, Kosmetyki, \u017bel do cia\u0142a, Szampon, Krem.","robots":{"index":"index","follow":"follow","max-snippet":"max-snippet:-1","max-image-preview":"max-image-preview:large","max-video-preview":"max-video-preview:-1"},"canonical":"https:\/\/fiprocess.pl\/en\/produkt\/homogenizator-o-wysokiej-sile-scierania\/","og_locale":"en_GB","og_type":"article","og_title":"Homogenizator o wysokiej sile \u015bcierania serii PS \u2013 \u201cHigh Shear Mixer\u201d","og_description":"Homogenizator o wysokiej sile \u015bcierania. Mleko w proszku, Sos sa\u0142atkowy, Majonez, Lody, Ser, Jogurt, Synteza lek\u00f3w, Kosmetyki, \u017bel do cia\u0142a, Szampon, Krem.","og_url":"https:\/\/fiprocess.pl\/en\/produkt\/homogenizator-o-wysokiej-sile-scierania\/","og_site_name":"Fiprocess","article_modified_time":"2024-05-23T10:06:28+00:00","og_image":[{"width":500,"height":333,"url":"https:\/\/fiprocess.pl\/wp-content\/uploads\/2023\/12\/PerMix-Homogenizers-1.jpeg","type":"image\/jpeg"}],"twitter_card":"summary_large_image","twitter_misc":{"Estimated reading time":"1 minute"},"schema":{"@context":"https:\/\/schema.org","@graph":[{"@type":"WebPage","@id":"https:\/\/fiprocess.pl\/en\/katalog-maszyn\/homogenizer-with-high-abrasive-force\/","url":"https:\/\/fiprocess.pl\/produkt\/homogenizator-o-wysokiej-sile-scierania\/","name":"Homogenizator o wysokiej sile \u015bcierania - Fiprocess","isPartOf":{"@id":"https:\/\/fiprocess.pl\/#website"},"primaryImageOfPage":{"@id":"https:\/\/fiprocess.pl\/produkt\/homogenizator-o-wysokiej-sile-scierania\/#primaryimage"},"image":{"@id":"https:\/\/fiprocess.pl\/produkt\/homogenizator-o-wysokiej-sile-scierania\/#primaryimage"},"thumbnailUrl":"https:\/\/fiprocess.pl\/wp-content\/uploads\/2023\/12\/PerMix-Homogenizers-1.jpeg","datePublished":"2023-12-19T15:15:44+00:00","dateModified":"2024-05-23T10:06:28+00:00","description":"Homogenizator o wysokiej sile \u015bcierania. Mleko w proszku, Sos sa\u0142atkowy, Majonez, Lody, Ser, Jogurt, Synteza lek\u00f3w, Kosmetyki, \u017bel do cia\u0142a, Szampon, Krem.","breadcrumb":{"@id":"https:\/\/fiprocess.pl\/produkt\/homogenizator-o-wysokiej-sile-scierania\/#breadcrumb"},"inLanguage":"en-GB","potentialAction":[{"@type":"ReadAction","target":["https:\/\/fiprocess.pl\/produkt\/homogenizator-o-wysokiej-sile-scierania\/"]}]},{"@type":"ImageObject","inLanguage":"en-GB","@id":"https:\/\/fiprocess.pl\/produkt\/homogenizator-o-wysokiej-sile-scierania\/#primaryimage","url":"https:\/\/fiprocess.pl\/wp-content\/uploads\/2023\/12\/PerMix-Homogenizers-1.jpeg","contentUrl":"https:\/\/fiprocess.pl\/wp-content\/uploads\/2023\/12\/PerMix-Homogenizers-1.jpeg","width":500,"height":333,"caption":"Homogenizator o wysokiej sile \u015bcierania"},{"@type":"BreadcrumbList","@id":"https:\/\/fiprocess.pl\/produkt\/homogenizator-o-wysokiej-sile-scierania\/#breadcrumb","itemListElement":[{"@type":"ListItem","position":1,"name":"Strona g\u0142\u00f3wna","item":"https:\/\/fiprocess.pl\/"},{"@type":"ListItem","position":2,"name":"Katalog maszyn","item":"https:\/\/fiprocess.pl\/en\/katalog-maszyn\/"},{"@type":"ListItem","position":3,"name":"Mieszalniki i suszarnie PERMIX","item":"https:\/\/fiprocess.pl\/kategoria-produktu\/mieszalniki-permix\/"},{"@type":"ListItem","position":4,"name":"Homogenizator o wysokiej sile \u015bcierania serii PS \u2013 \u201cHigh Shear Mixer\u201d"}]},{"@type":"WebSite","@id":"https:\/\/fiprocess.pl\/#website","url":"https:\/\/fiprocess.pl\/","name":"Fiprocess","description":"mieszalniki wir\u00f3wki m\u0142yny suszarnie","publisher":{"@id":"https:\/\/fiprocess.pl\/#organization"},"potentialAction":[{"@type":"SearchAction","target":{"@type":"EntryPoint","urlTemplate":"https:\/\/fiprocess.pl\/?s={search_term_string}"},"query-input":{"@type":"PropertyValueSpecification","valueRequired":true,"valueName":"search_term_string"}}],"inLanguage":"en-GB"},{"@type":"Organization","@id":"https:\/\/fiprocess.pl\/#organization","name":"Fiprocess Sp. z o.o.","url":"https:\/\/fiprocess.pl\/","logo":{"@type":"ImageObject","inLanguage":"en-GB","@id":"https:\/\/fiprocess.pl\/#\/schema\/logo\/image\/","url":"https:\/\/fiprocess.pl\/wp-content\/uploads\/2023\/07\/logo.png","contentUrl":"https:\/\/fiprocess.pl\/wp-content\/uploads\/2023\/07\/logo.png","width":1182,"height":260,"caption":"Fiprocess Sp. z o.o."},"image":{"@id":"https:\/\/fiprocess.pl\/#\/schema\/logo\/image\/"}}]}},"_links":{"self":[{"href":"https:\/\/fiprocess.pl\/en\/wp-json\/wp\/v2\/product\/7169","targetHints":{"allow":["GET"]}}],"collection":[{"href":"https:\/\/fiprocess.pl\/en\/wp-json\/wp\/v2\/product"}],"about":[{"href":"https:\/\/fiprocess.pl\/en\/wp-json\/wp\/v2\/types\/product"}],"wp:featuredmedia":[{"embeddable":true,"href":"https:\/\/fiprocess.pl\/en\/wp-json\/wp\/v2\/media\/7180"}],"wp:attachment":[{"href":"https:\/\/fiprocess.pl\/en\/wp-json\/wp\/v2\/media?parent=7169"}],"wp:term":[{"taxonomy":"product_cat","embeddable":true,"href":"https:\/\/fiprocess.pl\/en\/wp-json\/wp\/v2\/product_cat?post=7169"},{"taxonomy":"product_tag","embeddable":true,"href":"https:\/\/fiprocess.pl\/en\/wp-json\/wp\/v2\/product_tag?post=7169"}],"curies":[{"name":"wp","href":"https:\/\/api.w.org\/{rel}","templated":true}]}}