{"id":7126,"date":"2023-12-15T10:09:03","date_gmt":"2023-12-15T09:09:03","guid":{"rendered":"https:\/\/fiprocess.pl\/?post_type=product&#038;p=7126"},"modified":"2024-05-23T12:06:57","modified_gmt":"2024-05-23T10:06:57","slug":"rozwiazania-dla-przemyslu-chemicznego","status":"publish","type":"product","link":"https:\/\/fiprocess.pl\/en\/katalog-maszyn\/rozwiazania-dla-przemyslu-chemicznego-en\/","title":{"rendered":"Solutions for the chemical industry"},"excerpt":{"rendered":"<p><strong>Solutions for the chemical industry<\/strong><\/p>\n<p>&nbsp;<\/p>\n<p>PerMix offers technologically advanced mixers. Chemical products. Paints, dyes, concentrates and liquids.<\/p>\n<p>Since 1954, PerMix has been providing mixing solutions to the chemical industry.<\/p>\n<p>While the world is searching for natural remedies, scientists are focusing on unleashing the natural power of food, even in the chemical, dye and pigment industries, which is why we categorize them together.<\/p>\n<p>PerMix has a solution for your needs, whether they are large or small, natural, organic or synthetic. Below are a few areas where PerMix can offer solutions to suit your needs.<\/p>","protected":false},"featured_media":7128,"template":"","meta":[],"product_cat":[1029],"product_tag":[],"class_list":{"0":"post-7126","1":"product","2":"type-product","3":"status-publish","4":"has-post-thumbnail","6":"product_cat-mieszalniki-permix","8":"first","9":"instock","10":"shipping-taxable","11":"product-type-simple"},"acf":[],"yoast_head":"<!-- This site is optimized with the Yoast SEO Premium plugin v26.7 (Yoast SEO v27.3) - https:\/\/yoast.com\/product\/yoast-seo-premium-wordpress\/ -->\n<title>Rozwi\u0105zania dla przemys\u0142u chemicznego - Fiprocess<\/title>\n<meta name=\"description\" content=\"Rozwi\u0105zania dla przemys\u0142u chemicznego. PerMix oferuje zaawansowane technologicznie mieszalniki. Produkty chemiczne. Farby, barwniki, koncentraty i p\u0142yny.\" \/>\n<meta name=\"robots\" content=\"index, follow, max-snippet:-1, max-image-preview:large, max-video-preview:-1\" \/>\n<link rel=\"canonical\" href=\"https:\/\/fiprocess.pl\/en\/produkt\/rozwiazania-dla-przemyslu-chemicznego\/\" \/>\n<meta property=\"og:locale\" content=\"en_GB\" \/>\n<meta property=\"og:type\" content=\"article\" \/>\n<meta property=\"og:title\" content=\"Rozwi\u0105zania dla przemys\u0142u chemicznego\" \/>\n<meta property=\"og:description\" content=\"Rozwi\u0105zania dla przemys\u0142u chemicznego. PerMix oferuje zaawansowane technologicznie mieszalniki. Produkty chemiczne. Farby, barwniki, koncentraty i p\u0142yny.\" \/>\n<meta property=\"og:url\" content=\"https:\/\/fiprocess.pl\/en\/produkt\/rozwiazania-dla-przemyslu-chemicznego\/\" \/>\n<meta property=\"og:site_name\" content=\"Fiprocess\" \/>\n<meta property=\"article:modified_time\" content=\"2024-05-23T10:06:57+00:00\" \/>\n<meta property=\"og:image\" content=\"https:\/\/fiprocess.pl\/wp-content\/uploads\/2023\/12\/chemical-hero-img-1.webp\" \/>\n\t<meta property=\"og:image:width\" content=\"1059\" \/>\n\t<meta property=\"og:image:height\" content=\"481\" \/>\n\t<meta property=\"og:image:type\" content=\"image\/webp\" \/>\n<meta name=\"twitter:card\" content=\"summary_large_image\" \/>\n<meta name=\"twitter:label1\" content=\"Estimated reading time\" \/>\n\t<meta name=\"twitter:data1\" content=\"1 minute\" \/>\n<script type=\"application\/ld+json\" class=\"yoast-schema-graph\">{\"@context\":\"https:\\\/\\\/schema.org\",\"@graph\":[{\"@type\":\"WebPage\",\"@id\":\"https:\\\/\\\/fiprocess.pl\\\/katalog-maszyn\\\/rozwiazania-dla-przemyslu-chemicznego\\\/\",\"url\":\"https:\\\/\\\/fiprocess.pl\\\/produkt\\\/rozwiazania-dla-przemyslu-chemicznego\\\/\",\"name\":\"Rozwi\u0105zania dla przemys\u0142u chemicznego - Fiprocess\",\"isPartOf\":{\"@id\":\"https:\\\/\\\/fiprocess.pl\\\/#website\"},\"primaryImageOfPage\":{\"@id\":\"https:\\\/\\\/fiprocess.pl\\\/produkt\\\/rozwiazania-dla-przemyslu-chemicznego\\\/#primaryimage\"},\"image\":{\"@id\":\"https:\\\/\\\/fiprocess.pl\\\/produkt\\\/rozwiazania-dla-przemyslu-chemicznego\\\/#primaryimage\"},\"thumbnailUrl\":\"https:\\\/\\\/fiprocess.pl\\\/wp-content\\\/uploads\\\/2023\\\/12\\\/chemical-hero-img-1.webp\",\"datePublished\":\"2023-12-15T09:09:03+00:00\",\"dateModified\":\"2024-05-23T10:06:57+00:00\",\"description\":\"Rozwi\u0105zania dla przemys\u0142u chemicznego. PerMix oferuje zaawansowane technologicznie mieszalniki. Produkty chemiczne. Farby, barwniki, koncentraty i p\u0142yny.\",\"breadcrumb\":{\"@id\":\"https:\\\/\\\/fiprocess.pl\\\/produkt\\\/rozwiazania-dla-przemyslu-chemicznego\\\/#breadcrumb\"},\"inLanguage\":\"en-GB\",\"potentialAction\":[{\"@type\":\"ReadAction\",\"target\":[\"https:\\\/\\\/fiprocess.pl\\\/produkt\\\/rozwiazania-dla-przemyslu-chemicznego\\\/\"]}]},{\"@type\":\"ImageObject\",\"inLanguage\":\"en-GB\",\"@id\":\"https:\\\/\\\/fiprocess.pl\\\/produkt\\\/rozwiazania-dla-przemyslu-chemicznego\\\/#primaryimage\",\"url\":\"https:\\\/\\\/fiprocess.pl\\\/wp-content\\\/uploads\\\/2023\\\/12\\\/chemical-hero-img-1.webp\",\"contentUrl\":\"https:\\\/\\\/fiprocess.pl\\\/wp-content\\\/uploads\\\/2023\\\/12\\\/chemical-hero-img-1.webp\",\"width\":1059,\"height\":481,\"caption\":\"mieszalniki dla przemys\u0142u chemicznego\"},{\"@type\":\"BreadcrumbList\",\"@id\":\"https:\\\/\\\/fiprocess.pl\\\/produkt\\\/rozwiazania-dla-przemyslu-chemicznego\\\/#breadcrumb\",\"itemListElement\":[{\"@type\":\"ListItem\",\"position\":1,\"name\":\"Strona g\u0142\u00f3wna\",\"item\":\"https:\\\/\\\/fiprocess.pl\\\/\"},{\"@type\":\"ListItem\",\"position\":2,\"name\":\"Katalog maszyn\",\"item\":\"https:\\\/\\\/fiprocess.pl\\\/en\\\/katalog-maszyn\\\/\"},{\"@type\":\"ListItem\",\"position\":3,\"name\":\"Mieszalniki i suszarnie PERMIX\",\"item\":\"https:\\\/\\\/fiprocess.pl\\\/kategoria-produktu\\\/mieszalniki-permix\\\/\"},{\"@type\":\"ListItem\",\"position\":4,\"name\":\"Rozwi\u0105zania dla przemys\u0142u chemicznego\"}]},{\"@type\":\"WebSite\",\"@id\":\"https:\\\/\\\/fiprocess.pl\\\/#website\",\"url\":\"https:\\\/\\\/fiprocess.pl\\\/\",\"name\":\"Fiprocess\",\"description\":\"mieszalniki wir\u00f3wki m\u0142yny suszarnie\",\"publisher\":{\"@id\":\"https:\\\/\\\/fiprocess.pl\\\/#organization\"},\"potentialAction\":[{\"@type\":\"SearchAction\",\"target\":{\"@type\":\"EntryPoint\",\"urlTemplate\":\"https:\\\/\\\/fiprocess.pl\\\/?s={search_term_string}\"},\"query-input\":{\"@type\":\"PropertyValueSpecification\",\"valueRequired\":true,\"valueName\":\"search_term_string\"}}],\"inLanguage\":\"en-GB\"},{\"@type\":\"Organization\",\"@id\":\"https:\\\/\\\/fiprocess.pl\\\/#organization\",\"name\":\"Fiprocess Sp. z o.o.\",\"url\":\"https:\\\/\\\/fiprocess.pl\\\/\",\"logo\":{\"@type\":\"ImageObject\",\"inLanguage\":\"en-GB\",\"@id\":\"https:\\\/\\\/fiprocess.pl\\\/#\\\/schema\\\/logo\\\/image\\\/\",\"url\":\"https:\\\/\\\/fiprocess.pl\\\/wp-content\\\/uploads\\\/2023\\\/07\\\/logo.png\",\"contentUrl\":\"https:\\\/\\\/fiprocess.pl\\\/wp-content\\\/uploads\\\/2023\\\/07\\\/logo.png\",\"width\":1182,\"height\":260,\"caption\":\"Fiprocess Sp. z o.o.\"},\"image\":{\"@id\":\"https:\\\/\\\/fiprocess.pl\\\/#\\\/schema\\\/logo\\\/image\\\/\"}}]}<\/script>\n<!-- \/ Yoast SEO Premium plugin. -->","yoast_head_json":{"title":"Rozwi\u0105zania dla przemys\u0142u chemicznego - Fiprocess","description":"Rozwi\u0105zania dla przemys\u0142u chemicznego. PerMix oferuje zaawansowane technologicznie mieszalniki. Produkty chemiczne. Farby, barwniki, koncentraty i p\u0142yny.","robots":{"index":"index","follow":"follow","max-snippet":"max-snippet:-1","max-image-preview":"max-image-preview:large","max-video-preview":"max-video-preview:-1"},"canonical":"https:\/\/fiprocess.pl\/en\/produkt\/rozwiazania-dla-przemyslu-chemicznego\/","og_locale":"en_GB","og_type":"article","og_title":"Rozwi\u0105zania dla przemys\u0142u chemicznego","og_description":"Rozwi\u0105zania dla przemys\u0142u chemicznego. PerMix oferuje zaawansowane technologicznie mieszalniki. Produkty chemiczne. Farby, barwniki, koncentraty i p\u0142yny.","og_url":"https:\/\/fiprocess.pl\/en\/produkt\/rozwiazania-dla-przemyslu-chemicznego\/","og_site_name":"Fiprocess","article_modified_time":"2024-05-23T10:06:57+00:00","og_image":[{"width":1059,"height":481,"url":"https:\/\/fiprocess.pl\/wp-content\/uploads\/2023\/12\/chemical-hero-img-1.webp","type":"image\/webp"}],"twitter_card":"summary_large_image","twitter_misc":{"Estimated reading time":"1 minute"},"schema":{"@context":"https:\/\/schema.org","@graph":[{"@type":"WebPage","@id":"https:\/\/fiprocess.pl\/katalog-maszyn\/rozwiazania-dla-przemyslu-chemicznego\/","url":"https:\/\/fiprocess.pl\/produkt\/rozwiazania-dla-przemyslu-chemicznego\/","name":"Rozwi\u0105zania dla przemys\u0142u chemicznego - Fiprocess","isPartOf":{"@id":"https:\/\/fiprocess.pl\/#website"},"primaryImageOfPage":{"@id":"https:\/\/fiprocess.pl\/produkt\/rozwiazania-dla-przemyslu-chemicznego\/#primaryimage"},"image":{"@id":"https:\/\/fiprocess.pl\/produkt\/rozwiazania-dla-przemyslu-chemicznego\/#primaryimage"},"thumbnailUrl":"https:\/\/fiprocess.pl\/wp-content\/uploads\/2023\/12\/chemical-hero-img-1.webp","datePublished":"2023-12-15T09:09:03+00:00","dateModified":"2024-05-23T10:06:57+00:00","description":"Rozwi\u0105zania dla przemys\u0142u chemicznego. PerMix oferuje zaawansowane technologicznie mieszalniki. Produkty chemiczne. Farby, barwniki, koncentraty i p\u0142yny.","breadcrumb":{"@id":"https:\/\/fiprocess.pl\/produkt\/rozwiazania-dla-przemyslu-chemicznego\/#breadcrumb"},"inLanguage":"en-GB","potentialAction":[{"@type":"ReadAction","target":["https:\/\/fiprocess.pl\/produkt\/rozwiazania-dla-przemyslu-chemicznego\/"]}]},{"@type":"ImageObject","inLanguage":"en-GB","@id":"https:\/\/fiprocess.pl\/produkt\/rozwiazania-dla-przemyslu-chemicznego\/#primaryimage","url":"https:\/\/fiprocess.pl\/wp-content\/uploads\/2023\/12\/chemical-hero-img-1.webp","contentUrl":"https:\/\/fiprocess.pl\/wp-content\/uploads\/2023\/12\/chemical-hero-img-1.webp","width":1059,"height":481,"caption":"mieszalniki dla przemys\u0142u chemicznego"},{"@type":"BreadcrumbList","@id":"https:\/\/fiprocess.pl\/produkt\/rozwiazania-dla-przemyslu-chemicznego\/#breadcrumb","itemListElement":[{"@type":"ListItem","position":1,"name":"Strona g\u0142\u00f3wna","item":"https:\/\/fiprocess.pl\/"},{"@type":"ListItem","position":2,"name":"Katalog maszyn","item":"https:\/\/fiprocess.pl\/en\/katalog-maszyn\/"},{"@type":"ListItem","position":3,"name":"Mieszalniki i suszarnie PERMIX","item":"https:\/\/fiprocess.pl\/kategoria-produktu\/mieszalniki-permix\/"},{"@type":"ListItem","position":4,"name":"Rozwi\u0105zania dla przemys\u0142u chemicznego"}]},{"@type":"WebSite","@id":"https:\/\/fiprocess.pl\/#website","url":"https:\/\/fiprocess.pl\/","name":"Fiprocess","description":"mieszalniki wir\u00f3wki m\u0142yny suszarnie","publisher":{"@id":"https:\/\/fiprocess.pl\/#organization"},"potentialAction":[{"@type":"SearchAction","target":{"@type":"EntryPoint","urlTemplate":"https:\/\/fiprocess.pl\/?s={search_term_string}"},"query-input":{"@type":"PropertyValueSpecification","valueRequired":true,"valueName":"search_term_string"}}],"inLanguage":"en-GB"},{"@type":"Organization","@id":"https:\/\/fiprocess.pl\/#organization","name":"Fiprocess Sp. z o.o.","url":"https:\/\/fiprocess.pl\/","logo":{"@type":"ImageObject","inLanguage":"en-GB","@id":"https:\/\/fiprocess.pl\/#\/schema\/logo\/image\/","url":"https:\/\/fiprocess.pl\/wp-content\/uploads\/2023\/07\/logo.png","contentUrl":"https:\/\/fiprocess.pl\/wp-content\/uploads\/2023\/07\/logo.png","width":1182,"height":260,"caption":"Fiprocess Sp. z o.o."},"image":{"@id":"https:\/\/fiprocess.pl\/#\/schema\/logo\/image\/"}}]}},"_links":{"self":[{"href":"https:\/\/fiprocess.pl\/en\/wp-json\/wp\/v2\/product\/7126","targetHints":{"allow":["GET"]}}],"collection":[{"href":"https:\/\/fiprocess.pl\/en\/wp-json\/wp\/v2\/product"}],"about":[{"href":"https:\/\/fiprocess.pl\/en\/wp-json\/wp\/v2\/types\/product"}],"wp:featuredmedia":[{"embeddable":true,"href":"https:\/\/fiprocess.pl\/en\/wp-json\/wp\/v2\/media\/7128"}],"wp:attachment":[{"href":"https:\/\/fiprocess.pl\/en\/wp-json\/wp\/v2\/media?parent=7126"}],"wp:term":[{"taxonomy":"product_cat","embeddable":true,"href":"https:\/\/fiprocess.pl\/en\/wp-json\/wp\/v2\/product_cat?post=7126"},{"taxonomy":"product_tag","embeddable":true,"href":"https:\/\/fiprocess.pl\/en\/wp-json\/wp\/v2\/product_tag?post=7126"}],"curies":[{"name":"wp","href":"https:\/\/api.w.org\/{rel}","templated":true}]}}