{"id":7111,"date":"2023-12-14T15:57:22","date_gmt":"2023-12-14T14:57:22","guid":{"rendered":"https:\/\/fiprocess.pl\/?post_type=product&#038;p=7111"},"modified":"2025-02-10T10:50:25","modified_gmt":"2025-02-10T09:50:25","slug":"homogenizator-prozniowy","status":"publish","type":"product","link":"https:\/\/fiprocess.pl\/en\/katalog-maszyn\/vacuum-homogenizer\/","title":{"rendered":"Vacuum homogenizer"},"excerpt":{"rendered":"<p>PerMix vacuum homogenizer model PVC.<\/p>\n<p>PerMix PVC series vacuum emulsifying mixers (homogenizers) are specially designed and widely used in the production of mayonnaise, ketchup, dressings, chocolate fillings, chocolate icings, sauces etc.; but can also be used in other applications in the food, cosmetic, chemical and pharmaceutical industries.<\/p>\n<p>https:\/\/www.youtube.com\/watch?v=iLSxKk3cCPg<\/p>\n<p>&nbsp;<\/p>\n<p>https:\/\/www.youtube.com\/watch?v=vkavtKTnmmA<\/p>","protected":false},"featured_media":7112,"template":"","meta":[],"product_cat":[1043,1029,1048],"product_tag":[],"class_list":{"0":"post-7111","1":"product","2":"type-product","3":"status-publish","4":"has-post-thumbnail","6":"product_cat-mieszalniki-do-past","7":"product_cat-mieszalniki-permix","8":"product_cat-mieszalniki-prozniowe-permix-serii-pvc","10":"first","11":"instock","12":"shipping-taxable","13":"product-type-simple"},"acf":[],"yoast_head":"<!-- This site is optimized with the Yoast SEO Premium plugin v26.7 (Yoast SEO v27.3) - https:\/\/yoast.com\/product\/yoast-seo-premium-wordpress\/ -->\n<title>Homogenizator pr\u00f3\u017cniowy - Fiprocess<\/title>\n<meta name=\"description\" content=\"Homogenizator pr\u00f3\u017cniowy firmy PerMix model PVC. Stosowany do produkcji majonezu, keczupu, dressing\u00f3w, nadzie\u0144 czekoladowych, sos\u00f3w itp.\" \/>\n<meta name=\"robots\" content=\"index, follow, max-snippet:-1, max-image-preview:large, max-video-preview:-1\" \/>\n<link rel=\"canonical\" href=\"https:\/\/fiprocess.pl\/en\/produkt\/homogenizator-prozniowy\/\" \/>\n<meta property=\"og:locale\" content=\"en_GB\" \/>\n<meta property=\"og:type\" content=\"article\" \/>\n<meta property=\"og:title\" content=\"Homogenizator pr\u00f3\u017cniowy\" \/>\n<meta property=\"og:description\" content=\"Homogenizator pr\u00f3\u017cniowy firmy PerMix model PVC. Stosowany do produkcji majonezu, keczupu, dressing\u00f3w, nadzie\u0144 czekoladowych, sos\u00f3w itp.\" \/>\n<meta property=\"og:url\" content=\"https:\/\/fiprocess.pl\/en\/produkt\/homogenizator-prozniowy\/\" \/>\n<meta property=\"og:site_name\" content=\"Fiprocess\" \/>\n<meta property=\"article:modified_time\" content=\"2025-02-10T09:50:25+00:00\" \/>\n<meta property=\"og:image\" content=\"https:\/\/fiprocess.pl\/wp-content\/uploads\/2023\/12\/PVC-Mixer-04.png\" \/>\n\t<meta property=\"og:image:width\" content=\"500\" \/>\n\t<meta property=\"og:image:height\" content=\"281\" \/>\n\t<meta property=\"og:image:type\" content=\"image\/png\" \/>\n<meta name=\"twitter:card\" content=\"summary_large_image\" \/>\n<meta name=\"twitter:label1\" content=\"Estimated reading time\" \/>\n\t<meta name=\"twitter:data1\" content=\"1 minute\" \/>\n<script type=\"application\/ld+json\" class=\"yoast-schema-graph\">{\"@context\":\"https:\\\/\\\/schema.org\",\"@graph\":[{\"@type\":\"WebPage\",\"@id\":\"https:\\\/\\\/fiprocess.pl\\\/katalog-maszyn\\\/homogenizator-prozniowy\\\/\",\"url\":\"https:\\\/\\\/fiprocess.pl\\\/produkt\\\/homogenizator-prozniowy\\\/\",\"name\":\"Homogenizator pr\u00f3\u017cniowy - Fiprocess\",\"isPartOf\":{\"@id\":\"https:\\\/\\\/fiprocess.pl\\\/#website\"},\"primaryImageOfPage\":{\"@id\":\"https:\\\/\\\/fiprocess.pl\\\/produkt\\\/homogenizator-prozniowy\\\/#primaryimage\"},\"image\":{\"@id\":\"https:\\\/\\\/fiprocess.pl\\\/produkt\\\/homogenizator-prozniowy\\\/#primaryimage\"},\"thumbnailUrl\":\"https:\\\/\\\/fiprocess.pl\\\/wp-content\\\/uploads\\\/2023\\\/12\\\/PVC-Mixer-04.png\",\"datePublished\":\"2023-12-14T14:57:22+00:00\",\"dateModified\":\"2025-02-10T09:50:25+00:00\",\"description\":\"Homogenizator pr\u00f3\u017cniowy firmy PerMix model PVC. Stosowany do produkcji majonezu, keczupu, dressing\u00f3w, nadzie\u0144 czekoladowych, sos\u00f3w itp.\",\"breadcrumb\":{\"@id\":\"https:\\\/\\\/fiprocess.pl\\\/produkt\\\/homogenizator-prozniowy\\\/#breadcrumb\"},\"inLanguage\":\"en-GB\",\"potentialAction\":[{\"@type\":\"ReadAction\",\"target\":[\"https:\\\/\\\/fiprocess.pl\\\/produkt\\\/homogenizator-prozniowy\\\/\"]}]},{\"@type\":\"ImageObject\",\"inLanguage\":\"en-GB\",\"@id\":\"https:\\\/\\\/fiprocess.pl\\\/produkt\\\/homogenizator-prozniowy\\\/#primaryimage\",\"url\":\"https:\\\/\\\/fiprocess.pl\\\/wp-content\\\/uploads\\\/2023\\\/12\\\/PVC-Mixer-04.png\",\"contentUrl\":\"https:\\\/\\\/fiprocess.pl\\\/wp-content\\\/uploads\\\/2023\\\/12\\\/PVC-Mixer-04.png\",\"width\":500,\"height\":281,\"caption\":\"homogenizator pr\u00f3\u017cniowy\"},{\"@type\":\"BreadcrumbList\",\"@id\":\"https:\\\/\\\/fiprocess.pl\\\/produkt\\\/homogenizator-prozniowy\\\/#breadcrumb\",\"itemListElement\":[{\"@type\":\"ListItem\",\"position\":1,\"name\":\"Strona g\u0142\u00f3wna\",\"item\":\"https:\\\/\\\/fiprocess.pl\\\/\"},{\"@type\":\"ListItem\",\"position\":2,\"name\":\"Katalog maszyn\",\"item\":\"https:\\\/\\\/fiprocess.pl\\\/en\\\/katalog-maszyn\\\/\"},{\"@type\":\"ListItem\",\"position\":3,\"name\":\"Mieszalniki i suszarnie PERMIX\",\"item\":\"https:\\\/\\\/fiprocess.pl\\\/kategoria-produktu\\\/mieszalniki-permix\\\/\"},{\"@type\":\"ListItem\",\"position\":4,\"name\":\"Mieszalniki do past\",\"item\":\"https:\\\/\\\/fiprocess.pl\\\/kategoria-produktu\\\/mieszalniki-permix\\\/mieszalniki-do-past\\\/\"},{\"@type\":\"ListItem\",\"position\":5,\"name\":\"Mieszalniki Pr\u00f3\u017cniowe PerMix serii PVC\",\"item\":\"https:\\\/\\\/fiprocess.pl\\\/kategoria-produktu\\\/mieszalniki-permix\\\/mieszalniki-do-past\\\/mieszalniki-prozniowe-permix-serii-pvc\\\/\"},{\"@type\":\"ListItem\",\"position\":6,\"name\":\"Homogenizator pr\u00f3\u017cniowy\"}]},{\"@type\":\"WebSite\",\"@id\":\"https:\\\/\\\/fiprocess.pl\\\/#website\",\"url\":\"https:\\\/\\\/fiprocess.pl\\\/\",\"name\":\"Fiprocess\",\"description\":\"mieszalniki wir\u00f3wki m\u0142yny suszarnie\",\"publisher\":{\"@id\":\"https:\\\/\\\/fiprocess.pl\\\/#organization\"},\"potentialAction\":[{\"@type\":\"SearchAction\",\"target\":{\"@type\":\"EntryPoint\",\"urlTemplate\":\"https:\\\/\\\/fiprocess.pl\\\/?s={search_term_string}\"},\"query-input\":{\"@type\":\"PropertyValueSpecification\",\"valueRequired\":true,\"valueName\":\"search_term_string\"}}],\"inLanguage\":\"en-GB\"},{\"@type\":\"Organization\",\"@id\":\"https:\\\/\\\/fiprocess.pl\\\/#organization\",\"name\":\"Fiprocess Sp. z o.o.\",\"url\":\"https:\\\/\\\/fiprocess.pl\\\/\",\"logo\":{\"@type\":\"ImageObject\",\"inLanguage\":\"en-GB\",\"@id\":\"https:\\\/\\\/fiprocess.pl\\\/#\\\/schema\\\/logo\\\/image\\\/\",\"url\":\"https:\\\/\\\/fiprocess.pl\\\/wp-content\\\/uploads\\\/2023\\\/07\\\/logo.png\",\"contentUrl\":\"https:\\\/\\\/fiprocess.pl\\\/wp-content\\\/uploads\\\/2023\\\/07\\\/logo.png\",\"width\":1182,\"height\":260,\"caption\":\"Fiprocess Sp. z o.o.\"},\"image\":{\"@id\":\"https:\\\/\\\/fiprocess.pl\\\/#\\\/schema\\\/logo\\\/image\\\/\"}}]}<\/script>\n<!-- \/ Yoast SEO Premium plugin. -->","yoast_head_json":{"title":"Homogenizator pr\u00f3\u017cniowy - Fiprocess","description":"Homogenizator pr\u00f3\u017cniowy firmy PerMix model PVC. Stosowany do produkcji majonezu, keczupu, dressing\u00f3w, nadzie\u0144 czekoladowych, sos\u00f3w itp.","robots":{"index":"index","follow":"follow","max-snippet":"max-snippet:-1","max-image-preview":"max-image-preview:large","max-video-preview":"max-video-preview:-1"},"canonical":"https:\/\/fiprocess.pl\/en\/produkt\/homogenizator-prozniowy\/","og_locale":"en_GB","og_type":"article","og_title":"Homogenizator pr\u00f3\u017cniowy","og_description":"Homogenizator pr\u00f3\u017cniowy firmy PerMix model PVC. Stosowany do produkcji majonezu, keczupu, dressing\u00f3w, nadzie\u0144 czekoladowych, sos\u00f3w itp.","og_url":"https:\/\/fiprocess.pl\/en\/produkt\/homogenizator-prozniowy\/","og_site_name":"Fiprocess","article_modified_time":"2025-02-10T09:50:25+00:00","og_image":[{"width":500,"height":281,"url":"https:\/\/fiprocess.pl\/wp-content\/uploads\/2023\/12\/PVC-Mixer-04.png","type":"image\/png"}],"twitter_card":"summary_large_image","twitter_misc":{"Estimated reading time":"1 minute"},"schema":{"@context":"https:\/\/schema.org","@graph":[{"@type":"WebPage","@id":"https:\/\/fiprocess.pl\/katalog-maszyn\/homogenizator-prozniowy\/","url":"https:\/\/fiprocess.pl\/produkt\/homogenizator-prozniowy\/","name":"Homogenizator pr\u00f3\u017cniowy - Fiprocess","isPartOf":{"@id":"https:\/\/fiprocess.pl\/#website"},"primaryImageOfPage":{"@id":"https:\/\/fiprocess.pl\/produkt\/homogenizator-prozniowy\/#primaryimage"},"image":{"@id":"https:\/\/fiprocess.pl\/produkt\/homogenizator-prozniowy\/#primaryimage"},"thumbnailUrl":"https:\/\/fiprocess.pl\/wp-content\/uploads\/2023\/12\/PVC-Mixer-04.png","datePublished":"2023-12-14T14:57:22+00:00","dateModified":"2025-02-10T09:50:25+00:00","description":"Homogenizator pr\u00f3\u017cniowy firmy PerMix model PVC. Stosowany do produkcji majonezu, keczupu, dressing\u00f3w, nadzie\u0144 czekoladowych, sos\u00f3w itp.","breadcrumb":{"@id":"https:\/\/fiprocess.pl\/produkt\/homogenizator-prozniowy\/#breadcrumb"},"inLanguage":"en-GB","potentialAction":[{"@type":"ReadAction","target":["https:\/\/fiprocess.pl\/produkt\/homogenizator-prozniowy\/"]}]},{"@type":"ImageObject","inLanguage":"en-GB","@id":"https:\/\/fiprocess.pl\/produkt\/homogenizator-prozniowy\/#primaryimage","url":"https:\/\/fiprocess.pl\/wp-content\/uploads\/2023\/12\/PVC-Mixer-04.png","contentUrl":"https:\/\/fiprocess.pl\/wp-content\/uploads\/2023\/12\/PVC-Mixer-04.png","width":500,"height":281,"caption":"homogenizator pr\u00f3\u017cniowy"},{"@type":"BreadcrumbList","@id":"https:\/\/fiprocess.pl\/produkt\/homogenizator-prozniowy\/#breadcrumb","itemListElement":[{"@type":"ListItem","position":1,"name":"Strona g\u0142\u00f3wna","item":"https:\/\/fiprocess.pl\/"},{"@type":"ListItem","position":2,"name":"Katalog maszyn","item":"https:\/\/fiprocess.pl\/en\/katalog-maszyn\/"},{"@type":"ListItem","position":3,"name":"Mieszalniki i suszarnie PERMIX","item":"https:\/\/fiprocess.pl\/kategoria-produktu\/mieszalniki-permix\/"},{"@type":"ListItem","position":4,"name":"Mieszalniki do past","item":"https:\/\/fiprocess.pl\/kategoria-produktu\/mieszalniki-permix\/mieszalniki-do-past\/"},{"@type":"ListItem","position":5,"name":"Mieszalniki Pr\u00f3\u017cniowe PerMix serii PVC","item":"https:\/\/fiprocess.pl\/kategoria-produktu\/mieszalniki-permix\/mieszalniki-do-past\/mieszalniki-prozniowe-permix-serii-pvc\/"},{"@type":"ListItem","position":6,"name":"Homogenizator pr\u00f3\u017cniowy"}]},{"@type":"WebSite","@id":"https:\/\/fiprocess.pl\/#website","url":"https:\/\/fiprocess.pl\/","name":"Fiprocess","description":"mieszalniki wir\u00f3wki m\u0142yny suszarnie","publisher":{"@id":"https:\/\/fiprocess.pl\/#organization"},"potentialAction":[{"@type":"SearchAction","target":{"@type":"EntryPoint","urlTemplate":"https:\/\/fiprocess.pl\/?s={search_term_string}"},"query-input":{"@type":"PropertyValueSpecification","valueRequired":true,"valueName":"search_term_string"}}],"inLanguage":"en-GB"},{"@type":"Organization","@id":"https:\/\/fiprocess.pl\/#organization","name":"Fiprocess Sp. z o.o.","url":"https:\/\/fiprocess.pl\/","logo":{"@type":"ImageObject","inLanguage":"en-GB","@id":"https:\/\/fiprocess.pl\/#\/schema\/logo\/image\/","url":"https:\/\/fiprocess.pl\/wp-content\/uploads\/2023\/07\/logo.png","contentUrl":"https:\/\/fiprocess.pl\/wp-content\/uploads\/2023\/07\/logo.png","width":1182,"height":260,"caption":"Fiprocess Sp. z o.o."},"image":{"@id":"https:\/\/fiprocess.pl\/#\/schema\/logo\/image\/"}}]}},"_links":{"self":[{"href":"https:\/\/fiprocess.pl\/en\/wp-json\/wp\/v2\/product\/7111","targetHints":{"allow":["GET"]}}],"collection":[{"href":"https:\/\/fiprocess.pl\/en\/wp-json\/wp\/v2\/product"}],"about":[{"href":"https:\/\/fiprocess.pl\/en\/wp-json\/wp\/v2\/types\/product"}],"wp:featuredmedia":[{"embeddable":true,"href":"https:\/\/fiprocess.pl\/en\/wp-json\/wp\/v2\/media\/7112"}],"wp:attachment":[{"href":"https:\/\/fiprocess.pl\/en\/wp-json\/wp\/v2\/media?parent=7111"}],"wp:term":[{"taxonomy":"product_cat","embeddable":true,"href":"https:\/\/fiprocess.pl\/en\/wp-json\/wp\/v2\/product_cat?post=7111"},{"taxonomy":"product_tag","embeddable":true,"href":"https:\/\/fiprocess.pl\/en\/wp-json\/wp\/v2\/product_tag?post=7111"}],"curies":[{"name":"wp","href":"https:\/\/api.w.org\/{rel}","templated":true}]}}