{"id":7100,"date":"2023-12-14T15:43:02","date_gmt":"2023-12-14T14:43:02","guid":{"rendered":"https:\/\/fiprocess.pl\/?post_type=product&#038;p=7100"},"modified":"2024-05-23T12:07:18","modified_gmt":"2024-05-23T10:07:18","slug":"mieszalnik-dwustozkowy","status":"publish","type":"product","link":"https:\/\/fiprocess.pl\/en\/katalog-maszyn\/mieszalnik-dwustozkowy-en\/","title":{"rendered":"Double cone mixer"},"excerpt":{"rendered":"<h1><strong><span lang=\"EN-US\" style=\"color: blue; font-size: 14pt;\">Double cone mixer<\/span><\/strong><\/h1>\n<p><span>PerMix double-cone mixers, model PDC, are one of the types of drum mixers in which the mixing action takes place by rotating the chamber around the shaft. These are unique mixers suitable for fast and uniform mixing of free-flowing dry powders, granules and crystals. With the simplest design of all mixers, PDC mixers are characterized by low investment, easy operation, residue-free unloading, easy to clean and simple maintenance.<\/span><\/p>\n<p>&nbsp;<\/p>\n<p>https:\/\/www.youtube.com\/watch?v=e4TPW_l5qFc<\/p>\n<p><a href=\"https:\/\/www.youtube.com\/watch?v=e4TPW_l5qFc\">PerMix double cone mixer<\/a><\/p>\n<p>&nbsp;<\/p>","protected":false},"featured_media":7101,"template":"","meta":[],"product_cat":[1033,1039,1029],"product_tag":[],"class_list":{"0":"post-7100","1":"product","2":"type-product","3":"status-publish","4":"has-post-thumbnail","6":"product_cat-mieszalniki-do-proszkow","7":"product_cat-mieszalniki-dwustozkowe-permix-serii-pdc","8":"product_cat-mieszalniki-permix","10":"first","11":"instock","12":"shipping-taxable","13":"product-type-simple"},"acf":[],"yoast_head":"<!-- This site is optimized with the Yoast SEO Premium plugin v26.7 (Yoast SEO v27.3) - https:\/\/yoast.com\/product\/yoast-seo-premium-wordpress\/ -->\n<title>Mieszalnik dwusto\u017ckowy - Fiprocess<\/title>\n<meta name=\"description\" content=\"Mieszalnik dwusto\u017ckowy PerMix serii PDC. Unikalny mieszalnik odpowiedni do szybkiego i jednolitego mieszania sypkich suchych proszk\u00f3w, granulek i kryszta\u0142\u00f3w\" \/>\n<meta name=\"robots\" content=\"index, follow, max-snippet:-1, max-image-preview:large, max-video-preview:-1\" \/>\n<link rel=\"canonical\" href=\"https:\/\/fiprocess.pl\/en\/produkt\/mieszalnik-dwustozkowy\/\" \/>\n<meta property=\"og:locale\" content=\"en_GB\" \/>\n<meta property=\"og:type\" content=\"article\" \/>\n<meta property=\"og:title\" content=\"Mieszalnik dwusto\u017ckowy\" \/>\n<meta property=\"og:description\" content=\"Mieszalnik dwusto\u017ckowy PerMix serii PDC. Unikalny mieszalnik odpowiedni do szybkiego i jednolitego mieszania sypkich suchych proszk\u00f3w, granulek i kryszta\u0142\u00f3w\" \/>\n<meta property=\"og:url\" content=\"https:\/\/fiprocess.pl\/en\/produkt\/mieszalnik-dwustozkowy\/\" \/>\n<meta property=\"og:site_name\" content=\"Fiprocess\" \/>\n<meta property=\"article:modified_time\" content=\"2024-05-23T10:07:18+00:00\" \/>\n<meta property=\"og:image\" content=\"https:\/\/fiprocess.pl\/wp-content\/uploads\/2023\/12\/JY14745-HDR.jpg\" \/>\n\t<meta property=\"og:image:width\" content=\"500\" \/>\n\t<meta property=\"og:image:height\" content=\"333\" \/>\n\t<meta property=\"og:image:type\" content=\"image\/jpeg\" \/>\n<meta name=\"twitter:card\" content=\"summary_large_image\" \/>\n<meta name=\"twitter:label1\" content=\"Estimated reading time\" \/>\n\t<meta name=\"twitter:data1\" content=\"1 minute\" \/>\n<script type=\"application\/ld+json\" class=\"yoast-schema-graph\">{\"@context\":\"https:\\\/\\\/schema.org\",\"@graph\":[{\"@type\":\"WebPage\",\"@id\":\"https:\\\/\\\/fiprocess.pl\\\/it\\\/katalog-maszyn\\\/impastatrice-doppio-cono\\\/\",\"url\":\"https:\\\/\\\/fiprocess.pl\\\/produkt\\\/mieszalnik-dwustozkowy\\\/\",\"name\":\"Mieszalnik dwusto\u017ckowy - Fiprocess\",\"isPartOf\":{\"@id\":\"https:\\\/\\\/fiprocess.pl\\\/#website\"},\"primaryImageOfPage\":{\"@id\":\"https:\\\/\\\/fiprocess.pl\\\/produkt\\\/mieszalnik-dwustozkowy\\\/#primaryimage\"},\"image\":{\"@id\":\"https:\\\/\\\/fiprocess.pl\\\/produkt\\\/mieszalnik-dwustozkowy\\\/#primaryimage\"},\"thumbnailUrl\":\"https:\\\/\\\/fiprocess.pl\\\/wp-content\\\/uploads\\\/2023\\\/12\\\/JY14745-HDR.jpg\",\"datePublished\":\"2023-12-14T14:43:02+00:00\",\"dateModified\":\"2024-05-23T10:07:18+00:00\",\"description\":\"Mieszalnik dwusto\u017ckowy PerMix serii PDC. Unikalny mieszalnik odpowiedni do szybkiego i jednolitego mieszania sypkich suchych proszk\u00f3w, granulek i kryszta\u0142\u00f3w\",\"breadcrumb\":{\"@id\":\"https:\\\/\\\/fiprocess.pl\\\/produkt\\\/mieszalnik-dwustozkowy\\\/#breadcrumb\"},\"inLanguage\":\"en-GB\",\"potentialAction\":[{\"@type\":\"ReadAction\",\"target\":[\"https:\\\/\\\/fiprocess.pl\\\/produkt\\\/mieszalnik-dwustozkowy\\\/\"]}]},{\"@type\":\"ImageObject\",\"inLanguage\":\"en-GB\",\"@id\":\"https:\\\/\\\/fiprocess.pl\\\/produkt\\\/mieszalnik-dwustozkowy\\\/#primaryimage\",\"url\":\"https:\\\/\\\/fiprocess.pl\\\/wp-content\\\/uploads\\\/2023\\\/12\\\/JY14745-HDR.jpg\",\"contentUrl\":\"https:\\\/\\\/fiprocess.pl\\\/wp-content\\\/uploads\\\/2023\\\/12\\\/JY14745-HDR.jpg\",\"width\":500,\"height\":333,\"caption\":\"mieszalnik dwusto\u017ckowy PDC\"},{\"@type\":\"BreadcrumbList\",\"@id\":\"https:\\\/\\\/fiprocess.pl\\\/produkt\\\/mieszalnik-dwustozkowy\\\/#breadcrumb\",\"itemListElement\":[{\"@type\":\"ListItem\",\"position\":1,\"name\":\"Strona g\u0142\u00f3wna\",\"item\":\"https:\\\/\\\/fiprocess.pl\\\/\"},{\"@type\":\"ListItem\",\"position\":2,\"name\":\"Katalog maszyn\",\"item\":\"https:\\\/\\\/fiprocess.pl\\\/en\\\/katalog-maszyn\\\/\"},{\"@type\":\"ListItem\",\"position\":3,\"name\":\"Mieszalniki i suszarnie PERMIX\",\"item\":\"https:\\\/\\\/fiprocess.pl\\\/kategoria-produktu\\\/mieszalniki-permix\\\/\"},{\"@type\":\"ListItem\",\"position\":4,\"name\":\"Mieszalniki do proszk\u00f3w\",\"item\":\"https:\\\/\\\/fiprocess.pl\\\/kategoria-produktu\\\/mieszalniki-permix\\\/mieszalniki-do-proszkow\\\/\"},{\"@type\":\"ListItem\",\"position\":5,\"name\":\"Mieszalnik dwusto\u017ckowy\"}]},{\"@type\":\"WebSite\",\"@id\":\"https:\\\/\\\/fiprocess.pl\\\/#website\",\"url\":\"https:\\\/\\\/fiprocess.pl\\\/\",\"name\":\"Fiprocess\",\"description\":\"mieszalniki wir\u00f3wki m\u0142yny suszarnie\",\"publisher\":{\"@id\":\"https:\\\/\\\/fiprocess.pl\\\/#organization\"},\"potentialAction\":[{\"@type\":\"SearchAction\",\"target\":{\"@type\":\"EntryPoint\",\"urlTemplate\":\"https:\\\/\\\/fiprocess.pl\\\/?s={search_term_string}\"},\"query-input\":{\"@type\":\"PropertyValueSpecification\",\"valueRequired\":true,\"valueName\":\"search_term_string\"}}],\"inLanguage\":\"en-GB\"},{\"@type\":\"Organization\",\"@id\":\"https:\\\/\\\/fiprocess.pl\\\/#organization\",\"name\":\"Fiprocess Sp. z o.o.\",\"url\":\"https:\\\/\\\/fiprocess.pl\\\/\",\"logo\":{\"@type\":\"ImageObject\",\"inLanguage\":\"en-GB\",\"@id\":\"https:\\\/\\\/fiprocess.pl\\\/#\\\/schema\\\/logo\\\/image\\\/\",\"url\":\"https:\\\/\\\/fiprocess.pl\\\/wp-content\\\/uploads\\\/2023\\\/07\\\/logo.png\",\"contentUrl\":\"https:\\\/\\\/fiprocess.pl\\\/wp-content\\\/uploads\\\/2023\\\/07\\\/logo.png\",\"width\":1182,\"height\":260,\"caption\":\"Fiprocess Sp. z o.o.\"},\"image\":{\"@id\":\"https:\\\/\\\/fiprocess.pl\\\/#\\\/schema\\\/logo\\\/image\\\/\"}}]}<\/script>\n<!-- \/ Yoast SEO Premium plugin. -->","yoast_head_json":{"title":"Mieszalnik dwusto\u017ckowy - Fiprocess","description":"Mieszalnik dwusto\u017ckowy PerMix serii PDC. Unikalny mieszalnik odpowiedni do szybkiego i jednolitego mieszania sypkich suchych proszk\u00f3w, granulek i kryszta\u0142\u00f3w","robots":{"index":"index","follow":"follow","max-snippet":"max-snippet:-1","max-image-preview":"max-image-preview:large","max-video-preview":"max-video-preview:-1"},"canonical":"https:\/\/fiprocess.pl\/en\/produkt\/mieszalnik-dwustozkowy\/","og_locale":"en_GB","og_type":"article","og_title":"Mieszalnik dwusto\u017ckowy","og_description":"Mieszalnik dwusto\u017ckowy PerMix serii PDC. Unikalny mieszalnik odpowiedni do szybkiego i jednolitego mieszania sypkich suchych proszk\u00f3w, granulek i kryszta\u0142\u00f3w","og_url":"https:\/\/fiprocess.pl\/en\/produkt\/mieszalnik-dwustozkowy\/","og_site_name":"Fiprocess","article_modified_time":"2024-05-23T10:07:18+00:00","og_image":[{"width":500,"height":333,"url":"https:\/\/fiprocess.pl\/wp-content\/uploads\/2023\/12\/JY14745-HDR.jpg","type":"image\/jpeg"}],"twitter_card":"summary_large_image","twitter_misc":{"Estimated reading time":"1 minute"},"schema":{"@context":"https:\/\/schema.org","@graph":[{"@type":"WebPage","@id":"https:\/\/fiprocess.pl\/it\/katalog-maszyn\/impastatrice-doppio-cono\/","url":"https:\/\/fiprocess.pl\/produkt\/mieszalnik-dwustozkowy\/","name":"Mieszalnik dwusto\u017ckowy - Fiprocess","isPartOf":{"@id":"https:\/\/fiprocess.pl\/#website"},"primaryImageOfPage":{"@id":"https:\/\/fiprocess.pl\/produkt\/mieszalnik-dwustozkowy\/#primaryimage"},"image":{"@id":"https:\/\/fiprocess.pl\/produkt\/mieszalnik-dwustozkowy\/#primaryimage"},"thumbnailUrl":"https:\/\/fiprocess.pl\/wp-content\/uploads\/2023\/12\/JY14745-HDR.jpg","datePublished":"2023-12-14T14:43:02+00:00","dateModified":"2024-05-23T10:07:18+00:00","description":"Mieszalnik dwusto\u017ckowy PerMix serii PDC. Unikalny mieszalnik odpowiedni do szybkiego i jednolitego mieszania sypkich suchych proszk\u00f3w, granulek i kryszta\u0142\u00f3w","breadcrumb":{"@id":"https:\/\/fiprocess.pl\/produkt\/mieszalnik-dwustozkowy\/#breadcrumb"},"inLanguage":"en-GB","potentialAction":[{"@type":"ReadAction","target":["https:\/\/fiprocess.pl\/produkt\/mieszalnik-dwustozkowy\/"]}]},{"@type":"ImageObject","inLanguage":"en-GB","@id":"https:\/\/fiprocess.pl\/produkt\/mieszalnik-dwustozkowy\/#primaryimage","url":"https:\/\/fiprocess.pl\/wp-content\/uploads\/2023\/12\/JY14745-HDR.jpg","contentUrl":"https:\/\/fiprocess.pl\/wp-content\/uploads\/2023\/12\/JY14745-HDR.jpg","width":500,"height":333,"caption":"mieszalnik dwusto\u017ckowy PDC"},{"@type":"BreadcrumbList","@id":"https:\/\/fiprocess.pl\/produkt\/mieszalnik-dwustozkowy\/#breadcrumb","itemListElement":[{"@type":"ListItem","position":1,"name":"Strona g\u0142\u00f3wna","item":"https:\/\/fiprocess.pl\/"},{"@type":"ListItem","position":2,"name":"Katalog maszyn","item":"https:\/\/fiprocess.pl\/en\/katalog-maszyn\/"},{"@type":"ListItem","position":3,"name":"Mieszalniki i suszarnie PERMIX","item":"https:\/\/fiprocess.pl\/kategoria-produktu\/mieszalniki-permix\/"},{"@type":"ListItem","position":4,"name":"Mieszalniki do proszk\u00f3w","item":"https:\/\/fiprocess.pl\/kategoria-produktu\/mieszalniki-permix\/mieszalniki-do-proszkow\/"},{"@type":"ListItem","position":5,"name":"Mieszalnik dwusto\u017ckowy"}]},{"@type":"WebSite","@id":"https:\/\/fiprocess.pl\/#website","url":"https:\/\/fiprocess.pl\/","name":"Fiprocess","description":"mieszalniki wir\u00f3wki m\u0142yny suszarnie","publisher":{"@id":"https:\/\/fiprocess.pl\/#organization"},"potentialAction":[{"@type":"SearchAction","target":{"@type":"EntryPoint","urlTemplate":"https:\/\/fiprocess.pl\/?s={search_term_string}"},"query-input":{"@type":"PropertyValueSpecification","valueRequired":true,"valueName":"search_term_string"}}],"inLanguage":"en-GB"},{"@type":"Organization","@id":"https:\/\/fiprocess.pl\/#organization","name":"Fiprocess Sp. z o.o.","url":"https:\/\/fiprocess.pl\/","logo":{"@type":"ImageObject","inLanguage":"en-GB","@id":"https:\/\/fiprocess.pl\/#\/schema\/logo\/image\/","url":"https:\/\/fiprocess.pl\/wp-content\/uploads\/2023\/07\/logo.png","contentUrl":"https:\/\/fiprocess.pl\/wp-content\/uploads\/2023\/07\/logo.png","width":1182,"height":260,"caption":"Fiprocess Sp. z o.o."},"image":{"@id":"https:\/\/fiprocess.pl\/#\/schema\/logo\/image\/"}}]}},"_links":{"self":[{"href":"https:\/\/fiprocess.pl\/en\/wp-json\/wp\/v2\/product\/7100","targetHints":{"allow":["GET"]}}],"collection":[{"href":"https:\/\/fiprocess.pl\/en\/wp-json\/wp\/v2\/product"}],"about":[{"href":"https:\/\/fiprocess.pl\/en\/wp-json\/wp\/v2\/types\/product"}],"wp:featuredmedia":[{"embeddable":true,"href":"https:\/\/fiprocess.pl\/en\/wp-json\/wp\/v2\/media\/7101"}],"wp:attachment":[{"href":"https:\/\/fiprocess.pl\/en\/wp-json\/wp\/v2\/media?parent=7100"}],"wp:term":[{"taxonomy":"product_cat","embeddable":true,"href":"https:\/\/fiprocess.pl\/en\/wp-json\/wp\/v2\/product_cat?post=7100"},{"taxonomy":"product_tag","embeddable":true,"href":"https:\/\/fiprocess.pl\/en\/wp-json\/wp\/v2\/product_tag?post=7100"}],"curies":[{"name":"wp","href":"https:\/\/api.w.org\/{rel}","templated":true}]}}