{"id":7076,"date":"2023-12-14T15:21:16","date_gmt":"2023-12-14T14:21:16","guid":{"rendered":"https:\/\/fiprocess.pl\/?post_type=product&#038;p=7076"},"modified":"2024-10-03T11:53:36","modified_gmt":"2024-10-03T09:53:36","slug":"mieszalnik-typu-v","status":"publish","type":"product","link":"https:\/\/fiprocess.pl\/en\/katalog-maszyn\/mieszalnik-typu-v-en\/","title":{"rendered":"V-type mixer"},"excerpt":{"rendered":"<p>The PerMix PVM Series V-shaped Mixer (or V-cone Mixer), sometimes also called Y-shaped mixer, is one of the well-known types of drum mixers (the other type is PerMix PDC Series Double Cone Mixer), which are very popular and provide thorough mixing of free-flowing dry powders, granules and crystals. It features a very simple and easy to clean design.<\/p>\n<p>https:\/\/www.youtube.com\/watch?v=e4TPW_l5qFc<\/p>\n<p>&nbsp;<\/p>","protected":false},"featured_media":7077,"template":"","meta":[],"product_cat":[1033,1029,1038],"product_tag":[],"class_list":{"0":"post-7076","1":"product","2":"type-product","3":"status-publish","4":"has-post-thumbnail","6":"product_cat-mieszalniki-do-proszkow","7":"product_cat-mieszalniki-permix","8":"product_cat-mieszalniki-typu-v-permix-serii-pvm","10":"first","11":"instock","12":"shipping-taxable","13":"product-type-simple"},"acf":[],"yoast_head":"<!-- This site is optimized with the Yoast SEO Premium plugin v26.7 (Yoast SEO v27.3) - https:\/\/yoast.com\/product\/yoast-seo-premium-wordpress\/ -->\n<title>Mieszalnik typu V - Fiprocess<\/title>\n<meta name=\"description\" content=\"Mieszalnik typu V (lub mieszalnik sto\u017ckowy typu V) PerMix serii PVM, lub mieszalnikiem w kszta\u0142cie litery Y, jest jednym z rodzaj\u00f3w mieszalnik\u00f3w b\u0119bnowych\" \/>\n<meta name=\"robots\" content=\"index, follow, max-snippet:-1, max-image-preview:large, max-video-preview:-1\" \/>\n<link rel=\"canonical\" href=\"https:\/\/fiprocess.pl\/en\/produkt\/mieszalnik-typu-v\/\" \/>\n<meta property=\"og:locale\" content=\"en_GB\" \/>\n<meta property=\"og:type\" content=\"article\" \/>\n<meta property=\"og:title\" content=\"Mieszalnik typu V\" \/>\n<meta property=\"og:description\" content=\"Mieszalnik typu V (lub mieszalnik sto\u017ckowy typu V) PerMix serii PVM, lub mieszalnikiem w kszta\u0142cie litery Y, jest jednym z rodzaj\u00f3w mieszalnik\u00f3w b\u0119bnowych\" \/>\n<meta property=\"og:url\" content=\"https:\/\/fiprocess.pl\/en\/produkt\/mieszalnik-typu-v\/\" \/>\n<meta property=\"og:site_name\" content=\"Fiprocess\" \/>\n<meta property=\"article:modified_time\" content=\"2024-10-03T09:53:36+00:00\" \/>\n<meta property=\"og:image\" content=\"https:\/\/fiprocess.pl\/wp-content\/uploads\/2023\/12\/1_PerMix-V-Blender-2.jpeg\" \/>\n\t<meta property=\"og:image:width\" content=\"500\" \/>\n\t<meta property=\"og:image:height\" content=\"333\" \/>\n\t<meta property=\"og:image:type\" content=\"image\/jpeg\" \/>\n<meta name=\"twitter:card\" content=\"summary_large_image\" \/>\n<meta name=\"twitter:label1\" content=\"Estimated reading time\" \/>\n\t<meta name=\"twitter:data1\" content=\"1 minute\" \/>\n<script type=\"application\/ld+json\" class=\"yoast-schema-graph\">{\"@context\":\"https:\\\/\\\/schema.org\",\"@graph\":[{\"@type\":\"WebPage\",\"@id\":\"https:\\\/\\\/fiprocess.pl\\\/it\\\/katalog-maszyn\\\/miscelatore-tipo-v\\\/\",\"url\":\"https:\\\/\\\/fiprocess.pl\\\/produkt\\\/mieszalnik-typu-v\\\/\",\"name\":\"Mieszalnik typu V - Fiprocess\",\"isPartOf\":{\"@id\":\"https:\\\/\\\/fiprocess.pl\\\/#website\"},\"primaryImageOfPage\":{\"@id\":\"https:\\\/\\\/fiprocess.pl\\\/produkt\\\/mieszalnik-typu-v\\\/#primaryimage\"},\"image\":{\"@id\":\"https:\\\/\\\/fiprocess.pl\\\/produkt\\\/mieszalnik-typu-v\\\/#primaryimage\"},\"thumbnailUrl\":\"https:\\\/\\\/fiprocess.pl\\\/wp-content\\\/uploads\\\/2023\\\/12\\\/1_PerMix-V-Blender-2.jpeg\",\"datePublished\":\"2023-12-14T14:21:16+00:00\",\"dateModified\":\"2024-10-03T09:53:36+00:00\",\"description\":\"Mieszalnik typu V (lub mieszalnik sto\u017ckowy typu V) PerMix serii PVM, lub mieszalnikiem w kszta\u0142cie litery Y, jest jednym z rodzaj\u00f3w mieszalnik\u00f3w b\u0119bnowych\",\"breadcrumb\":{\"@id\":\"https:\\\/\\\/fiprocess.pl\\\/produkt\\\/mieszalnik-typu-v\\\/#breadcrumb\"},\"inLanguage\":\"en-GB\",\"potentialAction\":[{\"@type\":\"ReadAction\",\"target\":[\"https:\\\/\\\/fiprocess.pl\\\/produkt\\\/mieszalnik-typu-v\\\/\"]}]},{\"@type\":\"ImageObject\",\"inLanguage\":\"en-GB\",\"@id\":\"https:\\\/\\\/fiprocess.pl\\\/produkt\\\/mieszalnik-typu-v\\\/#primaryimage\",\"url\":\"https:\\\/\\\/fiprocess.pl\\\/wp-content\\\/uploads\\\/2023\\\/12\\\/1_PerMix-V-Blender-2.jpeg\",\"contentUrl\":\"https:\\\/\\\/fiprocess.pl\\\/wp-content\\\/uploads\\\/2023\\\/12\\\/1_PerMix-V-Blender-2.jpeg\",\"width\":500,\"height\":333,\"caption\":\"mieszalnik typu V\"},{\"@type\":\"BreadcrumbList\",\"@id\":\"https:\\\/\\\/fiprocess.pl\\\/produkt\\\/mieszalnik-typu-v\\\/#breadcrumb\",\"itemListElement\":[{\"@type\":\"ListItem\",\"position\":1,\"name\":\"Strona g\u0142\u00f3wna\",\"item\":\"https:\\\/\\\/fiprocess.pl\\\/\"},{\"@type\":\"ListItem\",\"position\":2,\"name\":\"Katalog maszyn\",\"item\":\"https:\\\/\\\/fiprocess.pl\\\/en\\\/katalog-maszyn\\\/\"},{\"@type\":\"ListItem\",\"position\":3,\"name\":\"Mieszalniki i suszarnie PERMIX\",\"item\":\"https:\\\/\\\/fiprocess.pl\\\/kategoria-produktu\\\/mieszalniki-permix\\\/\"},{\"@type\":\"ListItem\",\"position\":4,\"name\":\"Mieszalniki do proszk\u00f3w\",\"item\":\"https:\\\/\\\/fiprocess.pl\\\/kategoria-produktu\\\/mieszalniki-permix\\\/mieszalniki-do-proszkow\\\/\"},{\"@type\":\"ListItem\",\"position\":5,\"name\":\"Mieszalniki Typu V PerMix serii PVM\",\"item\":\"https:\\\/\\\/fiprocess.pl\\\/kategoria-produktu\\\/mieszalniki-permix\\\/mieszalniki-do-proszkow\\\/mieszalniki-typu-v-permix-serii-pvm\\\/\"},{\"@type\":\"ListItem\",\"position\":6,\"name\":\"Mieszalnik typu V\"}]},{\"@type\":\"WebSite\",\"@id\":\"https:\\\/\\\/fiprocess.pl\\\/#website\",\"url\":\"https:\\\/\\\/fiprocess.pl\\\/\",\"name\":\"Fiprocess\",\"description\":\"mieszalniki wir\u00f3wki m\u0142yny suszarnie\",\"publisher\":{\"@id\":\"https:\\\/\\\/fiprocess.pl\\\/#organization\"},\"potentialAction\":[{\"@type\":\"SearchAction\",\"target\":{\"@type\":\"EntryPoint\",\"urlTemplate\":\"https:\\\/\\\/fiprocess.pl\\\/?s={search_term_string}\"},\"query-input\":{\"@type\":\"PropertyValueSpecification\",\"valueRequired\":true,\"valueName\":\"search_term_string\"}}],\"inLanguage\":\"en-GB\"},{\"@type\":\"Organization\",\"@id\":\"https:\\\/\\\/fiprocess.pl\\\/#organization\",\"name\":\"Fiprocess Sp. z o.o.\",\"url\":\"https:\\\/\\\/fiprocess.pl\\\/\",\"logo\":{\"@type\":\"ImageObject\",\"inLanguage\":\"en-GB\",\"@id\":\"https:\\\/\\\/fiprocess.pl\\\/#\\\/schema\\\/logo\\\/image\\\/\",\"url\":\"https:\\\/\\\/fiprocess.pl\\\/wp-content\\\/uploads\\\/2023\\\/07\\\/logo.png\",\"contentUrl\":\"https:\\\/\\\/fiprocess.pl\\\/wp-content\\\/uploads\\\/2023\\\/07\\\/logo.png\",\"width\":1182,\"height\":260,\"caption\":\"Fiprocess Sp. z o.o.\"},\"image\":{\"@id\":\"https:\\\/\\\/fiprocess.pl\\\/#\\\/schema\\\/logo\\\/image\\\/\"}}]}<\/script>\n<!-- \/ Yoast SEO Premium plugin. -->","yoast_head_json":{"title":"Mieszalnik typu V - Fiprocess","description":"Mieszalnik typu V (lub mieszalnik sto\u017ckowy typu V) PerMix serii PVM, lub mieszalnikiem w kszta\u0142cie litery Y, jest jednym z rodzaj\u00f3w mieszalnik\u00f3w b\u0119bnowych","robots":{"index":"index","follow":"follow","max-snippet":"max-snippet:-1","max-image-preview":"max-image-preview:large","max-video-preview":"max-video-preview:-1"},"canonical":"https:\/\/fiprocess.pl\/en\/produkt\/mieszalnik-typu-v\/","og_locale":"en_GB","og_type":"article","og_title":"Mieszalnik typu V","og_description":"Mieszalnik typu V (lub mieszalnik sto\u017ckowy typu V) PerMix serii PVM, lub mieszalnikiem w kszta\u0142cie litery Y, jest jednym z rodzaj\u00f3w mieszalnik\u00f3w b\u0119bnowych","og_url":"https:\/\/fiprocess.pl\/en\/produkt\/mieszalnik-typu-v\/","og_site_name":"Fiprocess","article_modified_time":"2024-10-03T09:53:36+00:00","og_image":[{"width":500,"height":333,"url":"https:\/\/fiprocess.pl\/wp-content\/uploads\/2023\/12\/1_PerMix-V-Blender-2.jpeg","type":"image\/jpeg"}],"twitter_card":"summary_large_image","twitter_misc":{"Estimated reading time":"1 minute"},"schema":{"@context":"https:\/\/schema.org","@graph":[{"@type":"WebPage","@id":"https:\/\/fiprocess.pl\/it\/katalog-maszyn\/miscelatore-tipo-v\/","url":"https:\/\/fiprocess.pl\/produkt\/mieszalnik-typu-v\/","name":"Mieszalnik typu V - Fiprocess","isPartOf":{"@id":"https:\/\/fiprocess.pl\/#website"},"primaryImageOfPage":{"@id":"https:\/\/fiprocess.pl\/produkt\/mieszalnik-typu-v\/#primaryimage"},"image":{"@id":"https:\/\/fiprocess.pl\/produkt\/mieszalnik-typu-v\/#primaryimage"},"thumbnailUrl":"https:\/\/fiprocess.pl\/wp-content\/uploads\/2023\/12\/1_PerMix-V-Blender-2.jpeg","datePublished":"2023-12-14T14:21:16+00:00","dateModified":"2024-10-03T09:53:36+00:00","description":"Mieszalnik typu V (lub mieszalnik sto\u017ckowy typu V) PerMix serii PVM, lub mieszalnikiem w kszta\u0142cie litery Y, jest jednym z rodzaj\u00f3w mieszalnik\u00f3w b\u0119bnowych","breadcrumb":{"@id":"https:\/\/fiprocess.pl\/produkt\/mieszalnik-typu-v\/#breadcrumb"},"inLanguage":"en-GB","potentialAction":[{"@type":"ReadAction","target":["https:\/\/fiprocess.pl\/produkt\/mieszalnik-typu-v\/"]}]},{"@type":"ImageObject","inLanguage":"en-GB","@id":"https:\/\/fiprocess.pl\/produkt\/mieszalnik-typu-v\/#primaryimage","url":"https:\/\/fiprocess.pl\/wp-content\/uploads\/2023\/12\/1_PerMix-V-Blender-2.jpeg","contentUrl":"https:\/\/fiprocess.pl\/wp-content\/uploads\/2023\/12\/1_PerMix-V-Blender-2.jpeg","width":500,"height":333,"caption":"mieszalnik typu V"},{"@type":"BreadcrumbList","@id":"https:\/\/fiprocess.pl\/produkt\/mieszalnik-typu-v\/#breadcrumb","itemListElement":[{"@type":"ListItem","position":1,"name":"Strona g\u0142\u00f3wna","item":"https:\/\/fiprocess.pl\/"},{"@type":"ListItem","position":2,"name":"Katalog maszyn","item":"https:\/\/fiprocess.pl\/en\/katalog-maszyn\/"},{"@type":"ListItem","position":3,"name":"Mieszalniki i suszarnie PERMIX","item":"https:\/\/fiprocess.pl\/kategoria-produktu\/mieszalniki-permix\/"},{"@type":"ListItem","position":4,"name":"Mieszalniki do proszk\u00f3w","item":"https:\/\/fiprocess.pl\/kategoria-produktu\/mieszalniki-permix\/mieszalniki-do-proszkow\/"},{"@type":"ListItem","position":5,"name":"Mieszalniki Typu V PerMix serii PVM","item":"https:\/\/fiprocess.pl\/kategoria-produktu\/mieszalniki-permix\/mieszalniki-do-proszkow\/mieszalniki-typu-v-permix-serii-pvm\/"},{"@type":"ListItem","position":6,"name":"Mieszalnik typu V"}]},{"@type":"WebSite","@id":"https:\/\/fiprocess.pl\/#website","url":"https:\/\/fiprocess.pl\/","name":"Fiprocess","description":"mieszalniki wir\u00f3wki m\u0142yny suszarnie","publisher":{"@id":"https:\/\/fiprocess.pl\/#organization"},"potentialAction":[{"@type":"SearchAction","target":{"@type":"EntryPoint","urlTemplate":"https:\/\/fiprocess.pl\/?s={search_term_string}"},"query-input":{"@type":"PropertyValueSpecification","valueRequired":true,"valueName":"search_term_string"}}],"inLanguage":"en-GB"},{"@type":"Organization","@id":"https:\/\/fiprocess.pl\/#organization","name":"Fiprocess Sp. z o.o.","url":"https:\/\/fiprocess.pl\/","logo":{"@type":"ImageObject","inLanguage":"en-GB","@id":"https:\/\/fiprocess.pl\/#\/schema\/logo\/image\/","url":"https:\/\/fiprocess.pl\/wp-content\/uploads\/2023\/07\/logo.png","contentUrl":"https:\/\/fiprocess.pl\/wp-content\/uploads\/2023\/07\/logo.png","width":1182,"height":260,"caption":"Fiprocess Sp. z o.o."},"image":{"@id":"https:\/\/fiprocess.pl\/#\/schema\/logo\/image\/"}}]}},"_links":{"self":[{"href":"https:\/\/fiprocess.pl\/en\/wp-json\/wp\/v2\/product\/7076","targetHints":{"allow":["GET"]}}],"collection":[{"href":"https:\/\/fiprocess.pl\/en\/wp-json\/wp\/v2\/product"}],"about":[{"href":"https:\/\/fiprocess.pl\/en\/wp-json\/wp\/v2\/types\/product"}],"wp:featuredmedia":[{"embeddable":true,"href":"https:\/\/fiprocess.pl\/en\/wp-json\/wp\/v2\/media\/7077"}],"wp:attachment":[{"href":"https:\/\/fiprocess.pl\/en\/wp-json\/wp\/v2\/media?parent=7076"}],"wp:term":[{"taxonomy":"product_cat","embeddable":true,"href":"https:\/\/fiprocess.pl\/en\/wp-json\/wp\/v2\/product_cat?post=7076"},{"taxonomy":"product_tag","embeddable":true,"href":"https:\/\/fiprocess.pl\/en\/wp-json\/wp\/v2\/product_tag?post=7076"}],"curies":[{"name":"wp","href":"https:\/\/api.w.org\/{rel}","templated":true}]}}