{"id":7031,"date":"2023-12-11T14:33:57","date_gmt":"2023-12-11T13:33:57","guid":{"rendered":"https:\/\/fiprocess.pl\/?post_type=product&#038;p=7031"},"modified":"2024-05-23T12:08:02","modified_gmt":"2024-05-23T10:08:02","slug":"rozwiazania-dla-przemyslu-spozywczego-permix","status":"publish","type":"product","link":"https:\/\/fiprocess.pl\/en\/katalog-maszyn\/solutions-for-the-food-industry-permix\/","title":{"rendered":"Solutions for the food industry PerMix"},"excerpt":{"rendered":"<p><strong>Solutions for the food industry PerMix<\/strong><\/p>\n<p>We offer excellent mixing technologies<\/p>\n<p><a href=\"https:\/\/www.permixmixers.com\/permix-food-solutions\/#food-industry\">\u00a0<strong>Food and bakery industry<\/strong><\/a><\/p>\n<p><strong><a href=\"https:\/\/www.permixmixers.com\/permix-food-solutions\/#beverage-industry\">Beverage industry<\/a><\/strong><\/p>\n<p>The food industry is an industry that is constantly changing. The constant need to extend shelf life, increase nutritional value and increase production while minimizing batch times, minimizing labor and minimizing utility usage. PerMix understands this and since 1954 PerMix has been an industry leader with our mixing solutions.<\/p>\n<p>Whether you are an artisan bakery or a food manufacturer with special requirements such as cooking and cooling, ready meals or natural and health drinks, PerMix has a solution for your needs, no matter how big or small.<\/p>\n<p>Below are some areas where PerMix can offer solutions to suit your needs.<\/p>","protected":false},"featured_media":7038,"template":"","meta":[],"product_cat":[1029],"product_tag":[],"class_list":{"0":"post-7031","1":"product","2":"type-product","3":"status-publish","4":"has-post-thumbnail","6":"product_cat-mieszalniki-permix","8":"first","9":"instock","10":"shipping-taxable","11":"product-type-simple"},"acf":[],"yoast_head":"<!-- This site is optimized with the Yoast SEO Premium plugin v26.7 (Yoast SEO v27.3) - https:\/\/yoast.com\/product\/yoast-seo-premium-wordpress\/ -->\n<title>Rozwi\u0105zania dla przemys\u0142u spo\u017cywczego PerMix - Fiprocess<\/title>\n<meta name=\"description\" content=\"Rozwi\u0105zania dla przemys\u0142u spo\u017cywczego PerMix. Oferujemy doskona\u0142e technologie mieszania\u00a0Przemys\u0142 spo\u017cywczy i piekarniczy Bran\u017ca napoj\u00f3w\" \/>\n<meta name=\"robots\" content=\"index, follow, max-snippet:-1, max-image-preview:large, max-video-preview:-1\" \/>\n<link rel=\"canonical\" href=\"https:\/\/fiprocess.pl\/en\/produkt\/rozwiazania-dla-przemyslu-spozywczego-permix\/\" \/>\n<meta property=\"og:locale\" content=\"en_GB\" \/>\n<meta property=\"og:type\" content=\"article\" \/>\n<meta property=\"og:title\" content=\"Rozwi\u0105zania dla przemys\u0142u spo\u017cywczego PerMix\" \/>\n<meta property=\"og:description\" content=\"Rozwi\u0105zania dla przemys\u0142u spo\u017cywczego PerMix. Oferujemy doskona\u0142e technologie mieszania\u00a0Przemys\u0142 spo\u017cywczy i piekarniczy Bran\u017ca napoj\u00f3w\" \/>\n<meta property=\"og:url\" content=\"https:\/\/fiprocess.pl\/en\/produkt\/rozwiazania-dla-przemyslu-spozywczego-permix\/\" \/>\n<meta property=\"og:site_name\" content=\"Fiprocess\" \/>\n<meta property=\"article:modified_time\" content=\"2024-05-23T10:08:02+00:00\" \/>\n<meta property=\"og:image\" content=\"https:\/\/fiprocess.pl\/wp-content\/uploads\/2023\/12\/Rozwiazania-dla-przemyslu-spozywczego-1.webp\" \/>\n\t<meta property=\"og:image:width\" content=\"1059\" \/>\n\t<meta property=\"og:image:height\" content=\"481\" \/>\n\t<meta property=\"og:image:type\" content=\"image\/webp\" \/>\n<meta name=\"twitter:card\" content=\"summary_large_image\" \/>\n<meta name=\"twitter:label1\" content=\"Estimated reading time\" \/>\n\t<meta name=\"twitter:data1\" content=\"1 minute\" \/>\n<script type=\"application\/ld+json\" class=\"yoast-schema-graph\">{\"@context\":\"https:\\\/\\\/schema.org\",\"@graph\":[{\"@type\":\"WebPage\",\"@id\":\"https:\\\/\\\/fiprocess.pl\\\/en\\\/katalog-maszyn\\\/solutions-for-the-food-industry-permix\\\/\",\"url\":\"https:\\\/\\\/fiprocess.pl\\\/produkt\\\/rozwiazania-dla-przemyslu-spozywczego-permix\\\/\",\"name\":\"Rozwi\u0105zania dla przemys\u0142u spo\u017cywczego PerMix - Fiprocess\",\"isPartOf\":{\"@id\":\"https:\\\/\\\/fiprocess.pl\\\/#website\"},\"primaryImageOfPage\":{\"@id\":\"https:\\\/\\\/fiprocess.pl\\\/produkt\\\/rozwiazania-dla-przemyslu-spozywczego-permix\\\/#primaryimage\"},\"image\":{\"@id\":\"https:\\\/\\\/fiprocess.pl\\\/produkt\\\/rozwiazania-dla-przemyslu-spozywczego-permix\\\/#primaryimage\"},\"thumbnailUrl\":\"https:\\\/\\\/fiprocess.pl\\\/wp-content\\\/uploads\\\/2023\\\/12\\\/Rozwiazania-dla-przemyslu-spozywczego-1.webp\",\"datePublished\":\"2023-12-11T13:33:57+00:00\",\"dateModified\":\"2024-05-23T10:08:02+00:00\",\"description\":\"Rozwi\u0105zania dla przemys\u0142u spo\u017cywczego PerMix. Oferujemy doskona\u0142e technologie mieszania\u00a0Przemys\u0142 spo\u017cywczy i piekarniczy Bran\u017ca napoj\u00f3w\",\"breadcrumb\":{\"@id\":\"https:\\\/\\\/fiprocess.pl\\\/produkt\\\/rozwiazania-dla-przemyslu-spozywczego-permix\\\/#breadcrumb\"},\"inLanguage\":\"en-GB\",\"potentialAction\":[{\"@type\":\"ReadAction\",\"target\":[\"https:\\\/\\\/fiprocess.pl\\\/produkt\\\/rozwiazania-dla-przemyslu-spozywczego-permix\\\/\"]}]},{\"@type\":\"ImageObject\",\"inLanguage\":\"en-GB\",\"@id\":\"https:\\\/\\\/fiprocess.pl\\\/produkt\\\/rozwiazania-dla-przemyslu-spozywczego-permix\\\/#primaryimage\",\"url\":\"https:\\\/\\\/fiprocess.pl\\\/wp-content\\\/uploads\\\/2023\\\/12\\\/Rozwiazania-dla-przemyslu-spozywczego-1.webp\",\"contentUrl\":\"https:\\\/\\\/fiprocess.pl\\\/wp-content\\\/uploads\\\/2023\\\/12\\\/Rozwiazania-dla-przemyslu-spozywczego-1.webp\",\"width\":1059,\"height\":481,\"caption\":\"Rozwi\u0105zania dla przemys\u0142u spo\u017cywczego PerMix\"},{\"@type\":\"BreadcrumbList\",\"@id\":\"https:\\\/\\\/fiprocess.pl\\\/produkt\\\/rozwiazania-dla-przemyslu-spozywczego-permix\\\/#breadcrumb\",\"itemListElement\":[{\"@type\":\"ListItem\",\"position\":1,\"name\":\"Strona g\u0142\u00f3wna\",\"item\":\"https:\\\/\\\/fiprocess.pl\\\/\"},{\"@type\":\"ListItem\",\"position\":2,\"name\":\"Katalog maszyn\",\"item\":\"https:\\\/\\\/fiprocess.pl\\\/en\\\/katalog-maszyn\\\/\"},{\"@type\":\"ListItem\",\"position\":3,\"name\":\"Mieszalniki i suszarnie PERMIX\",\"item\":\"https:\\\/\\\/fiprocess.pl\\\/kategoria-produktu\\\/mieszalniki-permix\\\/\"},{\"@type\":\"ListItem\",\"position\":4,\"name\":\"Rozwi\u0105zania dla przemys\u0142u spo\u017cywczego PerMix\"}]},{\"@type\":\"WebSite\",\"@id\":\"https:\\\/\\\/fiprocess.pl\\\/#website\",\"url\":\"https:\\\/\\\/fiprocess.pl\\\/\",\"name\":\"Fiprocess\",\"description\":\"mieszalniki wir\u00f3wki m\u0142yny suszarnie\",\"publisher\":{\"@id\":\"https:\\\/\\\/fiprocess.pl\\\/#organization\"},\"potentialAction\":[{\"@type\":\"SearchAction\",\"target\":{\"@type\":\"EntryPoint\",\"urlTemplate\":\"https:\\\/\\\/fiprocess.pl\\\/?s={search_term_string}\"},\"query-input\":{\"@type\":\"PropertyValueSpecification\",\"valueRequired\":true,\"valueName\":\"search_term_string\"}}],\"inLanguage\":\"en-GB\"},{\"@type\":\"Organization\",\"@id\":\"https:\\\/\\\/fiprocess.pl\\\/#organization\",\"name\":\"Fiprocess Sp. z o.o.\",\"url\":\"https:\\\/\\\/fiprocess.pl\\\/\",\"logo\":{\"@type\":\"ImageObject\",\"inLanguage\":\"en-GB\",\"@id\":\"https:\\\/\\\/fiprocess.pl\\\/#\\\/schema\\\/logo\\\/image\\\/\",\"url\":\"https:\\\/\\\/fiprocess.pl\\\/wp-content\\\/uploads\\\/2023\\\/07\\\/logo.png\",\"contentUrl\":\"https:\\\/\\\/fiprocess.pl\\\/wp-content\\\/uploads\\\/2023\\\/07\\\/logo.png\",\"width\":1182,\"height\":260,\"caption\":\"Fiprocess Sp. z o.o.\"},\"image\":{\"@id\":\"https:\\\/\\\/fiprocess.pl\\\/#\\\/schema\\\/logo\\\/image\\\/\"}}]}<\/script>\n<!-- \/ Yoast SEO Premium plugin. -->","yoast_head_json":{"title":"Rozwi\u0105zania dla przemys\u0142u spo\u017cywczego PerMix - Fiprocess","description":"Rozwi\u0105zania dla przemys\u0142u spo\u017cywczego PerMix. Oferujemy doskona\u0142e technologie mieszania\u00a0Przemys\u0142 spo\u017cywczy i piekarniczy Bran\u017ca napoj\u00f3w","robots":{"index":"index","follow":"follow","max-snippet":"max-snippet:-1","max-image-preview":"max-image-preview:large","max-video-preview":"max-video-preview:-1"},"canonical":"https:\/\/fiprocess.pl\/en\/produkt\/rozwiazania-dla-przemyslu-spozywczego-permix\/","og_locale":"en_GB","og_type":"article","og_title":"Rozwi\u0105zania dla przemys\u0142u spo\u017cywczego PerMix","og_description":"Rozwi\u0105zania dla przemys\u0142u spo\u017cywczego PerMix. Oferujemy doskona\u0142e technologie mieszania\u00a0Przemys\u0142 spo\u017cywczy i piekarniczy Bran\u017ca napoj\u00f3w","og_url":"https:\/\/fiprocess.pl\/en\/produkt\/rozwiazania-dla-przemyslu-spozywczego-permix\/","og_site_name":"Fiprocess","article_modified_time":"2024-05-23T10:08:02+00:00","og_image":[{"width":1059,"height":481,"url":"https:\/\/fiprocess.pl\/wp-content\/uploads\/2023\/12\/Rozwiazania-dla-przemyslu-spozywczego-1.webp","type":"image\/webp"}],"twitter_card":"summary_large_image","twitter_misc":{"Estimated reading time":"1 minute"},"schema":{"@context":"https:\/\/schema.org","@graph":[{"@type":"WebPage","@id":"https:\/\/fiprocess.pl\/en\/katalog-maszyn\/solutions-for-the-food-industry-permix\/","url":"https:\/\/fiprocess.pl\/produkt\/rozwiazania-dla-przemyslu-spozywczego-permix\/","name":"Rozwi\u0105zania dla przemys\u0142u spo\u017cywczego PerMix - Fiprocess","isPartOf":{"@id":"https:\/\/fiprocess.pl\/#website"},"primaryImageOfPage":{"@id":"https:\/\/fiprocess.pl\/produkt\/rozwiazania-dla-przemyslu-spozywczego-permix\/#primaryimage"},"image":{"@id":"https:\/\/fiprocess.pl\/produkt\/rozwiazania-dla-przemyslu-spozywczego-permix\/#primaryimage"},"thumbnailUrl":"https:\/\/fiprocess.pl\/wp-content\/uploads\/2023\/12\/Rozwiazania-dla-przemyslu-spozywczego-1.webp","datePublished":"2023-12-11T13:33:57+00:00","dateModified":"2024-05-23T10:08:02+00:00","description":"Rozwi\u0105zania dla przemys\u0142u spo\u017cywczego PerMix. Oferujemy doskona\u0142e technologie mieszania\u00a0Przemys\u0142 spo\u017cywczy i piekarniczy Bran\u017ca napoj\u00f3w","breadcrumb":{"@id":"https:\/\/fiprocess.pl\/produkt\/rozwiazania-dla-przemyslu-spozywczego-permix\/#breadcrumb"},"inLanguage":"en-GB","potentialAction":[{"@type":"ReadAction","target":["https:\/\/fiprocess.pl\/produkt\/rozwiazania-dla-przemyslu-spozywczego-permix\/"]}]},{"@type":"ImageObject","inLanguage":"en-GB","@id":"https:\/\/fiprocess.pl\/produkt\/rozwiazania-dla-przemyslu-spozywczego-permix\/#primaryimage","url":"https:\/\/fiprocess.pl\/wp-content\/uploads\/2023\/12\/Rozwiazania-dla-przemyslu-spozywczego-1.webp","contentUrl":"https:\/\/fiprocess.pl\/wp-content\/uploads\/2023\/12\/Rozwiazania-dla-przemyslu-spozywczego-1.webp","width":1059,"height":481,"caption":"Rozwi\u0105zania dla przemys\u0142u spo\u017cywczego PerMix"},{"@type":"BreadcrumbList","@id":"https:\/\/fiprocess.pl\/produkt\/rozwiazania-dla-przemyslu-spozywczego-permix\/#breadcrumb","itemListElement":[{"@type":"ListItem","position":1,"name":"Strona g\u0142\u00f3wna","item":"https:\/\/fiprocess.pl\/"},{"@type":"ListItem","position":2,"name":"Katalog maszyn","item":"https:\/\/fiprocess.pl\/en\/katalog-maszyn\/"},{"@type":"ListItem","position":3,"name":"Mieszalniki i suszarnie PERMIX","item":"https:\/\/fiprocess.pl\/kategoria-produktu\/mieszalniki-permix\/"},{"@type":"ListItem","position":4,"name":"Rozwi\u0105zania dla przemys\u0142u spo\u017cywczego PerMix"}]},{"@type":"WebSite","@id":"https:\/\/fiprocess.pl\/#website","url":"https:\/\/fiprocess.pl\/","name":"Fiprocess","description":"mieszalniki wir\u00f3wki m\u0142yny suszarnie","publisher":{"@id":"https:\/\/fiprocess.pl\/#organization"},"potentialAction":[{"@type":"SearchAction","target":{"@type":"EntryPoint","urlTemplate":"https:\/\/fiprocess.pl\/?s={search_term_string}"},"query-input":{"@type":"PropertyValueSpecification","valueRequired":true,"valueName":"search_term_string"}}],"inLanguage":"en-GB"},{"@type":"Organization","@id":"https:\/\/fiprocess.pl\/#organization","name":"Fiprocess Sp. z o.o.","url":"https:\/\/fiprocess.pl\/","logo":{"@type":"ImageObject","inLanguage":"en-GB","@id":"https:\/\/fiprocess.pl\/#\/schema\/logo\/image\/","url":"https:\/\/fiprocess.pl\/wp-content\/uploads\/2023\/07\/logo.png","contentUrl":"https:\/\/fiprocess.pl\/wp-content\/uploads\/2023\/07\/logo.png","width":1182,"height":260,"caption":"Fiprocess Sp. z o.o."},"image":{"@id":"https:\/\/fiprocess.pl\/#\/schema\/logo\/image\/"}}]}},"_links":{"self":[{"href":"https:\/\/fiprocess.pl\/en\/wp-json\/wp\/v2\/product\/7031","targetHints":{"allow":["GET"]}}],"collection":[{"href":"https:\/\/fiprocess.pl\/en\/wp-json\/wp\/v2\/product"}],"about":[{"href":"https:\/\/fiprocess.pl\/en\/wp-json\/wp\/v2\/types\/product"}],"wp:featuredmedia":[{"embeddable":true,"href":"https:\/\/fiprocess.pl\/en\/wp-json\/wp\/v2\/media\/7038"}],"wp:attachment":[{"href":"https:\/\/fiprocess.pl\/en\/wp-json\/wp\/v2\/media?parent=7031"}],"wp:term":[{"taxonomy":"product_cat","embeddable":true,"href":"https:\/\/fiprocess.pl\/en\/wp-json\/wp\/v2\/product_cat?post=7031"},{"taxonomy":"product_tag","embeddable":true,"href":"https:\/\/fiprocess.pl\/en\/wp-json\/wp\/v2\/product_tag?post=7031"}],"curies":[{"name":"wp","href":"https:\/\/api.w.org\/{rel}","templated":true}]}}