{"id":6680,"date":"2023-10-26T11:14:16","date_gmt":"2023-10-26T09:14:16","guid":{"rendered":"https:\/\/fiprocess.pl\/?post_type=product&#038;p=6680"},"modified":"2025-02-10T15:02:19","modified_gmt":"2025-02-10T14:02:19","slug":"mlyn-palcowy-kolkowy-grinding","status":"publish","type":"product","link":"https:\/\/fiprocess.pl\/en\/katalog-maszyn\/milly-anutec\/","title":{"rendered":"Anutec Finger Mills"},"excerpt":{"rendered":"<p><strong>Anutec Finger Mills<\/strong><\/p>\n<p><span style=\"font-size: 10pt;\">Our Mills offer a versatile solution for size reduction of a wide range of materials. Since each grinding task requires its own solution, mills can be equipped with several easily replaceable grinding elements (impellers) to optimally meet the individual requirements of each application, now or in the future.<\/span><\/p>\n<p><span style=\"font-size: 10pt;\">Possibilities include equipping the mills as a pin mill without a screen or a hammer mill with a tamper disk, swing or plate tamper to work with a variety of grinding tracks or sieve rings for:<\/span><\/p>\n<p><span style=\"font-size: 10pt;\">Fine, medium, coarse and rough grinding, crushing, dispersing and fiberizing of crystalline, brittle, fatty, heat-sensitive, hard and fibrous materials.<\/span><\/p>\n<p>&nbsp;<\/p>\n<p>&nbsp;<\/p>","protected":false},"featured_media":6699,"template":"","meta":[],"product_cat":[1140],"product_tag":[1145,1172,1143,1142,1144],"class_list":{"0":"post-6680","1":"product","2":"type-product","3":"status-publish","4":"has-post-thumbnail","6":"product_cat-mlyny-anutec","7":"product_tag-mielenie","8":"product_tag-mlyn-iglowy","9":"product_tag-mlyn-kolkowy","10":"product_tag-mlyn-palcowy","11":"product_tag-pin-mill","13":"first","14":"instock","15":"shipping-taxable","16":"product-type-simple"},"acf":[],"yoast_head":"<!-- This site is optimized with the Yoast SEO Premium plugin v26.7 (Yoast SEO v27.3) - https:\/\/yoast.com\/product\/yoast-seo-premium-wordpress\/ -->\n<title>M\u0142yn palcowy ko\u0142kowy grinding<\/title>\n<meta name=\"description\" content=\"M\u0142yny palcowe Anutec ko\u0142kowe ig\u0142owe szwajcarskiej produkcji Anutec. M\u0142yn do mielenia \u017cywno\u015bci, farmaceutyk\u00f3w, produkt\u00f3w chemicznych do kopalni itd.\" \/>\n<meta name=\"robots\" content=\"index, follow, max-snippet:-1, max-image-preview:large, max-video-preview:-1\" \/>\n<link rel=\"canonical\" href=\"https:\/\/fiprocess.pl\/en\/produkt\/mlyn-palcowy-kolkowy-grinding\/\" \/>\n<meta property=\"og:locale\" content=\"en_GB\" \/>\n<meta property=\"og:type\" content=\"article\" \/>\n<meta property=\"og:title\" content=\"M\u0142yny Palcowe Anutec\" \/>\n<meta property=\"og:description\" content=\"M\u0142yny palcowe Anutec ko\u0142kowe ig\u0142owe szwajcarskiej produkcji Anutec. M\u0142yn do mielenia \u017cywno\u015bci, farmaceutyk\u00f3w, produkt\u00f3w chemicznych do kopalni itd.\" \/>\n<meta property=\"og:url\" content=\"https:\/\/fiprocess.pl\/en\/produkt\/mlyn-palcowy-kolkowy-grinding\/\" \/>\n<meta property=\"og:site_name\" content=\"Fiprocess\" \/>\n<meta property=\"article:modified_time\" content=\"2025-02-10T14:02:19+00:00\" \/>\n<meta property=\"og:image\" content=\"https:\/\/fiprocess.pl\/wp-content\/uploads\/2023\/10\/Muhle-315-im-Saugsystem-scaled.jpg\" \/>\n\t<meta property=\"og:image:width\" content=\"2560\" \/>\n\t<meta property=\"og:image:height\" content=\"1700\" \/>\n\t<meta property=\"og:image:type\" content=\"image\/jpeg\" \/>\n<meta name=\"twitter:card\" content=\"summary_large_image\" \/>\n<meta name=\"twitter:label1\" content=\"Estimated reading time\" \/>\n\t<meta name=\"twitter:data1\" content=\"1 minute\" \/>\n<script type=\"application\/ld+json\" class=\"yoast-schema-graph\">{\"@context\":\"https:\\\/\\\/schema.org\",\"@graph\":[{\"@type\":\"WebPage\",\"@id\":\"https:\\\/\\\/fiprocess.pl\\\/katalog-maszyn\\\/mlyn-palcowy-kolkowy-grinding\\\/\",\"url\":\"https:\\\/\\\/fiprocess.pl\\\/produkt\\\/mlyn-palcowy-kolkowy-grinding\\\/\",\"name\":\"M\u0142yn palcowy ko\u0142kowy grinding\",\"isPartOf\":{\"@id\":\"https:\\\/\\\/fiprocess.pl\\\/#website\"},\"primaryImageOfPage\":{\"@id\":\"https:\\\/\\\/fiprocess.pl\\\/produkt\\\/mlyn-palcowy-kolkowy-grinding\\\/#primaryimage\"},\"image\":{\"@id\":\"https:\\\/\\\/fiprocess.pl\\\/produkt\\\/mlyn-palcowy-kolkowy-grinding\\\/#primaryimage\"},\"thumbnailUrl\":\"https:\\\/\\\/fiprocess.pl\\\/wp-content\\\/uploads\\\/2023\\\/10\\\/Muhle-315-im-Saugsystem-scaled.jpg\",\"datePublished\":\"2023-10-26T09:14:16+00:00\",\"dateModified\":\"2025-02-10T14:02:19+00:00\",\"description\":\"M\u0142yny palcowe Anutec ko\u0142kowe ig\u0142owe szwajcarskiej produkcji Anutec. M\u0142yn do mielenia \u017cywno\u015bci, farmaceutyk\u00f3w, produkt\u00f3w chemicznych do kopalni itd.\",\"breadcrumb\":{\"@id\":\"https:\\\/\\\/fiprocess.pl\\\/produkt\\\/mlyn-palcowy-kolkowy-grinding\\\/#breadcrumb\"},\"inLanguage\":\"en-GB\",\"potentialAction\":[{\"@type\":\"ReadAction\",\"target\":[\"https:\\\/\\\/fiprocess.pl\\\/produkt\\\/mlyn-palcowy-kolkowy-grinding\\\/\"]}]},{\"@type\":\"ImageObject\",\"inLanguage\":\"en-GB\",\"@id\":\"https:\\\/\\\/fiprocess.pl\\\/produkt\\\/mlyn-palcowy-kolkowy-grinding\\\/#primaryimage\",\"url\":\"https:\\\/\\\/fiprocess.pl\\\/wp-content\\\/uploads\\\/2023\\\/10\\\/Muhle-315-im-Saugsystem-scaled.jpg\",\"contentUrl\":\"https:\\\/\\\/fiprocess.pl\\\/wp-content\\\/uploads\\\/2023\\\/10\\\/Muhle-315-im-Saugsystem-scaled.jpg\",\"width\":2560,\"height\":1700,\"caption\":\"m\u0142yn palcowy, m\u0142yn ko\u0142kowy, pin mill\"},{\"@type\":\"BreadcrumbList\",\"@id\":\"https:\\\/\\\/fiprocess.pl\\\/produkt\\\/mlyn-palcowy-kolkowy-grinding\\\/#breadcrumb\",\"itemListElement\":[{\"@type\":\"ListItem\",\"position\":1,\"name\":\"Strona g\u0142\u00f3wna\",\"item\":\"https:\\\/\\\/fiprocess.pl\\\/\"},{\"@type\":\"ListItem\",\"position\":2,\"name\":\"Katalog maszyn\",\"item\":\"https:\\\/\\\/fiprocess.pl\\\/en\\\/katalog-maszyn\\\/\"},{\"@type\":\"ListItem\",\"position\":3,\"name\":\"M\u0142yny Anutec\",\"item\":\"https:\\\/\\\/fiprocess.pl\\\/kategoria-produktu\\\/mlyny-anutec\\\/\"},{\"@type\":\"ListItem\",\"position\":4,\"name\":\"M\u0142yny Palcowe Anutec\"}]},{\"@type\":\"WebSite\",\"@id\":\"https:\\\/\\\/fiprocess.pl\\\/#website\",\"url\":\"https:\\\/\\\/fiprocess.pl\\\/\",\"name\":\"Fiprocess\",\"description\":\"mieszalniki wir\u00f3wki m\u0142yny suszarnie\",\"publisher\":{\"@id\":\"https:\\\/\\\/fiprocess.pl\\\/#organization\"},\"potentialAction\":[{\"@type\":\"SearchAction\",\"target\":{\"@type\":\"EntryPoint\",\"urlTemplate\":\"https:\\\/\\\/fiprocess.pl\\\/?s={search_term_string}\"},\"query-input\":{\"@type\":\"PropertyValueSpecification\",\"valueRequired\":true,\"valueName\":\"search_term_string\"}}],\"inLanguage\":\"en-GB\"},{\"@type\":\"Organization\",\"@id\":\"https:\\\/\\\/fiprocess.pl\\\/#organization\",\"name\":\"Fiprocess Sp. z o.o.\",\"url\":\"https:\\\/\\\/fiprocess.pl\\\/\",\"logo\":{\"@type\":\"ImageObject\",\"inLanguage\":\"en-GB\",\"@id\":\"https:\\\/\\\/fiprocess.pl\\\/#\\\/schema\\\/logo\\\/image\\\/\",\"url\":\"https:\\\/\\\/fiprocess.pl\\\/wp-content\\\/uploads\\\/2023\\\/07\\\/logo.png\",\"contentUrl\":\"https:\\\/\\\/fiprocess.pl\\\/wp-content\\\/uploads\\\/2023\\\/07\\\/logo.png\",\"width\":1182,\"height\":260,\"caption\":\"Fiprocess Sp. z o.o.\"},\"image\":{\"@id\":\"https:\\\/\\\/fiprocess.pl\\\/#\\\/schema\\\/logo\\\/image\\\/\"}}]}<\/script>\n<!-- \/ Yoast SEO Premium plugin. -->","yoast_head_json":{"title":"M\u0142yn palcowy ko\u0142kowy grinding","description":"M\u0142yny palcowe Anutec ko\u0142kowe ig\u0142owe szwajcarskiej produkcji Anutec. M\u0142yn do mielenia \u017cywno\u015bci, farmaceutyk\u00f3w, produkt\u00f3w chemicznych do kopalni itd.","robots":{"index":"index","follow":"follow","max-snippet":"max-snippet:-1","max-image-preview":"max-image-preview:large","max-video-preview":"max-video-preview:-1"},"canonical":"https:\/\/fiprocess.pl\/en\/produkt\/mlyn-palcowy-kolkowy-grinding\/","og_locale":"en_GB","og_type":"article","og_title":"M\u0142yny Palcowe Anutec","og_description":"M\u0142yny palcowe Anutec ko\u0142kowe ig\u0142owe szwajcarskiej produkcji Anutec. M\u0142yn do mielenia \u017cywno\u015bci, farmaceutyk\u00f3w, produkt\u00f3w chemicznych do kopalni itd.","og_url":"https:\/\/fiprocess.pl\/en\/produkt\/mlyn-palcowy-kolkowy-grinding\/","og_site_name":"Fiprocess","article_modified_time":"2025-02-10T14:02:19+00:00","og_image":[{"width":2560,"height":1700,"url":"https:\/\/fiprocess.pl\/wp-content\/uploads\/2023\/10\/Muhle-315-im-Saugsystem-scaled.jpg","type":"image\/jpeg"}],"twitter_card":"summary_large_image","twitter_misc":{"Estimated reading time":"1 minute"},"schema":{"@context":"https:\/\/schema.org","@graph":[{"@type":"WebPage","@id":"https:\/\/fiprocess.pl\/katalog-maszyn\/mlyn-palcowy-kolkowy-grinding\/","url":"https:\/\/fiprocess.pl\/produkt\/mlyn-palcowy-kolkowy-grinding\/","name":"M\u0142yn palcowy ko\u0142kowy grinding","isPartOf":{"@id":"https:\/\/fiprocess.pl\/#website"},"primaryImageOfPage":{"@id":"https:\/\/fiprocess.pl\/produkt\/mlyn-palcowy-kolkowy-grinding\/#primaryimage"},"image":{"@id":"https:\/\/fiprocess.pl\/produkt\/mlyn-palcowy-kolkowy-grinding\/#primaryimage"},"thumbnailUrl":"https:\/\/fiprocess.pl\/wp-content\/uploads\/2023\/10\/Muhle-315-im-Saugsystem-scaled.jpg","datePublished":"2023-10-26T09:14:16+00:00","dateModified":"2025-02-10T14:02:19+00:00","description":"M\u0142yny palcowe Anutec ko\u0142kowe ig\u0142owe szwajcarskiej produkcji Anutec. M\u0142yn do mielenia \u017cywno\u015bci, farmaceutyk\u00f3w, produkt\u00f3w chemicznych do kopalni itd.","breadcrumb":{"@id":"https:\/\/fiprocess.pl\/produkt\/mlyn-palcowy-kolkowy-grinding\/#breadcrumb"},"inLanguage":"en-GB","potentialAction":[{"@type":"ReadAction","target":["https:\/\/fiprocess.pl\/produkt\/mlyn-palcowy-kolkowy-grinding\/"]}]},{"@type":"ImageObject","inLanguage":"en-GB","@id":"https:\/\/fiprocess.pl\/produkt\/mlyn-palcowy-kolkowy-grinding\/#primaryimage","url":"https:\/\/fiprocess.pl\/wp-content\/uploads\/2023\/10\/Muhle-315-im-Saugsystem-scaled.jpg","contentUrl":"https:\/\/fiprocess.pl\/wp-content\/uploads\/2023\/10\/Muhle-315-im-Saugsystem-scaled.jpg","width":2560,"height":1700,"caption":"m\u0142yn palcowy, m\u0142yn ko\u0142kowy, pin mill"},{"@type":"BreadcrumbList","@id":"https:\/\/fiprocess.pl\/produkt\/mlyn-palcowy-kolkowy-grinding\/#breadcrumb","itemListElement":[{"@type":"ListItem","position":1,"name":"Strona g\u0142\u00f3wna","item":"https:\/\/fiprocess.pl\/"},{"@type":"ListItem","position":2,"name":"Katalog maszyn","item":"https:\/\/fiprocess.pl\/en\/katalog-maszyn\/"},{"@type":"ListItem","position":3,"name":"M\u0142yny Anutec","item":"https:\/\/fiprocess.pl\/kategoria-produktu\/mlyny-anutec\/"},{"@type":"ListItem","position":4,"name":"M\u0142yny Palcowe Anutec"}]},{"@type":"WebSite","@id":"https:\/\/fiprocess.pl\/#website","url":"https:\/\/fiprocess.pl\/","name":"Fiprocess","description":"mieszalniki wir\u00f3wki m\u0142yny suszarnie","publisher":{"@id":"https:\/\/fiprocess.pl\/#organization"},"potentialAction":[{"@type":"SearchAction","target":{"@type":"EntryPoint","urlTemplate":"https:\/\/fiprocess.pl\/?s={search_term_string}"},"query-input":{"@type":"PropertyValueSpecification","valueRequired":true,"valueName":"search_term_string"}}],"inLanguage":"en-GB"},{"@type":"Organization","@id":"https:\/\/fiprocess.pl\/#organization","name":"Fiprocess Sp. z o.o.","url":"https:\/\/fiprocess.pl\/","logo":{"@type":"ImageObject","inLanguage":"en-GB","@id":"https:\/\/fiprocess.pl\/#\/schema\/logo\/image\/","url":"https:\/\/fiprocess.pl\/wp-content\/uploads\/2023\/07\/logo.png","contentUrl":"https:\/\/fiprocess.pl\/wp-content\/uploads\/2023\/07\/logo.png","width":1182,"height":260,"caption":"Fiprocess Sp. z o.o."},"image":{"@id":"https:\/\/fiprocess.pl\/#\/schema\/logo\/image\/"}}]}},"_links":{"self":[{"href":"https:\/\/fiprocess.pl\/en\/wp-json\/wp\/v2\/product\/6680","targetHints":{"allow":["GET"]}}],"collection":[{"href":"https:\/\/fiprocess.pl\/en\/wp-json\/wp\/v2\/product"}],"about":[{"href":"https:\/\/fiprocess.pl\/en\/wp-json\/wp\/v2\/types\/product"}],"wp:featuredmedia":[{"embeddable":true,"href":"https:\/\/fiprocess.pl\/en\/wp-json\/wp\/v2\/media\/6699"}],"wp:attachment":[{"href":"https:\/\/fiprocess.pl\/en\/wp-json\/wp\/v2\/media?parent=6680"}],"wp:term":[{"taxonomy":"product_cat","embeddable":true,"href":"https:\/\/fiprocess.pl\/en\/wp-json\/wp\/v2\/product_cat?post=6680"},{"taxonomy":"product_tag","embeddable":true,"href":"https:\/\/fiprocess.pl\/en\/wp-json\/wp\/v2\/product_tag?post=6680"}],"curies":[{"name":"wp","href":"https:\/\/api.w.org\/{rel}","templated":true}]}}