{"id":6463,"date":"2023-09-20T17:17:37","date_gmt":"2023-09-20T15:17:37","guid":{"rendered":"https:\/\/fiprocess.pl\/?post_type=product&#038;p=6463"},"modified":"2024-05-23T12:12:17","modified_gmt":"2024-05-23T10:12:17","slug":"mieszalnik-wstegowy-3000-l-stal-kwasoodporna","status":"publish","type":"product","link":"https:\/\/fiprocess.pl\/en\/katalog-maszyn\/ribbon-mixer-3000-l-acid-resistant-steel\/","title":{"rendered":"RIBBON MIXER 3000 L STAINLESS STEEL"},"excerpt":{"rendered":"<p>Used ribbon mixer for powders. Capacity 3000 L. Made of acid-resistant steel.<\/p>","protected":false},"featured_media":6459,"template":"","meta":[],"product_cat":[727],"product_tag":[],"class_list":{"0":"post-6463","1":"product","2":"type-product","3":"status-publish","4":"has-post-thumbnail","6":"product_cat-mieszalniki-wstegowe","8":"first","9":"instock","10":"shipping-taxable","11":"product-type-simple"},"acf":[],"yoast_head":"<!-- This site is optimized with the Yoast SEO Premium plugin v26.7 (Yoast SEO v27.3) - https:\/\/yoast.com\/product\/yoast-seo-premium-wordpress\/ -->\n<title>MIESZALNIK WST\u0118GOWY 3000 L STAL KWASOODPORNA - Fiprocess<\/title>\n<meta name=\"description\" content=\"U\u017cywany mieszalnik kwasoodporny o pojemno\u015bci 3000 L wykonany ze stali kwasoodpornej. Wymiary (mm) d\u0142. x sz. x wys.: 4600 x 1300 x 1400.\" \/>\n<meta name=\"robots\" content=\"index, follow, max-snippet:-1, max-image-preview:large, max-video-preview:-1\" \/>\n<link rel=\"canonical\" href=\"https:\/\/fiprocess.pl\/en\/produkt\/mieszalnik-wstegowy-3000-l-stal-kwasoodporna\/\" \/>\n<meta property=\"og:locale\" content=\"en_GB\" \/>\n<meta property=\"og:type\" content=\"article\" \/>\n<meta property=\"og:title\" content=\"MIESZALNIK WST\u0118GOWY 3000 L STAL KWASOODPORNA\" \/>\n<meta property=\"og:description\" content=\"U\u017cywany mieszalnik kwasoodporny o pojemno\u015bci 3000 L wykonany ze stali kwasoodpornej. Wymiary (mm) d\u0142. x sz. x wys.: 4600 x 1300 x 1400.\" \/>\n<meta property=\"og:url\" content=\"https:\/\/fiprocess.pl\/en\/produkt\/mieszalnik-wstegowy-3000-l-stal-kwasoodporna\/\" \/>\n<meta property=\"og:site_name\" content=\"Fiprocess\" \/>\n<meta property=\"article:modified_time\" content=\"2024-05-23T10:12:17+00:00\" \/>\n<meta property=\"og:image\" content=\"https:\/\/fiprocess.pl\/wp-content\/uploads\/2023\/09\/large-used-gondard-3000-litres.jpg\" \/>\n\t<meta property=\"og:image:width\" content=\"394\" \/>\n\t<meta property=\"og:image:height\" content=\"525\" \/>\n\t<meta property=\"og:image:type\" content=\"image\/jpeg\" \/>\n<meta name=\"twitter:card\" content=\"summary_large_image\" \/>\n<meta name=\"twitter:label1\" content=\"Estimated reading time\" \/>\n\t<meta name=\"twitter:data1\" content=\"1 minute\" \/>\n<script type=\"application\/ld+json\" class=\"yoast-schema-graph\">{\"@context\":\"https:\\\/\\\/schema.org\",\"@graph\":[{\"@type\":\"WebPage\",\"@id\":\"http:\\\/\\\/fiprocess.pl\\\/it\\\/katalog-maszyn\\\/mieszalnik-wstegowy-3000-l-stal-kwasoodporna\\\/\",\"url\":\"https:\\\/\\\/fiprocess.pl\\\/produkt\\\/mieszalnik-wstegowy-3000-l-stal-kwasoodporna\\\/\",\"name\":\"MIESZALNIK WST\u0118GOWY 3000 L STAL KWASOODPORNA - Fiprocess\",\"isPartOf\":{\"@id\":\"https:\\\/\\\/fiprocess.pl\\\/#website\"},\"primaryImageOfPage\":{\"@id\":\"https:\\\/\\\/fiprocess.pl\\\/produkt\\\/mieszalnik-wstegowy-3000-l-stal-kwasoodporna\\\/#primaryimage\"},\"image\":{\"@id\":\"https:\\\/\\\/fiprocess.pl\\\/produkt\\\/mieszalnik-wstegowy-3000-l-stal-kwasoodporna\\\/#primaryimage\"},\"thumbnailUrl\":\"https:\\\/\\\/fiprocess.pl\\\/wp-content\\\/uploads\\\/2023\\\/09\\\/large-used-gondard-3000-litres.jpg\",\"datePublished\":\"2023-09-20T15:17:37+00:00\",\"dateModified\":\"2024-05-23T10:12:17+00:00\",\"description\":\"U\u017cywany mieszalnik kwasoodporny o pojemno\u015bci 3000 L wykonany ze stali kwasoodpornej. Wymiary (mm) d\u0142. x sz. x wys.: 4600 x 1300 x 1400.\",\"breadcrumb\":{\"@id\":\"https:\\\/\\\/fiprocess.pl\\\/produkt\\\/mieszalnik-wstegowy-3000-l-stal-kwasoodporna\\\/#breadcrumb\"},\"inLanguage\":\"en-GB\",\"potentialAction\":[{\"@type\":\"ReadAction\",\"target\":[\"https:\\\/\\\/fiprocess.pl\\\/produkt\\\/mieszalnik-wstegowy-3000-l-stal-kwasoodporna\\\/\"]}]},{\"@type\":\"ImageObject\",\"inLanguage\":\"en-GB\",\"@id\":\"https:\\\/\\\/fiprocess.pl\\\/produkt\\\/mieszalnik-wstegowy-3000-l-stal-kwasoodporna\\\/#primaryimage\",\"url\":\"https:\\\/\\\/fiprocess.pl\\\/wp-content\\\/uploads\\\/2023\\\/09\\\/large-used-gondard-3000-litres.jpg\",\"contentUrl\":\"https:\\\/\\\/fiprocess.pl\\\/wp-content\\\/uploads\\\/2023\\\/09\\\/large-used-gondard-3000-litres.jpg\",\"width\":394,\"height\":525,\"caption\":\"MIESZALNIK WST\u0118GOWY 3000 L STAL KWASOODPORNA\"},{\"@type\":\"BreadcrumbList\",\"@id\":\"https:\\\/\\\/fiprocess.pl\\\/produkt\\\/mieszalnik-wstegowy-3000-l-stal-kwasoodporna\\\/#breadcrumb\",\"itemListElement\":[{\"@type\":\"ListItem\",\"position\":1,\"name\":\"Strona g\u0142\u00f3wna\",\"item\":\"https:\\\/\\\/fiprocess.pl\\\/\"},{\"@type\":\"ListItem\",\"position\":2,\"name\":\"Katalog maszyn\",\"item\":\"https:\\\/\\\/fiprocess.pl\\\/en\\\/katalog-maszyn\\\/\"},{\"@type\":\"ListItem\",\"position\":3,\"name\":\"Maszyny u\u017cywane\",\"item\":\"https:\\\/\\\/fiprocess.pl\\\/kategoria-produktu\\\/maszyny-uzywane\\\/\"},{\"@type\":\"ListItem\",\"position\":4,\"name\":\"Mieszalniki\",\"item\":\"https:\\\/\\\/fiprocess.pl\\\/kategoria-produktu\\\/maszyny-uzywane\\\/mieszalniki\\\/\"},{\"@type\":\"ListItem\",\"position\":5,\"name\":\"Mieszalniki wst\u0119gowe\",\"item\":\"https:\\\/\\\/fiprocess.pl\\\/kategoria-produktu\\\/maszyny-uzywane\\\/mieszalniki\\\/mieszalniki-wstegowe\\\/\"},{\"@type\":\"ListItem\",\"position\":6,\"name\":\"MIESZALNIK WST\u0118GOWY 3000 L STAL KWASOODPORNA\"}]},{\"@type\":\"WebSite\",\"@id\":\"https:\\\/\\\/fiprocess.pl\\\/#website\",\"url\":\"https:\\\/\\\/fiprocess.pl\\\/\",\"name\":\"Fiprocess\",\"description\":\"mieszalniki wir\u00f3wki m\u0142yny suszarnie\",\"publisher\":{\"@id\":\"https:\\\/\\\/fiprocess.pl\\\/#organization\"},\"potentialAction\":[{\"@type\":\"SearchAction\",\"target\":{\"@type\":\"EntryPoint\",\"urlTemplate\":\"https:\\\/\\\/fiprocess.pl\\\/?s={search_term_string}\"},\"query-input\":{\"@type\":\"PropertyValueSpecification\",\"valueRequired\":true,\"valueName\":\"search_term_string\"}}],\"inLanguage\":\"en-GB\"},{\"@type\":\"Organization\",\"@id\":\"https:\\\/\\\/fiprocess.pl\\\/#organization\",\"name\":\"Fiprocess Sp. z o.o.\",\"url\":\"https:\\\/\\\/fiprocess.pl\\\/\",\"logo\":{\"@type\":\"ImageObject\",\"inLanguage\":\"en-GB\",\"@id\":\"https:\\\/\\\/fiprocess.pl\\\/#\\\/schema\\\/logo\\\/image\\\/\",\"url\":\"https:\\\/\\\/fiprocess.pl\\\/wp-content\\\/uploads\\\/2023\\\/07\\\/logo.png\",\"contentUrl\":\"https:\\\/\\\/fiprocess.pl\\\/wp-content\\\/uploads\\\/2023\\\/07\\\/logo.png\",\"width\":1182,\"height\":260,\"caption\":\"Fiprocess Sp. z o.o.\"},\"image\":{\"@id\":\"https:\\\/\\\/fiprocess.pl\\\/#\\\/schema\\\/logo\\\/image\\\/\"}}]}<\/script>\n<!-- \/ Yoast SEO Premium plugin. -->","yoast_head_json":{"title":"MIESZALNIK WST\u0118GOWY 3000 L STAL KWASOODPORNA - Fiprocess","description":"U\u017cywany mieszalnik kwasoodporny o pojemno\u015bci 3000 L wykonany ze stali kwasoodpornej. Wymiary (mm) d\u0142. x sz. x wys.: 4600 x 1300 x 1400.","robots":{"index":"index","follow":"follow","max-snippet":"max-snippet:-1","max-image-preview":"max-image-preview:large","max-video-preview":"max-video-preview:-1"},"canonical":"https:\/\/fiprocess.pl\/en\/produkt\/mieszalnik-wstegowy-3000-l-stal-kwasoodporna\/","og_locale":"en_GB","og_type":"article","og_title":"MIESZALNIK WST\u0118GOWY 3000 L STAL KWASOODPORNA","og_description":"U\u017cywany mieszalnik kwasoodporny o pojemno\u015bci 3000 L wykonany ze stali kwasoodpornej. Wymiary (mm) d\u0142. x sz. x wys.: 4600 x 1300 x 1400.","og_url":"https:\/\/fiprocess.pl\/en\/produkt\/mieszalnik-wstegowy-3000-l-stal-kwasoodporna\/","og_site_name":"Fiprocess","article_modified_time":"2024-05-23T10:12:17+00:00","og_image":[{"width":394,"height":525,"url":"https:\/\/fiprocess.pl\/wp-content\/uploads\/2023\/09\/large-used-gondard-3000-litres.jpg","type":"image\/jpeg"}],"twitter_card":"summary_large_image","twitter_misc":{"Estimated reading time":"1 minute"},"schema":{"@context":"https:\/\/schema.org","@graph":[{"@type":"WebPage","@id":"http:\/\/fiprocess.pl\/it\/katalog-maszyn\/mieszalnik-wstegowy-3000-l-stal-kwasoodporna\/","url":"https:\/\/fiprocess.pl\/produkt\/mieszalnik-wstegowy-3000-l-stal-kwasoodporna\/","name":"MIESZALNIK WST\u0118GOWY 3000 L STAL KWASOODPORNA - Fiprocess","isPartOf":{"@id":"https:\/\/fiprocess.pl\/#website"},"primaryImageOfPage":{"@id":"https:\/\/fiprocess.pl\/produkt\/mieszalnik-wstegowy-3000-l-stal-kwasoodporna\/#primaryimage"},"image":{"@id":"https:\/\/fiprocess.pl\/produkt\/mieszalnik-wstegowy-3000-l-stal-kwasoodporna\/#primaryimage"},"thumbnailUrl":"https:\/\/fiprocess.pl\/wp-content\/uploads\/2023\/09\/large-used-gondard-3000-litres.jpg","datePublished":"2023-09-20T15:17:37+00:00","dateModified":"2024-05-23T10:12:17+00:00","description":"U\u017cywany mieszalnik kwasoodporny o pojemno\u015bci 3000 L wykonany ze stali kwasoodpornej. Wymiary (mm) d\u0142. x sz. x wys.: 4600 x 1300 x 1400.","breadcrumb":{"@id":"https:\/\/fiprocess.pl\/produkt\/mieszalnik-wstegowy-3000-l-stal-kwasoodporna\/#breadcrumb"},"inLanguage":"en-GB","potentialAction":[{"@type":"ReadAction","target":["https:\/\/fiprocess.pl\/produkt\/mieszalnik-wstegowy-3000-l-stal-kwasoodporna\/"]}]},{"@type":"ImageObject","inLanguage":"en-GB","@id":"https:\/\/fiprocess.pl\/produkt\/mieszalnik-wstegowy-3000-l-stal-kwasoodporna\/#primaryimage","url":"https:\/\/fiprocess.pl\/wp-content\/uploads\/2023\/09\/large-used-gondard-3000-litres.jpg","contentUrl":"https:\/\/fiprocess.pl\/wp-content\/uploads\/2023\/09\/large-used-gondard-3000-litres.jpg","width":394,"height":525,"caption":"MIESZALNIK WST\u0118GOWY 3000 L STAL KWASOODPORNA"},{"@type":"BreadcrumbList","@id":"https:\/\/fiprocess.pl\/produkt\/mieszalnik-wstegowy-3000-l-stal-kwasoodporna\/#breadcrumb","itemListElement":[{"@type":"ListItem","position":1,"name":"Strona g\u0142\u00f3wna","item":"https:\/\/fiprocess.pl\/"},{"@type":"ListItem","position":2,"name":"Katalog maszyn","item":"https:\/\/fiprocess.pl\/en\/katalog-maszyn\/"},{"@type":"ListItem","position":3,"name":"Maszyny u\u017cywane","item":"https:\/\/fiprocess.pl\/kategoria-produktu\/maszyny-uzywane\/"},{"@type":"ListItem","position":4,"name":"Mieszalniki","item":"https:\/\/fiprocess.pl\/kategoria-produktu\/maszyny-uzywane\/mieszalniki\/"},{"@type":"ListItem","position":5,"name":"Mieszalniki wst\u0119gowe","item":"https:\/\/fiprocess.pl\/kategoria-produktu\/maszyny-uzywane\/mieszalniki\/mieszalniki-wstegowe\/"},{"@type":"ListItem","position":6,"name":"MIESZALNIK WST\u0118GOWY 3000 L STAL KWASOODPORNA"}]},{"@type":"WebSite","@id":"https:\/\/fiprocess.pl\/#website","url":"https:\/\/fiprocess.pl\/","name":"Fiprocess","description":"mieszalniki wir\u00f3wki m\u0142yny suszarnie","publisher":{"@id":"https:\/\/fiprocess.pl\/#organization"},"potentialAction":[{"@type":"SearchAction","target":{"@type":"EntryPoint","urlTemplate":"https:\/\/fiprocess.pl\/?s={search_term_string}"},"query-input":{"@type":"PropertyValueSpecification","valueRequired":true,"valueName":"search_term_string"}}],"inLanguage":"en-GB"},{"@type":"Organization","@id":"https:\/\/fiprocess.pl\/#organization","name":"Fiprocess Sp. z o.o.","url":"https:\/\/fiprocess.pl\/","logo":{"@type":"ImageObject","inLanguage":"en-GB","@id":"https:\/\/fiprocess.pl\/#\/schema\/logo\/image\/","url":"https:\/\/fiprocess.pl\/wp-content\/uploads\/2023\/07\/logo.png","contentUrl":"https:\/\/fiprocess.pl\/wp-content\/uploads\/2023\/07\/logo.png","width":1182,"height":260,"caption":"Fiprocess Sp. z o.o."},"image":{"@id":"https:\/\/fiprocess.pl\/#\/schema\/logo\/image\/"}}]}},"_links":{"self":[{"href":"https:\/\/fiprocess.pl\/en\/wp-json\/wp\/v2\/product\/6463","targetHints":{"allow":["GET"]}}],"collection":[{"href":"https:\/\/fiprocess.pl\/en\/wp-json\/wp\/v2\/product"}],"about":[{"href":"https:\/\/fiprocess.pl\/en\/wp-json\/wp\/v2\/types\/product"}],"wp:featuredmedia":[{"embeddable":true,"href":"https:\/\/fiprocess.pl\/en\/wp-json\/wp\/v2\/media\/6459"}],"wp:attachment":[{"href":"https:\/\/fiprocess.pl\/en\/wp-json\/wp\/v2\/media?parent=6463"}],"wp:term":[{"taxonomy":"product_cat","embeddable":true,"href":"https:\/\/fiprocess.pl\/en\/wp-json\/wp\/v2\/product_cat?post=6463"},{"taxonomy":"product_tag","embeddable":true,"href":"https:\/\/fiprocess.pl\/en\/wp-json\/wp\/v2\/product_tag?post=6463"}],"curies":[{"name":"wp","href":"https:\/\/api.w.org\/{rel}","templated":true}]}}