{"id":6429,"date":"2023-09-11T15:13:15","date_gmt":"2023-09-11T13:13:15","guid":{"rendered":"https:\/\/fiprocess.pl\/?post_type=product&#038;p=6429"},"modified":"2024-05-23T12:12:41","modified_gmt":"2024-05-23T10:12:41","slug":"suszarnia-prozniowa","status":"publish","type":"product","link":"https:\/\/fiprocess.pl\/en\/katalog-maszyn\/vacuum-dryer\/","title":{"rendered":"VACUUM DRYER FOR VEGETABLES AND FRUITS"},"excerpt":{"rendered":"<p><strong>VACUUM DRYER FOR VEGETABLES AND FRUITS<\/strong><\/p>\n<p><strong>scalable industry solution<\/strong><\/p>\n<p><strong>\u00a0<\/strong><\/p>\n<p><strong>TRULY VERSATILE<\/strong><\/p>\n<p>Vacuum dryers are the most commonly used drying systems for batch drying worldwide. Hegatec vacuum dryers are designed for applications in food, pharmaceutical and chemical processing. The dimensions and design of the hegatec vacuum dryer are optimized to meet customer needs. The hegatec vacuum dryer is available in sizes from laboratory to industrial.<\/p>\n<p>&nbsp;<\/p>\n<p><strong>OPTIMIZED FOR FRUITS AND VEGETABLES<\/strong><\/p>\n<p>Almost any product can be dried quickly and gently using a hegatec vacuum dryer. For example, malt and bakery mixtures, meat, meat extracts, herbs, flavors, chemicals, solvents.<\/p>\n<p>&nbsp;<\/p>\n<p>Drying whole pieces of fruit and vegetables is economically viable. If the highest possible quality is required, hegatec 2in1 freeze drying is recommended. Freeze-drying allows the product to maintain its shape. For pasty and liquid products, use a hegatec continuous vacuum belt dryer.<\/p>\n<p>&nbsp;<\/p>\n<p><strong>SPECIFICATION<\/strong><\/p>\n<p>GMP\/FDA compliant design<\/p>\n<p>Simple cleaning<\/p>\n<p>Perfect temperature distribution<\/p>\n<p>Structure made of AISI 304L or 316L acid-resistant steel<\/p>\n<p>Microprocessor control<\/p>\n<p>Specula<\/p>\n<p>Heating with pressurized water or thermal oil<\/p>\n<p>Heating area from 0.5 to 150 m\u00b2<\/p>","protected":false},"featured_media":6430,"template":"","meta":[],"product_cat":[1131],"product_tag":[],"class_list":{"0":"post-6429","1":"product","2":"type-product","3":"status-publish","4":"has-post-thumbnail","6":"product_cat-suszarnia-prozniowa","8":"first","9":"instock","10":"shipping-taxable","11":"product-type-simple"},"acf":[],"yoast_head":"<!-- This site is optimized with the Yoast SEO Premium plugin v26.7 (Yoast SEO v27.4) - https:\/\/yoast.com\/product\/yoast-seo-premium-wordpress\/ -->\n<title>SUSZARNIA PR\u00d3\u017bNIOWA DO WARZYW I OWOC\u00d3W - Fiprocess<\/title>\n<meta name=\"description\" content=\"Suszarnia pr\u00f3\u017cniowa do warzyw Hegatec. Zaawansowana technologicznie przeznaczona do zastosowa\u0144 w przetw\u00f3rstwie spo\u017cywczym, farmaceutycznym i chemicznym.\" \/>\n<meta name=\"robots\" content=\"index, follow, max-snippet:-1, max-image-preview:large, max-video-preview:-1\" \/>\n<link rel=\"canonical\" href=\"https:\/\/fiprocess.pl\/en\/produkt\/suszarnia-prozniowa\/\" \/>\n<meta property=\"og:locale\" content=\"en_GB\" \/>\n<meta property=\"og:type\" content=\"article\" \/>\n<meta property=\"og:title\" content=\"SUSZARNIA PR\u00d3\u017bNIOWA DO WARZYW I OWOC\u00d3W\" \/>\n<meta property=\"og:description\" content=\"Suszarnia pr\u00f3\u017cniowa do warzyw Hegatec. Zaawansowana technologicznie przeznaczona do zastosowa\u0144 w przetw\u00f3rstwie spo\u017cywczym, farmaceutycznym i chemicznym.\" \/>\n<meta property=\"og:url\" content=\"https:\/\/fiprocess.pl\/en\/produkt\/suszarnia-prozniowa\/\" \/>\n<meta property=\"og:site_name\" content=\"Fiprocess\" \/>\n<meta property=\"article:modified_time\" content=\"2024-05-23T10:12:41+00:00\" \/>\n<meta property=\"og:image\" content=\"https:\/\/fiprocess.pl\/wp-content\/uploads\/2023\/09\/IndustrialVacuumDryingOven.jpg\" \/>\n\t<meta property=\"og:image:width\" content=\"1400\" \/>\n\t<meta property=\"og:image:height\" content=\"500\" \/>\n\t<meta property=\"og:image:type\" content=\"image\/jpeg\" \/>\n<meta name=\"twitter:card\" content=\"summary_large_image\" \/>\n<meta name=\"twitter:label1\" content=\"Estimated reading time\" \/>\n\t<meta name=\"twitter:data1\" content=\"1 minute\" \/>\n<script type=\"application\/ld+json\" class=\"yoast-schema-graph\">{\"@context\":\"https:\\\/\\\/schema.org\",\"@graph\":[{\"@type\":\"WebPage\",\"@id\":\"https:\\\/\\\/fiprocess.pl\\\/en\\\/katalog-maszyn\\\/vacuum-dryer\\\/\",\"url\":\"https:\\\/\\\/fiprocess.pl\\\/produkt\\\/suszarnia-prozniowa\\\/\",\"name\":\"SUSZARNIA PR\u00d3\u017bNIOWA DO WARZYW I OWOC\u00d3W - Fiprocess\",\"isPartOf\":{\"@id\":\"https:\\\/\\\/fiprocess.pl\\\/#website\"},\"primaryImageOfPage\":{\"@id\":\"https:\\\/\\\/fiprocess.pl\\\/produkt\\\/suszarnia-prozniowa\\\/#primaryimage\"},\"image\":{\"@id\":\"https:\\\/\\\/fiprocess.pl\\\/produkt\\\/suszarnia-prozniowa\\\/#primaryimage\"},\"thumbnailUrl\":\"https:\\\/\\\/fiprocess.pl\\\/wp-content\\\/uploads\\\/2023\\\/09\\\/IndustrialVacuumDryingOven.jpg\",\"datePublished\":\"2023-09-11T13:13:15+00:00\",\"dateModified\":\"2024-05-23T10:12:41+00:00\",\"description\":\"Suszarnia pr\u00f3\u017cniowa do warzyw Hegatec. Zaawansowana technologicznie przeznaczona do zastosowa\u0144 w przetw\u00f3rstwie spo\u017cywczym, farmaceutycznym i chemicznym.\",\"breadcrumb\":{\"@id\":\"https:\\\/\\\/fiprocess.pl\\\/produkt\\\/suszarnia-prozniowa\\\/#breadcrumb\"},\"inLanguage\":\"en-GB\",\"potentialAction\":[{\"@type\":\"ReadAction\",\"target\":[\"https:\\\/\\\/fiprocess.pl\\\/produkt\\\/suszarnia-prozniowa\\\/\"]}]},{\"@type\":\"ImageObject\",\"inLanguage\":\"en-GB\",\"@id\":\"https:\\\/\\\/fiprocess.pl\\\/produkt\\\/suszarnia-prozniowa\\\/#primaryimage\",\"url\":\"https:\\\/\\\/fiprocess.pl\\\/wp-content\\\/uploads\\\/2023\\\/09\\\/IndustrialVacuumDryingOven.jpg\",\"contentUrl\":\"https:\\\/\\\/fiprocess.pl\\\/wp-content\\\/uploads\\\/2023\\\/09\\\/IndustrialVacuumDryingOven.jpg\",\"width\":1400,\"height\":500,\"caption\":\"SUSZARNIA PR\u00d3\u017bNIOWA\"},{\"@type\":\"BreadcrumbList\",\"@id\":\"https:\\\/\\\/fiprocess.pl\\\/produkt\\\/suszarnia-prozniowa\\\/#breadcrumb\",\"itemListElement\":[{\"@type\":\"ListItem\",\"position\":1,\"name\":\"Strona g\u0142\u00f3wna\",\"item\":\"https:\\\/\\\/fiprocess.pl\\\/\"},{\"@type\":\"ListItem\",\"position\":2,\"name\":\"Katalog maszyn\",\"item\":\"https:\\\/\\\/fiprocess.pl\\\/en\\\/katalog-maszyn\\\/\"},{\"@type\":\"ListItem\",\"position\":3,\"name\":\"Liofilizatory i suszarnie Hegatec\",\"item\":\"https:\\\/\\\/fiprocess.pl\\\/kategoria-produktu\\\/liofilizatory-i-suszarnie-hegatec\\\/\"},{\"@type\":\"ListItem\",\"position\":4,\"name\":\"Suszarnia pr\u00f3\u017cniowa\",\"item\":\"https:\\\/\\\/fiprocess.pl\\\/kategoria-produktu\\\/liofilizatory-i-suszarnie-hegatec\\\/suszarnia-prozniowa\\\/\"},{\"@type\":\"ListItem\",\"position\":5,\"name\":\"SUSZARNIA PR\u00d3\u017bNIOWA DO WARZYW I OWOC\u00d3W\"}]},{\"@type\":\"WebSite\",\"@id\":\"https:\\\/\\\/fiprocess.pl\\\/#website\",\"url\":\"https:\\\/\\\/fiprocess.pl\\\/\",\"name\":\"Fiprocess\",\"description\":\"mieszalniki wir\u00f3wki m\u0142yny suszarnie\",\"publisher\":{\"@id\":\"https:\\\/\\\/fiprocess.pl\\\/#organization\"},\"potentialAction\":[{\"@type\":\"SearchAction\",\"target\":{\"@type\":\"EntryPoint\",\"urlTemplate\":\"https:\\\/\\\/fiprocess.pl\\\/?s={search_term_string}\"},\"query-input\":{\"@type\":\"PropertyValueSpecification\",\"valueRequired\":true,\"valueName\":\"search_term_string\"}}],\"inLanguage\":\"en-GB\"},{\"@type\":\"Organization\",\"@id\":\"https:\\\/\\\/fiprocess.pl\\\/#organization\",\"name\":\"Fiprocess Sp. z o.o.\",\"url\":\"https:\\\/\\\/fiprocess.pl\\\/\",\"logo\":{\"@type\":\"ImageObject\",\"inLanguage\":\"en-GB\",\"@id\":\"https:\\\/\\\/fiprocess.pl\\\/#\\\/schema\\\/logo\\\/image\\\/\",\"url\":\"https:\\\/\\\/fiprocess.pl\\\/wp-content\\\/uploads\\\/2023\\\/07\\\/logo.png\",\"contentUrl\":\"https:\\\/\\\/fiprocess.pl\\\/wp-content\\\/uploads\\\/2023\\\/07\\\/logo.png\",\"width\":1182,\"height\":260,\"caption\":\"Fiprocess Sp. z o.o.\"},\"image\":{\"@id\":\"https:\\\/\\\/fiprocess.pl\\\/#\\\/schema\\\/logo\\\/image\\\/\"}}]}<\/script>\n<!-- \/ Yoast SEO Premium plugin. -->","yoast_head_json":{"title":"SUSZARNIA PR\u00d3\u017bNIOWA DO WARZYW I OWOC\u00d3W - Fiprocess","description":"Suszarnia pr\u00f3\u017cniowa do warzyw Hegatec. Zaawansowana technologicznie przeznaczona do zastosowa\u0144 w przetw\u00f3rstwie spo\u017cywczym, farmaceutycznym i chemicznym.","robots":{"index":"index","follow":"follow","max-snippet":"max-snippet:-1","max-image-preview":"max-image-preview:large","max-video-preview":"max-video-preview:-1"},"canonical":"https:\/\/fiprocess.pl\/en\/produkt\/suszarnia-prozniowa\/","og_locale":"en_GB","og_type":"article","og_title":"SUSZARNIA PR\u00d3\u017bNIOWA DO WARZYW I OWOC\u00d3W","og_description":"Suszarnia pr\u00f3\u017cniowa do warzyw Hegatec. Zaawansowana technologicznie przeznaczona do zastosowa\u0144 w przetw\u00f3rstwie spo\u017cywczym, farmaceutycznym i chemicznym.","og_url":"https:\/\/fiprocess.pl\/en\/produkt\/suszarnia-prozniowa\/","og_site_name":"Fiprocess","article_modified_time":"2024-05-23T10:12:41+00:00","og_image":[{"width":1400,"height":500,"url":"https:\/\/fiprocess.pl\/wp-content\/uploads\/2023\/09\/IndustrialVacuumDryingOven.jpg","type":"image\/jpeg"}],"twitter_card":"summary_large_image","twitter_misc":{"Estimated reading time":"1 minute"},"schema":{"@context":"https:\/\/schema.org","@graph":[{"@type":"WebPage","@id":"https:\/\/fiprocess.pl\/en\/katalog-maszyn\/vacuum-dryer\/","url":"https:\/\/fiprocess.pl\/produkt\/suszarnia-prozniowa\/","name":"SUSZARNIA PR\u00d3\u017bNIOWA DO WARZYW I OWOC\u00d3W - Fiprocess","isPartOf":{"@id":"https:\/\/fiprocess.pl\/#website"},"primaryImageOfPage":{"@id":"https:\/\/fiprocess.pl\/produkt\/suszarnia-prozniowa\/#primaryimage"},"image":{"@id":"https:\/\/fiprocess.pl\/produkt\/suszarnia-prozniowa\/#primaryimage"},"thumbnailUrl":"https:\/\/fiprocess.pl\/wp-content\/uploads\/2023\/09\/IndustrialVacuumDryingOven.jpg","datePublished":"2023-09-11T13:13:15+00:00","dateModified":"2024-05-23T10:12:41+00:00","description":"Suszarnia pr\u00f3\u017cniowa do warzyw Hegatec. Zaawansowana technologicznie przeznaczona do zastosowa\u0144 w przetw\u00f3rstwie spo\u017cywczym, farmaceutycznym i chemicznym.","breadcrumb":{"@id":"https:\/\/fiprocess.pl\/produkt\/suszarnia-prozniowa\/#breadcrumb"},"inLanguage":"en-GB","potentialAction":[{"@type":"ReadAction","target":["https:\/\/fiprocess.pl\/produkt\/suszarnia-prozniowa\/"]}]},{"@type":"ImageObject","inLanguage":"en-GB","@id":"https:\/\/fiprocess.pl\/produkt\/suszarnia-prozniowa\/#primaryimage","url":"https:\/\/fiprocess.pl\/wp-content\/uploads\/2023\/09\/IndustrialVacuumDryingOven.jpg","contentUrl":"https:\/\/fiprocess.pl\/wp-content\/uploads\/2023\/09\/IndustrialVacuumDryingOven.jpg","width":1400,"height":500,"caption":"SUSZARNIA PR\u00d3\u017bNIOWA"},{"@type":"BreadcrumbList","@id":"https:\/\/fiprocess.pl\/produkt\/suszarnia-prozniowa\/#breadcrumb","itemListElement":[{"@type":"ListItem","position":1,"name":"Strona g\u0142\u00f3wna","item":"https:\/\/fiprocess.pl\/"},{"@type":"ListItem","position":2,"name":"Katalog maszyn","item":"https:\/\/fiprocess.pl\/en\/katalog-maszyn\/"},{"@type":"ListItem","position":3,"name":"Liofilizatory i suszarnie Hegatec","item":"https:\/\/fiprocess.pl\/kategoria-produktu\/liofilizatory-i-suszarnie-hegatec\/"},{"@type":"ListItem","position":4,"name":"Suszarnia pr\u00f3\u017cniowa","item":"https:\/\/fiprocess.pl\/kategoria-produktu\/liofilizatory-i-suszarnie-hegatec\/suszarnia-prozniowa\/"},{"@type":"ListItem","position":5,"name":"SUSZARNIA PR\u00d3\u017bNIOWA DO WARZYW I OWOC\u00d3W"}]},{"@type":"WebSite","@id":"https:\/\/fiprocess.pl\/#website","url":"https:\/\/fiprocess.pl\/","name":"Fiprocess","description":"mieszalniki wir\u00f3wki m\u0142yny suszarnie","publisher":{"@id":"https:\/\/fiprocess.pl\/#organization"},"potentialAction":[{"@type":"SearchAction","target":{"@type":"EntryPoint","urlTemplate":"https:\/\/fiprocess.pl\/?s={search_term_string}"},"query-input":{"@type":"PropertyValueSpecification","valueRequired":true,"valueName":"search_term_string"}}],"inLanguage":"en-GB"},{"@type":"Organization","@id":"https:\/\/fiprocess.pl\/#organization","name":"Fiprocess Sp. z o.o.","url":"https:\/\/fiprocess.pl\/","logo":{"@type":"ImageObject","inLanguage":"en-GB","@id":"https:\/\/fiprocess.pl\/#\/schema\/logo\/image\/","url":"https:\/\/fiprocess.pl\/wp-content\/uploads\/2023\/07\/logo.png","contentUrl":"https:\/\/fiprocess.pl\/wp-content\/uploads\/2023\/07\/logo.png","width":1182,"height":260,"caption":"Fiprocess Sp. z o.o."},"image":{"@id":"https:\/\/fiprocess.pl\/#\/schema\/logo\/image\/"}}]}},"_links":{"self":[{"href":"https:\/\/fiprocess.pl\/en\/wp-json\/wp\/v2\/product\/6429","targetHints":{"allow":["GET"]}}],"collection":[{"href":"https:\/\/fiprocess.pl\/en\/wp-json\/wp\/v2\/product"}],"about":[{"href":"https:\/\/fiprocess.pl\/en\/wp-json\/wp\/v2\/types\/product"}],"wp:featuredmedia":[{"embeddable":true,"href":"https:\/\/fiprocess.pl\/en\/wp-json\/wp\/v2\/media\/6430"}],"wp:attachment":[{"href":"https:\/\/fiprocess.pl\/en\/wp-json\/wp\/v2\/media?parent=6429"}],"wp:term":[{"taxonomy":"product_cat","embeddable":true,"href":"https:\/\/fiprocess.pl\/en\/wp-json\/wp\/v2\/product_cat?post=6429"},{"taxonomy":"product_tag","embeddable":true,"href":"https:\/\/fiprocess.pl\/en\/wp-json\/wp\/v2\/product_tag?post=6429"}],"curies":[{"name":"wp","href":"https:\/\/api.w.org\/{rel}","templated":true}]}}