{"id":6407,"date":"2023-09-04T16:45:25","date_gmt":"2023-09-04T14:45:25","guid":{"rendered":"https:\/\/fiprocess.pl\/?post_type=product&#038;p=6407"},"modified":"2024-05-23T12:13:02","modified_gmt":"2024-05-23T10:13:02","slug":"suszarnia-tasmowa-prozniowa","status":"publish","type":"product","link":"https:\/\/fiprocess.pl\/en\/katalog-maszyn\/belt-vacuum-dryer\/","title":{"rendered":"Vacuum belt dryer \/ Gentle drying"},"excerpt":{"rendered":"<p><strong>Continuous belt vacuum dryer <\/strong><\/p>\n<p><strong>SIZE DOES MATTER<\/strong><\/p>\n<p>The new Hegatec continuous vacuum belt dryer is used for the gentle drying of pasty and liquid products such as malt blends, meat extracts, herbal extracts, etc. The Hegatec vacuum belt dryer is available in sizes from laboratory to industrial. Based on accurate calculations, the Hegatec vacuum belt dryer is tailored to the needs of your product.<\/p>","protected":false},"featured_media":6405,"template":"","meta":[],"product_cat":[1130],"product_tag":[],"class_list":{"0":"post-6407","1":"product","2":"type-product","3":"status-publish","4":"has-post-thumbnail","6":"product_cat-suszarnia-tasmowa-prozniowa","8":"first","9":"instock","10":"shipping-taxable","11":"product-type-simple"},"acf":[],"yoast_head":"<!-- This site is optimized with the Yoast SEO Premium plugin v26.7 (Yoast SEO v27.3) - https:\/\/yoast.com\/product\/yoast-seo-premium-wordpress\/ -->\n<title>Suszarnia pr\u00f3\u017cniowa ta\u015bmowa \/ Delikatne suszenie - Fiprocess<\/title>\n<meta name=\"description\" content=\"Suszarnia pr\u00f3\u017cniowa ta\u015bmowa ci\u0105g\u0142a ta\u015bmowa Hegatec s\u0142u\u017cy do delikatnego suszenia produkt\u00f3w o konsystencji pasty i cieczy, takich jak mieszanki s\u0142odowe, ekstrakty mi\u0119sne, ekstrakty zio\u0142owe itp.\" \/>\n<meta name=\"robots\" content=\"index, follow, max-snippet:-1, max-image-preview:large, max-video-preview:-1\" \/>\n<link rel=\"canonical\" href=\"https:\/\/fiprocess.pl\/en\/produkt\/suszarnia-tasmowa-prozniowa\/\" \/>\n<meta property=\"og:locale\" content=\"en_GB\" \/>\n<meta property=\"og:type\" content=\"article\" \/>\n<meta property=\"og:title\" content=\"Suszarnia pr\u00f3\u017cniowa ta\u015bmowa \/ Delikatne suszenie\" \/>\n<meta property=\"og:description\" content=\"Suszarnia pr\u00f3\u017cniowa ta\u015bmowa ci\u0105g\u0142a ta\u015bmowa Hegatec s\u0142u\u017cy do delikatnego suszenia produkt\u00f3w o konsystencji pasty i cieczy, takich jak mieszanki s\u0142odowe, ekstrakty mi\u0119sne, ekstrakty zio\u0142owe itp.\" \/>\n<meta property=\"og:url\" content=\"https:\/\/fiprocess.pl\/en\/produkt\/suszarnia-tasmowa-prozniowa\/\" \/>\n<meta property=\"og:site_name\" content=\"Fiprocess\" \/>\n<meta property=\"article:modified_time\" content=\"2024-05-23T10:13:02+00:00\" \/>\n<meta property=\"og:image\" content=\"https:\/\/fiprocess.pl\/wp-content\/uploads\/2023\/09\/9024992776.jpg\" \/>\n\t<meta property=\"og:image:width\" content=\"1000\" \/>\n\t<meta property=\"og:image:height\" content=\"618\" \/>\n\t<meta property=\"og:image:type\" content=\"image\/jpeg\" \/>\n<meta name=\"twitter:card\" content=\"summary_large_image\" \/>\n<meta name=\"twitter:label1\" content=\"Estimated reading time\" \/>\n\t<meta name=\"twitter:data1\" content=\"1 minute\" \/>\n<script type=\"application\/ld+json\" class=\"yoast-schema-graph\">{\"@context\":\"https:\\\/\\\/schema.org\",\"@graph\":[{\"@type\":\"WebPage\",\"@id\":\"https:\\\/\\\/fiprocess.pl\\\/en\\\/katalog-maszyn\\\/belt-vacuum-dryer\\\/\",\"url\":\"https:\\\/\\\/fiprocess.pl\\\/produkt\\\/suszarnia-tasmowa-prozniowa\\\/\",\"name\":\"Suszarnia pr\u00f3\u017cniowa ta\u015bmowa \\\/ Delikatne suszenie - Fiprocess\",\"isPartOf\":{\"@id\":\"https:\\\/\\\/fiprocess.pl\\\/#website\"},\"primaryImageOfPage\":{\"@id\":\"https:\\\/\\\/fiprocess.pl\\\/produkt\\\/suszarnia-tasmowa-prozniowa\\\/#primaryimage\"},\"image\":{\"@id\":\"https:\\\/\\\/fiprocess.pl\\\/produkt\\\/suszarnia-tasmowa-prozniowa\\\/#primaryimage\"},\"thumbnailUrl\":\"https:\\\/\\\/fiprocess.pl\\\/wp-content\\\/uploads\\\/2023\\\/09\\\/9024992776.jpg\",\"datePublished\":\"2023-09-04T14:45:25+00:00\",\"dateModified\":\"2024-05-23T10:13:02+00:00\",\"description\":\"Suszarnia pr\u00f3\u017cniowa ta\u015bmowa ci\u0105g\u0142a ta\u015bmowa Hegatec s\u0142u\u017cy do delikatnego suszenia produkt\u00f3w o konsystencji pasty i cieczy, takich jak mieszanki s\u0142odowe, ekstrakty mi\u0119sne, ekstrakty zio\u0142owe itp.\",\"breadcrumb\":{\"@id\":\"https:\\\/\\\/fiprocess.pl\\\/produkt\\\/suszarnia-tasmowa-prozniowa\\\/#breadcrumb\"},\"inLanguage\":\"en-GB\",\"potentialAction\":[{\"@type\":\"ReadAction\",\"target\":[\"https:\\\/\\\/fiprocess.pl\\\/produkt\\\/suszarnia-tasmowa-prozniowa\\\/\"]}]},{\"@type\":\"ImageObject\",\"inLanguage\":\"en-GB\",\"@id\":\"https:\\\/\\\/fiprocess.pl\\\/produkt\\\/suszarnia-tasmowa-prozniowa\\\/#primaryimage\",\"url\":\"https:\\\/\\\/fiprocess.pl\\\/wp-content\\\/uploads\\\/2023\\\/09\\\/9024992776.jpg\",\"contentUrl\":\"https:\\\/\\\/fiprocess.pl\\\/wp-content\\\/uploads\\\/2023\\\/09\\\/9024992776.jpg\",\"width\":1000,\"height\":618,\"caption\":\"Suszarnia ta\u015bmowa pr\u00f3\u017cniowa\"},{\"@type\":\"BreadcrumbList\",\"@id\":\"https:\\\/\\\/fiprocess.pl\\\/produkt\\\/suszarnia-tasmowa-prozniowa\\\/#breadcrumb\",\"itemListElement\":[{\"@type\":\"ListItem\",\"position\":1,\"name\":\"Strona g\u0142\u00f3wna\",\"item\":\"https:\\\/\\\/fiprocess.pl\\\/\"},{\"@type\":\"ListItem\",\"position\":2,\"name\":\"Katalog maszyn\",\"item\":\"https:\\\/\\\/fiprocess.pl\\\/en\\\/katalog-maszyn\\\/\"},{\"@type\":\"ListItem\",\"position\":3,\"name\":\"Liofilizatory i suszarnie Hegatec\",\"item\":\"https:\\\/\\\/fiprocess.pl\\\/kategoria-produktu\\\/liofilizatory-i-suszarnie-hegatec\\\/\"},{\"@type\":\"ListItem\",\"position\":4,\"name\":\"Suszarnia ta\u015bmowa pr\u00f3\u017cniowa\",\"item\":\"https:\\\/\\\/fiprocess.pl\\\/kategoria-produktu\\\/liofilizatory-i-suszarnie-hegatec\\\/suszarnia-tasmowa-prozniowa\\\/\"},{\"@type\":\"ListItem\",\"position\":5,\"name\":\"Suszarnia pr\u00f3\u017cniowa ta\u015bmowa \\\/ Delikatne suszenie\"}]},{\"@type\":\"WebSite\",\"@id\":\"https:\\\/\\\/fiprocess.pl\\\/#website\",\"url\":\"https:\\\/\\\/fiprocess.pl\\\/\",\"name\":\"Fiprocess\",\"description\":\"mieszalniki wir\u00f3wki m\u0142yny suszarnie\",\"publisher\":{\"@id\":\"https:\\\/\\\/fiprocess.pl\\\/#organization\"},\"potentialAction\":[{\"@type\":\"SearchAction\",\"target\":{\"@type\":\"EntryPoint\",\"urlTemplate\":\"https:\\\/\\\/fiprocess.pl\\\/?s={search_term_string}\"},\"query-input\":{\"@type\":\"PropertyValueSpecification\",\"valueRequired\":true,\"valueName\":\"search_term_string\"}}],\"inLanguage\":\"en-GB\"},{\"@type\":\"Organization\",\"@id\":\"https:\\\/\\\/fiprocess.pl\\\/#organization\",\"name\":\"Fiprocess Sp. z o.o.\",\"url\":\"https:\\\/\\\/fiprocess.pl\\\/\",\"logo\":{\"@type\":\"ImageObject\",\"inLanguage\":\"en-GB\",\"@id\":\"https:\\\/\\\/fiprocess.pl\\\/#\\\/schema\\\/logo\\\/image\\\/\",\"url\":\"https:\\\/\\\/fiprocess.pl\\\/wp-content\\\/uploads\\\/2023\\\/07\\\/logo.png\",\"contentUrl\":\"https:\\\/\\\/fiprocess.pl\\\/wp-content\\\/uploads\\\/2023\\\/07\\\/logo.png\",\"width\":1182,\"height\":260,\"caption\":\"Fiprocess Sp. z o.o.\"},\"image\":{\"@id\":\"https:\\\/\\\/fiprocess.pl\\\/#\\\/schema\\\/logo\\\/image\\\/\"}}]}<\/script>\n<!-- \/ Yoast SEO Premium plugin. -->","yoast_head_json":{"title":"Suszarnia pr\u00f3\u017cniowa ta\u015bmowa \/ Delikatne suszenie - Fiprocess","description":"Suszarnia pr\u00f3\u017cniowa ta\u015bmowa ci\u0105g\u0142a ta\u015bmowa Hegatec s\u0142u\u017cy do delikatnego suszenia produkt\u00f3w o konsystencji pasty i cieczy, takich jak mieszanki s\u0142odowe, ekstrakty mi\u0119sne, ekstrakty zio\u0142owe itp.","robots":{"index":"index","follow":"follow","max-snippet":"max-snippet:-1","max-image-preview":"max-image-preview:large","max-video-preview":"max-video-preview:-1"},"canonical":"https:\/\/fiprocess.pl\/en\/produkt\/suszarnia-tasmowa-prozniowa\/","og_locale":"en_GB","og_type":"article","og_title":"Suszarnia pr\u00f3\u017cniowa ta\u015bmowa \/ Delikatne suszenie","og_description":"Suszarnia pr\u00f3\u017cniowa ta\u015bmowa ci\u0105g\u0142a ta\u015bmowa Hegatec s\u0142u\u017cy do delikatnego suszenia produkt\u00f3w o konsystencji pasty i cieczy, takich jak mieszanki s\u0142odowe, ekstrakty mi\u0119sne, ekstrakty zio\u0142owe itp.","og_url":"https:\/\/fiprocess.pl\/en\/produkt\/suszarnia-tasmowa-prozniowa\/","og_site_name":"Fiprocess","article_modified_time":"2024-05-23T10:13:02+00:00","og_image":[{"width":1000,"height":618,"url":"https:\/\/fiprocess.pl\/wp-content\/uploads\/2023\/09\/9024992776.jpg","type":"image\/jpeg"}],"twitter_card":"summary_large_image","twitter_misc":{"Estimated reading time":"1 minute"},"schema":{"@context":"https:\/\/schema.org","@graph":[{"@type":"WebPage","@id":"https:\/\/fiprocess.pl\/en\/katalog-maszyn\/belt-vacuum-dryer\/","url":"https:\/\/fiprocess.pl\/produkt\/suszarnia-tasmowa-prozniowa\/","name":"Suszarnia pr\u00f3\u017cniowa ta\u015bmowa \/ Delikatne suszenie - Fiprocess","isPartOf":{"@id":"https:\/\/fiprocess.pl\/#website"},"primaryImageOfPage":{"@id":"https:\/\/fiprocess.pl\/produkt\/suszarnia-tasmowa-prozniowa\/#primaryimage"},"image":{"@id":"https:\/\/fiprocess.pl\/produkt\/suszarnia-tasmowa-prozniowa\/#primaryimage"},"thumbnailUrl":"https:\/\/fiprocess.pl\/wp-content\/uploads\/2023\/09\/9024992776.jpg","datePublished":"2023-09-04T14:45:25+00:00","dateModified":"2024-05-23T10:13:02+00:00","description":"Suszarnia pr\u00f3\u017cniowa ta\u015bmowa ci\u0105g\u0142a ta\u015bmowa Hegatec s\u0142u\u017cy do delikatnego suszenia produkt\u00f3w o konsystencji pasty i cieczy, takich jak mieszanki s\u0142odowe, ekstrakty mi\u0119sne, ekstrakty zio\u0142owe itp.","breadcrumb":{"@id":"https:\/\/fiprocess.pl\/produkt\/suszarnia-tasmowa-prozniowa\/#breadcrumb"},"inLanguage":"en-GB","potentialAction":[{"@type":"ReadAction","target":["https:\/\/fiprocess.pl\/produkt\/suszarnia-tasmowa-prozniowa\/"]}]},{"@type":"ImageObject","inLanguage":"en-GB","@id":"https:\/\/fiprocess.pl\/produkt\/suszarnia-tasmowa-prozniowa\/#primaryimage","url":"https:\/\/fiprocess.pl\/wp-content\/uploads\/2023\/09\/9024992776.jpg","contentUrl":"https:\/\/fiprocess.pl\/wp-content\/uploads\/2023\/09\/9024992776.jpg","width":1000,"height":618,"caption":"Suszarnia ta\u015bmowa pr\u00f3\u017cniowa"},{"@type":"BreadcrumbList","@id":"https:\/\/fiprocess.pl\/produkt\/suszarnia-tasmowa-prozniowa\/#breadcrumb","itemListElement":[{"@type":"ListItem","position":1,"name":"Strona g\u0142\u00f3wna","item":"https:\/\/fiprocess.pl\/"},{"@type":"ListItem","position":2,"name":"Katalog maszyn","item":"https:\/\/fiprocess.pl\/en\/katalog-maszyn\/"},{"@type":"ListItem","position":3,"name":"Liofilizatory i suszarnie Hegatec","item":"https:\/\/fiprocess.pl\/kategoria-produktu\/liofilizatory-i-suszarnie-hegatec\/"},{"@type":"ListItem","position":4,"name":"Suszarnia ta\u015bmowa pr\u00f3\u017cniowa","item":"https:\/\/fiprocess.pl\/kategoria-produktu\/liofilizatory-i-suszarnie-hegatec\/suszarnia-tasmowa-prozniowa\/"},{"@type":"ListItem","position":5,"name":"Suszarnia pr\u00f3\u017cniowa ta\u015bmowa \/ Delikatne suszenie"}]},{"@type":"WebSite","@id":"https:\/\/fiprocess.pl\/#website","url":"https:\/\/fiprocess.pl\/","name":"Fiprocess","description":"mieszalniki wir\u00f3wki m\u0142yny suszarnie","publisher":{"@id":"https:\/\/fiprocess.pl\/#organization"},"potentialAction":[{"@type":"SearchAction","target":{"@type":"EntryPoint","urlTemplate":"https:\/\/fiprocess.pl\/?s={search_term_string}"},"query-input":{"@type":"PropertyValueSpecification","valueRequired":true,"valueName":"search_term_string"}}],"inLanguage":"en-GB"},{"@type":"Organization","@id":"https:\/\/fiprocess.pl\/#organization","name":"Fiprocess Sp. z o.o.","url":"https:\/\/fiprocess.pl\/","logo":{"@type":"ImageObject","inLanguage":"en-GB","@id":"https:\/\/fiprocess.pl\/#\/schema\/logo\/image\/","url":"https:\/\/fiprocess.pl\/wp-content\/uploads\/2023\/07\/logo.png","contentUrl":"https:\/\/fiprocess.pl\/wp-content\/uploads\/2023\/07\/logo.png","width":1182,"height":260,"caption":"Fiprocess Sp. z o.o."},"image":{"@id":"https:\/\/fiprocess.pl\/#\/schema\/logo\/image\/"}}]}},"_links":{"self":[{"href":"https:\/\/fiprocess.pl\/en\/wp-json\/wp\/v2\/product\/6407","targetHints":{"allow":["GET"]}}],"collection":[{"href":"https:\/\/fiprocess.pl\/en\/wp-json\/wp\/v2\/product"}],"about":[{"href":"https:\/\/fiprocess.pl\/en\/wp-json\/wp\/v2\/types\/product"}],"wp:featuredmedia":[{"embeddable":true,"href":"https:\/\/fiprocess.pl\/en\/wp-json\/wp\/v2\/media\/6405"}],"wp:attachment":[{"href":"https:\/\/fiprocess.pl\/en\/wp-json\/wp\/v2\/media?parent=6407"}],"wp:term":[{"taxonomy":"product_cat","embeddable":true,"href":"https:\/\/fiprocess.pl\/en\/wp-json\/wp\/v2\/product_cat?post=6407"},{"taxonomy":"product_tag","embeddable":true,"href":"https:\/\/fiprocess.pl\/en\/wp-json\/wp\/v2\/product_tag?post=6407"}],"curies":[{"name":"wp","href":"https:\/\/api.w.org\/{rel}","templated":true}]}}