{"id":6229,"date":"2023-08-28T17:23:13","date_gmt":"2023-08-28T15:23:13","guid":{"rendered":"https:\/\/fiprocess.bizneszoom.pl\/?post_type=product&#038;p=6229"},"modified":"2024-06-10T17:57:10","modified_gmt":"2024-06-10T15:57:10","slug":"pvr-mieszalnik-wstegowy-pionowy","status":"publish","type":"product","link":"https:\/\/fiprocess.pl\/en\/katalog-maszyn\/pvr-mieszalnik-wstegowy-pionowy-en\/","title":{"rendered":"PVR Vertical Conical Ribbon Mixer"},"excerpt":{"rendered":"<p><span>The PerMix PVR Series Vertical Ribbon Mixer has a similar appearance to the PRB Series Ribbon Mixer, but with a vertical axis, just like our PNA Series Conical Screw Mixer. PVR Vertical Ribbon Mixers are efficient and versatile mixers for batch mixing of loose powders, granules and pellets.<\/span><\/p>\n<p><span>PerMix vertical ribbon mixers are able to produce excellent mixing results due to the design of an external spiral mixing element with an internal screw rotating together in a conical chamber, ensuring multi-dimensional movement of materials and complete discharge of all mixed material without any residue.<\/span><\/p>\n<p>&nbsp;<\/p>\n<p><span>Vertical ribbon mixers also feature no product contamination because the shaft seal is located above the working area and therefore has no contact with the product.<\/span><\/p>\n<p>See also:<\/p>\n<p><a href=\"https:\/\/fiprocess.pl\/en\/produkt\/rozwiazania-dla-przemyslu-spozywczego-permix\/\">Solutions-for-the-food-permix industry<\/a><\/p>\n<p>&nbsp;<\/p>\n<p><a href=\"https:\/\/fiprocess.pl\/en\/produkt\/rozwiazania-dla-przemyslu-farmaceutycznego-i-nutraceutycznego\/\">Solutions-for-the-pharmaceutical-and-nutraceutical-industry<\/a><\/p>\n<p>&nbsp;<\/p>\n<p><a href=\"https:\/\/fiprocess.pl\/en\/produkt\/rozwiazania-dla-przemyslu-chemicznego\/\">Solutions for the chemical industry \u2013 Fiprocess<\/a><\/p>\n<p>&nbsp;<\/p>\n<p>https:\/\/www.youtube.com\/watch?v=hE5pI8CBBYE<\/p>","protected":false},"featured_media":6736,"template":"","meta":[],"product_cat":[1173,1029],"product_tag":[1178],"class_list":{"0":"post-6229","1":"product","2":"type-product","3":"status-publish","4":"has-post-thumbnail","6":"product_cat-mieszalnik-wstegowy-pionowy-permix-pvr","7":"product_cat-mieszalniki-permix","8":"product_tag-wstegowy","10":"first","11":"instock","12":"shipping-taxable","13":"product-type-simple"},"acf":[],"yoast_head":"<!-- This site is optimized with the Yoast SEO Premium plugin v26.7 (Yoast SEO v27.3) - https:\/\/yoast.com\/product\/yoast-seo-premium-wordpress\/ -->\n<title>Mieszalnik Wst\u0119gowy Pionowy Sto\u017ckowy PVR - Fiprocess<\/title>\n<meta name=\"description\" content=\"Mieszalnik Wst\u0119gowy Pionowy PVR. Wysoki poziom dok\u0142adno\u015bci przy stosunku komponent\u00f3w mniejszych do 1:100 000. Delikatne mieszanie wra\u017cliwych materia\u0142\u00f3w.\" \/>\n<meta name=\"robots\" content=\"index, follow, max-snippet:-1, max-image-preview:large, max-video-preview:-1\" \/>\n<link rel=\"canonical\" href=\"https:\/\/fiprocess.pl\/en\/produkt\/pvr-mieszalnik-wstegowy-pionowy\/\" \/>\n<meta property=\"og:locale\" content=\"en_GB\" \/>\n<meta property=\"og:type\" content=\"article\" \/>\n<meta property=\"og:title\" content=\"Mieszalnik Wst\u0119gowy Pionowy Sto\u017ckowy PVR\" \/>\n<meta property=\"og:description\" content=\"Mieszalnik Wst\u0119gowy Pionowy PVR. Wysoki poziom dok\u0142adno\u015bci przy stosunku komponent\u00f3w mniejszych do 1:100 000. Delikatne mieszanie wra\u017cliwych materia\u0142\u00f3w.\" \/>\n<meta property=\"og:url\" content=\"https:\/\/fiprocess.pl\/en\/produkt\/pvr-mieszalnik-wstegowy-pionowy\/\" \/>\n<meta property=\"og:site_name\" content=\"Fiprocess\" \/>\n<meta property=\"article:modified_time\" content=\"2024-06-10T15:57:10+00:00\" \/>\n<meta property=\"og:image\" content=\"https:\/\/fiprocess.pl\/wp-content\/uploads\/2023\/08\/PerMix-PVR-Mieszalnik-wstegowy-pionowy-9-scaled.jpg\" \/>\n\t<meta property=\"og:image:width\" content=\"2560\" \/>\n\t<meta property=\"og:image:height\" content=\"1707\" \/>\n\t<meta property=\"og:image:type\" content=\"image\/jpeg\" \/>\n<meta name=\"twitter:card\" content=\"summary_large_image\" \/>\n<meta name=\"twitter:label1\" content=\"Estimated reading time\" \/>\n\t<meta name=\"twitter:data1\" content=\"1 minute\" \/>\n<script type=\"application\/ld+json\" class=\"yoast-schema-graph\">{\"@context\":\"https:\\\/\\\/schema.org\",\"@graph\":[{\"@type\":\"WebPage\",\"@id\":\"https:\\\/\\\/fiprocess.pl\\\/katalog-maszyn\\\/pvr-mieszalnik-wstegowy-pionowy\\\/\",\"url\":\"https:\\\/\\\/fiprocess.pl\\\/produkt\\\/pvr-mieszalnik-wstegowy-pionowy\\\/\",\"name\":\"Mieszalnik Wst\u0119gowy Pionowy Sto\u017ckowy PVR - Fiprocess\",\"isPartOf\":{\"@id\":\"https:\\\/\\\/fiprocess.pl\\\/#website\"},\"primaryImageOfPage\":{\"@id\":\"https:\\\/\\\/fiprocess.pl\\\/produkt\\\/pvr-mieszalnik-wstegowy-pionowy\\\/#primaryimage\"},\"image\":{\"@id\":\"https:\\\/\\\/fiprocess.pl\\\/produkt\\\/pvr-mieszalnik-wstegowy-pionowy\\\/#primaryimage\"},\"thumbnailUrl\":\"https:\\\/\\\/fiprocess.pl\\\/wp-content\\\/uploads\\\/2023\\\/08\\\/PerMix-PVR-Mieszalnik-wstegowy-pionowy-9-scaled.jpg\",\"datePublished\":\"2023-08-28T15:23:13+00:00\",\"dateModified\":\"2024-06-10T15:57:10+00:00\",\"description\":\"Mieszalnik Wst\u0119gowy Pionowy PVR. Wysoki poziom dok\u0142adno\u015bci przy stosunku komponent\u00f3w mniejszych do 1:100 000. Delikatne mieszanie wra\u017cliwych materia\u0142\u00f3w.\",\"breadcrumb\":{\"@id\":\"https:\\\/\\\/fiprocess.pl\\\/produkt\\\/pvr-mieszalnik-wstegowy-pionowy\\\/#breadcrumb\"},\"inLanguage\":\"en-GB\",\"potentialAction\":[{\"@type\":\"ReadAction\",\"target\":[\"https:\\\/\\\/fiprocess.pl\\\/produkt\\\/pvr-mieszalnik-wstegowy-pionowy\\\/\"]}]},{\"@type\":\"ImageObject\",\"inLanguage\":\"en-GB\",\"@id\":\"https:\\\/\\\/fiprocess.pl\\\/produkt\\\/pvr-mieszalnik-wstegowy-pionowy\\\/#primaryimage\",\"url\":\"https:\\\/\\\/fiprocess.pl\\\/wp-content\\\/uploads\\\/2023\\\/08\\\/PerMix-PVR-Mieszalnik-wstegowy-pionowy-9-scaled.jpg\",\"contentUrl\":\"https:\\\/\\\/fiprocess.pl\\\/wp-content\\\/uploads\\\/2023\\\/08\\\/PerMix-PVR-Mieszalnik-wstegowy-pionowy-9-scaled.jpg\",\"width\":2560,\"height\":1707,\"caption\":\"Mieszalnik wst\u0119gowy pionowy\"},{\"@type\":\"BreadcrumbList\",\"@id\":\"https:\\\/\\\/fiprocess.pl\\\/produkt\\\/pvr-mieszalnik-wstegowy-pionowy\\\/#breadcrumb\",\"itemListElement\":[{\"@type\":\"ListItem\",\"position\":1,\"name\":\"Strona g\u0142\u00f3wna\",\"item\":\"https:\\\/\\\/fiprocess.pl\\\/\"},{\"@type\":\"ListItem\",\"position\":2,\"name\":\"Katalog maszyn\",\"item\":\"https:\\\/\\\/fiprocess.pl\\\/en\\\/katalog-maszyn\\\/\"},{\"@type\":\"ListItem\",\"position\":3,\"name\":\"Mieszalniki i suszarnie PERMIX\",\"item\":\"https:\\\/\\\/fiprocess.pl\\\/kategoria-produktu\\\/mieszalniki-permix\\\/\"},{\"@type\":\"ListItem\",\"position\":4,\"name\":\"Mieszalnik Wst\u0119gowy Pionowy Sto\u017ckowy PVR\"}]},{\"@type\":\"WebSite\",\"@id\":\"https:\\\/\\\/fiprocess.pl\\\/#website\",\"url\":\"https:\\\/\\\/fiprocess.pl\\\/\",\"name\":\"Fiprocess\",\"description\":\"mieszalniki wir\u00f3wki m\u0142yny suszarnie\",\"publisher\":{\"@id\":\"https:\\\/\\\/fiprocess.pl\\\/#organization\"},\"potentialAction\":[{\"@type\":\"SearchAction\",\"target\":{\"@type\":\"EntryPoint\",\"urlTemplate\":\"https:\\\/\\\/fiprocess.pl\\\/?s={search_term_string}\"},\"query-input\":{\"@type\":\"PropertyValueSpecification\",\"valueRequired\":true,\"valueName\":\"search_term_string\"}}],\"inLanguage\":\"en-GB\"},{\"@type\":\"Organization\",\"@id\":\"https:\\\/\\\/fiprocess.pl\\\/#organization\",\"name\":\"Fiprocess Sp. z o.o.\",\"url\":\"https:\\\/\\\/fiprocess.pl\\\/\",\"logo\":{\"@type\":\"ImageObject\",\"inLanguage\":\"en-GB\",\"@id\":\"https:\\\/\\\/fiprocess.pl\\\/#\\\/schema\\\/logo\\\/image\\\/\",\"url\":\"https:\\\/\\\/fiprocess.pl\\\/wp-content\\\/uploads\\\/2023\\\/07\\\/logo.png\",\"contentUrl\":\"https:\\\/\\\/fiprocess.pl\\\/wp-content\\\/uploads\\\/2023\\\/07\\\/logo.png\",\"width\":1182,\"height\":260,\"caption\":\"Fiprocess Sp. z o.o.\"},\"image\":{\"@id\":\"https:\\\/\\\/fiprocess.pl\\\/#\\\/schema\\\/logo\\\/image\\\/\"}}]}<\/script>\n<!-- \/ Yoast SEO Premium plugin. -->","yoast_head_json":{"title":"Mieszalnik Wst\u0119gowy Pionowy Sto\u017ckowy PVR - Fiprocess","description":"Mieszalnik Wst\u0119gowy Pionowy PVR. Wysoki poziom dok\u0142adno\u015bci przy stosunku komponent\u00f3w mniejszych do 1:100 000. Delikatne mieszanie wra\u017cliwych materia\u0142\u00f3w.","robots":{"index":"index","follow":"follow","max-snippet":"max-snippet:-1","max-image-preview":"max-image-preview:large","max-video-preview":"max-video-preview:-1"},"canonical":"https:\/\/fiprocess.pl\/en\/produkt\/pvr-mieszalnik-wstegowy-pionowy\/","og_locale":"en_GB","og_type":"article","og_title":"Mieszalnik Wst\u0119gowy Pionowy Sto\u017ckowy PVR","og_description":"Mieszalnik Wst\u0119gowy Pionowy PVR. Wysoki poziom dok\u0142adno\u015bci przy stosunku komponent\u00f3w mniejszych do 1:100 000. Delikatne mieszanie wra\u017cliwych materia\u0142\u00f3w.","og_url":"https:\/\/fiprocess.pl\/en\/produkt\/pvr-mieszalnik-wstegowy-pionowy\/","og_site_name":"Fiprocess","article_modified_time":"2024-06-10T15:57:10+00:00","og_image":[{"width":2560,"height":1707,"url":"https:\/\/fiprocess.pl\/wp-content\/uploads\/2023\/08\/PerMix-PVR-Mieszalnik-wstegowy-pionowy-9-scaled.jpg","type":"image\/jpeg"}],"twitter_card":"summary_large_image","twitter_misc":{"Estimated reading time":"1 minute"},"schema":{"@context":"https:\/\/schema.org","@graph":[{"@type":"WebPage","@id":"https:\/\/fiprocess.pl\/katalog-maszyn\/pvr-mieszalnik-wstegowy-pionowy\/","url":"https:\/\/fiprocess.pl\/produkt\/pvr-mieszalnik-wstegowy-pionowy\/","name":"Mieszalnik Wst\u0119gowy Pionowy Sto\u017ckowy PVR - Fiprocess","isPartOf":{"@id":"https:\/\/fiprocess.pl\/#website"},"primaryImageOfPage":{"@id":"https:\/\/fiprocess.pl\/produkt\/pvr-mieszalnik-wstegowy-pionowy\/#primaryimage"},"image":{"@id":"https:\/\/fiprocess.pl\/produkt\/pvr-mieszalnik-wstegowy-pionowy\/#primaryimage"},"thumbnailUrl":"https:\/\/fiprocess.pl\/wp-content\/uploads\/2023\/08\/PerMix-PVR-Mieszalnik-wstegowy-pionowy-9-scaled.jpg","datePublished":"2023-08-28T15:23:13+00:00","dateModified":"2024-06-10T15:57:10+00:00","description":"Mieszalnik Wst\u0119gowy Pionowy PVR. Wysoki poziom dok\u0142adno\u015bci przy stosunku komponent\u00f3w mniejszych do 1:100 000. Delikatne mieszanie wra\u017cliwych materia\u0142\u00f3w.","breadcrumb":{"@id":"https:\/\/fiprocess.pl\/produkt\/pvr-mieszalnik-wstegowy-pionowy\/#breadcrumb"},"inLanguage":"en-GB","potentialAction":[{"@type":"ReadAction","target":["https:\/\/fiprocess.pl\/produkt\/pvr-mieszalnik-wstegowy-pionowy\/"]}]},{"@type":"ImageObject","inLanguage":"en-GB","@id":"https:\/\/fiprocess.pl\/produkt\/pvr-mieszalnik-wstegowy-pionowy\/#primaryimage","url":"https:\/\/fiprocess.pl\/wp-content\/uploads\/2023\/08\/PerMix-PVR-Mieszalnik-wstegowy-pionowy-9-scaled.jpg","contentUrl":"https:\/\/fiprocess.pl\/wp-content\/uploads\/2023\/08\/PerMix-PVR-Mieszalnik-wstegowy-pionowy-9-scaled.jpg","width":2560,"height":1707,"caption":"Mieszalnik wst\u0119gowy pionowy"},{"@type":"BreadcrumbList","@id":"https:\/\/fiprocess.pl\/produkt\/pvr-mieszalnik-wstegowy-pionowy\/#breadcrumb","itemListElement":[{"@type":"ListItem","position":1,"name":"Strona g\u0142\u00f3wna","item":"https:\/\/fiprocess.pl\/"},{"@type":"ListItem","position":2,"name":"Katalog maszyn","item":"https:\/\/fiprocess.pl\/en\/katalog-maszyn\/"},{"@type":"ListItem","position":3,"name":"Mieszalniki i suszarnie PERMIX","item":"https:\/\/fiprocess.pl\/kategoria-produktu\/mieszalniki-permix\/"},{"@type":"ListItem","position":4,"name":"Mieszalnik Wst\u0119gowy Pionowy Sto\u017ckowy PVR"}]},{"@type":"WebSite","@id":"https:\/\/fiprocess.pl\/#website","url":"https:\/\/fiprocess.pl\/","name":"Fiprocess","description":"mieszalniki wir\u00f3wki m\u0142yny suszarnie","publisher":{"@id":"https:\/\/fiprocess.pl\/#organization"},"potentialAction":[{"@type":"SearchAction","target":{"@type":"EntryPoint","urlTemplate":"https:\/\/fiprocess.pl\/?s={search_term_string}"},"query-input":{"@type":"PropertyValueSpecification","valueRequired":true,"valueName":"search_term_string"}}],"inLanguage":"en-GB"},{"@type":"Organization","@id":"https:\/\/fiprocess.pl\/#organization","name":"Fiprocess Sp. z o.o.","url":"https:\/\/fiprocess.pl\/","logo":{"@type":"ImageObject","inLanguage":"en-GB","@id":"https:\/\/fiprocess.pl\/#\/schema\/logo\/image\/","url":"https:\/\/fiprocess.pl\/wp-content\/uploads\/2023\/07\/logo.png","contentUrl":"https:\/\/fiprocess.pl\/wp-content\/uploads\/2023\/07\/logo.png","width":1182,"height":260,"caption":"Fiprocess Sp. z o.o."},"image":{"@id":"https:\/\/fiprocess.pl\/#\/schema\/logo\/image\/"}}]}},"_links":{"self":[{"href":"https:\/\/fiprocess.pl\/en\/wp-json\/wp\/v2\/product\/6229","targetHints":{"allow":["GET"]}}],"collection":[{"href":"https:\/\/fiprocess.pl\/en\/wp-json\/wp\/v2\/product"}],"about":[{"href":"https:\/\/fiprocess.pl\/en\/wp-json\/wp\/v2\/types\/product"}],"wp:featuredmedia":[{"embeddable":true,"href":"https:\/\/fiprocess.pl\/en\/wp-json\/wp\/v2\/media\/6736"}],"wp:attachment":[{"href":"https:\/\/fiprocess.pl\/en\/wp-json\/wp\/v2\/media?parent=6229"}],"wp:term":[{"taxonomy":"product_cat","embeddable":true,"href":"https:\/\/fiprocess.pl\/en\/wp-json\/wp\/v2\/product_cat?post=6229"},{"taxonomy":"product_tag","embeddable":true,"href":"https:\/\/fiprocess.pl\/en\/wp-json\/wp\/v2\/product_tag?post=6229"}],"curies":[{"name":"wp","href":"https:\/\/api.w.org\/{rel}","templated":true}]}}