{"id":6075,"date":"2023-08-25T13:00:47","date_gmt":"2023-08-25T11:00:47","guid":{"rendered":"https:\/\/fiprocess.bizneszoom.pl\/?post_type=product&#038;p=6075"},"modified":"2024-05-23T12:16:44","modified_gmt":"2024-05-23T10:16:44","slug":"pms-mieszalnik-wielowalowy-prozniowy-homogenizator","status":"publish","type":"product","link":"https:\/\/fiprocess.pl\/en\/katalog-maszyn\/pms-mieszalnik-wielowalowy-prozniowy-homogenizator-en\/","title":{"rendered":"Vacuum multi-shaft mixer (homogenizer) PMS"},"excerpt":{"rendered":"<p><span>The PerMix PMS series multi-shaft mixer (multi-shaft homogenizer) is a revolutionary and universal multi-process mixer that has been designed to support many different industries and many different processes. It provides a unique triple mixing action, combining slow mixing elements with a fast mixing element.<\/span><\/p>\n<p><span>The PerMix PMS series multi-shaft mixer is therefore not limited to the simple production of emulsions, suspensions and other homogeneous products, but covers the entire production process \u2013 from the feeding of components to good degassing and the product ready for packaging.<\/span><\/p>","protected":false},"featured_media":6805,"template":"","meta":[],"product_cat":[1043,1029,1046],"product_tag":[],"class_list":{"0":"post-6075","1":"product","2":"type-product","3":"status-publish","4":"has-post-thumbnail","6":"product_cat-mieszalniki-do-past","7":"product_cat-mieszalniki-permix","8":"product_cat-mieszalniki-wielowalowe-permix-serii-pms","10":"first","11":"instock","12":"shipping-taxable","13":"product-type-simple"},"acf":[],"yoast_head":"<!-- This site is optimized with the Yoast SEO Premium plugin v26.7 (Yoast SEO v27.3) - https:\/\/yoast.com\/product\/yoast-seo-premium-wordpress\/ -->\n<title>Mieszalnik wielowa\u0142owy pr\u00f3\u017cniowy (homogenizator) PMS - Fiprocess<\/title>\n<meta name=\"description\" content=\"Mieszalnik wielowa\u0142owy PerMix serii PMS obejmuje ca\u0142y proces produkcyjny - od podawania komponent\u00f3w, do dobrego odgazowania i gotowy do pakowania produkt.\" \/>\n<meta name=\"robots\" content=\"index, follow, max-snippet:-1, max-image-preview:large, max-video-preview:-1\" \/>\n<link rel=\"canonical\" href=\"https:\/\/fiprocess.pl\/en\/produkt\/pms-mieszalnik-wielowalowy-prozniowy-homogenizator\/\" \/>\n<meta property=\"og:locale\" content=\"en_GB\" \/>\n<meta property=\"og:type\" content=\"article\" \/>\n<meta property=\"og:title\" content=\"Mieszalnik wielowa\u0142owy pr\u00f3\u017cniowy (homogenizator) PMS\" \/>\n<meta property=\"og:description\" content=\"Mieszalnik wielowa\u0142owy PerMix serii PMS obejmuje ca\u0142y proces produkcyjny - od podawania komponent\u00f3w, do dobrego odgazowania i gotowy do pakowania produkt.\" \/>\n<meta property=\"og:url\" content=\"https:\/\/fiprocess.pl\/en\/produkt\/pms-mieszalnik-wielowalowy-prozniowy-homogenizator\/\" \/>\n<meta property=\"og:site_name\" content=\"Fiprocess\" \/>\n<meta property=\"article:modified_time\" content=\"2024-05-23T10:16:44+00:00\" \/>\n<meta property=\"og:image\" content=\"https:\/\/fiprocess.pl\/wp-content\/uploads\/2023\/08\/PerMix-PMS-Mieszalnik-wielowalowy-1.jpg\" \/>\n\t<meta property=\"og:image:width\" content=\"709\" \/>\n\t<meta property=\"og:image:height\" content=\"709\" \/>\n\t<meta property=\"og:image:type\" content=\"image\/jpeg\" \/>\n<meta name=\"twitter:card\" content=\"summary_large_image\" \/>\n<meta name=\"twitter:label1\" content=\"Estimated reading time\" \/>\n\t<meta name=\"twitter:data1\" content=\"1 minute\" \/>\n<script type=\"application\/ld+json\" class=\"yoast-schema-graph\">{\"@context\":\"https:\\\/\\\/schema.org\",\"@graph\":[{\"@type\":\"WebPage\",\"@id\":\"https:\\\/\\\/fiprocess.pl\\\/katalog-maszyn\\\/pms-mieszalnik-wielowalowy-prozniowy-homogenizator\\\/\",\"url\":\"https:\\\/\\\/fiprocess.pl\\\/produkt\\\/pms-mieszalnik-wielowalowy-prozniowy-homogenizator\\\/\",\"name\":\"Mieszalnik wielowa\u0142owy pr\u00f3\u017cniowy (homogenizator) PMS - Fiprocess\",\"isPartOf\":{\"@id\":\"https:\\\/\\\/fiprocess.pl\\\/#website\"},\"primaryImageOfPage\":{\"@id\":\"https:\\\/\\\/fiprocess.pl\\\/produkt\\\/pms-mieszalnik-wielowalowy-prozniowy-homogenizator\\\/#primaryimage\"},\"image\":{\"@id\":\"https:\\\/\\\/fiprocess.pl\\\/produkt\\\/pms-mieszalnik-wielowalowy-prozniowy-homogenizator\\\/#primaryimage\"},\"thumbnailUrl\":\"https:\\\/\\\/fiprocess.pl\\\/wp-content\\\/uploads\\\/2023\\\/08\\\/PerMix-PMS-Mieszalnik-wielowalowy-1.jpg\",\"datePublished\":\"2023-08-25T11:00:47+00:00\",\"dateModified\":\"2024-05-23T10:16:44+00:00\",\"description\":\"Mieszalnik wielowa\u0142owy PerMix serii PMS obejmuje ca\u0142y proces produkcyjny - od podawania komponent\u00f3w, do dobrego odgazowania i gotowy do pakowania produkt.\",\"breadcrumb\":{\"@id\":\"https:\\\/\\\/fiprocess.pl\\\/produkt\\\/pms-mieszalnik-wielowalowy-prozniowy-homogenizator\\\/#breadcrumb\"},\"inLanguage\":\"en-GB\",\"potentialAction\":[{\"@type\":\"ReadAction\",\"target\":[\"https:\\\/\\\/fiprocess.pl\\\/produkt\\\/pms-mieszalnik-wielowalowy-prozniowy-homogenizator\\\/\"]}]},{\"@type\":\"ImageObject\",\"inLanguage\":\"en-GB\",\"@id\":\"https:\\\/\\\/fiprocess.pl\\\/produkt\\\/pms-mieszalnik-wielowalowy-prozniowy-homogenizator\\\/#primaryimage\",\"url\":\"https:\\\/\\\/fiprocess.pl\\\/wp-content\\\/uploads\\\/2023\\\/08\\\/PerMix-PMS-Mieszalnik-wielowalowy-1.jpg\",\"contentUrl\":\"https:\\\/\\\/fiprocess.pl\\\/wp-content\\\/uploads\\\/2023\\\/08\\\/PerMix-PMS-Mieszalnik-wielowalowy-1.jpg\",\"width\":709,\"height\":709,\"caption\":\"Mieszalnik wielowa\u0142owy pr\u00f3\u017cniowy (homogenizator)\"},{\"@type\":\"BreadcrumbList\",\"@id\":\"https:\\\/\\\/fiprocess.pl\\\/produkt\\\/pms-mieszalnik-wielowalowy-prozniowy-homogenizator\\\/#breadcrumb\",\"itemListElement\":[{\"@type\":\"ListItem\",\"position\":1,\"name\":\"Strona g\u0142\u00f3wna\",\"item\":\"https:\\\/\\\/fiprocess.pl\\\/\"},{\"@type\":\"ListItem\",\"position\":2,\"name\":\"Katalog maszyn\",\"item\":\"https:\\\/\\\/fiprocess.pl\\\/en\\\/katalog-maszyn\\\/\"},{\"@type\":\"ListItem\",\"position\":3,\"name\":\"Mieszalniki i suszarnie PERMIX\",\"item\":\"https:\\\/\\\/fiprocess.pl\\\/kategoria-produktu\\\/mieszalniki-permix\\\/\"},{\"@type\":\"ListItem\",\"position\":4,\"name\":\"Mieszalniki do past\",\"item\":\"https:\\\/\\\/fiprocess.pl\\\/kategoria-produktu\\\/mieszalniki-permix\\\/mieszalniki-do-past\\\/\"},{\"@type\":\"ListItem\",\"position\":5,\"name\":\"Mieszalniki wielowa\u0142owe PerMix serii PMS\",\"item\":\"https:\\\/\\\/fiprocess.pl\\\/kategoria-produktu\\\/mieszalniki-permix\\\/mieszalniki-do-past\\\/mieszalniki-wielowalowe-permix-serii-pms\\\/\"},{\"@type\":\"ListItem\",\"position\":6,\"name\":\"Mieszalnik wielowa\u0142owy pr\u00f3\u017cniowy (homogenizator) PMS\"}]},{\"@type\":\"WebSite\",\"@id\":\"https:\\\/\\\/fiprocess.pl\\\/#website\",\"url\":\"https:\\\/\\\/fiprocess.pl\\\/\",\"name\":\"Fiprocess\",\"description\":\"mieszalniki wir\u00f3wki m\u0142yny suszarnie\",\"publisher\":{\"@id\":\"https:\\\/\\\/fiprocess.pl\\\/#organization\"},\"potentialAction\":[{\"@type\":\"SearchAction\",\"target\":{\"@type\":\"EntryPoint\",\"urlTemplate\":\"https:\\\/\\\/fiprocess.pl\\\/?s={search_term_string}\"},\"query-input\":{\"@type\":\"PropertyValueSpecification\",\"valueRequired\":true,\"valueName\":\"search_term_string\"}}],\"inLanguage\":\"en-GB\"},{\"@type\":\"Organization\",\"@id\":\"https:\\\/\\\/fiprocess.pl\\\/#organization\",\"name\":\"Fiprocess Sp. z o.o.\",\"url\":\"https:\\\/\\\/fiprocess.pl\\\/\",\"logo\":{\"@type\":\"ImageObject\",\"inLanguage\":\"en-GB\",\"@id\":\"https:\\\/\\\/fiprocess.pl\\\/#\\\/schema\\\/logo\\\/image\\\/\",\"url\":\"https:\\\/\\\/fiprocess.pl\\\/wp-content\\\/uploads\\\/2023\\\/07\\\/logo.png\",\"contentUrl\":\"https:\\\/\\\/fiprocess.pl\\\/wp-content\\\/uploads\\\/2023\\\/07\\\/logo.png\",\"width\":1182,\"height\":260,\"caption\":\"Fiprocess Sp. z o.o.\"},\"image\":{\"@id\":\"https:\\\/\\\/fiprocess.pl\\\/#\\\/schema\\\/logo\\\/image\\\/\"}}]}<\/script>\n<!-- \/ Yoast SEO Premium plugin. -->","yoast_head_json":{"title":"Mieszalnik wielowa\u0142owy pr\u00f3\u017cniowy (homogenizator) PMS - Fiprocess","description":"Mieszalnik wielowa\u0142owy PerMix serii PMS obejmuje ca\u0142y proces produkcyjny - od podawania komponent\u00f3w, do dobrego odgazowania i gotowy do pakowania produkt.","robots":{"index":"index","follow":"follow","max-snippet":"max-snippet:-1","max-image-preview":"max-image-preview:large","max-video-preview":"max-video-preview:-1"},"canonical":"https:\/\/fiprocess.pl\/en\/produkt\/pms-mieszalnik-wielowalowy-prozniowy-homogenizator\/","og_locale":"en_GB","og_type":"article","og_title":"Mieszalnik wielowa\u0142owy pr\u00f3\u017cniowy (homogenizator) PMS","og_description":"Mieszalnik wielowa\u0142owy PerMix serii PMS obejmuje ca\u0142y proces produkcyjny - od podawania komponent\u00f3w, do dobrego odgazowania i gotowy do pakowania produkt.","og_url":"https:\/\/fiprocess.pl\/en\/produkt\/pms-mieszalnik-wielowalowy-prozniowy-homogenizator\/","og_site_name":"Fiprocess","article_modified_time":"2024-05-23T10:16:44+00:00","og_image":[{"width":709,"height":709,"url":"https:\/\/fiprocess.pl\/wp-content\/uploads\/2023\/08\/PerMix-PMS-Mieszalnik-wielowalowy-1.jpg","type":"image\/jpeg"}],"twitter_card":"summary_large_image","twitter_misc":{"Estimated reading time":"1 minute"},"schema":{"@context":"https:\/\/schema.org","@graph":[{"@type":"WebPage","@id":"https:\/\/fiprocess.pl\/katalog-maszyn\/pms-mieszalnik-wielowalowy-prozniowy-homogenizator\/","url":"https:\/\/fiprocess.pl\/produkt\/pms-mieszalnik-wielowalowy-prozniowy-homogenizator\/","name":"Mieszalnik wielowa\u0142owy pr\u00f3\u017cniowy (homogenizator) PMS - Fiprocess","isPartOf":{"@id":"https:\/\/fiprocess.pl\/#website"},"primaryImageOfPage":{"@id":"https:\/\/fiprocess.pl\/produkt\/pms-mieszalnik-wielowalowy-prozniowy-homogenizator\/#primaryimage"},"image":{"@id":"https:\/\/fiprocess.pl\/produkt\/pms-mieszalnik-wielowalowy-prozniowy-homogenizator\/#primaryimage"},"thumbnailUrl":"https:\/\/fiprocess.pl\/wp-content\/uploads\/2023\/08\/PerMix-PMS-Mieszalnik-wielowalowy-1.jpg","datePublished":"2023-08-25T11:00:47+00:00","dateModified":"2024-05-23T10:16:44+00:00","description":"Mieszalnik wielowa\u0142owy PerMix serii PMS obejmuje ca\u0142y proces produkcyjny - od podawania komponent\u00f3w, do dobrego odgazowania i gotowy do pakowania produkt.","breadcrumb":{"@id":"https:\/\/fiprocess.pl\/produkt\/pms-mieszalnik-wielowalowy-prozniowy-homogenizator\/#breadcrumb"},"inLanguage":"en-GB","potentialAction":[{"@type":"ReadAction","target":["https:\/\/fiprocess.pl\/produkt\/pms-mieszalnik-wielowalowy-prozniowy-homogenizator\/"]}]},{"@type":"ImageObject","inLanguage":"en-GB","@id":"https:\/\/fiprocess.pl\/produkt\/pms-mieszalnik-wielowalowy-prozniowy-homogenizator\/#primaryimage","url":"https:\/\/fiprocess.pl\/wp-content\/uploads\/2023\/08\/PerMix-PMS-Mieszalnik-wielowalowy-1.jpg","contentUrl":"https:\/\/fiprocess.pl\/wp-content\/uploads\/2023\/08\/PerMix-PMS-Mieszalnik-wielowalowy-1.jpg","width":709,"height":709,"caption":"Mieszalnik wielowa\u0142owy pr\u00f3\u017cniowy (homogenizator)"},{"@type":"BreadcrumbList","@id":"https:\/\/fiprocess.pl\/produkt\/pms-mieszalnik-wielowalowy-prozniowy-homogenizator\/#breadcrumb","itemListElement":[{"@type":"ListItem","position":1,"name":"Strona g\u0142\u00f3wna","item":"https:\/\/fiprocess.pl\/"},{"@type":"ListItem","position":2,"name":"Katalog maszyn","item":"https:\/\/fiprocess.pl\/en\/katalog-maszyn\/"},{"@type":"ListItem","position":3,"name":"Mieszalniki i suszarnie PERMIX","item":"https:\/\/fiprocess.pl\/kategoria-produktu\/mieszalniki-permix\/"},{"@type":"ListItem","position":4,"name":"Mieszalniki do past","item":"https:\/\/fiprocess.pl\/kategoria-produktu\/mieszalniki-permix\/mieszalniki-do-past\/"},{"@type":"ListItem","position":5,"name":"Mieszalniki wielowa\u0142owe PerMix serii PMS","item":"https:\/\/fiprocess.pl\/kategoria-produktu\/mieszalniki-permix\/mieszalniki-do-past\/mieszalniki-wielowalowe-permix-serii-pms\/"},{"@type":"ListItem","position":6,"name":"Mieszalnik wielowa\u0142owy pr\u00f3\u017cniowy (homogenizator) PMS"}]},{"@type":"WebSite","@id":"https:\/\/fiprocess.pl\/#website","url":"https:\/\/fiprocess.pl\/","name":"Fiprocess","description":"mieszalniki wir\u00f3wki m\u0142yny suszarnie","publisher":{"@id":"https:\/\/fiprocess.pl\/#organization"},"potentialAction":[{"@type":"SearchAction","target":{"@type":"EntryPoint","urlTemplate":"https:\/\/fiprocess.pl\/?s={search_term_string}"},"query-input":{"@type":"PropertyValueSpecification","valueRequired":true,"valueName":"search_term_string"}}],"inLanguage":"en-GB"},{"@type":"Organization","@id":"https:\/\/fiprocess.pl\/#organization","name":"Fiprocess Sp. z o.o.","url":"https:\/\/fiprocess.pl\/","logo":{"@type":"ImageObject","inLanguage":"en-GB","@id":"https:\/\/fiprocess.pl\/#\/schema\/logo\/image\/","url":"https:\/\/fiprocess.pl\/wp-content\/uploads\/2023\/07\/logo.png","contentUrl":"https:\/\/fiprocess.pl\/wp-content\/uploads\/2023\/07\/logo.png","width":1182,"height":260,"caption":"Fiprocess Sp. z o.o."},"image":{"@id":"https:\/\/fiprocess.pl\/#\/schema\/logo\/image\/"}}]}},"_links":{"self":[{"href":"https:\/\/fiprocess.pl\/en\/wp-json\/wp\/v2\/product\/6075","targetHints":{"allow":["GET"]}}],"collection":[{"href":"https:\/\/fiprocess.pl\/en\/wp-json\/wp\/v2\/product"}],"about":[{"href":"https:\/\/fiprocess.pl\/en\/wp-json\/wp\/v2\/types\/product"}],"wp:featuredmedia":[{"embeddable":true,"href":"https:\/\/fiprocess.pl\/en\/wp-json\/wp\/v2\/media\/6805"}],"wp:attachment":[{"href":"https:\/\/fiprocess.pl\/en\/wp-json\/wp\/v2\/media?parent=6075"}],"wp:term":[{"taxonomy":"product_cat","embeddable":true,"href":"https:\/\/fiprocess.pl\/en\/wp-json\/wp\/v2\/product_cat?post=6075"},{"taxonomy":"product_tag","embeddable":true,"href":"https:\/\/fiprocess.pl\/en\/wp-json\/wp\/v2\/product_tag?post=6075"}],"curies":[{"name":"wp","href":"https:\/\/api.w.org\/{rel}","templated":true}]}}