{"id":6065,"date":"2023-08-25T12:52:54","date_gmt":"2023-08-25T10:52:54","guid":{"rendered":"https:\/\/fiprocess.bizneszoom.pl\/?post_type=product&#038;p=6065"},"modified":"2024-05-23T12:16:56","modified_gmt":"2024-05-23T10:16:56","slug":"wysokoobrotowy-disolwer","status":"publish","type":"product","link":"https:\/\/fiprocess.pl\/en\/katalog-maszyn\/wysokoobrotowy-disolwer-en\/","title":{"rendered":"High-speed dissolver of the PD series"},"excerpt":{"rendered":"<p><strong>High-speed PerMix PD series dissolver<\/strong><\/p>\n<p><strong><span style=\"color: #cc99ff;\">The best innovation \u2022 The best performance \u2022 The best quality \u2022 The best price \u2022 The best warranty<\/span><\/strong><\/p>\n<p>&nbsp;<\/p>\n<p><span>The PerMix PD series high speed disperser (or dissolver) is ideally designed to meet the requirements of a wide spectrum of industrial applications for dispersing solid or liquid materials in liquid materials.<\/span><\/p>\n<p><span>Mixer - PD series high-speed disperser (or dissolver) operates at high rotational speed of the disc rotor. Liquid or solid materials are subjected to high shear force at the periphery of the discs when the rotor rotates at high speed, and are quickly and efficiently dispersed in the liquid, and a uniform dispersion is formed after a short time.<\/span><\/p>\n<p>The ease of operation and high efficiency of PerMix high shear dispersers reduce operating costs and time. They have been proven to provide the most economical solutions to a variety of dispersing problems.<\/p>\n<p>https:\/\/www.youtube.com\/watch?v=5CwQLburqlk<\/p>","protected":false},"featured_media":6811,"template":"","meta":[],"product_cat":[1043,1029,1045],"product_tag":[],"class_list":{"0":"post-6065","1":"product","2":"type-product","3":"status-publish","4":"has-post-thumbnail","6":"product_cat-mieszalniki-do-past","7":"product_cat-mieszalniki-permix","8":"product_cat-szybkoobrotowe-mieszalniki-dyspergujace-permix-serii-pd","10":"first","11":"instock","12":"shipping-taxable","13":"product-type-simple"},"acf":[],"yoast_head":"<!-- This site is optimized with the Yoast SEO Premium plugin v26.7 (Yoast SEO v27.3) - https:\/\/yoast.com\/product\/yoast-seo-premium-wordpress\/ -->\n<title>Wysokoobrotowy disolwer serii PD - Fiprocess<\/title>\n<meta name=\"description\" content=\"Wysokoobrotowy disolwer serii PD. Po\u0142\u0105czenie wolno pracuj\u0105cego elementu z szybkoobrotowym dyskiem - wytwarzanie partii o doskona\u0142ej jako\u015bci i jednorodno\u015bci\" \/>\n<meta name=\"robots\" content=\"index, follow, max-snippet:-1, max-image-preview:large, max-video-preview:-1\" \/>\n<link rel=\"canonical\" href=\"https:\/\/fiprocess.pl\/en\/produkt\/wysokoobrotowy-disolwer\/\" \/>\n<meta property=\"og:locale\" content=\"en_GB\" \/>\n<meta property=\"og:type\" content=\"article\" \/>\n<meta property=\"og:title\" content=\"Wysokoobrotowy disolwer serii PD\" \/>\n<meta property=\"og:description\" content=\"Wysokoobrotowy disolwer serii PD. Po\u0142\u0105czenie wolno pracuj\u0105cego elementu z szybkoobrotowym dyskiem - wytwarzanie partii o doskona\u0142ej jako\u015bci i jednorodno\u015bci\" \/>\n<meta property=\"og:url\" content=\"https:\/\/fiprocess.pl\/en\/produkt\/wysokoobrotowy-disolwer\/\" \/>\n<meta property=\"og:site_name\" content=\"Fiprocess\" \/>\n<meta property=\"article:modified_time\" content=\"2024-05-23T10:16:56+00:00\" \/>\n<meta property=\"og:image\" content=\"https:\/\/fiprocess.pl\/wp-content\/uploads\/2023\/08\/PerMix-PD-wysokoobrotowy-disolwer-5.jpg\" \/>\n\t<meta property=\"og:image:width\" content=\"1020\" \/>\n\t<meta property=\"og:image:height\" content=\"768\" \/>\n\t<meta property=\"og:image:type\" content=\"image\/jpeg\" \/>\n<meta name=\"twitter:card\" content=\"summary_large_image\" \/>\n<meta name=\"twitter:label1\" content=\"Estimated reading time\" \/>\n\t<meta name=\"twitter:data1\" content=\"1 minute\" \/>\n<script type=\"application\/ld+json\" class=\"yoast-schema-graph\">{\"@context\":\"https:\\\/\\\/schema.org\",\"@graph\":[{\"@type\":\"WebPage\",\"@id\":\"https:\\\/\\\/fiprocess.pl\\\/katalog-maszyn\\\/wysokoobrotowy-disolwer\\\/\",\"url\":\"https:\\\/\\\/fiprocess.pl\\\/produkt\\\/wysokoobrotowy-disolwer\\\/\",\"name\":\"Wysokoobrotowy disolwer serii PD - Fiprocess\",\"isPartOf\":{\"@id\":\"https:\\\/\\\/fiprocess.pl\\\/#website\"},\"primaryImageOfPage\":{\"@id\":\"https:\\\/\\\/fiprocess.pl\\\/produkt\\\/wysokoobrotowy-disolwer\\\/#primaryimage\"},\"image\":{\"@id\":\"https:\\\/\\\/fiprocess.pl\\\/produkt\\\/wysokoobrotowy-disolwer\\\/#primaryimage\"},\"thumbnailUrl\":\"https:\\\/\\\/fiprocess.pl\\\/wp-content\\\/uploads\\\/2023\\\/08\\\/PerMix-PD-wysokoobrotowy-disolwer-5.jpg\",\"datePublished\":\"2023-08-25T10:52:54+00:00\",\"dateModified\":\"2024-05-23T10:16:56+00:00\",\"description\":\"Wysokoobrotowy disolwer serii PD. Po\u0142\u0105czenie wolno pracuj\u0105cego elementu z szybkoobrotowym dyskiem - wytwarzanie partii o doskona\u0142ej jako\u015bci i jednorodno\u015bci\",\"breadcrumb\":{\"@id\":\"https:\\\/\\\/fiprocess.pl\\\/produkt\\\/wysokoobrotowy-disolwer\\\/#breadcrumb\"},\"inLanguage\":\"en-GB\",\"potentialAction\":[{\"@type\":\"ReadAction\",\"target\":[\"https:\\\/\\\/fiprocess.pl\\\/produkt\\\/wysokoobrotowy-disolwer\\\/\"]}]},{\"@type\":\"ImageObject\",\"inLanguage\":\"en-GB\",\"@id\":\"https:\\\/\\\/fiprocess.pl\\\/produkt\\\/wysokoobrotowy-disolwer\\\/#primaryimage\",\"url\":\"https:\\\/\\\/fiprocess.pl\\\/wp-content\\\/uploads\\\/2023\\\/08\\\/PerMix-PD-wysokoobrotowy-disolwer-5.jpg\",\"contentUrl\":\"https:\\\/\\\/fiprocess.pl\\\/wp-content\\\/uploads\\\/2023\\\/08\\\/PerMix-PD-wysokoobrotowy-disolwer-5.jpg\",\"width\":1020,\"height\":768,\"caption\":\"Wysokoobrotowy disolwer\"},{\"@type\":\"BreadcrumbList\",\"@id\":\"https:\\\/\\\/fiprocess.pl\\\/produkt\\\/wysokoobrotowy-disolwer\\\/#breadcrumb\",\"itemListElement\":[{\"@type\":\"ListItem\",\"position\":1,\"name\":\"Strona g\u0142\u00f3wna\",\"item\":\"https:\\\/\\\/fiprocess.pl\\\/\"},{\"@type\":\"ListItem\",\"position\":2,\"name\":\"Katalog maszyn\",\"item\":\"https:\\\/\\\/fiprocess.pl\\\/en\\\/katalog-maszyn\\\/\"},{\"@type\":\"ListItem\",\"position\":3,\"name\":\"Mieszalniki i suszarnie PERMIX\",\"item\":\"https:\\\/\\\/fiprocess.pl\\\/kategoria-produktu\\\/mieszalniki-permix\\\/\"},{\"@type\":\"ListItem\",\"position\":4,\"name\":\"Mieszalniki do past\",\"item\":\"https:\\\/\\\/fiprocess.pl\\\/kategoria-produktu\\\/mieszalniki-permix\\\/mieszalniki-do-past\\\/\"},{\"@type\":\"ListItem\",\"position\":5,\"name\":\"Szybkoobrotowe Mieszalniki Dysperguj\u0105ce PerMix serii PD\",\"item\":\"https:\\\/\\\/fiprocess.pl\\\/kategoria-produktu\\\/mieszalniki-permix\\\/mieszalniki-do-past\\\/szybkoobrotowe-mieszalniki-dyspergujace-permix-serii-pd\\\/\"},{\"@type\":\"ListItem\",\"position\":6,\"name\":\"Wysokoobrotowy disolwer serii PD\"}]},{\"@type\":\"WebSite\",\"@id\":\"https:\\\/\\\/fiprocess.pl\\\/#website\",\"url\":\"https:\\\/\\\/fiprocess.pl\\\/\",\"name\":\"Fiprocess\",\"description\":\"mieszalniki wir\u00f3wki m\u0142yny suszarnie\",\"publisher\":{\"@id\":\"https:\\\/\\\/fiprocess.pl\\\/#organization\"},\"potentialAction\":[{\"@type\":\"SearchAction\",\"target\":{\"@type\":\"EntryPoint\",\"urlTemplate\":\"https:\\\/\\\/fiprocess.pl\\\/?s={search_term_string}\"},\"query-input\":{\"@type\":\"PropertyValueSpecification\",\"valueRequired\":true,\"valueName\":\"search_term_string\"}}],\"inLanguage\":\"en-GB\"},{\"@type\":\"Organization\",\"@id\":\"https:\\\/\\\/fiprocess.pl\\\/#organization\",\"name\":\"Fiprocess Sp. z o.o.\",\"url\":\"https:\\\/\\\/fiprocess.pl\\\/\",\"logo\":{\"@type\":\"ImageObject\",\"inLanguage\":\"en-GB\",\"@id\":\"https:\\\/\\\/fiprocess.pl\\\/#\\\/schema\\\/logo\\\/image\\\/\",\"url\":\"https:\\\/\\\/fiprocess.pl\\\/wp-content\\\/uploads\\\/2023\\\/07\\\/logo.png\",\"contentUrl\":\"https:\\\/\\\/fiprocess.pl\\\/wp-content\\\/uploads\\\/2023\\\/07\\\/logo.png\",\"width\":1182,\"height\":260,\"caption\":\"Fiprocess Sp. z o.o.\"},\"image\":{\"@id\":\"https:\\\/\\\/fiprocess.pl\\\/#\\\/schema\\\/logo\\\/image\\\/\"}}]}<\/script>\n<!-- \/ Yoast SEO Premium plugin. -->","yoast_head_json":{"title":"Wysokoobrotowy disolwer serii PD - Fiprocess","description":"Wysokoobrotowy disolwer serii PD. Po\u0142\u0105czenie wolno pracuj\u0105cego elementu z szybkoobrotowym dyskiem - wytwarzanie partii o doskona\u0142ej jako\u015bci i jednorodno\u015bci","robots":{"index":"index","follow":"follow","max-snippet":"max-snippet:-1","max-image-preview":"max-image-preview:large","max-video-preview":"max-video-preview:-1"},"canonical":"https:\/\/fiprocess.pl\/en\/produkt\/wysokoobrotowy-disolwer\/","og_locale":"en_GB","og_type":"article","og_title":"Wysokoobrotowy disolwer serii PD","og_description":"Wysokoobrotowy disolwer serii PD. Po\u0142\u0105czenie wolno pracuj\u0105cego elementu z szybkoobrotowym dyskiem - wytwarzanie partii o doskona\u0142ej jako\u015bci i jednorodno\u015bci","og_url":"https:\/\/fiprocess.pl\/en\/produkt\/wysokoobrotowy-disolwer\/","og_site_name":"Fiprocess","article_modified_time":"2024-05-23T10:16:56+00:00","og_image":[{"width":1020,"height":768,"url":"https:\/\/fiprocess.pl\/wp-content\/uploads\/2023\/08\/PerMix-PD-wysokoobrotowy-disolwer-5.jpg","type":"image\/jpeg"}],"twitter_card":"summary_large_image","twitter_misc":{"Estimated reading time":"1 minute"},"schema":{"@context":"https:\/\/schema.org","@graph":[{"@type":"WebPage","@id":"https:\/\/fiprocess.pl\/katalog-maszyn\/wysokoobrotowy-disolwer\/","url":"https:\/\/fiprocess.pl\/produkt\/wysokoobrotowy-disolwer\/","name":"Wysokoobrotowy disolwer serii PD - Fiprocess","isPartOf":{"@id":"https:\/\/fiprocess.pl\/#website"},"primaryImageOfPage":{"@id":"https:\/\/fiprocess.pl\/produkt\/wysokoobrotowy-disolwer\/#primaryimage"},"image":{"@id":"https:\/\/fiprocess.pl\/produkt\/wysokoobrotowy-disolwer\/#primaryimage"},"thumbnailUrl":"https:\/\/fiprocess.pl\/wp-content\/uploads\/2023\/08\/PerMix-PD-wysokoobrotowy-disolwer-5.jpg","datePublished":"2023-08-25T10:52:54+00:00","dateModified":"2024-05-23T10:16:56+00:00","description":"Wysokoobrotowy disolwer serii PD. Po\u0142\u0105czenie wolno pracuj\u0105cego elementu z szybkoobrotowym dyskiem - wytwarzanie partii o doskona\u0142ej jako\u015bci i jednorodno\u015bci","breadcrumb":{"@id":"https:\/\/fiprocess.pl\/produkt\/wysokoobrotowy-disolwer\/#breadcrumb"},"inLanguage":"en-GB","potentialAction":[{"@type":"ReadAction","target":["https:\/\/fiprocess.pl\/produkt\/wysokoobrotowy-disolwer\/"]}]},{"@type":"ImageObject","inLanguage":"en-GB","@id":"https:\/\/fiprocess.pl\/produkt\/wysokoobrotowy-disolwer\/#primaryimage","url":"https:\/\/fiprocess.pl\/wp-content\/uploads\/2023\/08\/PerMix-PD-wysokoobrotowy-disolwer-5.jpg","contentUrl":"https:\/\/fiprocess.pl\/wp-content\/uploads\/2023\/08\/PerMix-PD-wysokoobrotowy-disolwer-5.jpg","width":1020,"height":768,"caption":"Wysokoobrotowy disolwer"},{"@type":"BreadcrumbList","@id":"https:\/\/fiprocess.pl\/produkt\/wysokoobrotowy-disolwer\/#breadcrumb","itemListElement":[{"@type":"ListItem","position":1,"name":"Strona g\u0142\u00f3wna","item":"https:\/\/fiprocess.pl\/"},{"@type":"ListItem","position":2,"name":"Katalog maszyn","item":"https:\/\/fiprocess.pl\/en\/katalog-maszyn\/"},{"@type":"ListItem","position":3,"name":"Mieszalniki i suszarnie PERMIX","item":"https:\/\/fiprocess.pl\/kategoria-produktu\/mieszalniki-permix\/"},{"@type":"ListItem","position":4,"name":"Mieszalniki do past","item":"https:\/\/fiprocess.pl\/kategoria-produktu\/mieszalniki-permix\/mieszalniki-do-past\/"},{"@type":"ListItem","position":5,"name":"Szybkoobrotowe Mieszalniki Dysperguj\u0105ce PerMix serii PD","item":"https:\/\/fiprocess.pl\/kategoria-produktu\/mieszalniki-permix\/mieszalniki-do-past\/szybkoobrotowe-mieszalniki-dyspergujace-permix-serii-pd\/"},{"@type":"ListItem","position":6,"name":"Wysokoobrotowy disolwer serii PD"}]},{"@type":"WebSite","@id":"https:\/\/fiprocess.pl\/#website","url":"https:\/\/fiprocess.pl\/","name":"Fiprocess","description":"mieszalniki wir\u00f3wki m\u0142yny suszarnie","publisher":{"@id":"https:\/\/fiprocess.pl\/#organization"},"potentialAction":[{"@type":"SearchAction","target":{"@type":"EntryPoint","urlTemplate":"https:\/\/fiprocess.pl\/?s={search_term_string}"},"query-input":{"@type":"PropertyValueSpecification","valueRequired":true,"valueName":"search_term_string"}}],"inLanguage":"en-GB"},{"@type":"Organization","@id":"https:\/\/fiprocess.pl\/#organization","name":"Fiprocess Sp. z o.o.","url":"https:\/\/fiprocess.pl\/","logo":{"@type":"ImageObject","inLanguage":"en-GB","@id":"https:\/\/fiprocess.pl\/#\/schema\/logo\/image\/","url":"https:\/\/fiprocess.pl\/wp-content\/uploads\/2023\/07\/logo.png","contentUrl":"https:\/\/fiprocess.pl\/wp-content\/uploads\/2023\/07\/logo.png","width":1182,"height":260,"caption":"Fiprocess Sp. z o.o."},"image":{"@id":"https:\/\/fiprocess.pl\/#\/schema\/logo\/image\/"}}]}},"_links":{"self":[{"href":"https:\/\/fiprocess.pl\/en\/wp-json\/wp\/v2\/product\/6065","targetHints":{"allow":["GET"]}}],"collection":[{"href":"https:\/\/fiprocess.pl\/en\/wp-json\/wp\/v2\/product"}],"about":[{"href":"https:\/\/fiprocess.pl\/en\/wp-json\/wp\/v2\/types\/product"}],"wp:featuredmedia":[{"embeddable":true,"href":"https:\/\/fiprocess.pl\/en\/wp-json\/wp\/v2\/media\/6811"}],"wp:attachment":[{"href":"https:\/\/fiprocess.pl\/en\/wp-json\/wp\/v2\/media?parent=6065"}],"wp:term":[{"taxonomy":"product_cat","embeddable":true,"href":"https:\/\/fiprocess.pl\/en\/wp-json\/wp\/v2\/product_cat?post=6065"},{"taxonomy":"product_tag","embeddable":true,"href":"https:\/\/fiprocess.pl\/en\/wp-json\/wp\/v2\/product_tag?post=6065"}],"curies":[{"name":"wp","href":"https:\/\/api.w.org\/{rel}","templated":true}]}}