{"id":6053,"date":"2023-08-25T12:42:47","date_gmt":"2023-08-25T10:42:47","guid":{"rendered":"https:\/\/fiprocess.bizneszoom.pl\/?post_type=product&#038;p=6053"},"modified":"2024-05-23T12:17:08","modified_gmt":"2024-05-23T10:17:08","slug":"mieszalnik-planetarny-dwuwalowy","status":"publish","type":"product","link":"https:\/\/fiprocess.pl\/en\/katalog-maszyn\/mieszalnik-planetarny-dwuwalowy-en\/","title":{"rendered":"Double-shaft planetary mixer"},"excerpt":{"rendered":"<p><strong>PDP series double-shaft planetary mixer<\/strong><\/p>\n<p>&nbsp;<\/p>\n<p>The PerMix PDP series twin shaft planetary mixer is also called a twin planetary mixer because it can be used to mix highly viscous materials with a hardness of up to 1,500,000 cP. Typically, the PerMix PDP series twin shaft planetary mixer has two vertically mounted mixing tools, driven by a single gear, which move around the central axis of the tank as well as around their own axis.<\/p>\n<p>The PerMix PDP series twin shaft planetary mixer is so versatile that it can be used to mix, knead, blend and bleed all types of materials, including high viscosity pastes, even granulating wet powders. Industrial pastes produced by the PerMix PDP series twin shaft planetary mixers include concentrated paints and varnishes, printing inks, fillers, silicone and thiocol pastes, plastisols, plastic coatings, synthetic lubricants and many other materials.<\/p>\n<p>&nbsp;<\/p>\n<p>https:\/\/www.youtube.com\/watch?v=W-vhMUWl0Og<\/p>","protected":false},"featured_media":6822,"template":"","meta":[],"product_cat":[1043,1029,1044],"product_tag":[],"class_list":{"0":"post-6053","1":"product","2":"type-product","3":"status-publish","4":"has-post-thumbnail","6":"product_cat-mieszalniki-do-past","7":"product_cat-mieszalniki-permix","8":"product_cat-mieszalniki-planetarne-dwuwalowe-permix-serii-pdp","10":"first","11":"instock","12":"shipping-taxable","13":"product-type-simple"},"acf":[],"yoast_head":"<!-- This site is optimized with the Yoast SEO Premium plugin v26.7 (Yoast SEO v27.3) - https:\/\/yoast.com\/product\/yoast-seo-premium-wordpress\/ -->\n<title>Mieszalnik planetarny dwuwa\u0142owy - Fiprocess<\/title>\n<meta name=\"description\" content=\"Mieszalnik planetarny dwuwa\u0142owy PerMix serii PDP. W kr\u00f3tkim czasie materia\u0142 jest dok\u0142adnie wymieszany i mo\u017cna uzyska\u0107 nawet bardzo trudne receptury.\" \/>\n<meta name=\"robots\" content=\"index, follow, max-snippet:-1, max-image-preview:large, max-video-preview:-1\" \/>\n<link rel=\"canonical\" href=\"https:\/\/fiprocess.pl\/en\/produkt\/mieszalnik-planetarny-dwuwalowy\/\" \/>\n<meta property=\"og:locale\" content=\"en_GB\" \/>\n<meta property=\"og:type\" content=\"article\" \/>\n<meta property=\"og:title\" content=\"Mieszalnik planetarny dwuwa\u0142owy\" \/>\n<meta property=\"og:description\" content=\"Mieszalnik planetarny dwuwa\u0142owy PerMix serii PDP. W kr\u00f3tkim czasie materia\u0142 jest dok\u0142adnie wymieszany i mo\u017cna uzyska\u0107 nawet bardzo trudne receptury.\" \/>\n<meta property=\"og:url\" content=\"https:\/\/fiprocess.pl\/en\/produkt\/mieszalnik-planetarny-dwuwalowy\/\" \/>\n<meta property=\"og:site_name\" content=\"Fiprocess\" \/>\n<meta property=\"article:modified_time\" content=\"2024-05-23T10:17:08+00:00\" \/>\n<meta property=\"og:image\" content=\"https:\/\/fiprocess.pl\/wp-content\/uploads\/2023\/08\/PerMix-PDP-Mieszalnik-dwuwalowy-5-1-scaled.jpg\" \/>\n\t<meta property=\"og:image:width\" content=\"2560\" \/>\n\t<meta property=\"og:image:height\" content=\"1709\" \/>\n\t<meta property=\"og:image:type\" content=\"image\/jpeg\" \/>\n<meta name=\"twitter:card\" content=\"summary_large_image\" \/>\n<meta name=\"twitter:label1\" content=\"Estimated reading time\" \/>\n\t<meta name=\"twitter:data1\" content=\"1 minute\" \/>\n<script type=\"application\/ld+json\" class=\"yoast-schema-graph\">{\"@context\":\"https:\\\/\\\/schema.org\",\"@graph\":[{\"@type\":\"WebPage\",\"@id\":\"https:\\\/\\\/fiprocess.pl\\\/katalog-maszyn\\\/mieszalnik-planetarny-dwuwalowy\\\/\",\"url\":\"https:\\\/\\\/fiprocess.pl\\\/produkt\\\/mieszalnik-planetarny-dwuwalowy\\\/\",\"name\":\"Mieszalnik planetarny dwuwa\u0142owy - Fiprocess\",\"isPartOf\":{\"@id\":\"https:\\\/\\\/fiprocess.pl\\\/#website\"},\"primaryImageOfPage\":{\"@id\":\"https:\\\/\\\/fiprocess.pl\\\/produkt\\\/mieszalnik-planetarny-dwuwalowy\\\/#primaryimage\"},\"image\":{\"@id\":\"https:\\\/\\\/fiprocess.pl\\\/produkt\\\/mieszalnik-planetarny-dwuwalowy\\\/#primaryimage\"},\"thumbnailUrl\":\"https:\\\/\\\/fiprocess.pl\\\/wp-content\\\/uploads\\\/2023\\\/08\\\/PerMix-PDP-Mieszalnik-dwuwalowy-5-1-scaled.jpg\",\"datePublished\":\"2023-08-25T10:42:47+00:00\",\"dateModified\":\"2024-05-23T10:17:08+00:00\",\"description\":\"Mieszalnik planetarny dwuwa\u0142owy PerMix serii PDP. W kr\u00f3tkim czasie materia\u0142 jest dok\u0142adnie wymieszany i mo\u017cna uzyska\u0107 nawet bardzo trudne receptury.\",\"breadcrumb\":{\"@id\":\"https:\\\/\\\/fiprocess.pl\\\/produkt\\\/mieszalnik-planetarny-dwuwalowy\\\/#breadcrumb\"},\"inLanguage\":\"en-GB\",\"potentialAction\":[{\"@type\":\"ReadAction\",\"target\":[\"https:\\\/\\\/fiprocess.pl\\\/produkt\\\/mieszalnik-planetarny-dwuwalowy\\\/\"]}]},{\"@type\":\"ImageObject\",\"inLanguage\":\"en-GB\",\"@id\":\"https:\\\/\\\/fiprocess.pl\\\/produkt\\\/mieszalnik-planetarny-dwuwalowy\\\/#primaryimage\",\"url\":\"https:\\\/\\\/fiprocess.pl\\\/wp-content\\\/uploads\\\/2023\\\/08\\\/PerMix-PDP-Mieszalnik-dwuwalowy-5-1-scaled.jpg\",\"contentUrl\":\"https:\\\/\\\/fiprocess.pl\\\/wp-content\\\/uploads\\\/2023\\\/08\\\/PerMix-PDP-Mieszalnik-dwuwalowy-5-1-scaled.jpg\",\"width\":2560,\"height\":1709,\"caption\":\"Mieszalnik planetarny dwuwa\u0142owy\"},{\"@type\":\"BreadcrumbList\",\"@id\":\"https:\\\/\\\/fiprocess.pl\\\/produkt\\\/mieszalnik-planetarny-dwuwalowy\\\/#breadcrumb\",\"itemListElement\":[{\"@type\":\"ListItem\",\"position\":1,\"name\":\"Strona g\u0142\u00f3wna\",\"item\":\"https:\\\/\\\/fiprocess.pl\\\/\"},{\"@type\":\"ListItem\",\"position\":2,\"name\":\"Katalog maszyn\",\"item\":\"https:\\\/\\\/fiprocess.pl\\\/en\\\/katalog-maszyn\\\/\"},{\"@type\":\"ListItem\",\"position\":3,\"name\":\"Mieszalniki i suszarnie PERMIX\",\"item\":\"https:\\\/\\\/fiprocess.pl\\\/kategoria-produktu\\\/mieszalniki-permix\\\/\"},{\"@type\":\"ListItem\",\"position\":4,\"name\":\"Mieszalniki do past\",\"item\":\"https:\\\/\\\/fiprocess.pl\\\/kategoria-produktu\\\/mieszalniki-permix\\\/mieszalniki-do-past\\\/\"},{\"@type\":\"ListItem\",\"position\":5,\"name\":\"Mieszalniki Planetarne Dwuwa\u0142owe PerMix serii PDP\",\"item\":\"https:\\\/\\\/fiprocess.pl\\\/kategoria-produktu\\\/mieszalniki-permix\\\/mieszalniki-do-past\\\/mieszalniki-planetarne-dwuwalowe-permix-serii-pdp\\\/\"},{\"@type\":\"ListItem\",\"position\":6,\"name\":\"Mieszalnik planetarny dwuwa\u0142owy\"}]},{\"@type\":\"WebSite\",\"@id\":\"https:\\\/\\\/fiprocess.pl\\\/#website\",\"url\":\"https:\\\/\\\/fiprocess.pl\\\/\",\"name\":\"Fiprocess\",\"description\":\"mieszalniki wir\u00f3wki m\u0142yny suszarnie\",\"publisher\":{\"@id\":\"https:\\\/\\\/fiprocess.pl\\\/#organization\"},\"potentialAction\":[{\"@type\":\"SearchAction\",\"target\":{\"@type\":\"EntryPoint\",\"urlTemplate\":\"https:\\\/\\\/fiprocess.pl\\\/?s={search_term_string}\"},\"query-input\":{\"@type\":\"PropertyValueSpecification\",\"valueRequired\":true,\"valueName\":\"search_term_string\"}}],\"inLanguage\":\"en-GB\"},{\"@type\":\"Organization\",\"@id\":\"https:\\\/\\\/fiprocess.pl\\\/#organization\",\"name\":\"Fiprocess Sp. z o.o.\",\"url\":\"https:\\\/\\\/fiprocess.pl\\\/\",\"logo\":{\"@type\":\"ImageObject\",\"inLanguage\":\"en-GB\",\"@id\":\"https:\\\/\\\/fiprocess.pl\\\/#\\\/schema\\\/logo\\\/image\\\/\",\"url\":\"https:\\\/\\\/fiprocess.pl\\\/wp-content\\\/uploads\\\/2023\\\/07\\\/logo.png\",\"contentUrl\":\"https:\\\/\\\/fiprocess.pl\\\/wp-content\\\/uploads\\\/2023\\\/07\\\/logo.png\",\"width\":1182,\"height\":260,\"caption\":\"Fiprocess Sp. z o.o.\"},\"image\":{\"@id\":\"https:\\\/\\\/fiprocess.pl\\\/#\\\/schema\\\/logo\\\/image\\\/\"}}]}<\/script>\n<!-- \/ Yoast SEO Premium plugin. -->","yoast_head_json":{"title":"Mieszalnik planetarny dwuwa\u0142owy - Fiprocess","description":"Mieszalnik planetarny dwuwa\u0142owy PerMix serii PDP. W kr\u00f3tkim czasie materia\u0142 jest dok\u0142adnie wymieszany i mo\u017cna uzyska\u0107 nawet bardzo trudne receptury.","robots":{"index":"index","follow":"follow","max-snippet":"max-snippet:-1","max-image-preview":"max-image-preview:large","max-video-preview":"max-video-preview:-1"},"canonical":"https:\/\/fiprocess.pl\/en\/produkt\/mieszalnik-planetarny-dwuwalowy\/","og_locale":"en_GB","og_type":"article","og_title":"Mieszalnik planetarny dwuwa\u0142owy","og_description":"Mieszalnik planetarny dwuwa\u0142owy PerMix serii PDP. W kr\u00f3tkim czasie materia\u0142 jest dok\u0142adnie wymieszany i mo\u017cna uzyska\u0107 nawet bardzo trudne receptury.","og_url":"https:\/\/fiprocess.pl\/en\/produkt\/mieszalnik-planetarny-dwuwalowy\/","og_site_name":"Fiprocess","article_modified_time":"2024-05-23T10:17:08+00:00","og_image":[{"width":2560,"height":1709,"url":"https:\/\/fiprocess.pl\/wp-content\/uploads\/2023\/08\/PerMix-PDP-Mieszalnik-dwuwalowy-5-1-scaled.jpg","type":"image\/jpeg"}],"twitter_card":"summary_large_image","twitter_misc":{"Estimated reading time":"1 minute"},"schema":{"@context":"https:\/\/schema.org","@graph":[{"@type":"WebPage","@id":"https:\/\/fiprocess.pl\/katalog-maszyn\/mieszalnik-planetarny-dwuwalowy\/","url":"https:\/\/fiprocess.pl\/produkt\/mieszalnik-planetarny-dwuwalowy\/","name":"Mieszalnik planetarny dwuwa\u0142owy - Fiprocess","isPartOf":{"@id":"https:\/\/fiprocess.pl\/#website"},"primaryImageOfPage":{"@id":"https:\/\/fiprocess.pl\/produkt\/mieszalnik-planetarny-dwuwalowy\/#primaryimage"},"image":{"@id":"https:\/\/fiprocess.pl\/produkt\/mieszalnik-planetarny-dwuwalowy\/#primaryimage"},"thumbnailUrl":"https:\/\/fiprocess.pl\/wp-content\/uploads\/2023\/08\/PerMix-PDP-Mieszalnik-dwuwalowy-5-1-scaled.jpg","datePublished":"2023-08-25T10:42:47+00:00","dateModified":"2024-05-23T10:17:08+00:00","description":"Mieszalnik planetarny dwuwa\u0142owy PerMix serii PDP. W kr\u00f3tkim czasie materia\u0142 jest dok\u0142adnie wymieszany i mo\u017cna uzyska\u0107 nawet bardzo trudne receptury.","breadcrumb":{"@id":"https:\/\/fiprocess.pl\/produkt\/mieszalnik-planetarny-dwuwalowy\/#breadcrumb"},"inLanguage":"en-GB","potentialAction":[{"@type":"ReadAction","target":["https:\/\/fiprocess.pl\/produkt\/mieszalnik-planetarny-dwuwalowy\/"]}]},{"@type":"ImageObject","inLanguage":"en-GB","@id":"https:\/\/fiprocess.pl\/produkt\/mieszalnik-planetarny-dwuwalowy\/#primaryimage","url":"https:\/\/fiprocess.pl\/wp-content\/uploads\/2023\/08\/PerMix-PDP-Mieszalnik-dwuwalowy-5-1-scaled.jpg","contentUrl":"https:\/\/fiprocess.pl\/wp-content\/uploads\/2023\/08\/PerMix-PDP-Mieszalnik-dwuwalowy-5-1-scaled.jpg","width":2560,"height":1709,"caption":"Mieszalnik planetarny dwuwa\u0142owy"},{"@type":"BreadcrumbList","@id":"https:\/\/fiprocess.pl\/produkt\/mieszalnik-planetarny-dwuwalowy\/#breadcrumb","itemListElement":[{"@type":"ListItem","position":1,"name":"Strona g\u0142\u00f3wna","item":"https:\/\/fiprocess.pl\/"},{"@type":"ListItem","position":2,"name":"Katalog maszyn","item":"https:\/\/fiprocess.pl\/en\/katalog-maszyn\/"},{"@type":"ListItem","position":3,"name":"Mieszalniki i suszarnie PERMIX","item":"https:\/\/fiprocess.pl\/kategoria-produktu\/mieszalniki-permix\/"},{"@type":"ListItem","position":4,"name":"Mieszalniki do past","item":"https:\/\/fiprocess.pl\/kategoria-produktu\/mieszalniki-permix\/mieszalniki-do-past\/"},{"@type":"ListItem","position":5,"name":"Mieszalniki Planetarne Dwuwa\u0142owe PerMix serii PDP","item":"https:\/\/fiprocess.pl\/kategoria-produktu\/mieszalniki-permix\/mieszalniki-do-past\/mieszalniki-planetarne-dwuwalowe-permix-serii-pdp\/"},{"@type":"ListItem","position":6,"name":"Mieszalnik planetarny dwuwa\u0142owy"}]},{"@type":"WebSite","@id":"https:\/\/fiprocess.pl\/#website","url":"https:\/\/fiprocess.pl\/","name":"Fiprocess","description":"mieszalniki wir\u00f3wki m\u0142yny suszarnie","publisher":{"@id":"https:\/\/fiprocess.pl\/#organization"},"potentialAction":[{"@type":"SearchAction","target":{"@type":"EntryPoint","urlTemplate":"https:\/\/fiprocess.pl\/?s={search_term_string}"},"query-input":{"@type":"PropertyValueSpecification","valueRequired":true,"valueName":"search_term_string"}}],"inLanguage":"en-GB"},{"@type":"Organization","@id":"https:\/\/fiprocess.pl\/#organization","name":"Fiprocess Sp. z o.o.","url":"https:\/\/fiprocess.pl\/","logo":{"@type":"ImageObject","inLanguage":"en-GB","@id":"https:\/\/fiprocess.pl\/#\/schema\/logo\/image\/","url":"https:\/\/fiprocess.pl\/wp-content\/uploads\/2023\/07\/logo.png","contentUrl":"https:\/\/fiprocess.pl\/wp-content\/uploads\/2023\/07\/logo.png","width":1182,"height":260,"caption":"Fiprocess Sp. z o.o."},"image":{"@id":"https:\/\/fiprocess.pl\/#\/schema\/logo\/image\/"}}]}},"_links":{"self":[{"href":"https:\/\/fiprocess.pl\/en\/wp-json\/wp\/v2\/product\/6053","targetHints":{"allow":["GET"]}}],"collection":[{"href":"https:\/\/fiprocess.pl\/en\/wp-json\/wp\/v2\/product"}],"about":[{"href":"https:\/\/fiprocess.pl\/en\/wp-json\/wp\/v2\/types\/product"}],"wp:featuredmedia":[{"embeddable":true,"href":"https:\/\/fiprocess.pl\/en\/wp-json\/wp\/v2\/media\/6822"}],"wp:attachment":[{"href":"https:\/\/fiprocess.pl\/en\/wp-json\/wp\/v2\/media?parent=6053"}],"wp:term":[{"taxonomy":"product_cat","embeddable":true,"href":"https:\/\/fiprocess.pl\/en\/wp-json\/wp\/v2\/product_cat?post=6053"},{"taxonomy":"product_tag","embeddable":true,"href":"https:\/\/fiprocess.pl\/en\/wp-json\/wp\/v2\/product_tag?post=6053"}],"curies":[{"name":"wp","href":"https:\/\/api.w.org\/{rel}","templated":true}]}}