{"id":6046,"date":"2023-08-25T12:29:56","date_gmt":"2023-08-25T10:29:56","guid":{"rendered":"https:\/\/fiprocess.bizneszoom.pl\/?post_type=product&#038;p=6046"},"modified":"2025-04-01T07:49:45","modified_gmt":"2025-04-01T05:49:45","slug":"mieszalnik-pionowy-lopatkowy","status":"publish","type":"product","link":"https:\/\/fiprocess.pl\/en\/katalog-maszyn\/mieszalnik-pionowy-lopatkowy-en\/","title":{"rendered":"VERTICAL BLADE MIXER WITH MULTI-DIMENSIONAL MOVEMENT OF PAM MATERIALS"},"excerpt":{"rendered":"<p><strong>PerMix PAM series vertical paddle mixer<\/strong> is a super innovation that combines all the advantages of precise mixing, homogeneity, highly hygienic design, complete discharge with minimal residue, wide range of loading volumes, robust construction with long service life and many more.<\/p>\n<p>PerMix PAM series multi-dimensional vertical paddle mixer is an efficient and versatile batch mixer for bulk powders, granules and pellets. It has been widely used in the production of food, enzymes, cosmetics, fine chemicals, pharmaceuticals, etc.<\/p>\n<p>&nbsp;<\/p>\n<p>https:\/\/www.youtube.com\/watch?v=tY6btUH9wag<\/p>","protected":false},"featured_media":6842,"template":"","meta":[],"product_cat":[1033,1029,1042],"product_tag":[],"class_list":{"0":"post-6046","1":"product","2":"type-product","3":"status-publish","4":"has-post-thumbnail","6":"product_cat-mieszalniki-do-proszkow","7":"product_cat-mieszalniki-permix","8":"product_cat-mieszalniki-lopatkowe-pionowe-permix-serii-pam","10":"first","11":"instock","12":"shipping-taxable","13":"product-type-simple"},"acf":[],"yoast_head":"<!-- This site is optimized with the Yoast SEO Premium plugin v26.7 (Yoast SEO v27.3) - https:\/\/yoast.com\/product\/yoast-seo-premium-wordpress\/ -->\n<title>Mieszalnik pionowy \u0142opatkowy PerMix PAM - Fiprocess<\/title>\n<meta name=\"description\" content=\"MIESZALNIK PIONOWY \u0141OPATKOWY. Podczas tej ci\u0105g\u0142ej pracy nast\u0119puje szybka wymiana cz\u0105stek materia\u0142u i ciep\u0142a, co prowadzi do uzyskania jednorodnego produktu.\" \/>\n<meta name=\"robots\" content=\"index, follow, max-snippet:-1, max-image-preview:large, max-video-preview:-1\" \/>\n<link rel=\"canonical\" href=\"https:\/\/fiprocess.pl\/en\/produkt\/mieszalnik-pionowy-lopatkowy\/\" \/>\n<meta property=\"og:locale\" content=\"en_GB\" \/>\n<meta property=\"og:type\" content=\"article\" \/>\n<meta property=\"og:title\" content=\"MIESZALNIK PIONOWY \u0141OPATKOWY Z WIELOWYMIAROWYM RUCHEM MATERIA\u0141\u00d3W PAM\" \/>\n<meta property=\"og:description\" content=\"MIESZALNIK PIONOWY \u0141OPATKOWY. Podczas tej ci\u0105g\u0142ej pracy nast\u0119puje szybka wymiana cz\u0105stek materia\u0142u i ciep\u0142a, co prowadzi do uzyskania jednorodnego produktu.\" \/>\n<meta property=\"og:url\" content=\"https:\/\/fiprocess.pl\/en\/produkt\/mieszalnik-pionowy-lopatkowy\/\" \/>\n<meta property=\"og:site_name\" content=\"Fiprocess\" \/>\n<meta property=\"article:modified_time\" content=\"2025-04-01T05:49:45+00:00\" \/>\n<meta property=\"og:image\" content=\"https:\/\/fiprocess.pl\/wp-content\/uploads\/2023\/08\/PerMix-PAM-Pionowy-mieszalnik-lopatkowy-i-1-1024x768.png\" \/>\n\t<meta property=\"og:image:width\" content=\"1024\" \/>\n\t<meta property=\"og:image:height\" content=\"768\" \/>\n\t<meta property=\"og:image:type\" content=\"image\/png\" \/>\n<meta name=\"twitter:card\" content=\"summary_large_image\" \/>\n<meta name=\"twitter:label1\" content=\"Estimated reading time\" \/>\n\t<meta name=\"twitter:data1\" content=\"1 minute\" \/>\n<script type=\"application\/ld+json\" class=\"yoast-schema-graph\">{\"@context\":\"https:\\\/\\\/schema.org\",\"@graph\":[{\"@type\":\"WebPage\",\"@id\":\"https:\\\/\\\/fiprocess.pl\\\/katalog-maszyn\\\/mieszalnik-pionowy-lopatkowy\\\/\",\"url\":\"https:\\\/\\\/fiprocess.pl\\\/produkt\\\/mieszalnik-pionowy-lopatkowy\\\/\",\"name\":\"Mieszalnik pionowy \u0142opatkowy PerMix PAM - Fiprocess\",\"isPartOf\":{\"@id\":\"https:\\\/\\\/fiprocess.pl\\\/#website\"},\"primaryImageOfPage\":{\"@id\":\"https:\\\/\\\/fiprocess.pl\\\/produkt\\\/mieszalnik-pionowy-lopatkowy\\\/#primaryimage\"},\"image\":{\"@id\":\"https:\\\/\\\/fiprocess.pl\\\/produkt\\\/mieszalnik-pionowy-lopatkowy\\\/#primaryimage\"},\"thumbnailUrl\":\"https:\\\/\\\/fiprocess.pl\\\/wp-content\\\/uploads\\\/2023\\\/08\\\/PerMix-PAM-Pionowy-mieszalnik-lopatkowy-i-1.png\",\"datePublished\":\"2023-08-25T10:29:56+00:00\",\"dateModified\":\"2025-04-01T05:49:45+00:00\",\"description\":\"MIESZALNIK PIONOWY \u0141OPATKOWY. Podczas tej ci\u0105g\u0142ej pracy nast\u0119puje szybka wymiana cz\u0105stek materia\u0142u i ciep\u0142a, co prowadzi do uzyskania jednorodnego produktu.\",\"breadcrumb\":{\"@id\":\"https:\\\/\\\/fiprocess.pl\\\/produkt\\\/mieszalnik-pionowy-lopatkowy\\\/#breadcrumb\"},\"inLanguage\":\"en-GB\",\"potentialAction\":[{\"@type\":\"ReadAction\",\"target\":[\"https:\\\/\\\/fiprocess.pl\\\/produkt\\\/mieszalnik-pionowy-lopatkowy\\\/\"]}]},{\"@type\":\"ImageObject\",\"inLanguage\":\"en-GB\",\"@id\":\"https:\\\/\\\/fiprocess.pl\\\/produkt\\\/mieszalnik-pionowy-lopatkowy\\\/#primaryimage\",\"url\":\"https:\\\/\\\/fiprocess.pl\\\/wp-content\\\/uploads\\\/2023\\\/08\\\/PerMix-PAM-Pionowy-mieszalnik-lopatkowy-i-1.png\",\"contentUrl\":\"https:\\\/\\\/fiprocess.pl\\\/wp-content\\\/uploads\\\/2023\\\/08\\\/PerMix-PAM-Pionowy-mieszalnik-lopatkowy-i-1.png\",\"width\":4000,\"height\":3000,\"caption\":\"mieszalnik pionowy lopatkowy\"},{\"@type\":\"BreadcrumbList\",\"@id\":\"https:\\\/\\\/fiprocess.pl\\\/produkt\\\/mieszalnik-pionowy-lopatkowy\\\/#breadcrumb\",\"itemListElement\":[{\"@type\":\"ListItem\",\"position\":1,\"name\":\"Strona g\u0142\u00f3wna\",\"item\":\"https:\\\/\\\/fiprocess.pl\\\/\"},{\"@type\":\"ListItem\",\"position\":2,\"name\":\"Katalog maszyn\",\"item\":\"https:\\\/\\\/fiprocess.pl\\\/en\\\/katalog-maszyn\\\/\"},{\"@type\":\"ListItem\",\"position\":3,\"name\":\"Mieszalniki i suszarnie PERMIX\",\"item\":\"https:\\\/\\\/fiprocess.pl\\\/kategoria-produktu\\\/mieszalniki-permix\\\/\"},{\"@type\":\"ListItem\",\"position\":4,\"name\":\"Mieszalniki do proszk\u00f3w\",\"item\":\"https:\\\/\\\/fiprocess.pl\\\/kategoria-produktu\\\/mieszalniki-permix\\\/mieszalniki-do-proszkow\\\/\"},{\"@type\":\"ListItem\",\"position\":5,\"name\":\"Mieszalniki \u0141opatkowe Pionowe PerMix serii PAM\",\"item\":\"https:\\\/\\\/fiprocess.pl\\\/kategoria-produktu\\\/mieszalniki-permix\\\/mieszalniki-do-proszkow\\\/mieszalniki-lopatkowe-pionowe-permix-serii-pam\\\/\"},{\"@type\":\"ListItem\",\"position\":6,\"name\":\"MIESZALNIK PIONOWY \u0141OPATKOWY Z WIELOWYMIAROWYM RUCHEM MATERIA\u0141\u00d3W PAM\"}]},{\"@type\":\"WebSite\",\"@id\":\"https:\\\/\\\/fiprocess.pl\\\/#website\",\"url\":\"https:\\\/\\\/fiprocess.pl\\\/\",\"name\":\"Fiprocess\",\"description\":\"mieszalniki wir\u00f3wki m\u0142yny suszarnie\",\"publisher\":{\"@id\":\"https:\\\/\\\/fiprocess.pl\\\/#organization\"},\"potentialAction\":[{\"@type\":\"SearchAction\",\"target\":{\"@type\":\"EntryPoint\",\"urlTemplate\":\"https:\\\/\\\/fiprocess.pl\\\/?s={search_term_string}\"},\"query-input\":{\"@type\":\"PropertyValueSpecification\",\"valueRequired\":true,\"valueName\":\"search_term_string\"}}],\"inLanguage\":\"en-GB\"},{\"@type\":\"Organization\",\"@id\":\"https:\\\/\\\/fiprocess.pl\\\/#organization\",\"name\":\"Fiprocess Sp. z o.o.\",\"url\":\"https:\\\/\\\/fiprocess.pl\\\/\",\"logo\":{\"@type\":\"ImageObject\",\"inLanguage\":\"en-GB\",\"@id\":\"https:\\\/\\\/fiprocess.pl\\\/#\\\/schema\\\/logo\\\/image\\\/\",\"url\":\"https:\\\/\\\/fiprocess.pl\\\/wp-content\\\/uploads\\\/2023\\\/07\\\/logo.png\",\"contentUrl\":\"https:\\\/\\\/fiprocess.pl\\\/wp-content\\\/uploads\\\/2023\\\/07\\\/logo.png\",\"width\":1182,\"height\":260,\"caption\":\"Fiprocess Sp. z o.o.\"},\"image\":{\"@id\":\"https:\\\/\\\/fiprocess.pl\\\/#\\\/schema\\\/logo\\\/image\\\/\"}}]}<\/script>\n<!-- \/ Yoast SEO Premium plugin. -->","yoast_head_json":{"title":"Mieszalnik pionowy \u0142opatkowy PerMix PAM - Fiprocess","description":"MIESZALNIK PIONOWY \u0141OPATKOWY. Podczas tej ci\u0105g\u0142ej pracy nast\u0119puje szybka wymiana cz\u0105stek materia\u0142u i ciep\u0142a, co prowadzi do uzyskania jednorodnego produktu.","robots":{"index":"index","follow":"follow","max-snippet":"max-snippet:-1","max-image-preview":"max-image-preview:large","max-video-preview":"max-video-preview:-1"},"canonical":"https:\/\/fiprocess.pl\/en\/produkt\/mieszalnik-pionowy-lopatkowy\/","og_locale":"en_GB","og_type":"article","og_title":"MIESZALNIK PIONOWY \u0141OPATKOWY Z WIELOWYMIAROWYM RUCHEM MATERIA\u0141\u00d3W PAM","og_description":"MIESZALNIK PIONOWY \u0141OPATKOWY. Podczas tej ci\u0105g\u0142ej pracy nast\u0119puje szybka wymiana cz\u0105stek materia\u0142u i ciep\u0142a, co prowadzi do uzyskania jednorodnego produktu.","og_url":"https:\/\/fiprocess.pl\/en\/produkt\/mieszalnik-pionowy-lopatkowy\/","og_site_name":"Fiprocess","article_modified_time":"2025-04-01T05:49:45+00:00","og_image":[{"width":1024,"height":768,"url":"https:\/\/fiprocess.pl\/wp-content\/uploads\/2023\/08\/PerMix-PAM-Pionowy-mieszalnik-lopatkowy-i-1-1024x768.png","type":"image\/png"}],"twitter_card":"summary_large_image","twitter_misc":{"Estimated reading time":"1 minute"},"schema":{"@context":"https:\/\/schema.org","@graph":[{"@type":"WebPage","@id":"https:\/\/fiprocess.pl\/katalog-maszyn\/mieszalnik-pionowy-lopatkowy\/","url":"https:\/\/fiprocess.pl\/produkt\/mieszalnik-pionowy-lopatkowy\/","name":"Mieszalnik pionowy \u0142opatkowy PerMix PAM - Fiprocess","isPartOf":{"@id":"https:\/\/fiprocess.pl\/#website"},"primaryImageOfPage":{"@id":"https:\/\/fiprocess.pl\/produkt\/mieszalnik-pionowy-lopatkowy\/#primaryimage"},"image":{"@id":"https:\/\/fiprocess.pl\/produkt\/mieszalnik-pionowy-lopatkowy\/#primaryimage"},"thumbnailUrl":"https:\/\/fiprocess.pl\/wp-content\/uploads\/2023\/08\/PerMix-PAM-Pionowy-mieszalnik-lopatkowy-i-1.png","datePublished":"2023-08-25T10:29:56+00:00","dateModified":"2025-04-01T05:49:45+00:00","description":"MIESZALNIK PIONOWY \u0141OPATKOWY. Podczas tej ci\u0105g\u0142ej pracy nast\u0119puje szybka wymiana cz\u0105stek materia\u0142u i ciep\u0142a, co prowadzi do uzyskania jednorodnego produktu.","breadcrumb":{"@id":"https:\/\/fiprocess.pl\/produkt\/mieszalnik-pionowy-lopatkowy\/#breadcrumb"},"inLanguage":"en-GB","potentialAction":[{"@type":"ReadAction","target":["https:\/\/fiprocess.pl\/produkt\/mieszalnik-pionowy-lopatkowy\/"]}]},{"@type":"ImageObject","inLanguage":"en-GB","@id":"https:\/\/fiprocess.pl\/produkt\/mieszalnik-pionowy-lopatkowy\/#primaryimage","url":"https:\/\/fiprocess.pl\/wp-content\/uploads\/2023\/08\/PerMix-PAM-Pionowy-mieszalnik-lopatkowy-i-1.png","contentUrl":"https:\/\/fiprocess.pl\/wp-content\/uploads\/2023\/08\/PerMix-PAM-Pionowy-mieszalnik-lopatkowy-i-1.png","width":4000,"height":3000,"caption":"mieszalnik pionowy lopatkowy"},{"@type":"BreadcrumbList","@id":"https:\/\/fiprocess.pl\/produkt\/mieszalnik-pionowy-lopatkowy\/#breadcrumb","itemListElement":[{"@type":"ListItem","position":1,"name":"Strona g\u0142\u00f3wna","item":"https:\/\/fiprocess.pl\/"},{"@type":"ListItem","position":2,"name":"Katalog maszyn","item":"https:\/\/fiprocess.pl\/en\/katalog-maszyn\/"},{"@type":"ListItem","position":3,"name":"Mieszalniki i suszarnie PERMIX","item":"https:\/\/fiprocess.pl\/kategoria-produktu\/mieszalniki-permix\/"},{"@type":"ListItem","position":4,"name":"Mieszalniki do proszk\u00f3w","item":"https:\/\/fiprocess.pl\/kategoria-produktu\/mieszalniki-permix\/mieszalniki-do-proszkow\/"},{"@type":"ListItem","position":5,"name":"Mieszalniki \u0141opatkowe Pionowe PerMix serii PAM","item":"https:\/\/fiprocess.pl\/kategoria-produktu\/mieszalniki-permix\/mieszalniki-do-proszkow\/mieszalniki-lopatkowe-pionowe-permix-serii-pam\/"},{"@type":"ListItem","position":6,"name":"MIESZALNIK PIONOWY \u0141OPATKOWY Z WIELOWYMIAROWYM RUCHEM MATERIA\u0141\u00d3W PAM"}]},{"@type":"WebSite","@id":"https:\/\/fiprocess.pl\/#website","url":"https:\/\/fiprocess.pl\/","name":"Fiprocess","description":"mieszalniki wir\u00f3wki m\u0142yny suszarnie","publisher":{"@id":"https:\/\/fiprocess.pl\/#organization"},"potentialAction":[{"@type":"SearchAction","target":{"@type":"EntryPoint","urlTemplate":"https:\/\/fiprocess.pl\/?s={search_term_string}"},"query-input":{"@type":"PropertyValueSpecification","valueRequired":true,"valueName":"search_term_string"}}],"inLanguage":"en-GB"},{"@type":"Organization","@id":"https:\/\/fiprocess.pl\/#organization","name":"Fiprocess Sp. z o.o.","url":"https:\/\/fiprocess.pl\/","logo":{"@type":"ImageObject","inLanguage":"en-GB","@id":"https:\/\/fiprocess.pl\/#\/schema\/logo\/image\/","url":"https:\/\/fiprocess.pl\/wp-content\/uploads\/2023\/07\/logo.png","contentUrl":"https:\/\/fiprocess.pl\/wp-content\/uploads\/2023\/07\/logo.png","width":1182,"height":260,"caption":"Fiprocess Sp. z o.o."},"image":{"@id":"https:\/\/fiprocess.pl\/#\/schema\/logo\/image\/"}}]}},"_links":{"self":[{"href":"https:\/\/fiprocess.pl\/en\/wp-json\/wp\/v2\/product\/6046","targetHints":{"allow":["GET"]}}],"collection":[{"href":"https:\/\/fiprocess.pl\/en\/wp-json\/wp\/v2\/product"}],"about":[{"href":"https:\/\/fiprocess.pl\/en\/wp-json\/wp\/v2\/types\/product"}],"wp:featuredmedia":[{"embeddable":true,"href":"https:\/\/fiprocess.pl\/en\/wp-json\/wp\/v2\/media\/6842"}],"wp:attachment":[{"href":"https:\/\/fiprocess.pl\/en\/wp-json\/wp\/v2\/media?parent=6046"}],"wp:term":[{"taxonomy":"product_cat","embeddable":true,"href":"https:\/\/fiprocess.pl\/en\/wp-json\/wp\/v2\/product_cat?post=6046"},{"taxonomy":"product_tag","embeddable":true,"href":"https:\/\/fiprocess.pl\/en\/wp-json\/wp\/v2\/product_tag?post=6046"}],"curies":[{"name":"wp","href":"https:\/\/api.w.org\/{rel}","templated":true}]}}