{"id":6031,"date":"2023-08-25T12:12:20","date_gmt":"2023-08-25T10:12:20","guid":{"rendered":"https:\/\/fiprocess.bizneszoom.pl\/?post_type=product&#038;p=6031"},"modified":"2024-05-23T12:17:38","modified_gmt":"2024-05-23T10:17:38","slug":"mieszalnik-3d","status":"publish","type":"product","link":"https:\/\/fiprocess.pl\/en\/katalog-maszyn\/mieszalnik-3d-en\/","title":{"rendered":"3D mixer (mixer with multi-axis movement) PerMix PTU"},"excerpt":{"rendered":"<p><strong>PerMix PTU series 3D mixer<\/strong>, also called a multi-axis powder mixer, is used for mixing and homogenizing powder substances in which the powder components have different densities and different sizes. It is possible to mix wet powders with wet ones and wet powders with dry ones. The production process is hygienic and dust-free because the product is mixed in independent containers, which can be of different sizes.<\/p>\n<p>&nbsp;<\/p>\n<p>During the mixing process, the powder moves in a random direction from the center to the end of the trough and simultaneously from the top to the bottom. In such a multidimensional way, the PerMix PTU series 3D mixer requires only a short mixing time and relatively low energy consumption.<\/p>\n<p>The \u201cgentle\u201d mixer mixing is good for end products that are sensitive to the high shear forces of the mixer and have a tendency to crack or reduce particle size or are highly abrasive.<\/p>\n<p>&nbsp;<\/p>\n<p>https:\/\/www.youtube.com\/watch?v=z8gj7pz4zIA<\/p>\n<p>&nbsp;<\/p>\n<p>https:\/\/www.youtube.com\/watch?v=0v9EK-uDFX4<\/p>\n<p>&nbsp;<\/p>","protected":false},"featured_media":6862,"template":"","meta":[],"product_cat":[1040,1033,1029],"product_tag":[],"class_list":{"0":"post-6031","1":"product","2":"type-product","3":"status-publish","4":"has-post-thumbnail","6":"product_cat-mieszalniki-3d-permix-serii-ptu","7":"product_cat-mieszalniki-do-proszkow","8":"product_cat-mieszalniki-permix","10":"first","11":"instock","12":"shipping-taxable","13":"product-type-simple"},"acf":[],"yoast_head":"<!-- This site is optimized with the Yoast SEO Premium plugin v26.7 (Yoast SEO v27.3) - https:\/\/yoast.com\/product\/yoast-seo-premium-wordpress\/ -->\n<title>Mieszalnik 3D (mieszalnik o ruchu wieloosiowym) PerMix PTU - Fiprocess<\/title>\n<meta name=\"description\" content=\"Mieszalnik 3D (mieszalnik o ruchu wieloosiowym) do mieszania i homogenizacji proszk\u00f3w, w kt\u00f3rych sk\u0142adniki proszku maj\u0105 r\u00f3\u017cn\u0105 g\u0119sto\u015b\u0107 i r\u00f3\u017cne rozmiary.\" \/>\n<meta name=\"robots\" content=\"index, follow, max-snippet:-1, max-image-preview:large, max-video-preview:-1\" \/>\n<link rel=\"canonical\" href=\"https:\/\/fiprocess.pl\/en\/produkt\/mieszalnik-3d\/\" \/>\n<meta property=\"og:locale\" content=\"en_GB\" \/>\n<meta property=\"og:type\" content=\"article\" \/>\n<meta property=\"og:title\" content=\"Mieszalnik 3D (mieszalnik o ruchu wieloosiowym) PerMix PTU\" \/>\n<meta property=\"og:description\" content=\"Mieszalnik 3D (mieszalnik o ruchu wieloosiowym) do mieszania i homogenizacji proszk\u00f3w, w kt\u00f3rych sk\u0142adniki proszku maj\u0105 r\u00f3\u017cn\u0105 g\u0119sto\u015b\u0107 i r\u00f3\u017cne rozmiary.\" \/>\n<meta property=\"og:url\" content=\"https:\/\/fiprocess.pl\/en\/produkt\/mieszalnik-3d\/\" \/>\n<meta property=\"og:site_name\" content=\"Fiprocess\" \/>\n<meta property=\"article:modified_time\" content=\"2024-05-23T10:17:38+00:00\" \/>\n<meta property=\"og:image\" content=\"https:\/\/fiprocess.pl\/wp-content\/uploads\/2023\/08\/PerMix-PTU-Mieszalnik-3D-6-scaled.jpg\" \/>\n\t<meta property=\"og:image:width\" content=\"2560\" \/>\n\t<meta property=\"og:image:height\" content=\"1703\" \/>\n\t<meta property=\"og:image:type\" content=\"image\/jpeg\" \/>\n<meta name=\"twitter:card\" content=\"summary_large_image\" \/>\n<meta name=\"twitter:label1\" content=\"Estimated reading time\" \/>\n\t<meta name=\"twitter:data1\" content=\"1 minute\" \/>\n<script type=\"application\/ld+json\" class=\"yoast-schema-graph\">{\"@context\":\"https:\\\/\\\/schema.org\",\"@graph\":[{\"@type\":\"WebPage\",\"@id\":\"https:\\\/\\\/fiprocess.pl\\\/katalog-maszyn\\\/mieszalnik-3d\\\/\",\"url\":\"https:\\\/\\\/fiprocess.pl\\\/produkt\\\/mieszalnik-3d\\\/\",\"name\":\"Mieszalnik 3D (mieszalnik o ruchu wieloosiowym) PerMix PTU - Fiprocess\",\"isPartOf\":{\"@id\":\"https:\\\/\\\/fiprocess.pl\\\/#website\"},\"primaryImageOfPage\":{\"@id\":\"https:\\\/\\\/fiprocess.pl\\\/produkt\\\/mieszalnik-3d\\\/#primaryimage\"},\"image\":{\"@id\":\"https:\\\/\\\/fiprocess.pl\\\/produkt\\\/mieszalnik-3d\\\/#primaryimage\"},\"thumbnailUrl\":\"https:\\\/\\\/fiprocess.pl\\\/wp-content\\\/uploads\\\/2023\\\/08\\\/PerMix-PTU-Mieszalnik-3D-6-scaled.jpg\",\"datePublished\":\"2023-08-25T10:12:20+00:00\",\"dateModified\":\"2024-05-23T10:17:38+00:00\",\"description\":\"Mieszalnik 3D (mieszalnik o ruchu wieloosiowym) do mieszania i homogenizacji proszk\u00f3w, w kt\u00f3rych sk\u0142adniki proszku maj\u0105 r\u00f3\u017cn\u0105 g\u0119sto\u015b\u0107 i r\u00f3\u017cne rozmiary.\",\"breadcrumb\":{\"@id\":\"https:\\\/\\\/fiprocess.pl\\\/produkt\\\/mieszalnik-3d\\\/#breadcrumb\"},\"inLanguage\":\"en-GB\",\"potentialAction\":[{\"@type\":\"ReadAction\",\"target\":[\"https:\\\/\\\/fiprocess.pl\\\/produkt\\\/mieszalnik-3d\\\/\"]}]},{\"@type\":\"ImageObject\",\"inLanguage\":\"en-GB\",\"@id\":\"https:\\\/\\\/fiprocess.pl\\\/produkt\\\/mieszalnik-3d\\\/#primaryimage\",\"url\":\"https:\\\/\\\/fiprocess.pl\\\/wp-content\\\/uploads\\\/2023\\\/08\\\/PerMix-PTU-Mieszalnik-3D-6-scaled.jpg\",\"contentUrl\":\"https:\\\/\\\/fiprocess.pl\\\/wp-content\\\/uploads\\\/2023\\\/08\\\/PerMix-PTU-Mieszalnik-3D-6-scaled.jpg\",\"width\":2560,\"height\":1703,\"caption\":\"Mieszalnik 3D mieszalnik o ruchu wieloosiowym\"},{\"@type\":\"BreadcrumbList\",\"@id\":\"https:\\\/\\\/fiprocess.pl\\\/produkt\\\/mieszalnik-3d\\\/#breadcrumb\",\"itemListElement\":[{\"@type\":\"ListItem\",\"position\":1,\"name\":\"Strona g\u0142\u00f3wna\",\"item\":\"https:\\\/\\\/fiprocess.pl\\\/\"},{\"@type\":\"ListItem\",\"position\":2,\"name\":\"Katalog maszyn\",\"item\":\"https:\\\/\\\/fiprocess.pl\\\/en\\\/katalog-maszyn\\\/\"},{\"@type\":\"ListItem\",\"position\":3,\"name\":\"Mieszalniki i suszarnie PERMIX\",\"item\":\"https:\\\/\\\/fiprocess.pl\\\/kategoria-produktu\\\/mieszalniki-permix\\\/\"},{\"@type\":\"ListItem\",\"position\":4,\"name\":\"Mieszalniki do proszk\u00f3w\",\"item\":\"https:\\\/\\\/fiprocess.pl\\\/kategoria-produktu\\\/mieszalniki-permix\\\/mieszalniki-do-proszkow\\\/\"},{\"@type\":\"ListItem\",\"position\":5,\"name\":\"Mieszalniki 3D PerMix serii PTU\",\"item\":\"https:\\\/\\\/fiprocess.pl\\\/kategoria-produktu\\\/mieszalniki-permix\\\/mieszalniki-do-proszkow\\\/mieszalniki-3d-permix-serii-ptu\\\/\"},{\"@type\":\"ListItem\",\"position\":6,\"name\":\"Mieszalnik 3D (mieszalnik o ruchu wieloosiowym) PerMix PTU\"}]},{\"@type\":\"WebSite\",\"@id\":\"https:\\\/\\\/fiprocess.pl\\\/#website\",\"url\":\"https:\\\/\\\/fiprocess.pl\\\/\",\"name\":\"Fiprocess\",\"description\":\"mieszalniki wir\u00f3wki m\u0142yny suszarnie\",\"publisher\":{\"@id\":\"https:\\\/\\\/fiprocess.pl\\\/#organization\"},\"potentialAction\":[{\"@type\":\"SearchAction\",\"target\":{\"@type\":\"EntryPoint\",\"urlTemplate\":\"https:\\\/\\\/fiprocess.pl\\\/?s={search_term_string}\"},\"query-input\":{\"@type\":\"PropertyValueSpecification\",\"valueRequired\":true,\"valueName\":\"search_term_string\"}}],\"inLanguage\":\"en-GB\"},{\"@type\":\"Organization\",\"@id\":\"https:\\\/\\\/fiprocess.pl\\\/#organization\",\"name\":\"Fiprocess Sp. z o.o.\",\"url\":\"https:\\\/\\\/fiprocess.pl\\\/\",\"logo\":{\"@type\":\"ImageObject\",\"inLanguage\":\"en-GB\",\"@id\":\"https:\\\/\\\/fiprocess.pl\\\/#\\\/schema\\\/logo\\\/image\\\/\",\"url\":\"https:\\\/\\\/fiprocess.pl\\\/wp-content\\\/uploads\\\/2023\\\/07\\\/logo.png\",\"contentUrl\":\"https:\\\/\\\/fiprocess.pl\\\/wp-content\\\/uploads\\\/2023\\\/07\\\/logo.png\",\"width\":1182,\"height\":260,\"caption\":\"Fiprocess Sp. z o.o.\"},\"image\":{\"@id\":\"https:\\\/\\\/fiprocess.pl\\\/#\\\/schema\\\/logo\\\/image\\\/\"}}]}<\/script>\n<!-- \/ Yoast SEO Premium plugin. -->","yoast_head_json":{"title":"Mieszalnik 3D (mieszalnik o ruchu wieloosiowym) PerMix PTU - Fiprocess","description":"Mieszalnik 3D (mieszalnik o ruchu wieloosiowym) do mieszania i homogenizacji proszk\u00f3w, w kt\u00f3rych sk\u0142adniki proszku maj\u0105 r\u00f3\u017cn\u0105 g\u0119sto\u015b\u0107 i r\u00f3\u017cne rozmiary.","robots":{"index":"index","follow":"follow","max-snippet":"max-snippet:-1","max-image-preview":"max-image-preview:large","max-video-preview":"max-video-preview:-1"},"canonical":"https:\/\/fiprocess.pl\/en\/produkt\/mieszalnik-3d\/","og_locale":"en_GB","og_type":"article","og_title":"Mieszalnik 3D (mieszalnik o ruchu wieloosiowym) PerMix PTU","og_description":"Mieszalnik 3D (mieszalnik o ruchu wieloosiowym) do mieszania i homogenizacji proszk\u00f3w, w kt\u00f3rych sk\u0142adniki proszku maj\u0105 r\u00f3\u017cn\u0105 g\u0119sto\u015b\u0107 i r\u00f3\u017cne rozmiary.","og_url":"https:\/\/fiprocess.pl\/en\/produkt\/mieszalnik-3d\/","og_site_name":"Fiprocess","article_modified_time":"2024-05-23T10:17:38+00:00","og_image":[{"width":2560,"height":1703,"url":"https:\/\/fiprocess.pl\/wp-content\/uploads\/2023\/08\/PerMix-PTU-Mieszalnik-3D-6-scaled.jpg","type":"image\/jpeg"}],"twitter_card":"summary_large_image","twitter_misc":{"Estimated reading time":"1 minute"},"schema":{"@context":"https:\/\/schema.org","@graph":[{"@type":"WebPage","@id":"https:\/\/fiprocess.pl\/katalog-maszyn\/mieszalnik-3d\/","url":"https:\/\/fiprocess.pl\/produkt\/mieszalnik-3d\/","name":"Mieszalnik 3D (mieszalnik o ruchu wieloosiowym) PerMix PTU - Fiprocess","isPartOf":{"@id":"https:\/\/fiprocess.pl\/#website"},"primaryImageOfPage":{"@id":"https:\/\/fiprocess.pl\/produkt\/mieszalnik-3d\/#primaryimage"},"image":{"@id":"https:\/\/fiprocess.pl\/produkt\/mieszalnik-3d\/#primaryimage"},"thumbnailUrl":"https:\/\/fiprocess.pl\/wp-content\/uploads\/2023\/08\/PerMix-PTU-Mieszalnik-3D-6-scaled.jpg","datePublished":"2023-08-25T10:12:20+00:00","dateModified":"2024-05-23T10:17:38+00:00","description":"Mieszalnik 3D (mieszalnik o ruchu wieloosiowym) do mieszania i homogenizacji proszk\u00f3w, w kt\u00f3rych sk\u0142adniki proszku maj\u0105 r\u00f3\u017cn\u0105 g\u0119sto\u015b\u0107 i r\u00f3\u017cne rozmiary.","breadcrumb":{"@id":"https:\/\/fiprocess.pl\/produkt\/mieszalnik-3d\/#breadcrumb"},"inLanguage":"en-GB","potentialAction":[{"@type":"ReadAction","target":["https:\/\/fiprocess.pl\/produkt\/mieszalnik-3d\/"]}]},{"@type":"ImageObject","inLanguage":"en-GB","@id":"https:\/\/fiprocess.pl\/produkt\/mieszalnik-3d\/#primaryimage","url":"https:\/\/fiprocess.pl\/wp-content\/uploads\/2023\/08\/PerMix-PTU-Mieszalnik-3D-6-scaled.jpg","contentUrl":"https:\/\/fiprocess.pl\/wp-content\/uploads\/2023\/08\/PerMix-PTU-Mieszalnik-3D-6-scaled.jpg","width":2560,"height":1703,"caption":"Mieszalnik 3D mieszalnik o ruchu wieloosiowym"},{"@type":"BreadcrumbList","@id":"https:\/\/fiprocess.pl\/produkt\/mieszalnik-3d\/#breadcrumb","itemListElement":[{"@type":"ListItem","position":1,"name":"Strona g\u0142\u00f3wna","item":"https:\/\/fiprocess.pl\/"},{"@type":"ListItem","position":2,"name":"Katalog maszyn","item":"https:\/\/fiprocess.pl\/en\/katalog-maszyn\/"},{"@type":"ListItem","position":3,"name":"Mieszalniki i suszarnie PERMIX","item":"https:\/\/fiprocess.pl\/kategoria-produktu\/mieszalniki-permix\/"},{"@type":"ListItem","position":4,"name":"Mieszalniki do proszk\u00f3w","item":"https:\/\/fiprocess.pl\/kategoria-produktu\/mieszalniki-permix\/mieszalniki-do-proszkow\/"},{"@type":"ListItem","position":5,"name":"Mieszalniki 3D PerMix serii PTU","item":"https:\/\/fiprocess.pl\/kategoria-produktu\/mieszalniki-permix\/mieszalniki-do-proszkow\/mieszalniki-3d-permix-serii-ptu\/"},{"@type":"ListItem","position":6,"name":"Mieszalnik 3D (mieszalnik o ruchu wieloosiowym) PerMix PTU"}]},{"@type":"WebSite","@id":"https:\/\/fiprocess.pl\/#website","url":"https:\/\/fiprocess.pl\/","name":"Fiprocess","description":"mieszalniki wir\u00f3wki m\u0142yny suszarnie","publisher":{"@id":"https:\/\/fiprocess.pl\/#organization"},"potentialAction":[{"@type":"SearchAction","target":{"@type":"EntryPoint","urlTemplate":"https:\/\/fiprocess.pl\/?s={search_term_string}"},"query-input":{"@type":"PropertyValueSpecification","valueRequired":true,"valueName":"search_term_string"}}],"inLanguage":"en-GB"},{"@type":"Organization","@id":"https:\/\/fiprocess.pl\/#organization","name":"Fiprocess Sp. z o.o.","url":"https:\/\/fiprocess.pl\/","logo":{"@type":"ImageObject","inLanguage":"en-GB","@id":"https:\/\/fiprocess.pl\/#\/schema\/logo\/image\/","url":"https:\/\/fiprocess.pl\/wp-content\/uploads\/2023\/07\/logo.png","contentUrl":"https:\/\/fiprocess.pl\/wp-content\/uploads\/2023\/07\/logo.png","width":1182,"height":260,"caption":"Fiprocess Sp. z o.o."},"image":{"@id":"https:\/\/fiprocess.pl\/#\/schema\/logo\/image\/"}}]}},"_links":{"self":[{"href":"https:\/\/fiprocess.pl\/en\/wp-json\/wp\/v2\/product\/6031","targetHints":{"allow":["GET"]}}],"collection":[{"href":"https:\/\/fiprocess.pl\/en\/wp-json\/wp\/v2\/product"}],"about":[{"href":"https:\/\/fiprocess.pl\/en\/wp-json\/wp\/v2\/types\/product"}],"wp:featuredmedia":[{"embeddable":true,"href":"https:\/\/fiprocess.pl\/en\/wp-json\/wp\/v2\/media\/6862"}],"wp:attachment":[{"href":"https:\/\/fiprocess.pl\/en\/wp-json\/wp\/v2\/media?parent=6031"}],"wp:term":[{"taxonomy":"product_cat","embeddable":true,"href":"https:\/\/fiprocess.pl\/en\/wp-json\/wp\/v2\/product_cat?post=6031"},{"taxonomy":"product_tag","embeddable":true,"href":"https:\/\/fiprocess.pl\/en\/wp-json\/wp\/v2\/product_tag?post=6031"}],"curies":[{"name":"wp","href":"https:\/\/api.w.org\/{rel}","templated":true}]}}