{"id":5960,"date":"2023-08-25T11:23:48","date_gmt":"2023-08-25T09:23:48","guid":{"rendered":"https:\/\/fiprocess.bizneszoom.pl\/?post_type=product&#038;p=5960"},"modified":"2024-05-23T12:18:13","modified_gmt":"2024-05-23T10:18:13","slug":"ptp-d-suszarka-mieszalnik-prozniowy","status":"publish","type":"product","link":"https:\/\/fiprocess.pl\/en\/katalog-maszyn\/ptp-d-suszarka-mieszalnik-prozniowy-en\/","title":{"rendered":"PTP-D vacuum dryer\/mixer"},"excerpt":{"rendered":"<p><span>The PerMix PTP-D series vacuum dryer\/mixer is a turbulent reactor\/mixing dryer. It is used as a fast mixer, chemical reactor or, if both processes are combined, as a dryer-reactor. They are used with particular success in rapid drying without agglomeration, in heterogeneous reactions with systems of various substances, extraction, sterilization and generally in processes carried out under vacuum, overpressure, with the use of thermal energy and with the help of grinding agents.<\/span><\/p>\n<p><span>PTP-D PerMix series vacuum dryers are widely used, among others, in the chemical, metallurgical and pharmaceutical industries. Standard sizes range from 3 liters to 20,000 liters, and the operating pressure of these dryers can reach up to 50 bar.<\/span><\/p>\n<p><strong><em>Thanks to the PTP-D vacuum dryer, the drying time is significantly shortened and the products are free of agglomerates!<\/em><\/strong><\/p>\n<p>&nbsp;<\/p>\n<p>https:\/\/www.youtube.com\/watch?v=_t4t4n4W588<\/p>","protected":false},"featured_media":6881,"template":"","meta":[],"product_cat":[1033,1029,1034],"product_tag":[],"class_list":{"0":"post-5960","1":"product","2":"type-product","3":"status-publish","4":"has-post-thumbnail","6":"product_cat-mieszalniki-do-proszkow","7":"product_cat-mieszalniki-permix","8":"product_cat-prozniowy-mieszalnik-suszarnia-permix-serii-ptp-d","10":"first","11":"instock","12":"shipping-taxable","13":"product-type-simple"},"acf":[],"yoast_head":"<!-- This site is optimized with the Yoast SEO Premium plugin v26.7 (Yoast SEO v27.3) - https:\/\/yoast.com\/product\/yoast-seo-premium-wordpress\/ -->\n<title>Pr\u00f3\u017cniowa suszarnia\/mieszalnik pr\u00f3\u017cniowy PTP-D - Fiprocess<\/title>\n<meta name=\"description\" content=\"Pr\u00f3\u017cniowa suszarnia\/mieszalnik PerMix serii PTP-D jest to turbulentny reaktor\/suszarnia mieszaj\u0105ca. Jest stosowana jako mieszalnik, suszarnia lub reaktor.\" \/>\n<meta name=\"robots\" content=\"index, follow, max-snippet:-1, max-image-preview:large, max-video-preview:-1\" \/>\n<link rel=\"canonical\" href=\"https:\/\/fiprocess.pl\/en\/produkt\/ptp-d-suszarka-mieszalnik-prozniowy\/\" \/>\n<meta property=\"og:locale\" content=\"en_GB\" \/>\n<meta property=\"og:type\" content=\"article\" \/>\n<meta property=\"og:title\" content=\"Pr\u00f3\u017cniowa suszarnia\/mieszalnik pr\u00f3\u017cniowy PTP-D\" \/>\n<meta property=\"og:description\" content=\"Pr\u00f3\u017cniowa suszarnia\/mieszalnik PerMix serii PTP-D jest to turbulentny reaktor\/suszarnia mieszaj\u0105ca. Jest stosowana jako mieszalnik, suszarnia lub reaktor.\" \/>\n<meta property=\"og:url\" content=\"https:\/\/fiprocess.pl\/en\/produkt\/ptp-d-suszarka-mieszalnik-prozniowy\/\" \/>\n<meta property=\"og:site_name\" content=\"Fiprocess\" \/>\n<meta property=\"article:modified_time\" content=\"2024-05-23T10:18:13+00:00\" \/>\n<meta property=\"og:image\" content=\"https:\/\/fiprocess.pl\/wp-content\/uploads\/2023\/08\/PerMix-PTPD-Mieszalnik-Suszarnia-Lopatkowa-prozniowa-17-scaled.jpg\" \/>\n\t<meta property=\"og:image:width\" content=\"2560\" \/>\n\t<meta property=\"og:image:height\" content=\"1703\" \/>\n\t<meta property=\"og:image:type\" content=\"image\/jpeg\" \/>\n<meta name=\"twitter:card\" content=\"summary_large_image\" \/>\n<meta name=\"twitter:label1\" content=\"Estimated reading time\" \/>\n\t<meta name=\"twitter:data1\" content=\"1 minute\" \/>\n<script type=\"application\/ld+json\" class=\"yoast-schema-graph\">{\"@context\":\"https:\\\/\\\/schema.org\",\"@graph\":[{\"@type\":\"WebPage\",\"@id\":\"https:\\\/\\\/fiprocess.pl\\\/katalog-maszyn\\\/ptp-d-suszarka-mieszalnik-prozniowy\\\/\",\"url\":\"https:\\\/\\\/fiprocess.pl\\\/produkt\\\/ptp-d-suszarka-mieszalnik-prozniowy\\\/\",\"name\":\"Pr\u00f3\u017cniowa suszarnia\\\/mieszalnik pr\u00f3\u017cniowy PTP-D - Fiprocess\",\"isPartOf\":{\"@id\":\"https:\\\/\\\/fiprocess.pl\\\/#website\"},\"primaryImageOfPage\":{\"@id\":\"https:\\\/\\\/fiprocess.pl\\\/produkt\\\/ptp-d-suszarka-mieszalnik-prozniowy\\\/#primaryimage\"},\"image\":{\"@id\":\"https:\\\/\\\/fiprocess.pl\\\/produkt\\\/ptp-d-suszarka-mieszalnik-prozniowy\\\/#primaryimage\"},\"thumbnailUrl\":\"https:\\\/\\\/fiprocess.pl\\\/wp-content\\\/uploads\\\/2023\\\/08\\\/PerMix-PTPD-Mieszalnik-Suszarnia-Lopatkowa-prozniowa-17-scaled.jpg\",\"datePublished\":\"2023-08-25T09:23:48+00:00\",\"dateModified\":\"2024-05-23T10:18:13+00:00\",\"description\":\"Pr\u00f3\u017cniowa suszarnia\\\/mieszalnik PerMix serii PTP-D jest to turbulentny reaktor\\\/suszarnia mieszaj\u0105ca. Jest stosowana jako mieszalnik, suszarnia lub reaktor.\",\"breadcrumb\":{\"@id\":\"https:\\\/\\\/fiprocess.pl\\\/produkt\\\/ptp-d-suszarka-mieszalnik-prozniowy\\\/#breadcrumb\"},\"inLanguage\":\"en-GB\",\"potentialAction\":[{\"@type\":\"ReadAction\",\"target\":[\"https:\\\/\\\/fiprocess.pl\\\/produkt\\\/ptp-d-suszarka-mieszalnik-prozniowy\\\/\"]}]},{\"@type\":\"ImageObject\",\"inLanguage\":\"en-GB\",\"@id\":\"https:\\\/\\\/fiprocess.pl\\\/produkt\\\/ptp-d-suszarka-mieszalnik-prozniowy\\\/#primaryimage\",\"url\":\"https:\\\/\\\/fiprocess.pl\\\/wp-content\\\/uploads\\\/2023\\\/08\\\/PerMix-PTPD-Mieszalnik-Suszarnia-Lopatkowa-prozniowa-17-scaled.jpg\",\"contentUrl\":\"https:\\\/\\\/fiprocess.pl\\\/wp-content\\\/uploads\\\/2023\\\/08\\\/PerMix-PTPD-Mieszalnik-Suszarnia-Lopatkowa-prozniowa-17-scaled.jpg\",\"width\":2560,\"height\":1703,\"caption\":\"Pr\u00f3\u017cniowa suszarnia\\\/mieszalnik\"},{\"@type\":\"BreadcrumbList\",\"@id\":\"https:\\\/\\\/fiprocess.pl\\\/produkt\\\/ptp-d-suszarka-mieszalnik-prozniowy\\\/#breadcrumb\",\"itemListElement\":[{\"@type\":\"ListItem\",\"position\":1,\"name\":\"Strona g\u0142\u00f3wna\",\"item\":\"https:\\\/\\\/fiprocess.pl\\\/\"},{\"@type\":\"ListItem\",\"position\":2,\"name\":\"Katalog maszyn\",\"item\":\"https:\\\/\\\/fiprocess.pl\\\/en\\\/katalog-maszyn\\\/\"},{\"@type\":\"ListItem\",\"position\":3,\"name\":\"Mieszalniki i suszarnie PERMIX\",\"item\":\"https:\\\/\\\/fiprocess.pl\\\/kategoria-produktu\\\/mieszalniki-permix\\\/\"},{\"@type\":\"ListItem\",\"position\":4,\"name\":\"Mieszalniki do proszk\u00f3w\",\"item\":\"https:\\\/\\\/fiprocess.pl\\\/kategoria-produktu\\\/mieszalniki-permix\\\/mieszalniki-do-proszkow\\\/\"},{\"@type\":\"ListItem\",\"position\":5,\"name\":\"Pr\u00f3\u017cniowy Mieszalnik i Suszarnia PerMix serii PTP-D\",\"item\":\"https:\\\/\\\/fiprocess.pl\\\/kategoria-produktu\\\/mieszalniki-permix\\\/mieszalniki-do-proszkow\\\/prozniowy-mieszalnik-suszarnia-permix-serii-ptp-d\\\/\"},{\"@type\":\"ListItem\",\"position\":6,\"name\":\"Pr\u00f3\u017cniowa suszarnia\\\/mieszalnik pr\u00f3\u017cniowy PTP-D\"}]},{\"@type\":\"WebSite\",\"@id\":\"https:\\\/\\\/fiprocess.pl\\\/#website\",\"url\":\"https:\\\/\\\/fiprocess.pl\\\/\",\"name\":\"Fiprocess\",\"description\":\"mieszalniki wir\u00f3wki m\u0142yny suszarnie\",\"publisher\":{\"@id\":\"https:\\\/\\\/fiprocess.pl\\\/#organization\"},\"potentialAction\":[{\"@type\":\"SearchAction\",\"target\":{\"@type\":\"EntryPoint\",\"urlTemplate\":\"https:\\\/\\\/fiprocess.pl\\\/?s={search_term_string}\"},\"query-input\":{\"@type\":\"PropertyValueSpecification\",\"valueRequired\":true,\"valueName\":\"search_term_string\"}}],\"inLanguage\":\"en-GB\"},{\"@type\":\"Organization\",\"@id\":\"https:\\\/\\\/fiprocess.pl\\\/#organization\",\"name\":\"Fiprocess Sp. z o.o.\",\"url\":\"https:\\\/\\\/fiprocess.pl\\\/\",\"logo\":{\"@type\":\"ImageObject\",\"inLanguage\":\"en-GB\",\"@id\":\"https:\\\/\\\/fiprocess.pl\\\/#\\\/schema\\\/logo\\\/image\\\/\",\"url\":\"https:\\\/\\\/fiprocess.pl\\\/wp-content\\\/uploads\\\/2023\\\/07\\\/logo.png\",\"contentUrl\":\"https:\\\/\\\/fiprocess.pl\\\/wp-content\\\/uploads\\\/2023\\\/07\\\/logo.png\",\"width\":1182,\"height\":260,\"caption\":\"Fiprocess Sp. z o.o.\"},\"image\":{\"@id\":\"https:\\\/\\\/fiprocess.pl\\\/#\\\/schema\\\/logo\\\/image\\\/\"}}]}<\/script>\n<!-- \/ Yoast SEO Premium plugin. -->","yoast_head_json":{"title":"Pr\u00f3\u017cniowa suszarnia\/mieszalnik pr\u00f3\u017cniowy PTP-D - Fiprocess","description":"Pr\u00f3\u017cniowa suszarnia\/mieszalnik PerMix serii PTP-D jest to turbulentny reaktor\/suszarnia mieszaj\u0105ca. Jest stosowana jako mieszalnik, suszarnia lub reaktor.","robots":{"index":"index","follow":"follow","max-snippet":"max-snippet:-1","max-image-preview":"max-image-preview:large","max-video-preview":"max-video-preview:-1"},"canonical":"https:\/\/fiprocess.pl\/en\/produkt\/ptp-d-suszarka-mieszalnik-prozniowy\/","og_locale":"en_GB","og_type":"article","og_title":"Pr\u00f3\u017cniowa suszarnia\/mieszalnik pr\u00f3\u017cniowy PTP-D","og_description":"Pr\u00f3\u017cniowa suszarnia\/mieszalnik PerMix serii PTP-D jest to turbulentny reaktor\/suszarnia mieszaj\u0105ca. Jest stosowana jako mieszalnik, suszarnia lub reaktor.","og_url":"https:\/\/fiprocess.pl\/en\/produkt\/ptp-d-suszarka-mieszalnik-prozniowy\/","og_site_name":"Fiprocess","article_modified_time":"2024-05-23T10:18:13+00:00","og_image":[{"width":2560,"height":1703,"url":"https:\/\/fiprocess.pl\/wp-content\/uploads\/2023\/08\/PerMix-PTPD-Mieszalnik-Suszarnia-Lopatkowa-prozniowa-17-scaled.jpg","type":"image\/jpeg"}],"twitter_card":"summary_large_image","twitter_misc":{"Estimated reading time":"1 minute"},"schema":{"@context":"https:\/\/schema.org","@graph":[{"@type":"WebPage","@id":"https:\/\/fiprocess.pl\/katalog-maszyn\/ptp-d-suszarka-mieszalnik-prozniowy\/","url":"https:\/\/fiprocess.pl\/produkt\/ptp-d-suszarka-mieszalnik-prozniowy\/","name":"Pr\u00f3\u017cniowa suszarnia\/mieszalnik pr\u00f3\u017cniowy PTP-D - Fiprocess","isPartOf":{"@id":"https:\/\/fiprocess.pl\/#website"},"primaryImageOfPage":{"@id":"https:\/\/fiprocess.pl\/produkt\/ptp-d-suszarka-mieszalnik-prozniowy\/#primaryimage"},"image":{"@id":"https:\/\/fiprocess.pl\/produkt\/ptp-d-suszarka-mieszalnik-prozniowy\/#primaryimage"},"thumbnailUrl":"https:\/\/fiprocess.pl\/wp-content\/uploads\/2023\/08\/PerMix-PTPD-Mieszalnik-Suszarnia-Lopatkowa-prozniowa-17-scaled.jpg","datePublished":"2023-08-25T09:23:48+00:00","dateModified":"2024-05-23T10:18:13+00:00","description":"Pr\u00f3\u017cniowa suszarnia\/mieszalnik PerMix serii PTP-D jest to turbulentny reaktor\/suszarnia mieszaj\u0105ca. Jest stosowana jako mieszalnik, suszarnia lub reaktor.","breadcrumb":{"@id":"https:\/\/fiprocess.pl\/produkt\/ptp-d-suszarka-mieszalnik-prozniowy\/#breadcrumb"},"inLanguage":"en-GB","potentialAction":[{"@type":"ReadAction","target":["https:\/\/fiprocess.pl\/produkt\/ptp-d-suszarka-mieszalnik-prozniowy\/"]}]},{"@type":"ImageObject","inLanguage":"en-GB","@id":"https:\/\/fiprocess.pl\/produkt\/ptp-d-suszarka-mieszalnik-prozniowy\/#primaryimage","url":"https:\/\/fiprocess.pl\/wp-content\/uploads\/2023\/08\/PerMix-PTPD-Mieszalnik-Suszarnia-Lopatkowa-prozniowa-17-scaled.jpg","contentUrl":"https:\/\/fiprocess.pl\/wp-content\/uploads\/2023\/08\/PerMix-PTPD-Mieszalnik-Suszarnia-Lopatkowa-prozniowa-17-scaled.jpg","width":2560,"height":1703,"caption":"Pr\u00f3\u017cniowa suszarnia\/mieszalnik"},{"@type":"BreadcrumbList","@id":"https:\/\/fiprocess.pl\/produkt\/ptp-d-suszarka-mieszalnik-prozniowy\/#breadcrumb","itemListElement":[{"@type":"ListItem","position":1,"name":"Strona g\u0142\u00f3wna","item":"https:\/\/fiprocess.pl\/"},{"@type":"ListItem","position":2,"name":"Katalog maszyn","item":"https:\/\/fiprocess.pl\/en\/katalog-maszyn\/"},{"@type":"ListItem","position":3,"name":"Mieszalniki i suszarnie PERMIX","item":"https:\/\/fiprocess.pl\/kategoria-produktu\/mieszalniki-permix\/"},{"@type":"ListItem","position":4,"name":"Mieszalniki do proszk\u00f3w","item":"https:\/\/fiprocess.pl\/kategoria-produktu\/mieszalniki-permix\/mieszalniki-do-proszkow\/"},{"@type":"ListItem","position":5,"name":"Pr\u00f3\u017cniowy Mieszalnik i Suszarnia PerMix serii PTP-D","item":"https:\/\/fiprocess.pl\/kategoria-produktu\/mieszalniki-permix\/mieszalniki-do-proszkow\/prozniowy-mieszalnik-suszarnia-permix-serii-ptp-d\/"},{"@type":"ListItem","position":6,"name":"Pr\u00f3\u017cniowa suszarnia\/mieszalnik pr\u00f3\u017cniowy PTP-D"}]},{"@type":"WebSite","@id":"https:\/\/fiprocess.pl\/#website","url":"https:\/\/fiprocess.pl\/","name":"Fiprocess","description":"mieszalniki wir\u00f3wki m\u0142yny suszarnie","publisher":{"@id":"https:\/\/fiprocess.pl\/#organization"},"potentialAction":[{"@type":"SearchAction","target":{"@type":"EntryPoint","urlTemplate":"https:\/\/fiprocess.pl\/?s={search_term_string}"},"query-input":{"@type":"PropertyValueSpecification","valueRequired":true,"valueName":"search_term_string"}}],"inLanguage":"en-GB"},{"@type":"Organization","@id":"https:\/\/fiprocess.pl\/#organization","name":"Fiprocess Sp. z o.o.","url":"https:\/\/fiprocess.pl\/","logo":{"@type":"ImageObject","inLanguage":"en-GB","@id":"https:\/\/fiprocess.pl\/#\/schema\/logo\/image\/","url":"https:\/\/fiprocess.pl\/wp-content\/uploads\/2023\/07\/logo.png","contentUrl":"https:\/\/fiprocess.pl\/wp-content\/uploads\/2023\/07\/logo.png","width":1182,"height":260,"caption":"Fiprocess Sp. z o.o."},"image":{"@id":"https:\/\/fiprocess.pl\/#\/schema\/logo\/image\/"}}]}},"_links":{"self":[{"href":"https:\/\/fiprocess.pl\/en\/wp-json\/wp\/v2\/product\/5960","targetHints":{"allow":["GET"]}}],"collection":[{"href":"https:\/\/fiprocess.pl\/en\/wp-json\/wp\/v2\/product"}],"about":[{"href":"https:\/\/fiprocess.pl\/en\/wp-json\/wp\/v2\/types\/product"}],"wp:featuredmedia":[{"embeddable":true,"href":"https:\/\/fiprocess.pl\/en\/wp-json\/wp\/v2\/media\/6881"}],"wp:attachment":[{"href":"https:\/\/fiprocess.pl\/en\/wp-json\/wp\/v2\/media?parent=5960"}],"wp:term":[{"taxonomy":"product_cat","embeddable":true,"href":"https:\/\/fiprocess.pl\/en\/wp-json\/wp\/v2\/product_cat?post=5960"},{"taxonomy":"product_tag","embeddable":true,"href":"https:\/\/fiprocess.pl\/en\/wp-json\/wp\/v2\/product_tag?post=5960"}],"curies":[{"name":"wp","href":"https:\/\/api.w.org\/{rel}","templated":true}]}}