{"id":5920,"date":"2023-08-25T10:58:03","date_gmt":"2023-08-25T08:58:03","guid":{"rendered":"https:\/\/fiprocess.bizneszoom.pl\/?post_type=product&#038;p=5920"},"modified":"2024-05-23T12:18:25","modified_gmt":"2024-05-23T10:18:25","slug":"prb-mieszalnik-wstegowy","status":"publish","type":"product","link":"https:\/\/fiprocess.pl\/en\/katalog-maszyn\/prb-mieszalnik-wstegowy-en\/","title":{"rendered":"Ribbon mixer"},"excerpt":{"rendered":"<p><span>The PerMix PRB series ribbon mixer is an efficient and versatile mixing machine for the homogeneous mixing of dry powders, granulates and viscous pastes. It is able to ensure satisfactory &quot;homogeneity&quot; during the mixing process, thanks to the special design of the mixer with double ribbons inside the U-shaped working chamber.<\/span><\/p>\n<p><span>PerMix designs PRB series ribbon mixers that are capable of achieving a maximum &quot;mixing ratio&quot; of 1:500,000, which means you can get the desired ratio of ingredients in just 1 gram in a 500 kg batch.<\/span><\/p>\n<p>&nbsp;<\/p>\n<p>https:\/\/www.youtube.com\/watch?v=-8nm-DRNxBE<\/p>","protected":false},"featured_media":6892,"template":"","meta":[],"product_cat":[1030,1033,1029],"product_tag":[],"class_list":{"0":"post-5920","1":"product","2":"type-product","3":"status-publish","4":"has-post-thumbnail","6":"product_cat-mieszalnik-wstegowy-permix-serii-prb","7":"product_cat-mieszalniki-do-proszkow","8":"product_cat-mieszalniki-permix","10":"first","11":"instock","12":"shipping-taxable","13":"product-type-simple"},"acf":[],"yoast_head":"<!-- This site is optimized with the Yoast SEO Premium plugin v26.7 (Yoast SEO v27.3) - https:\/\/yoast.com\/product\/yoast-seo-premium-wordpress\/ -->\n<title>Mieszalnik wst\u0119gowy - Fiprocess<\/title>\n<meta name=\"description\" content=\"Mieszalnik wst\u0119gowy serii PerMix PRB to wydajna i wszechstronna maszyna mieszaj\u0105ca do jednorodnego mieszania suchych proszk\u00f3w, granulat\u00f3w i lepkich past.\" \/>\n<meta name=\"robots\" content=\"index, follow, max-snippet:-1, max-image-preview:large, max-video-preview:-1\" \/>\n<link rel=\"canonical\" href=\"https:\/\/fiprocess.pl\/en\/produkt\/prb-mieszalnik-wstegowy\/\" \/>\n<meta property=\"og:locale\" content=\"en_GB\" \/>\n<meta property=\"og:type\" content=\"article\" \/>\n<meta property=\"og:title\" content=\"Mieszalnik wst\u0119gowy\" \/>\n<meta property=\"og:description\" content=\"Mieszalnik wst\u0119gowy serii PerMix PRB to wydajna i wszechstronna maszyna mieszaj\u0105ca do jednorodnego mieszania suchych proszk\u00f3w, granulat\u00f3w i lepkich past.\" \/>\n<meta property=\"og:url\" content=\"https:\/\/fiprocess.pl\/en\/produkt\/prb-mieszalnik-wstegowy\/\" \/>\n<meta property=\"og:site_name\" content=\"Fiprocess\" \/>\n<meta property=\"article:modified_time\" content=\"2024-05-23T10:18:25+00:00\" \/>\n<meta property=\"og:image\" content=\"https:\/\/fiprocess.pl\/wp-content\/uploads\/2023\/08\/PerMix-PRB-Mieszalnik-wstegowy-23-scaled.jpg\" \/>\n\t<meta property=\"og:image:width\" content=\"2560\" \/>\n\t<meta property=\"og:image:height\" content=\"1664\" \/>\n\t<meta property=\"og:image:type\" content=\"image\/jpeg\" \/>\n<meta name=\"twitter:card\" content=\"summary_large_image\" \/>\n<meta name=\"twitter:label1\" content=\"Estimated reading time\" \/>\n\t<meta name=\"twitter:data1\" content=\"1 minute\" \/>\n<script type=\"application\/ld+json\" class=\"yoast-schema-graph\">{\"@context\":\"https:\\\/\\\/schema.org\",\"@graph\":[{\"@type\":\"WebPage\",\"@id\":\"https:\\\/\\\/fiprocess.pl\\\/katalog-maszyn\\\/prb-mieszalnik-wstegowy\\\/\",\"url\":\"https:\\\/\\\/fiprocess.pl\\\/produkt\\\/prb-mieszalnik-wstegowy\\\/\",\"name\":\"Mieszalnik wst\u0119gowy - Fiprocess\",\"isPartOf\":{\"@id\":\"https:\\\/\\\/fiprocess.pl\\\/#website\"},\"primaryImageOfPage\":{\"@id\":\"https:\\\/\\\/fiprocess.pl\\\/produkt\\\/prb-mieszalnik-wstegowy\\\/#primaryimage\"},\"image\":{\"@id\":\"https:\\\/\\\/fiprocess.pl\\\/produkt\\\/prb-mieszalnik-wstegowy\\\/#primaryimage\"},\"thumbnailUrl\":\"https:\\\/\\\/fiprocess.pl\\\/wp-content\\\/uploads\\\/2023\\\/08\\\/PerMix-PRB-Mieszalnik-wstegowy-23-scaled.jpg\",\"datePublished\":\"2023-08-25T08:58:03+00:00\",\"dateModified\":\"2024-05-23T10:18:25+00:00\",\"description\":\"Mieszalnik wst\u0119gowy serii PerMix PRB to wydajna i wszechstronna maszyna mieszaj\u0105ca do jednorodnego mieszania suchych proszk\u00f3w, granulat\u00f3w i lepkich past.\",\"breadcrumb\":{\"@id\":\"https:\\\/\\\/fiprocess.pl\\\/produkt\\\/prb-mieszalnik-wstegowy\\\/#breadcrumb\"},\"inLanguage\":\"en-GB\",\"potentialAction\":[{\"@type\":\"ReadAction\",\"target\":[\"https:\\\/\\\/fiprocess.pl\\\/produkt\\\/prb-mieszalnik-wstegowy\\\/\"]}]},{\"@type\":\"ImageObject\",\"inLanguage\":\"en-GB\",\"@id\":\"https:\\\/\\\/fiprocess.pl\\\/produkt\\\/prb-mieszalnik-wstegowy\\\/#primaryimage\",\"url\":\"https:\\\/\\\/fiprocess.pl\\\/wp-content\\\/uploads\\\/2023\\\/08\\\/PerMix-PRB-Mieszalnik-wstegowy-23-scaled.jpg\",\"contentUrl\":\"https:\\\/\\\/fiprocess.pl\\\/wp-content\\\/uploads\\\/2023\\\/08\\\/PerMix-PRB-Mieszalnik-wstegowy-23-scaled.jpg\",\"width\":2560,\"height\":1664,\"caption\":\"Mieszalnik wst\u0119gowy\"},{\"@type\":\"BreadcrumbList\",\"@id\":\"https:\\\/\\\/fiprocess.pl\\\/produkt\\\/prb-mieszalnik-wstegowy\\\/#breadcrumb\",\"itemListElement\":[{\"@type\":\"ListItem\",\"position\":1,\"name\":\"Strona g\u0142\u00f3wna\",\"item\":\"https:\\\/\\\/fiprocess.pl\\\/\"},{\"@type\":\"ListItem\",\"position\":2,\"name\":\"Katalog maszyn\",\"item\":\"https:\\\/\\\/fiprocess.pl\\\/en\\\/katalog-maszyn\\\/\"},{\"@type\":\"ListItem\",\"position\":3,\"name\":\"Mieszalniki i suszarnie PERMIX\",\"item\":\"https:\\\/\\\/fiprocess.pl\\\/kategoria-produktu\\\/mieszalniki-permix\\\/\"},{\"@type\":\"ListItem\",\"position\":4,\"name\":\"Mieszalniki do proszk\u00f3w\",\"item\":\"https:\\\/\\\/fiprocess.pl\\\/kategoria-produktu\\\/mieszalniki-permix\\\/mieszalniki-do-proszkow\\\/\"},{\"@type\":\"ListItem\",\"position\":5,\"name\":\"Mieszalnik Wst\u0119gowy PerMix serii PRB\",\"item\":\"https:\\\/\\\/fiprocess.pl\\\/kategoria-produktu\\\/mieszalniki-permix\\\/mieszalniki-do-proszkow\\\/mieszalnik-wstegowy-permix-serii-prb\\\/\"},{\"@type\":\"ListItem\",\"position\":6,\"name\":\"Mieszalnik wst\u0119gowy\"}]},{\"@type\":\"WebSite\",\"@id\":\"https:\\\/\\\/fiprocess.pl\\\/#website\",\"url\":\"https:\\\/\\\/fiprocess.pl\\\/\",\"name\":\"Fiprocess\",\"description\":\"mieszalniki wir\u00f3wki m\u0142yny suszarnie\",\"publisher\":{\"@id\":\"https:\\\/\\\/fiprocess.pl\\\/#organization\"},\"potentialAction\":[{\"@type\":\"SearchAction\",\"target\":{\"@type\":\"EntryPoint\",\"urlTemplate\":\"https:\\\/\\\/fiprocess.pl\\\/?s={search_term_string}\"},\"query-input\":{\"@type\":\"PropertyValueSpecification\",\"valueRequired\":true,\"valueName\":\"search_term_string\"}}],\"inLanguage\":\"en-GB\"},{\"@type\":\"Organization\",\"@id\":\"https:\\\/\\\/fiprocess.pl\\\/#organization\",\"name\":\"Fiprocess Sp. z o.o.\",\"url\":\"https:\\\/\\\/fiprocess.pl\\\/\",\"logo\":{\"@type\":\"ImageObject\",\"inLanguage\":\"en-GB\",\"@id\":\"https:\\\/\\\/fiprocess.pl\\\/#\\\/schema\\\/logo\\\/image\\\/\",\"url\":\"https:\\\/\\\/fiprocess.pl\\\/wp-content\\\/uploads\\\/2023\\\/07\\\/logo.png\",\"contentUrl\":\"https:\\\/\\\/fiprocess.pl\\\/wp-content\\\/uploads\\\/2023\\\/07\\\/logo.png\",\"width\":1182,\"height\":260,\"caption\":\"Fiprocess Sp. z o.o.\"},\"image\":{\"@id\":\"https:\\\/\\\/fiprocess.pl\\\/#\\\/schema\\\/logo\\\/image\\\/\"}}]}<\/script>\n<!-- \/ Yoast SEO Premium plugin. -->","yoast_head_json":{"title":"Mieszalnik wst\u0119gowy - Fiprocess","description":"Mieszalnik wst\u0119gowy serii PerMix PRB to wydajna i wszechstronna maszyna mieszaj\u0105ca do jednorodnego mieszania suchych proszk\u00f3w, granulat\u00f3w i lepkich past.","robots":{"index":"index","follow":"follow","max-snippet":"max-snippet:-1","max-image-preview":"max-image-preview:large","max-video-preview":"max-video-preview:-1"},"canonical":"https:\/\/fiprocess.pl\/en\/produkt\/prb-mieszalnik-wstegowy\/","og_locale":"en_GB","og_type":"article","og_title":"Mieszalnik wst\u0119gowy","og_description":"Mieszalnik wst\u0119gowy serii PerMix PRB to wydajna i wszechstronna maszyna mieszaj\u0105ca do jednorodnego mieszania suchych proszk\u00f3w, granulat\u00f3w i lepkich past.","og_url":"https:\/\/fiprocess.pl\/en\/produkt\/prb-mieszalnik-wstegowy\/","og_site_name":"Fiprocess","article_modified_time":"2024-05-23T10:18:25+00:00","og_image":[{"width":2560,"height":1664,"url":"https:\/\/fiprocess.pl\/wp-content\/uploads\/2023\/08\/PerMix-PRB-Mieszalnik-wstegowy-23-scaled.jpg","type":"image\/jpeg"}],"twitter_card":"summary_large_image","twitter_misc":{"Estimated reading time":"1 minute"},"schema":{"@context":"https:\/\/schema.org","@graph":[{"@type":"WebPage","@id":"https:\/\/fiprocess.pl\/katalog-maszyn\/prb-mieszalnik-wstegowy\/","url":"https:\/\/fiprocess.pl\/produkt\/prb-mieszalnik-wstegowy\/","name":"Mieszalnik wst\u0119gowy - Fiprocess","isPartOf":{"@id":"https:\/\/fiprocess.pl\/#website"},"primaryImageOfPage":{"@id":"https:\/\/fiprocess.pl\/produkt\/prb-mieszalnik-wstegowy\/#primaryimage"},"image":{"@id":"https:\/\/fiprocess.pl\/produkt\/prb-mieszalnik-wstegowy\/#primaryimage"},"thumbnailUrl":"https:\/\/fiprocess.pl\/wp-content\/uploads\/2023\/08\/PerMix-PRB-Mieszalnik-wstegowy-23-scaled.jpg","datePublished":"2023-08-25T08:58:03+00:00","dateModified":"2024-05-23T10:18:25+00:00","description":"Mieszalnik wst\u0119gowy serii PerMix PRB to wydajna i wszechstronna maszyna mieszaj\u0105ca do jednorodnego mieszania suchych proszk\u00f3w, granulat\u00f3w i lepkich past.","breadcrumb":{"@id":"https:\/\/fiprocess.pl\/produkt\/prb-mieszalnik-wstegowy\/#breadcrumb"},"inLanguage":"en-GB","potentialAction":[{"@type":"ReadAction","target":["https:\/\/fiprocess.pl\/produkt\/prb-mieszalnik-wstegowy\/"]}]},{"@type":"ImageObject","inLanguage":"en-GB","@id":"https:\/\/fiprocess.pl\/produkt\/prb-mieszalnik-wstegowy\/#primaryimage","url":"https:\/\/fiprocess.pl\/wp-content\/uploads\/2023\/08\/PerMix-PRB-Mieszalnik-wstegowy-23-scaled.jpg","contentUrl":"https:\/\/fiprocess.pl\/wp-content\/uploads\/2023\/08\/PerMix-PRB-Mieszalnik-wstegowy-23-scaled.jpg","width":2560,"height":1664,"caption":"Mieszalnik wst\u0119gowy"},{"@type":"BreadcrumbList","@id":"https:\/\/fiprocess.pl\/produkt\/prb-mieszalnik-wstegowy\/#breadcrumb","itemListElement":[{"@type":"ListItem","position":1,"name":"Strona g\u0142\u00f3wna","item":"https:\/\/fiprocess.pl\/"},{"@type":"ListItem","position":2,"name":"Katalog maszyn","item":"https:\/\/fiprocess.pl\/en\/katalog-maszyn\/"},{"@type":"ListItem","position":3,"name":"Mieszalniki i suszarnie PERMIX","item":"https:\/\/fiprocess.pl\/kategoria-produktu\/mieszalniki-permix\/"},{"@type":"ListItem","position":4,"name":"Mieszalniki do proszk\u00f3w","item":"https:\/\/fiprocess.pl\/kategoria-produktu\/mieszalniki-permix\/mieszalniki-do-proszkow\/"},{"@type":"ListItem","position":5,"name":"Mieszalnik Wst\u0119gowy PerMix serii PRB","item":"https:\/\/fiprocess.pl\/kategoria-produktu\/mieszalniki-permix\/mieszalniki-do-proszkow\/mieszalnik-wstegowy-permix-serii-prb\/"},{"@type":"ListItem","position":6,"name":"Mieszalnik wst\u0119gowy"}]},{"@type":"WebSite","@id":"https:\/\/fiprocess.pl\/#website","url":"https:\/\/fiprocess.pl\/","name":"Fiprocess","description":"mieszalniki wir\u00f3wki m\u0142yny suszarnie","publisher":{"@id":"https:\/\/fiprocess.pl\/#organization"},"potentialAction":[{"@type":"SearchAction","target":{"@type":"EntryPoint","urlTemplate":"https:\/\/fiprocess.pl\/?s={search_term_string}"},"query-input":{"@type":"PropertyValueSpecification","valueRequired":true,"valueName":"search_term_string"}}],"inLanguage":"en-GB"},{"@type":"Organization","@id":"https:\/\/fiprocess.pl\/#organization","name":"Fiprocess Sp. z o.o.","url":"https:\/\/fiprocess.pl\/","logo":{"@type":"ImageObject","inLanguage":"en-GB","@id":"https:\/\/fiprocess.pl\/#\/schema\/logo\/image\/","url":"https:\/\/fiprocess.pl\/wp-content\/uploads\/2023\/07\/logo.png","contentUrl":"https:\/\/fiprocess.pl\/wp-content\/uploads\/2023\/07\/logo.png","width":1182,"height":260,"caption":"Fiprocess Sp. z o.o."},"image":{"@id":"https:\/\/fiprocess.pl\/#\/schema\/logo\/image\/"}}]}},"_links":{"self":[{"href":"https:\/\/fiprocess.pl\/en\/wp-json\/wp\/v2\/product\/5920","targetHints":{"allow":["GET"]}}],"collection":[{"href":"https:\/\/fiprocess.pl\/en\/wp-json\/wp\/v2\/product"}],"about":[{"href":"https:\/\/fiprocess.pl\/en\/wp-json\/wp\/v2\/types\/product"}],"wp:featuredmedia":[{"embeddable":true,"href":"https:\/\/fiprocess.pl\/en\/wp-json\/wp\/v2\/media\/6892"}],"wp:attachment":[{"href":"https:\/\/fiprocess.pl\/en\/wp-json\/wp\/v2\/media?parent=5920"}],"wp:term":[{"taxonomy":"product_cat","embeddable":true,"href":"https:\/\/fiprocess.pl\/en\/wp-json\/wp\/v2\/product_cat?post=5920"},{"taxonomy":"product_tag","embeddable":true,"href":"https:\/\/fiprocess.pl\/en\/wp-json\/wp\/v2\/product_tag?post=5920"}],"curies":[{"name":"wp","href":"https:\/\/api.w.org\/{rel}","templated":true}]}}