{"id":5894,"date":"2023-08-25T10:42:07","date_gmt":"2023-08-25T08:42:07","guid":{"rendered":"https:\/\/fiprocess.bizneszoom.pl\/?post_type=product&#038;p=5894"},"modified":"2025-03-17T12:17:08","modified_gmt":"2025-03-17T11:17:08","slug":"pts-mieszalnik-lemieszowy","status":"publish","type":"product","link":"https:\/\/fiprocess.pl\/en\/katalog-maszyn\/pts-mieszalnik-lemieszowy-en\/","title":{"rendered":"PerMix PTS blade mixer"},"excerpt":{"rendered":"<p><strong>PerMix PTS BLADE MIXER<\/strong><\/p>\n<p>The PTS plow mixer is so versatile that it can handle almost all types of materials, including dry powders, granular materials, short fiber materials, wet solids with liquids, pasty materials and high viscosity masses.<span lang=\"EN-US\"><br \/>\nThe PerMix PTS series ploughshare mixer can be used for many processing operations including mixing, thorough mixing, dispersing, suspending, emulsifying, deaerating, tempering, accelerating chemical or physical reactions, granulating, breaking agglomerates, etc. <\/span><\/p>\n<p>&nbsp;<\/p>\n<p>https:\/\/www.youtube.com\/watch?v=ePXVc_UK85w<\/p>","protected":false},"featured_media":6898,"template":"","meta":[],"product_cat":[1033,1029,1032],"product_tag":[],"class_list":{"0":"post-5894","1":"product","2":"type-product","3":"status-publish","4":"has-post-thumbnail","6":"product_cat-mieszalniki-do-proszkow","7":"product_cat-mieszalniki-permix","8":"product_cat-mieszalniki-lemieszowe-permix-serii-pts","10":"first","11":"instock","12":"shipping-taxable","13":"product-type-simple"},"acf":[],"yoast_head":"<!-- This site is optimized with the Yoast SEO Premium plugin v26.7 (Yoast SEO v27.3) - https:\/\/yoast.com\/product\/yoast-seo-premium-wordpress\/ -->\n<title>Mieszalnik lemieszowy PerMix PTS - Fiprocess<\/title>\n<meta name=\"description\" content=\"Mieszalnik lemieszowy PerMix PTS: suche proszki, materia\u0142y ziarniste, substancje o kr\u00f3tkich w\u0142\u00f3knach, wilgotne cia\u0142a sta\u0142e z p\u0142ynami, pasty.\" \/>\n<meta name=\"robots\" content=\"index, follow, max-snippet:-1, max-image-preview:large, max-video-preview:-1\" \/>\n<link rel=\"canonical\" href=\"https:\/\/fiprocess.pl\/en\/produkt\/pts-mieszalnik-lemieszowy\/\" \/>\n<meta property=\"og:locale\" content=\"en_GB\" \/>\n<meta property=\"og:type\" content=\"article\" \/>\n<meta property=\"og:title\" content=\"Mieszalnik lemieszowy PerMix PTS\" \/>\n<meta property=\"og:description\" content=\"Mieszalnik lemieszowy PerMix PTS: suche proszki, materia\u0142y ziarniste, substancje o kr\u00f3tkich w\u0142\u00f3knach, wilgotne cia\u0142a sta\u0142e z p\u0142ynami, pasty.\" \/>\n<meta property=\"og:url\" content=\"https:\/\/fiprocess.pl\/en\/produkt\/pts-mieszalnik-lemieszowy\/\" \/>\n<meta property=\"og:site_name\" content=\"Fiprocess\" \/>\n<meta property=\"article:modified_time\" content=\"2025-03-17T11:17:08+00:00\" \/>\n<meta property=\"og:image\" content=\"https:\/\/fiprocess.pl\/wp-content\/uploads\/2023\/08\/PerMix-PTS-Mieszalnik-lemieszowy-9-scaled.jpg\" \/>\n\t<meta property=\"og:image:width\" content=\"2560\" \/>\n\t<meta property=\"og:image:height\" content=\"2081\" \/>\n\t<meta property=\"og:image:type\" content=\"image\/jpeg\" \/>\n<meta name=\"twitter:card\" content=\"summary_large_image\" \/>\n<meta name=\"twitter:label1\" content=\"Estimated reading time\" \/>\n\t<meta name=\"twitter:data1\" content=\"1 minute\" \/>\n<script type=\"application\/ld+json\" class=\"yoast-schema-graph\">{\"@context\":\"https:\\\/\\\/schema.org\",\"@graph\":[{\"@type\":\"WebPage\",\"@id\":\"https:\\\/\\\/fiprocess.pl\\\/katalog-maszyn\\\/pts-mieszalnik-lemieszowy\\\/\",\"url\":\"https:\\\/\\\/fiprocess.pl\\\/produkt\\\/pts-mieszalnik-lemieszowy\\\/\",\"name\":\"Mieszalnik lemieszowy PerMix PTS - Fiprocess\",\"isPartOf\":{\"@id\":\"https:\\\/\\\/fiprocess.pl\\\/#website\"},\"primaryImageOfPage\":{\"@id\":\"https:\\\/\\\/fiprocess.pl\\\/produkt\\\/pts-mieszalnik-lemieszowy\\\/#primaryimage\"},\"image\":{\"@id\":\"https:\\\/\\\/fiprocess.pl\\\/produkt\\\/pts-mieszalnik-lemieszowy\\\/#primaryimage\"},\"thumbnailUrl\":\"https:\\\/\\\/fiprocess.pl\\\/wp-content\\\/uploads\\\/2023\\\/08\\\/PerMix-PTS-Mieszalnik-lemieszowy-9-scaled.jpg\",\"datePublished\":\"2023-08-25T08:42:07+00:00\",\"dateModified\":\"2025-03-17T11:17:08+00:00\",\"description\":\"Mieszalnik lemieszowy PerMix PTS: suche proszki, materia\u0142y ziarniste, substancje o kr\u00f3tkich w\u0142\u00f3knach, wilgotne cia\u0142a sta\u0142e z p\u0142ynami, pasty.\",\"breadcrumb\":{\"@id\":\"https:\\\/\\\/fiprocess.pl\\\/produkt\\\/pts-mieszalnik-lemieszowy\\\/#breadcrumb\"},\"inLanguage\":\"en-GB\",\"potentialAction\":[{\"@type\":\"ReadAction\",\"target\":[\"https:\\\/\\\/fiprocess.pl\\\/produkt\\\/pts-mieszalnik-lemieszowy\\\/\"]}]},{\"@type\":\"ImageObject\",\"inLanguage\":\"en-GB\",\"@id\":\"https:\\\/\\\/fiprocess.pl\\\/produkt\\\/pts-mieszalnik-lemieszowy\\\/#primaryimage\",\"url\":\"https:\\\/\\\/fiprocess.pl\\\/wp-content\\\/uploads\\\/2023\\\/08\\\/PerMix-PTS-Mieszalnik-lemieszowy-9-scaled.jpg\",\"contentUrl\":\"https:\\\/\\\/fiprocess.pl\\\/wp-content\\\/uploads\\\/2023\\\/08\\\/PerMix-PTS-Mieszalnik-lemieszowy-9-scaled.jpg\",\"width\":2560,\"height\":2081,\"caption\":\"Mieszalnik lemieszowy\"},{\"@type\":\"BreadcrumbList\",\"@id\":\"https:\\\/\\\/fiprocess.pl\\\/produkt\\\/pts-mieszalnik-lemieszowy\\\/#breadcrumb\",\"itemListElement\":[{\"@type\":\"ListItem\",\"position\":1,\"name\":\"Strona g\u0142\u00f3wna\",\"item\":\"https:\\\/\\\/fiprocess.pl\\\/\"},{\"@type\":\"ListItem\",\"position\":2,\"name\":\"Katalog maszyn\",\"item\":\"https:\\\/\\\/fiprocess.pl\\\/en\\\/katalog-maszyn\\\/\"},{\"@type\":\"ListItem\",\"position\":3,\"name\":\"Mieszalniki i suszarnie PERMIX\",\"item\":\"https:\\\/\\\/fiprocess.pl\\\/kategoria-produktu\\\/mieszalniki-permix\\\/\"},{\"@type\":\"ListItem\",\"position\":4,\"name\":\"Mieszalniki do proszk\u00f3w\",\"item\":\"https:\\\/\\\/fiprocess.pl\\\/kategoria-produktu\\\/mieszalniki-permix\\\/mieszalniki-do-proszkow\\\/\"},{\"@type\":\"ListItem\",\"position\":5,\"name\":\"Mieszalniki Lemieszowe PerMix serii PTS\",\"item\":\"https:\\\/\\\/fiprocess.pl\\\/kategoria-produktu\\\/mieszalniki-permix\\\/mieszalniki-do-proszkow\\\/mieszalniki-lemieszowe-permix-serii-pts\\\/\"},{\"@type\":\"ListItem\",\"position\":6,\"name\":\"Mieszalnik lemieszowy PerMix PTS\"}]},{\"@type\":\"WebSite\",\"@id\":\"https:\\\/\\\/fiprocess.pl\\\/#website\",\"url\":\"https:\\\/\\\/fiprocess.pl\\\/\",\"name\":\"Fiprocess\",\"description\":\"mieszalniki wir\u00f3wki m\u0142yny suszarnie\",\"publisher\":{\"@id\":\"https:\\\/\\\/fiprocess.pl\\\/#organization\"},\"potentialAction\":[{\"@type\":\"SearchAction\",\"target\":{\"@type\":\"EntryPoint\",\"urlTemplate\":\"https:\\\/\\\/fiprocess.pl\\\/?s={search_term_string}\"},\"query-input\":{\"@type\":\"PropertyValueSpecification\",\"valueRequired\":true,\"valueName\":\"search_term_string\"}}],\"inLanguage\":\"en-GB\"},{\"@type\":\"Organization\",\"@id\":\"https:\\\/\\\/fiprocess.pl\\\/#organization\",\"name\":\"Fiprocess Sp. z o.o.\",\"url\":\"https:\\\/\\\/fiprocess.pl\\\/\",\"logo\":{\"@type\":\"ImageObject\",\"inLanguage\":\"en-GB\",\"@id\":\"https:\\\/\\\/fiprocess.pl\\\/#\\\/schema\\\/logo\\\/image\\\/\",\"url\":\"https:\\\/\\\/fiprocess.pl\\\/wp-content\\\/uploads\\\/2023\\\/07\\\/logo.png\",\"contentUrl\":\"https:\\\/\\\/fiprocess.pl\\\/wp-content\\\/uploads\\\/2023\\\/07\\\/logo.png\",\"width\":1182,\"height\":260,\"caption\":\"Fiprocess Sp. z o.o.\"},\"image\":{\"@id\":\"https:\\\/\\\/fiprocess.pl\\\/#\\\/schema\\\/logo\\\/image\\\/\"}}]}<\/script>\n<!-- \/ Yoast SEO Premium plugin. -->","yoast_head_json":{"title":"Mieszalnik lemieszowy PerMix PTS - Fiprocess","description":"Mieszalnik lemieszowy PerMix PTS: suche proszki, materia\u0142y ziarniste, substancje o kr\u00f3tkich w\u0142\u00f3knach, wilgotne cia\u0142a sta\u0142e z p\u0142ynami, pasty.","robots":{"index":"index","follow":"follow","max-snippet":"max-snippet:-1","max-image-preview":"max-image-preview:large","max-video-preview":"max-video-preview:-1"},"canonical":"https:\/\/fiprocess.pl\/en\/produkt\/pts-mieszalnik-lemieszowy\/","og_locale":"en_GB","og_type":"article","og_title":"Mieszalnik lemieszowy PerMix PTS","og_description":"Mieszalnik lemieszowy PerMix PTS: suche proszki, materia\u0142y ziarniste, substancje o kr\u00f3tkich w\u0142\u00f3knach, wilgotne cia\u0142a sta\u0142e z p\u0142ynami, pasty.","og_url":"https:\/\/fiprocess.pl\/en\/produkt\/pts-mieszalnik-lemieszowy\/","og_site_name":"Fiprocess","article_modified_time":"2025-03-17T11:17:08+00:00","og_image":[{"width":2560,"height":2081,"url":"https:\/\/fiprocess.pl\/wp-content\/uploads\/2023\/08\/PerMix-PTS-Mieszalnik-lemieszowy-9-scaled.jpg","type":"image\/jpeg"}],"twitter_card":"summary_large_image","twitter_misc":{"Estimated reading time":"1 minute"},"schema":{"@context":"https:\/\/schema.org","@graph":[{"@type":"WebPage","@id":"https:\/\/fiprocess.pl\/katalog-maszyn\/pts-mieszalnik-lemieszowy\/","url":"https:\/\/fiprocess.pl\/produkt\/pts-mieszalnik-lemieszowy\/","name":"Mieszalnik lemieszowy PerMix PTS - Fiprocess","isPartOf":{"@id":"https:\/\/fiprocess.pl\/#website"},"primaryImageOfPage":{"@id":"https:\/\/fiprocess.pl\/produkt\/pts-mieszalnik-lemieszowy\/#primaryimage"},"image":{"@id":"https:\/\/fiprocess.pl\/produkt\/pts-mieszalnik-lemieszowy\/#primaryimage"},"thumbnailUrl":"https:\/\/fiprocess.pl\/wp-content\/uploads\/2023\/08\/PerMix-PTS-Mieszalnik-lemieszowy-9-scaled.jpg","datePublished":"2023-08-25T08:42:07+00:00","dateModified":"2025-03-17T11:17:08+00:00","description":"Mieszalnik lemieszowy PerMix PTS: suche proszki, materia\u0142y ziarniste, substancje o kr\u00f3tkich w\u0142\u00f3knach, wilgotne cia\u0142a sta\u0142e z p\u0142ynami, pasty.","breadcrumb":{"@id":"https:\/\/fiprocess.pl\/produkt\/pts-mieszalnik-lemieszowy\/#breadcrumb"},"inLanguage":"en-GB","potentialAction":[{"@type":"ReadAction","target":["https:\/\/fiprocess.pl\/produkt\/pts-mieszalnik-lemieszowy\/"]}]},{"@type":"ImageObject","inLanguage":"en-GB","@id":"https:\/\/fiprocess.pl\/produkt\/pts-mieszalnik-lemieszowy\/#primaryimage","url":"https:\/\/fiprocess.pl\/wp-content\/uploads\/2023\/08\/PerMix-PTS-Mieszalnik-lemieszowy-9-scaled.jpg","contentUrl":"https:\/\/fiprocess.pl\/wp-content\/uploads\/2023\/08\/PerMix-PTS-Mieszalnik-lemieszowy-9-scaled.jpg","width":2560,"height":2081,"caption":"Mieszalnik lemieszowy"},{"@type":"BreadcrumbList","@id":"https:\/\/fiprocess.pl\/produkt\/pts-mieszalnik-lemieszowy\/#breadcrumb","itemListElement":[{"@type":"ListItem","position":1,"name":"Strona g\u0142\u00f3wna","item":"https:\/\/fiprocess.pl\/"},{"@type":"ListItem","position":2,"name":"Katalog maszyn","item":"https:\/\/fiprocess.pl\/en\/katalog-maszyn\/"},{"@type":"ListItem","position":3,"name":"Mieszalniki i suszarnie PERMIX","item":"https:\/\/fiprocess.pl\/kategoria-produktu\/mieszalniki-permix\/"},{"@type":"ListItem","position":4,"name":"Mieszalniki do proszk\u00f3w","item":"https:\/\/fiprocess.pl\/kategoria-produktu\/mieszalniki-permix\/mieszalniki-do-proszkow\/"},{"@type":"ListItem","position":5,"name":"Mieszalniki Lemieszowe PerMix serii PTS","item":"https:\/\/fiprocess.pl\/kategoria-produktu\/mieszalniki-permix\/mieszalniki-do-proszkow\/mieszalniki-lemieszowe-permix-serii-pts\/"},{"@type":"ListItem","position":6,"name":"Mieszalnik lemieszowy PerMix PTS"}]},{"@type":"WebSite","@id":"https:\/\/fiprocess.pl\/#website","url":"https:\/\/fiprocess.pl\/","name":"Fiprocess","description":"mieszalniki wir\u00f3wki m\u0142yny suszarnie","publisher":{"@id":"https:\/\/fiprocess.pl\/#organization"},"potentialAction":[{"@type":"SearchAction","target":{"@type":"EntryPoint","urlTemplate":"https:\/\/fiprocess.pl\/?s={search_term_string}"},"query-input":{"@type":"PropertyValueSpecification","valueRequired":true,"valueName":"search_term_string"}}],"inLanguage":"en-GB"},{"@type":"Organization","@id":"https:\/\/fiprocess.pl\/#organization","name":"Fiprocess Sp. z o.o.","url":"https:\/\/fiprocess.pl\/","logo":{"@type":"ImageObject","inLanguage":"en-GB","@id":"https:\/\/fiprocess.pl\/#\/schema\/logo\/image\/","url":"https:\/\/fiprocess.pl\/wp-content\/uploads\/2023\/07\/logo.png","contentUrl":"https:\/\/fiprocess.pl\/wp-content\/uploads\/2023\/07\/logo.png","width":1182,"height":260,"caption":"Fiprocess Sp. z o.o."},"image":{"@id":"https:\/\/fiprocess.pl\/#\/schema\/logo\/image\/"}}]}},"_links":{"self":[{"href":"https:\/\/fiprocess.pl\/en\/wp-json\/wp\/v2\/product\/5894","targetHints":{"allow":["GET"]}}],"collection":[{"href":"https:\/\/fiprocess.pl\/en\/wp-json\/wp\/v2\/product"}],"about":[{"href":"https:\/\/fiprocess.pl\/en\/wp-json\/wp\/v2\/types\/product"}],"wp:featuredmedia":[{"embeddable":true,"href":"https:\/\/fiprocess.pl\/en\/wp-json\/wp\/v2\/media\/6898"}],"wp:attachment":[{"href":"https:\/\/fiprocess.pl\/en\/wp-json\/wp\/v2\/media?parent=5894"}],"wp:term":[{"taxonomy":"product_cat","embeddable":true,"href":"https:\/\/fiprocess.pl\/en\/wp-json\/wp\/v2\/product_cat?post=5894"},{"taxonomy":"product_tag","embeddable":true,"href":"https:\/\/fiprocess.pl\/en\/wp-json\/wp\/v2\/product_tag?post=5894"}],"curies":[{"name":"wp","href":"https:\/\/api.w.org\/{rel}","templated":true}]}}