{"id":5738,"date":"2023-08-17T10:25:53","date_gmt":"2023-08-17T08:25:53","guid":{"rendered":"https:\/\/fiprocess.bizneszoom.pl\/?post_type=product&#038;p=5738"},"modified":"2024-09-30T10:25:26","modified_gmt":"2024-09-30T08:25:26","slug":"automatyczne-wirowki-do-przemyslu-spozywczego-typu-rcpc-vx","status":"publish","type":"product","link":"https:\/\/fiprocess.pl\/en\/katalog-maszyn\/automatyczne-wirowki-do-przemyslu-spozywczego-typu-rcpc-vx-en\/","title":{"rendered":"AUTOMATIC BASKET CENTRIFUGES for the food industry, TYPE RCPC-Vx"},"excerpt":{"rendered":"<p><span style=\"color: #0000ff;\"><strong>AUTOMATIC BASKET CENTRIFUGES for the food industry<\/strong><\/span><\/p>\n<p>&nbsp;<\/p>\n<p>APPLICATION RANGE OF ROUSSELET ROBATEL CENTRIFUGES \u2013 general presentation of centrifuges for the food industry<\/p>\n<p>They are used to partially or completely remove liquid resulting from the processing of food products under controlled conditions (water, oil, fat, juice, sugar, etc.).<br \/>\nDepending on the required final moisture content, brittleness, sensitivity and volume of the products being processed, our filter and decanter centrifuges are designed specifically for the food industry.<br \/>\nWe are also able to develop or modify devices from our other product ranges (intended for other industrial sectors) so that they meet specific requirements regarding their performance, end product quality and enable easier cleaning and occupational hygiene in order to meet manufacturing and legal standards.<\/p>","protected":false},"featured_media":6969,"template":"","meta":[],"product_cat":[1205],"product_tag":[],"class_list":{"0":"post-5738","1":"product","2":"type-product","3":"status-publish","4":"has-post-thumbnail","6":"product_cat-sektor-spozywczy","8":"first","9":"instock","10":"shipping-taxable","11":"product-type-simple"},"acf":[],"yoast_head":"<!-- This site is optimized with the Yoast SEO Premium plugin v26.7 (Yoast SEO v27.3) - https:\/\/yoast.com\/product\/yoast-seo-premium-wordpress\/ -->\n<title>Automatyczne wir\u00f3wki koszowe - Fiprocess<\/title>\n<meta name=\"description\" content=\"Automatyczna wir\u00f3wka koszowa Rousselet Robatel do odwadniania produkt\u00f3w rolnych, rybnych, przemys\u0142u farmaceutycznego, tekstylnego, energetycznego\" \/>\n<meta name=\"robots\" content=\"index, follow, max-snippet:-1, max-image-preview:large, max-video-preview:-1\" \/>\n<link rel=\"canonical\" href=\"https:\/\/fiprocess.pl\/en\/produkt\/automatyczne-wirowki-do-przemyslu-spozywczego-typu-rcpc-vx\/\" \/>\n<meta property=\"og:locale\" content=\"en_GB\" \/>\n<meta property=\"og:type\" content=\"article\" \/>\n<meta property=\"og:title\" content=\"AUTOMATYCZNE WIR\u00d3WKI KOSZOWE do przemys\u0142u spo\u017cywczego TYPU RCPC-Vx\" \/>\n<meta property=\"og:description\" content=\"Automatyczna wir\u00f3wka koszowa Rousselet Robatel do odwadniania produkt\u00f3w rolnych, rybnych, przemys\u0142u farmaceutycznego, tekstylnego, energetycznego\" \/>\n<meta property=\"og:url\" content=\"https:\/\/fiprocess.pl\/en\/produkt\/automatyczne-wirowki-do-przemyslu-spozywczego-typu-rcpc-vx\/\" \/>\n<meta property=\"og:site_name\" content=\"Fiprocess\" \/>\n<meta property=\"article:modified_time\" content=\"2024-09-30T08:25:26+00:00\" \/>\n<meta property=\"og:image\" content=\"https:\/\/fiprocess.pl\/wp-content\/uploads\/2023\/08\/AUTOMATYCZNA-WIROWKA-KOSZOWA-dla-przemyslu-spozywczego-typ-volkov_2.jpg\" \/>\n\t<meta property=\"og:image:width\" content=\"1772\" \/>\n\t<meta property=\"og:image:height\" content=\"1032\" \/>\n\t<meta property=\"og:image:type\" content=\"image\/jpeg\" \/>\n<meta name=\"twitter:card\" content=\"summary_large_image\" \/>\n<meta name=\"twitter:label1\" content=\"Estimated reading time\" \/>\n\t<meta name=\"twitter:data1\" content=\"1 minute\" \/>\n<script type=\"application\/ld+json\" class=\"yoast-schema-graph\">{\"@context\":\"https:\\\/\\\/schema.org\",\"@graph\":[{\"@type\":\"WebPage\",\"@id\":\"https:\\\/\\\/fiprocess.pl\\\/katalog-maszyn\\\/automatyczne-wirowki-do-przemyslu-spozywczego-typu-rcpc-vx\\\/\",\"url\":\"https:\\\/\\\/fiprocess.pl\\\/produkt\\\/automatyczne-wirowki-do-przemyslu-spozywczego-typu-rcpc-vx\\\/\",\"name\":\"Automatyczne wir\u00f3wki koszowe - Fiprocess\",\"isPartOf\":{\"@id\":\"https:\\\/\\\/fiprocess.pl\\\/#website\"},\"primaryImageOfPage\":{\"@id\":\"https:\\\/\\\/fiprocess.pl\\\/produkt\\\/automatyczne-wirowki-do-przemyslu-spozywczego-typu-rcpc-vx\\\/#primaryimage\"},\"image\":{\"@id\":\"https:\\\/\\\/fiprocess.pl\\\/produkt\\\/automatyczne-wirowki-do-przemyslu-spozywczego-typu-rcpc-vx\\\/#primaryimage\"},\"thumbnailUrl\":\"https:\\\/\\\/fiprocess.pl\\\/wp-content\\\/uploads\\\/2023\\\/08\\\/AUTOMATYCZNA-WIROWKA-KOSZOWA-dla-przemyslu-spozywczego-typ-volkov_2.jpg\",\"datePublished\":\"2023-08-17T08:25:53+00:00\",\"dateModified\":\"2024-09-30T08:25:26+00:00\",\"description\":\"Automatyczna wir\u00f3wka koszowa Rousselet Robatel do odwadniania produkt\u00f3w rolnych, rybnych, przemys\u0142u farmaceutycznego, tekstylnego, energetycznego\",\"breadcrumb\":{\"@id\":\"https:\\\/\\\/fiprocess.pl\\\/produkt\\\/automatyczne-wirowki-do-przemyslu-spozywczego-typu-rcpc-vx\\\/#breadcrumb\"},\"inLanguage\":\"en-GB\",\"potentialAction\":[{\"@type\":\"ReadAction\",\"target\":[\"https:\\\/\\\/fiprocess.pl\\\/produkt\\\/automatyczne-wirowki-do-przemyslu-spozywczego-typu-rcpc-vx\\\/\"]}]},{\"@type\":\"ImageObject\",\"inLanguage\":\"en-GB\",\"@id\":\"https:\\\/\\\/fiprocess.pl\\\/produkt\\\/automatyczne-wirowki-do-przemyslu-spozywczego-typu-rcpc-vx\\\/#primaryimage\",\"url\":\"https:\\\/\\\/fiprocess.pl\\\/wp-content\\\/uploads\\\/2023\\\/08\\\/AUTOMATYCZNA-WIROWKA-KOSZOWA-dla-przemyslu-spozywczego-typ-volkov_2.jpg\",\"contentUrl\":\"https:\\\/\\\/fiprocess.pl\\\/wp-content\\\/uploads\\\/2023\\\/08\\\/AUTOMATYCZNA-WIROWKA-KOSZOWA-dla-przemyslu-spozywczego-typ-volkov_2.jpg\",\"width\":1772,\"height\":1032},{\"@type\":\"BreadcrumbList\",\"@id\":\"https:\\\/\\\/fiprocess.pl\\\/produkt\\\/automatyczne-wirowki-do-przemyslu-spozywczego-typu-rcpc-vx\\\/#breadcrumb\",\"itemListElement\":[{\"@type\":\"ListItem\",\"position\":1,\"name\":\"Strona g\u0142\u00f3wna\",\"item\":\"https:\\\/\\\/fiprocess.pl\\\/\"},{\"@type\":\"ListItem\",\"position\":2,\"name\":\"Katalog maszyn\",\"item\":\"https:\\\/\\\/fiprocess.pl\\\/en\\\/katalog-maszyn\\\/\"},{\"@type\":\"ListItem\",\"position\":3,\"name\":\"Wir\u00f3wki koszowe i ekstraktory Rousselet Robatel\",\"item\":\"https:\\\/\\\/fiprocess.pl\\\/kategoria-produktu\\\/wirowki-koszowe-i-ekstraktory-rousselet-robatel\\\/\"},{\"@type\":\"ListItem\",\"position\":4,\"name\":\"Wir\u00f3wki koszowe produkcyjne\",\"item\":\"https:\\\/\\\/fiprocess.pl\\\/kategoria-produktu\\\/wirowki-koszowe-i-ekstraktory-rousselet-robatel\\\/wirowki-koszowe-produkcyjne\\\/\"},{\"@type\":\"ListItem\",\"position\":5,\"name\":\"Sektor spo\u017cywczy\",\"item\":\"https:\\\/\\\/fiprocess.pl\\\/kategoria-produktu\\\/wirowki-koszowe-i-ekstraktory-rousselet-robatel\\\/wirowki-koszowe-produkcyjne\\\/sektor-spozywczy\\\/\"},{\"@type\":\"ListItem\",\"position\":6,\"name\":\"AUTOMATYCZNE WIR\u00d3WKI KOSZOWE do przemys\u0142u spo\u017cywczego TYPU RCPC-Vx\"}]},{\"@type\":\"WebSite\",\"@id\":\"https:\\\/\\\/fiprocess.pl\\\/#website\",\"url\":\"https:\\\/\\\/fiprocess.pl\\\/\",\"name\":\"Fiprocess\",\"description\":\"mieszalniki wir\u00f3wki m\u0142yny suszarnie\",\"publisher\":{\"@id\":\"https:\\\/\\\/fiprocess.pl\\\/#organization\"},\"potentialAction\":[{\"@type\":\"SearchAction\",\"target\":{\"@type\":\"EntryPoint\",\"urlTemplate\":\"https:\\\/\\\/fiprocess.pl\\\/?s={search_term_string}\"},\"query-input\":{\"@type\":\"PropertyValueSpecification\",\"valueRequired\":true,\"valueName\":\"search_term_string\"}}],\"inLanguage\":\"en-GB\"},{\"@type\":\"Organization\",\"@id\":\"https:\\\/\\\/fiprocess.pl\\\/#organization\",\"name\":\"Fiprocess Sp. z o.o.\",\"url\":\"https:\\\/\\\/fiprocess.pl\\\/\",\"logo\":{\"@type\":\"ImageObject\",\"inLanguage\":\"en-GB\",\"@id\":\"https:\\\/\\\/fiprocess.pl\\\/#\\\/schema\\\/logo\\\/image\\\/\",\"url\":\"https:\\\/\\\/fiprocess.pl\\\/wp-content\\\/uploads\\\/2023\\\/07\\\/logo.png\",\"contentUrl\":\"https:\\\/\\\/fiprocess.pl\\\/wp-content\\\/uploads\\\/2023\\\/07\\\/logo.png\",\"width\":1182,\"height\":260,\"caption\":\"Fiprocess Sp. z o.o.\"},\"image\":{\"@id\":\"https:\\\/\\\/fiprocess.pl\\\/#\\\/schema\\\/logo\\\/image\\\/\"}}]}<\/script>\n<!-- \/ Yoast SEO Premium plugin. -->","yoast_head_json":{"title":"Automatyczne wir\u00f3wki koszowe - Fiprocess","description":"Automatyczna wir\u00f3wka koszowa Rousselet Robatel do odwadniania produkt\u00f3w rolnych, rybnych, przemys\u0142u farmaceutycznego, tekstylnego, energetycznego","robots":{"index":"index","follow":"follow","max-snippet":"max-snippet:-1","max-image-preview":"max-image-preview:large","max-video-preview":"max-video-preview:-1"},"canonical":"https:\/\/fiprocess.pl\/en\/produkt\/automatyczne-wirowki-do-przemyslu-spozywczego-typu-rcpc-vx\/","og_locale":"en_GB","og_type":"article","og_title":"AUTOMATYCZNE WIR\u00d3WKI KOSZOWE do przemys\u0142u spo\u017cywczego TYPU RCPC-Vx","og_description":"Automatyczna wir\u00f3wka koszowa Rousselet Robatel do odwadniania produkt\u00f3w rolnych, rybnych, przemys\u0142u farmaceutycznego, tekstylnego, energetycznego","og_url":"https:\/\/fiprocess.pl\/en\/produkt\/automatyczne-wirowki-do-przemyslu-spozywczego-typu-rcpc-vx\/","og_site_name":"Fiprocess","article_modified_time":"2024-09-30T08:25:26+00:00","og_image":[{"width":1772,"height":1032,"url":"https:\/\/fiprocess.pl\/wp-content\/uploads\/2023\/08\/AUTOMATYCZNA-WIROWKA-KOSZOWA-dla-przemyslu-spozywczego-typ-volkov_2.jpg","type":"image\/jpeg"}],"twitter_card":"summary_large_image","twitter_misc":{"Estimated reading time":"1 minute"},"schema":{"@context":"https:\/\/schema.org","@graph":[{"@type":"WebPage","@id":"https:\/\/fiprocess.pl\/katalog-maszyn\/automatyczne-wirowki-do-przemyslu-spozywczego-typu-rcpc-vx\/","url":"https:\/\/fiprocess.pl\/produkt\/automatyczne-wirowki-do-przemyslu-spozywczego-typu-rcpc-vx\/","name":"Automatyczne wir\u00f3wki koszowe - Fiprocess","isPartOf":{"@id":"https:\/\/fiprocess.pl\/#website"},"primaryImageOfPage":{"@id":"https:\/\/fiprocess.pl\/produkt\/automatyczne-wirowki-do-przemyslu-spozywczego-typu-rcpc-vx\/#primaryimage"},"image":{"@id":"https:\/\/fiprocess.pl\/produkt\/automatyczne-wirowki-do-przemyslu-spozywczego-typu-rcpc-vx\/#primaryimage"},"thumbnailUrl":"https:\/\/fiprocess.pl\/wp-content\/uploads\/2023\/08\/AUTOMATYCZNA-WIROWKA-KOSZOWA-dla-przemyslu-spozywczego-typ-volkov_2.jpg","datePublished":"2023-08-17T08:25:53+00:00","dateModified":"2024-09-30T08:25:26+00:00","description":"Automatyczna wir\u00f3wka koszowa Rousselet Robatel do odwadniania produkt\u00f3w rolnych, rybnych, przemys\u0142u farmaceutycznego, tekstylnego, energetycznego","breadcrumb":{"@id":"https:\/\/fiprocess.pl\/produkt\/automatyczne-wirowki-do-przemyslu-spozywczego-typu-rcpc-vx\/#breadcrumb"},"inLanguage":"en-GB","potentialAction":[{"@type":"ReadAction","target":["https:\/\/fiprocess.pl\/produkt\/automatyczne-wirowki-do-przemyslu-spozywczego-typu-rcpc-vx\/"]}]},{"@type":"ImageObject","inLanguage":"en-GB","@id":"https:\/\/fiprocess.pl\/produkt\/automatyczne-wirowki-do-przemyslu-spozywczego-typu-rcpc-vx\/#primaryimage","url":"https:\/\/fiprocess.pl\/wp-content\/uploads\/2023\/08\/AUTOMATYCZNA-WIROWKA-KOSZOWA-dla-przemyslu-spozywczego-typ-volkov_2.jpg","contentUrl":"https:\/\/fiprocess.pl\/wp-content\/uploads\/2023\/08\/AUTOMATYCZNA-WIROWKA-KOSZOWA-dla-przemyslu-spozywczego-typ-volkov_2.jpg","width":1772,"height":1032},{"@type":"BreadcrumbList","@id":"https:\/\/fiprocess.pl\/produkt\/automatyczne-wirowki-do-przemyslu-spozywczego-typu-rcpc-vx\/#breadcrumb","itemListElement":[{"@type":"ListItem","position":1,"name":"Strona g\u0142\u00f3wna","item":"https:\/\/fiprocess.pl\/"},{"@type":"ListItem","position":2,"name":"Katalog maszyn","item":"https:\/\/fiprocess.pl\/en\/katalog-maszyn\/"},{"@type":"ListItem","position":3,"name":"Wir\u00f3wki koszowe i ekstraktory Rousselet Robatel","item":"https:\/\/fiprocess.pl\/kategoria-produktu\/wirowki-koszowe-i-ekstraktory-rousselet-robatel\/"},{"@type":"ListItem","position":4,"name":"Wir\u00f3wki koszowe produkcyjne","item":"https:\/\/fiprocess.pl\/kategoria-produktu\/wirowki-koszowe-i-ekstraktory-rousselet-robatel\/wirowki-koszowe-produkcyjne\/"},{"@type":"ListItem","position":5,"name":"Sektor spo\u017cywczy","item":"https:\/\/fiprocess.pl\/kategoria-produktu\/wirowki-koszowe-i-ekstraktory-rousselet-robatel\/wirowki-koszowe-produkcyjne\/sektor-spozywczy\/"},{"@type":"ListItem","position":6,"name":"AUTOMATYCZNE WIR\u00d3WKI KOSZOWE do przemys\u0142u spo\u017cywczego TYPU RCPC-Vx"}]},{"@type":"WebSite","@id":"https:\/\/fiprocess.pl\/#website","url":"https:\/\/fiprocess.pl\/","name":"Fiprocess","description":"mieszalniki wir\u00f3wki m\u0142yny suszarnie","publisher":{"@id":"https:\/\/fiprocess.pl\/#organization"},"potentialAction":[{"@type":"SearchAction","target":{"@type":"EntryPoint","urlTemplate":"https:\/\/fiprocess.pl\/?s={search_term_string}"},"query-input":{"@type":"PropertyValueSpecification","valueRequired":true,"valueName":"search_term_string"}}],"inLanguage":"en-GB"},{"@type":"Organization","@id":"https:\/\/fiprocess.pl\/#organization","name":"Fiprocess Sp. z o.o.","url":"https:\/\/fiprocess.pl\/","logo":{"@type":"ImageObject","inLanguage":"en-GB","@id":"https:\/\/fiprocess.pl\/#\/schema\/logo\/image\/","url":"https:\/\/fiprocess.pl\/wp-content\/uploads\/2023\/07\/logo.png","contentUrl":"https:\/\/fiprocess.pl\/wp-content\/uploads\/2023\/07\/logo.png","width":1182,"height":260,"caption":"Fiprocess Sp. z o.o."},"image":{"@id":"https:\/\/fiprocess.pl\/#\/schema\/logo\/image\/"}}]}},"_links":{"self":[{"href":"https:\/\/fiprocess.pl\/en\/wp-json\/wp\/v2\/product\/5738","targetHints":{"allow":["GET"]}}],"collection":[{"href":"https:\/\/fiprocess.pl\/en\/wp-json\/wp\/v2\/product"}],"about":[{"href":"https:\/\/fiprocess.pl\/en\/wp-json\/wp\/v2\/types\/product"}],"wp:featuredmedia":[{"embeddable":true,"href":"https:\/\/fiprocess.pl\/en\/wp-json\/wp\/v2\/media\/6969"}],"wp:attachment":[{"href":"https:\/\/fiprocess.pl\/en\/wp-json\/wp\/v2\/media?parent=5738"}],"wp:term":[{"taxonomy":"product_cat","embeddable":true,"href":"https:\/\/fiprocess.pl\/en\/wp-json\/wp\/v2\/product_cat?post=5738"},{"taxonomy":"product_tag","embeddable":true,"href":"https:\/\/fiprocess.pl\/en\/wp-json\/wp\/v2\/product_tag?post=5738"}],"curies":[{"name":"wp","href":"https:\/\/api.w.org\/{rel}","templated":true}]}}