{"id":5196,"date":"2023-08-02T14:39:55","date_gmt":"2023-08-02T12:39:55","guid":{"rendered":"https:\/\/fiprocess.bizneszoom.pl\/?post_type=product&#038;p=5196"},"modified":"2024-09-30T11:23:57","modified_gmt":"2024-09-30T09:23:57","slug":"przemyslowa-wirowka-koszowa-pilotazowa-i-malej-skali-produkcyjnej","status":"publish","type":"product","link":"https:\/\/fiprocess.pl\/en\/katalog-maszyn\/pilot-scale-industrial-centrifuges-and-small-scale-production\/","title":{"rendered":"INDUSTRIAL BASKET CENTRIFUGE FOR PILOT AND SMALL-SCALE PRODUCTION"},"excerpt":{"rendered":"<p style=\"text-align: center;\"><span style=\"color: #0000ff;\"><strong>ROUSSELET ROBATEL INDUSTRIAL BASKET CENTRIFUGE FOR PILOT AND SMALL-SCALE PRODUCTION<\/strong><\/span><\/p>\n<p>&nbsp;<\/p>\n<p><em><strong>MAIN FEATURES OF THIS RANGE OF BASKET CENTRIFUGES:<\/strong><\/em><\/p>\n<p><strong>FUNCTIONALITY<\/strong><\/p>\n<p>\u00b7 Ideal for R&amp;D, pilotage and small production departments<\/p>\n<p>\u00b7 Wide range of centrifuges for high added value products<\/p>\n<p><strong>FLEXIBILITY AND SUITABILITY<\/strong><\/p>\n<p>\u00b7 Solid\/liquid filtration and\/or solid\/liquid decantation method<\/p>\n<p>\u00b7 For simple separation or more complex processes<\/p>\n<p>\u00b7 For single or multi-product production processes<\/p>\n<p><strong>RELIABILITY<\/strong><\/p>\n<p>\u00b7 For standard process conditions as well as for very demanding ones (work in an explosive environment, with hazardous materials, with corrosive materials ...)<\/p>\n<p>Possibility of centrifuge isolation barrier with glove box or contamination chamber (according to centrifuge size and model)<\/p>\n<p>&nbsp;<\/p>\n<p>VERTICAL AXIS CENTRIFUGES WITH TOP UNLOADING<\/p>\n<p>\u2013 MANUALLY (REMOVING THE PRODUCT) OR THROUGH A REMOVABLE BAG OR BAG FIXING RIM<\/p>","protected":false},"featured_media":5614,"template":"","meta":[],"product_cat":[1193,1212,1204,1190],"product_tag":[],"class_list":{"0":"post-5196","1":"product","2":"type-product","3":"status-publish","4":"has-post-thumbnail","6":"product_cat-branza-chemiczna-farmacja","7":"product_cat-dla-chemii-farmacji-biotechnologii","8":"product_cat-sektor-chemiczny-i-farmaceutyczny","9":"product_cat-wirowka-wsadowa-reczna","11":"first","12":"instock","13":"shipping-taxable","14":"product-type-simple"},"acf":[],"yoast_head":"<!-- This site is optimized with the Yoast SEO Premium plugin v26.7 (Yoast SEO v27.4) - https:\/\/yoast.com\/product\/yoast-seo-premium-wordpress\/ -->\n<title>WIR\u00d3WKA KOSZOWA PILOTA\u017bOWA<\/title>\n<meta name=\"description\" content=\"PRZEMYS\u0141OWA WIR\u00d3WKA KOSZOWA PILOTA\u017bOWA I MA\u0141EJ SKALI PRODUKCYJNEJ ROUSSELET ROBATEL, P\u00d3\u0141AUTOMATYCZNA, MODEL RC, Z WYJMOWALNYM KOSZEM\" \/>\n<meta name=\"robots\" content=\"index, follow, max-snippet:-1, max-image-preview:large, max-video-preview:-1\" \/>\n<link rel=\"canonical\" href=\"https:\/\/fiprocess.pl\/en\/katalog-maszyn\/pilot-scale-industrial-centrifuges-and-small-scale-production\/\" \/>\n<meta property=\"og:locale\" content=\"en_GB\" \/>\n<meta property=\"og:type\" content=\"article\" \/>\n<meta property=\"og:title\" content=\"PRZEMYS\u0141OWA WIR\u00d3WKA KOSZOWA PILOTA\u017bOWA I MA\u0141EJ SKALI PRODUKCYJNEJ\" \/>\n<meta property=\"og:description\" content=\"PRZEMYS\u0141OWA WIR\u00d3WKA KOSZOWA PILOTA\u017bOWA I MA\u0141EJ SKALI PRODUKCYJNEJ ROUSSELET ROBATEL, P\u00d3\u0141AUTOMATYCZNA, MODEL RC, Z WYJMOWALNYM KOSZEM\" \/>\n<meta property=\"og:url\" content=\"https:\/\/fiprocess.pl\/en\/katalog-maszyn\/pilot-scale-industrial-centrifuges-and-small-scale-production\/\" \/>\n<meta property=\"og:site_name\" content=\"Fiprocess\" \/>\n<meta property=\"article:modified_time\" content=\"2024-09-30T09:23:57+00:00\" \/>\n<meta property=\"og:image\" content=\"https:\/\/fiprocess.pl\/wp-content\/uploads\/2023\/08\/sa40vx-2.jpg\" \/>\n\t<meta property=\"og:image:width\" content=\"1000\" \/>\n\t<meta property=\"og:image:height\" content=\"1000\" \/>\n\t<meta property=\"og:image:type\" content=\"image\/jpeg\" \/>\n<meta name=\"twitter:card\" content=\"summary_large_image\" \/>\n<meta name=\"twitter:label1\" content=\"Estimated reading time\" \/>\n\t<meta name=\"twitter:data1\" content=\"1 minute\" \/>\n<script type=\"application\/ld+json\" class=\"yoast-schema-graph\">{\"@context\":\"https:\\\/\\\/schema.org\",\"@graph\":[{\"@type\":\"WebPage\",\"@id\":\"https:\\\/\\\/fiprocess.pl\\\/katalog-maszyn\\\/przemyslowa-wirowka-koszowa-pilotazowa-i-malej-skali-produkcyjnej\\\/\",\"url\":\"https:\\\/\\\/fiprocess.pl\\\/katalog-maszyn\\\/przemyslowa-wirowka-koszowa-pilotazowa-i-malej-skali-produkcyjnej\\\/\",\"name\":\"WIR\u00d3WKA KOSZOWA PILOTA\u017bOWA\",\"isPartOf\":{\"@id\":\"https:\\\/\\\/fiprocess.pl\\\/#website\"},\"primaryImageOfPage\":{\"@id\":\"https:\\\/\\\/fiprocess.pl\\\/katalog-maszyn\\\/przemyslowa-wirowka-koszowa-pilotazowa-i-malej-skali-produkcyjnej\\\/#primaryimage\"},\"image\":{\"@id\":\"https:\\\/\\\/fiprocess.pl\\\/katalog-maszyn\\\/przemyslowa-wirowka-koszowa-pilotazowa-i-malej-skali-produkcyjnej\\\/#primaryimage\"},\"thumbnailUrl\":\"https:\\\/\\\/fiprocess.pl\\\/wp-content\\\/uploads\\\/2023\\\/08\\\/sa40vx-2.jpg\",\"datePublished\":\"2023-08-02T12:39:55+00:00\",\"dateModified\":\"2024-09-30T09:23:57+00:00\",\"description\":\"PRZEMYS\u0141OWA WIR\u00d3WKA KOSZOWA PILOTA\u017bOWA I MA\u0141EJ SKALI PRODUKCYJNEJ ROUSSELET ROBATEL, P\u00d3\u0141AUTOMATYCZNA, MODEL RC, Z WYJMOWALNYM KOSZEM\",\"breadcrumb\":{\"@id\":\"https:\\\/\\\/fiprocess.pl\\\/katalog-maszyn\\\/przemyslowa-wirowka-koszowa-pilotazowa-i-malej-skali-produkcyjnej\\\/#breadcrumb\"},\"inLanguage\":\"en-GB\",\"potentialAction\":[{\"@type\":\"ReadAction\",\"target\":[\"https:\\\/\\\/fiprocess.pl\\\/katalog-maszyn\\\/przemyslowa-wirowka-koszowa-pilotazowa-i-malej-skali-produkcyjnej\\\/\"]}]},{\"@type\":\"ImageObject\",\"inLanguage\":\"en-GB\",\"@id\":\"https:\\\/\\\/fiprocess.pl\\\/katalog-maszyn\\\/przemyslowa-wirowka-koszowa-pilotazowa-i-malej-skali-produkcyjnej\\\/#primaryimage\",\"url\":\"https:\\\/\\\/fiprocess.pl\\\/wp-content\\\/uploads\\\/2023\\\/08\\\/sa40vx-2.jpg\",\"contentUrl\":\"https:\\\/\\\/fiprocess.pl\\\/wp-content\\\/uploads\\\/2023\\\/08\\\/sa40vx-2.jpg\",\"width\":1000,\"height\":1000,\"caption\":\"PRZEMYS\u0141OWA WIR\u00d3WKA KOSZOWA PILOTA\u017bOWA I MA\u0141EJ SKALI PRODUKCYJNEJ ROUSSELET ROBATEL, P\u00d3\u0141AUTOMATYCZNA, MODEL RC, Z WYJMOWALNYM KOSZEM\"},{\"@type\":\"BreadcrumbList\",\"@id\":\"https:\\\/\\\/fiprocess.pl\\\/katalog-maszyn\\\/przemyslowa-wirowka-koszowa-pilotazowa-i-malej-skali-produkcyjnej\\\/#breadcrumb\",\"itemListElement\":[{\"@type\":\"ListItem\",\"position\":1,\"name\":\"Strona g\u0142\u00f3wna\",\"item\":\"https:\\\/\\\/fiprocess.pl\\\/\"},{\"@type\":\"ListItem\",\"position\":2,\"name\":\"Katalog maszyn\",\"item\":\"https:\\\/\\\/fiprocess.pl\\\/en\\\/katalog-maszyn\\\/\"},{\"@type\":\"ListItem\",\"position\":3,\"name\":\"Wir\u00f3wki koszowe i ekstraktory Rousselet Robatel\",\"item\":\"https:\\\/\\\/fiprocess.pl\\\/kategoria-produktu\\\/wirowki-koszowe-i-ekstraktory-rousselet-robatel\\\/\"},{\"@type\":\"ListItem\",\"position\":4,\"name\":\"Wir\u00f3wki koszowe pilota\u017cowe\",\"item\":\"https:\\\/\\\/fiprocess.pl\\\/kategoria-produktu\\\/wirowki-koszowe-i-ekstraktory-rousselet-robatel\\\/wirowki-koszowe-pilotazowe\\\/\"},{\"@type\":\"ListItem\",\"position\":5,\"name\":\"Bran\u017ca chemiczna farmacja\",\"item\":\"https:\\\/\\\/fiprocess.pl\\\/kategoria-produktu\\\/wirowki-koszowe-i-ekstraktory-rousselet-robatel\\\/wirowki-koszowe-pilotazowe\\\/branza-chemiczna-farmacja\\\/\"},{\"@type\":\"ListItem\",\"position\":6,\"name\":\"PRZEMYS\u0141OWA WIR\u00d3WKA KOSZOWA PILOTA\u017bOWA I MA\u0141EJ SKALI PRODUKCYJNEJ\"}]},{\"@type\":\"WebSite\",\"@id\":\"https:\\\/\\\/fiprocess.pl\\\/#website\",\"url\":\"https:\\\/\\\/fiprocess.pl\\\/\",\"name\":\"Fiprocess\",\"description\":\"mieszalniki wir\u00f3wki m\u0142yny suszarnie\",\"publisher\":{\"@id\":\"https:\\\/\\\/fiprocess.pl\\\/#organization\"},\"potentialAction\":[{\"@type\":\"SearchAction\",\"target\":{\"@type\":\"EntryPoint\",\"urlTemplate\":\"https:\\\/\\\/fiprocess.pl\\\/?s={search_term_string}\"},\"query-input\":{\"@type\":\"PropertyValueSpecification\",\"valueRequired\":true,\"valueName\":\"search_term_string\"}}],\"inLanguage\":\"en-GB\"},{\"@type\":\"Organization\",\"@id\":\"https:\\\/\\\/fiprocess.pl\\\/#organization\",\"name\":\"Fiprocess Sp. z o.o.\",\"url\":\"https:\\\/\\\/fiprocess.pl\\\/\",\"logo\":{\"@type\":\"ImageObject\",\"inLanguage\":\"en-GB\",\"@id\":\"https:\\\/\\\/fiprocess.pl\\\/#\\\/schema\\\/logo\\\/image\\\/\",\"url\":\"https:\\\/\\\/fiprocess.pl\\\/wp-content\\\/uploads\\\/2023\\\/07\\\/logo.png\",\"contentUrl\":\"https:\\\/\\\/fiprocess.pl\\\/wp-content\\\/uploads\\\/2023\\\/07\\\/logo.png\",\"width\":1182,\"height\":260,\"caption\":\"Fiprocess Sp. z o.o.\"},\"image\":{\"@id\":\"https:\\\/\\\/fiprocess.pl\\\/#\\\/schema\\\/logo\\\/image\\\/\"}}]}<\/script>\n<!-- \/ Yoast SEO Premium plugin. -->","yoast_head_json":{"title":"WIR\u00d3WKA KOSZOWA PILOTA\u017bOWA","description":"PRZEMYS\u0141OWA WIR\u00d3WKA KOSZOWA PILOTA\u017bOWA I MA\u0141EJ SKALI PRODUKCYJNEJ ROUSSELET ROBATEL, P\u00d3\u0141AUTOMATYCZNA, MODEL RC, Z WYJMOWALNYM KOSZEM","robots":{"index":"index","follow":"follow","max-snippet":"max-snippet:-1","max-image-preview":"max-image-preview:large","max-video-preview":"max-video-preview:-1"},"canonical":"https:\/\/fiprocess.pl\/en\/katalog-maszyn\/pilot-scale-industrial-centrifuges-and-small-scale-production\/","og_locale":"en_GB","og_type":"article","og_title":"PRZEMYS\u0141OWA WIR\u00d3WKA KOSZOWA PILOTA\u017bOWA I MA\u0141EJ SKALI PRODUKCYJNEJ","og_description":"PRZEMYS\u0141OWA WIR\u00d3WKA KOSZOWA PILOTA\u017bOWA I MA\u0141EJ SKALI PRODUKCYJNEJ ROUSSELET ROBATEL, P\u00d3\u0141AUTOMATYCZNA, MODEL RC, Z WYJMOWALNYM KOSZEM","og_url":"https:\/\/fiprocess.pl\/en\/katalog-maszyn\/pilot-scale-industrial-centrifuges-and-small-scale-production\/","og_site_name":"Fiprocess","article_modified_time":"2024-09-30T09:23:57+00:00","og_image":[{"width":1000,"height":1000,"url":"https:\/\/fiprocess.pl\/wp-content\/uploads\/2023\/08\/sa40vx-2.jpg","type":"image\/jpeg"}],"twitter_card":"summary_large_image","twitter_misc":{"Estimated reading time":"1 minute"},"schema":{"@context":"https:\/\/schema.org","@graph":[{"@type":"WebPage","@id":"https:\/\/fiprocess.pl\/katalog-maszyn\/przemyslowa-wirowka-koszowa-pilotazowa-i-malej-skali-produkcyjnej\/","url":"https:\/\/fiprocess.pl\/katalog-maszyn\/przemyslowa-wirowka-koszowa-pilotazowa-i-malej-skali-produkcyjnej\/","name":"WIR\u00d3WKA KOSZOWA PILOTA\u017bOWA","isPartOf":{"@id":"https:\/\/fiprocess.pl\/#website"},"primaryImageOfPage":{"@id":"https:\/\/fiprocess.pl\/katalog-maszyn\/przemyslowa-wirowka-koszowa-pilotazowa-i-malej-skali-produkcyjnej\/#primaryimage"},"image":{"@id":"https:\/\/fiprocess.pl\/katalog-maszyn\/przemyslowa-wirowka-koszowa-pilotazowa-i-malej-skali-produkcyjnej\/#primaryimage"},"thumbnailUrl":"https:\/\/fiprocess.pl\/wp-content\/uploads\/2023\/08\/sa40vx-2.jpg","datePublished":"2023-08-02T12:39:55+00:00","dateModified":"2024-09-30T09:23:57+00:00","description":"PRZEMYS\u0141OWA WIR\u00d3WKA KOSZOWA PILOTA\u017bOWA I MA\u0141EJ SKALI PRODUKCYJNEJ ROUSSELET ROBATEL, P\u00d3\u0141AUTOMATYCZNA, MODEL RC, Z WYJMOWALNYM KOSZEM","breadcrumb":{"@id":"https:\/\/fiprocess.pl\/katalog-maszyn\/przemyslowa-wirowka-koszowa-pilotazowa-i-malej-skali-produkcyjnej\/#breadcrumb"},"inLanguage":"en-GB","potentialAction":[{"@type":"ReadAction","target":["https:\/\/fiprocess.pl\/katalog-maszyn\/przemyslowa-wirowka-koszowa-pilotazowa-i-malej-skali-produkcyjnej\/"]}]},{"@type":"ImageObject","inLanguage":"en-GB","@id":"https:\/\/fiprocess.pl\/katalog-maszyn\/przemyslowa-wirowka-koszowa-pilotazowa-i-malej-skali-produkcyjnej\/#primaryimage","url":"https:\/\/fiprocess.pl\/wp-content\/uploads\/2023\/08\/sa40vx-2.jpg","contentUrl":"https:\/\/fiprocess.pl\/wp-content\/uploads\/2023\/08\/sa40vx-2.jpg","width":1000,"height":1000,"caption":"PRZEMYS\u0141OWA WIR\u00d3WKA KOSZOWA PILOTA\u017bOWA I MA\u0141EJ SKALI PRODUKCYJNEJ ROUSSELET ROBATEL, P\u00d3\u0141AUTOMATYCZNA, MODEL RC, Z WYJMOWALNYM KOSZEM"},{"@type":"BreadcrumbList","@id":"https:\/\/fiprocess.pl\/katalog-maszyn\/przemyslowa-wirowka-koszowa-pilotazowa-i-malej-skali-produkcyjnej\/#breadcrumb","itemListElement":[{"@type":"ListItem","position":1,"name":"Strona g\u0142\u00f3wna","item":"https:\/\/fiprocess.pl\/"},{"@type":"ListItem","position":2,"name":"Katalog maszyn","item":"https:\/\/fiprocess.pl\/en\/katalog-maszyn\/"},{"@type":"ListItem","position":3,"name":"Wir\u00f3wki koszowe i ekstraktory Rousselet Robatel","item":"https:\/\/fiprocess.pl\/kategoria-produktu\/wirowki-koszowe-i-ekstraktory-rousselet-robatel\/"},{"@type":"ListItem","position":4,"name":"Wir\u00f3wki koszowe pilota\u017cowe","item":"https:\/\/fiprocess.pl\/kategoria-produktu\/wirowki-koszowe-i-ekstraktory-rousselet-robatel\/wirowki-koszowe-pilotazowe\/"},{"@type":"ListItem","position":5,"name":"Bran\u017ca chemiczna farmacja","item":"https:\/\/fiprocess.pl\/kategoria-produktu\/wirowki-koszowe-i-ekstraktory-rousselet-robatel\/wirowki-koszowe-pilotazowe\/branza-chemiczna-farmacja\/"},{"@type":"ListItem","position":6,"name":"PRZEMYS\u0141OWA WIR\u00d3WKA KOSZOWA PILOTA\u017bOWA I MA\u0141EJ SKALI PRODUKCYJNEJ"}]},{"@type":"WebSite","@id":"https:\/\/fiprocess.pl\/#website","url":"https:\/\/fiprocess.pl\/","name":"Fiprocess","description":"mieszalniki wir\u00f3wki m\u0142yny suszarnie","publisher":{"@id":"https:\/\/fiprocess.pl\/#organization"},"potentialAction":[{"@type":"SearchAction","target":{"@type":"EntryPoint","urlTemplate":"https:\/\/fiprocess.pl\/?s={search_term_string}"},"query-input":{"@type":"PropertyValueSpecification","valueRequired":true,"valueName":"search_term_string"}}],"inLanguage":"en-GB"},{"@type":"Organization","@id":"https:\/\/fiprocess.pl\/#organization","name":"Fiprocess Sp. z o.o.","url":"https:\/\/fiprocess.pl\/","logo":{"@type":"ImageObject","inLanguage":"en-GB","@id":"https:\/\/fiprocess.pl\/#\/schema\/logo\/image\/","url":"https:\/\/fiprocess.pl\/wp-content\/uploads\/2023\/07\/logo.png","contentUrl":"https:\/\/fiprocess.pl\/wp-content\/uploads\/2023\/07\/logo.png","width":1182,"height":260,"caption":"Fiprocess Sp. z o.o."},"image":{"@id":"https:\/\/fiprocess.pl\/#\/schema\/logo\/image\/"}}]}},"_links":{"self":[{"href":"https:\/\/fiprocess.pl\/en\/wp-json\/wp\/v2\/product\/5196","targetHints":{"allow":["GET"]}}],"collection":[{"href":"https:\/\/fiprocess.pl\/en\/wp-json\/wp\/v2\/product"}],"about":[{"href":"https:\/\/fiprocess.pl\/en\/wp-json\/wp\/v2\/types\/product"}],"wp:featuredmedia":[{"embeddable":true,"href":"https:\/\/fiprocess.pl\/en\/wp-json\/wp\/v2\/media\/5614"}],"wp:attachment":[{"href":"https:\/\/fiprocess.pl\/en\/wp-json\/wp\/v2\/media?parent=5196"}],"wp:term":[{"taxonomy":"product_cat","embeddable":true,"href":"https:\/\/fiprocess.pl\/en\/wp-json\/wp\/v2\/product_cat?post=5196"},{"taxonomy":"product_tag","embeddable":true,"href":"https:\/\/fiprocess.pl\/en\/wp-json\/wp\/v2\/product_tag?post=5196"}],"curies":[{"name":"wp","href":"https:\/\/api.w.org\/{rel}","templated":true}]}}